{"id":877,"date":"2025-09-16T06:49:01","date_gmt":"2025-09-16T04:49:01","guid":{"rendered":"https:\/\/baluefruits.com\/?page_id=877"},"modified":"2025-09-16T07:02:22","modified_gmt":"2025-09-16T05:02:22","slug":"fruita-dolca","status":"publish","type":"page","link":"https:\/\/baluefruits.com\/it\/fruita-dolca\/","title":{"rendered":"frutto dolce"},"content":{"rendered":"<div data-elementor-type=\"wp-page\" data-elementor-id=\"877\" class=\"elementor elementor-877\" data-elementor-post-type=\"page\">\n\t\t\t\t<div class=\"elementor-element elementor-element-a549f42 e-flex e-con-boxed e-con e-parent\" data-id=\"a549f42\" data-element_type=\"container\" data-settings=\"{&quot;background_background&quot;:&quot;classic&quot;}\">\n\t\t\t\t\t<div class=\"e-con-inner\">\n\t\t<div class=\"elementor-element elementor-element-418fc7e e-con-full e-flex e-con e-child\" data-id=\"418fc7e\" data-element_type=\"container\">\n\t\t\t\t<div class=\"elementor-element elementor-element-aa472a9 elementor-invisible elementor-widget elementor-widget-heading\" data-id=\"aa472a9\" data-element_type=\"widget\" data-settings=\"{&quot;_animation&quot;:&quot;fadeInUp&quot;}\" data-widget_type=\"heading.default\">\n\t\t\t\t<div class=\"elementor-widget-container\">\n\t\t\t\t\t<h1 class=\"elementor-heading-title elementor-size-default\">frutto dolce<\/h1>\t\t\t\t<\/div>\n\t\t\t\t<\/div>\n\t\t\t\t<\/div>\n\t\t\t\t\t<\/div>\n\t\t\t\t<\/div>\n\t\t<div class=\"elementor-element elementor-element-b834fe7 e-grid e-con-boxed e-con e-parent\" data-id=\"b834fe7\" data-element_type=\"container\">\n\t\t\t\t\t<div class=\"e-con-inner\">\n\t\t\t\t<div class=\"elementor-element elementor-element-6cf5d3d elementor-widget elementor-widget-text-editor\" data-id=\"6cf5d3d\" data-element_type=\"widget\" data-widget_type=\"text-editor.default\">\n\t\t\t\t<div class=\"elementor-widget-container\">\n\t\t\t\t\t\t\t\t\t<h2 data-start=\"219\" data-end=\"283\"><strong data-start=\"219\" data-end=\"281\">Frutta dolce di Lleida con la garanzia di Balu\u00e9 Fruits<\/strong><\/h2><p data-start=\"285\" data-end=\"623\">Noi di Balu\u00e9 Fruits siamo specialisti nella produzione e commercializzazione di <strong data-start=\"356\" data-end=\"382\">frutto dolce <\/strong>di Lleida, riconosciuto a livello nazionale e internazionale per la sua qualit\u00e0, il suo sapore e la sua freschezza.<\/p><p data-start=\"285\" data-end=\"623\">Il nostro impegno inizia sul campo, prosegue nei magazzini e culmina nella distribuzione, assicurando che ogni pezzo giunga al cliente in condizioni ottimali.<\/p><p data-start=\"285\" data-end=\"623\">IL <strong>frutto dolce<\/strong> \u00e8 la nostra essenza e il nostro orgoglio. Coltiviamo pesche, nettarine, pesche paraguaiane, mele e pere, variet\u00e0 che riflettono l&#039;eccellenza agricola della zona di Lleida. Ogni frutto \u00e8 il risultato di un equilibrio tra tradizione agricola e innovazione tecnologica, fattori che ci permettono di offrire un prodotto omogeneo, sano e di grande valore aggiunto.<\/p>\t\t\t\t\t\t\t\t<\/div>\n\t\t\t\t<\/div>\n\t\t\t\t<div class=\"elementor-element elementor-element-f9d344a elementor-widget elementor-widget-image\" data-id=\"f9d344a\" data-element_type=\"widget\" data-widget_type=\"image.default\">\n\t\t\t\t<div class=\"elementor-widget-container\">\n\t\t\t\t\t\t\t\t\t\t\t\t\t\t\t<img fetchpriority=\"high\" decoding=\"async\" width=\"800\" height=\"500\" src=\"https:\/\/baluefruits.com\/wp-content\/uploads\/2025\/08\/fruites-a-lengros-3-1024x640.jpg\" class=\"attachment-large size-large wp-image-870\" alt=\"peres\" srcset=\"https:\/\/baluefruits.com\/wp-content\/uploads\/2025\/08\/fruites-a-lengros-3-1024x640.jpg 1024w, https:\/\/baluefruits.com\/wp-content\/uploads\/2025\/08\/fruites-a-lengros-3-300x188.jpg 300w, https:\/\/baluefruits.com\/wp-content\/uploads\/2025\/08\/fruites-a-lengros-3-768x480.jpg 768w, https:\/\/baluefruits.com\/wp-content\/uploads\/2025\/08\/fruites-a-lengros-3-18x12.jpg 18w, https:\/\/baluefruits.com\/wp-content\/uploads\/2025\/08\/fruites-a-lengros-3.jpg 1200w\" sizes=\"(max-width: 800px) 100vw, 800px\" \/>\t\t\t\t\t\t\t\t\t\t\t\t\t\t\t<\/div>\n\t\t\t\t<\/div>\n\t\t\t\t<div class=\"elementor-element elementor-element-acefe19 elementor-widget elementor-widget-image\" data-id=\"acefe19\" data-element_type=\"widget\" data-widget_type=\"image.default\">\n\t\t\t\t<div class=\"elementor-widget-container\">\n\t\t\t\t\t\t\t\t\t\t\t\t\t\t\t<img decoding=\"async\" width=\"800\" height=\"450\" src=\"https:\/\/baluefruits.com\/wp-content\/uploads\/2025\/05\/melocoton-2-1024x576.webp\" class=\"attachment-large size-large wp-image-406\" alt=\"\" srcset=\"https:\/\/baluefruits.com\/wp-content\/uploads\/2025\/05\/melocoton-2-1024x576.webp 1024w, https:\/\/baluefruits.com\/wp-content\/uploads\/2025\/05\/melocoton-2-300x169.webp 300w, https:\/\/baluefruits.com\/wp-content\/uploads\/2025\/05\/melocoton-2-768x432.webp 768w, https:\/\/baluefruits.com\/wp-content\/uploads\/2025\/05\/melocoton-2-1536x864.webp 1536w, https:\/\/baluefruits.com\/wp-content\/uploads\/2025\/05\/melocoton-2.webp 1920w\" sizes=\"(max-width: 800px) 100vw, 800px\" \/>\t\t\t\t\t\t\t\t\t\t\t\t\t\t\t<\/div>\n\t\t\t\t<\/div>\n\t\t\t\t<div class=\"elementor-element elementor-element-295da74 elementor-widget elementor-widget-text-editor\" data-id=\"295da74\" data-element_type=\"widget\" data-widget_type=\"text-editor.default\">\n\t\t\t\t<div class=\"elementor-widget-container\">\n\t\t\t\t\t\t\t\t\t<h3 data-start=\"999\" data-end=\"1030\">Frutta dolce: impegno per la qualit\u00e0<\/h3><p data-start=\"1032\" data-end=\"1361\">Il nostro processo produttivo <strong>frutto dolce<\/strong> segue rigorosi controlli dalla fioritura alla raccolta. Implementiamo protocolli di tracciabilit\u00e0 che garantiscono trasparenza e sicurezza alimentare. Questo controllo ci permette di rispondere alle richieste dei mercati pi\u00f9 esigenti, sia a livello nazionale che internazionale. Inoltre, investiamo costantemente in tecnologie di confezionamento e conservazione, per garantire che la frutta mantenga la sua consistenza e le sue propriet\u00e0 organolettiche durante il trasporto e lo stoccaggio.<\/p><h3 data-start=\"1557\" data-end=\"1586\">Diversit\u00e0 di variet\u00e0 di frutta dolce<\/h3><p data-start=\"1588\" data-end=\"1679\">La nostra offerta di <strong>frutto dolce<\/strong> \u00c8 ampio e adattato alle diverse preferenze dei consumatori:<\/p><ul data-start=\"1680\" data-end=\"1919\"><li data-start=\"1680\" data-end=\"1749\"><p data-start=\"1682\" data-end=\"1749\">Pesche e nettarine: dolci, aromatiche e dalla consistenza soda.<\/p><\/li><li data-start=\"1750\" data-end=\"1828\"><p data-start=\"1752\" data-end=\"1828\">Paraguaiani: un&#039;opzione rinfrescante, molto richiesta nei mercati europei.<\/p><\/li><li data-start=\"1829\" data-end=\"1919\"><p data-start=\"1831\" data-end=\"1919\">Mele e pere: variet\u00e0 selezionate per la loro resistenza e il sapore equilibrato.<\/p><\/li><\/ul><p data-start=\"1921\" data-end=\"2045\">\u00a0<\/p>\t\t\t\t\t\t\t\t<\/div>\n\t\t\t\t<\/div>\n\t\t\t\t\t<\/div>\n\t\t\t\t<\/div>\n\t\t<div class=\"elementor-element elementor-element-36b7a01 e-grid e-con-boxed e-con e-parent\" data-id=\"36b7a01\" data-element_type=\"container\">\n\t\t\t\t\t<div class=\"e-con-inner\">\n\t\t\t\t<div class=\"elementor-element elementor-element-ca205d5 elementor-widget elementor-widget-text-editor\" data-id=\"ca205d5\" data-element_type=\"widget\" data-widget_type=\"text-editor.default\">\n\t\t\t\t<div class=\"elementor-widget-container\">\n\t\t\t\t\t\t\t\t\t<h2 data-start=\"2075\" data-end=\"2409\">La migliore frutta dolce di Lleida<\/h2><p data-start=\"2075\" data-end=\"2409\">Il nostro obiettivo \u00e8 stabilire relazioni commerciali solide e durature. Collaboriamo con grossisti, distributori e catene di supermercati, fornendo loro soluzioni logistiche efficienti e prodotti adatti alle loro esigenze. Ci distinguiamo per la nostra reattivit\u00e0 e la volont\u00e0 di offrire un servizio personalizzato. Noi di Balu\u00e9 Fruits non produciamo solo <strong>frutto dolce<\/strong>: ci preoccupiamo anche del futuro. Applichiamo pratiche agricole sostenibili, ottimizzando l&#039;uso delle risorse idriche e riducendo l&#039;impatto ambientale. Il rispetto per la terra fa parte del nostro DNA ed \u00e8 la chiave per garantire che anche le generazioni future possano godere dei migliori frutti di Lleida. Quando parliamo di <strong data-start=\"2853\" data-end=\"2879\">frutto dolce <\/strong>Da Lleida, parliamo di fiducia. I nostri clienti sanno che dietro ogni prodotto c&#039;\u00e8 un team impegnato, strutture moderne e un sistema logistico progettato per mantenere la freschezza del prodotto fino al punto vendita. Affidati a Balu\u00e9 Fruits per la fornitura di frutta dolce di qualit\u00e0. Contatta il nostro team commerciale e scopri come possiamo essere il tuo partner strategico nella fornitura di frutta.<\/p>\t\t\t\t\t\t\t\t<\/div>\n\t\t\t\t<\/div>\n\t\t\t\t<div class=\"elementor-element elementor-element-c4b14fd elementor-widget elementor-widget-image\" data-id=\"c4b14fd\" data-element_type=\"widget\" data-widget_type=\"image.default\">\n\t\t\t\t<div class=\"elementor-widget-container\">\n\t\t\t\t\t\t\t\t\t\t\t\t\t\t\t<img decoding=\"async\" width=\"800\" height=\"450\" src=\"https:\/\/baluefruits.com\/wp-content\/uploads\/2025\/05\/nectarina-4-1-1024x576.webp\" class=\"attachment-large size-large wp-image-323\" alt=\"\" srcset=\"https:\/\/baluefruits.com\/wp-content\/uploads\/2025\/05\/nectarina-4-1-1024x576.webp 1024w, https:\/\/baluefruits.com\/wp-content\/uploads\/2025\/05\/nectarina-4-1-300x169.webp 300w, https:\/\/baluefruits.com\/wp-content\/uploads\/2025\/05\/nectarina-4-1-768x432.webp 768w, https:\/\/baluefruits.com\/wp-content\/uploads\/2025\/05\/nectarina-4-1-1536x864.webp 1536w, https:\/\/baluefruits.com\/wp-content\/uploads\/2025\/05\/nectarina-4-1.webp 1920w\" sizes=\"(max-width: 800px) 100vw, 800px\" \/>\t\t\t\t\t\t\t\t\t\t\t\t\t\t\t<\/div>\n\t\t\t\t<\/div>\n\t\t\t\t<div class=\"elementor-element elementor-element-7a60a8a elementor-widget elementor-widget-text-editor\" data-id=\"7a60a8a\" data-element_type=\"widget\" data-widget_type=\"text-editor.default\">\n\t\t\t\t<div class=\"elementor-widget-container\">\n\t\t\t\t\t\t\t\t\t<h3>Ricerca varietale e tecnologia di coltivazione nella frutta dolce<\/h3><p>Noi di Balu\u00e9 Fruits sappiamo che <strong>frutto dolce<\/strong> Non si tratta solo di un prodotto agricolo, ma di un&#039;esperienza che inizia nel campo e termina con il consumatore finale.<\/p><p>Per questo investiamo nella ricerca varietale e nelle tecnologie di coltivazione che ci consentono di ottenere frutti dal sapore pi\u00f9 intenso, dalla consistenza ottimale e con una maggiore conservabilit\u00e0. La nostra priorit\u00e0 \u00e8 offrire un prodotto costante che soddisfi le aspettative dei mercati pi\u00f9 esigenti.<\/p><p>Grazie a questa visione globale, ci siamo consolidati come punto di riferimento nella produzione e distribuzione di frutta dolce a Lleida.<\/p>\t\t\t\t\t\t\t\t<\/div>\n\t\t\t\t<\/div>\n\t\t\t\t<div class=\"elementor-element elementor-element-298331e elementor-widget elementor-widget-image\" data-id=\"298331e\" data-element_type=\"widget\" data-widget_type=\"image.default\">\n\t\t\t\t<div class=\"elementor-widget-container\">\n\t\t\t\t\t\t\t\t\t\t\t\t\t\t\t<img loading=\"lazy\" decoding=\"async\" width=\"800\" height=\"450\" src=\"https:\/\/baluefruits.com\/wp-content\/uploads\/2025\/05\/pera-2-1024x576.webp\" class=\"attachment-large size-large wp-image-456\" alt=\"\" srcset=\"https:\/\/baluefruits.com\/wp-content\/uploads\/2025\/05\/pera-2-1024x576.webp 1024w, https:\/\/baluefruits.com\/wp-content\/uploads\/2025\/05\/pera-2-300x169.webp 300w, https:\/\/baluefruits.com\/wp-content\/uploads\/2025\/05\/pera-2-768x432.webp 768w, https:\/\/baluefruits.com\/wp-content\/uploads\/2025\/05\/pera-2-1536x864.webp 1536w, https:\/\/baluefruits.com\/wp-content\/uploads\/2025\/05\/pera-2.webp 1920w\" sizes=\"(max-width: 800px) 100vw, 800px\" \/>\t\t\t\t\t\t\t\t\t\t\t\t\t\t\t<\/div>\n\t\t\t\t<\/div>\n\t\t\t\t\t<\/div>\n\t\t\t\t<\/div>\n\t\t<div class=\"elementor-element elementor-element-9bd15ad e-con-full e-flex elementor-invisible e-con e-child\" data-id=\"9bd15ad\" data-element_type=\"container\" data-settings=\"{&quot;background_background&quot;:&quot;classic&quot;,&quot;animation&quot;:&quot;fadeInRight&quot;}\">\n\t\t\t\t<div class=\"elementor-element elementor-element-a8ea223 elementor-widget elementor-widget-heading\" data-id=\"a8ea223\" data-element_type=\"widget\" data-widget_type=\"heading.default\">\n\t\t\t\t<div class=\"elementor-widget-container\">\n\t\t\t\t\t<h6 class=\"elementor-heading-title elementor-size-default\">Contatta Balue Fruits<\/h6>\t\t\t\t<\/div>\n\t\t\t\t<\/div>\n\t\t\t\t<div class=\"elementor-element elementor-element-6dff0cb elementor-widget elementor-widget-heading\" data-id=\"6dff0cb\" data-element_type=\"widget\" data-widget_type=\"heading.default\">\n\t\t\t\t<div class=\"elementor-widget-container\">\n\t\t\t\t\t<h2 class=\"elementor-heading-title elementor-size-default\">Ordini di frutta dolce e olio d&#039;oliva\n<\/h2>\t\t\t\t<\/div>\n\t\t\t\t<\/div>\n\t\t\t\t<div class=\"elementor-element elementor-element-213d35c elementor-widget elementor-widget-elementskit-contact-form7\" data-id=\"213d35c\" data-element_type=\"widget\" data-widget_type=\"elementskit-contact-form7.default\">\n\t\t\t\t<div class=\"elementor-widget-container\">\n\t\t\t\t\t<div class=\"ekit-wid-con\" ><div class=\"ekit-form\">\n<div class=\"wpcf7 no-js\" id=\"wpcf7-f45-p877-o1\" lang=\"es-ES\" dir=\"ltr\" data-wpcf7-id=\"45\">\n<div class=\"screen-reader-response\"><p role=\"status\" aria-live=\"polite\" aria-atomic=\"true\"><\/p> <ul><\/ul><\/div>\n<form action=\"\/it\/fruita-dolca\/#wpcf7-f45-p877-o1\" method=\"post\" class=\"wpcf7-form init\" aria-label=\"Modulo di contatto\" novalidate=\"novalidate\" data-status=\"init\" data-trp-original-action=\"\/fruita-dolca\/#wpcf7-f45-p877-o1\">\n<fieldset class=\"hidden-fields-container\"><input type=\"hidden\" name=\"_wpcf7\" value=\"45\" \/><input type=\"hidden\" name=\"_wpcf7_version\" value=\"6.1.3\" \/><input type=\"hidden\" name=\"_wpcf7_locale\" value=\"es_ES\" \/><input type=\"hidden\" name=\"_wpcf7_unit_tag\" value=\"wpcf7-f45-p877-o1\" \/><input type=\"hidden\" name=\"_wpcf7_container_post\" value=\"877\" \/><input type=\"hidden\" name=\"_wpcf7_posted_data_hash\" value=\"\" \/><input type=\"hidden\" name=\"_wpcf7_recaptcha_response\" value=\"\" \/>\n<\/fieldset>\n<div class=\"form-row\">\n\t<div class=\"form-column\">\n\t\t<p><label for=\"nombre\">Nome *<\/label><br \/>\n<span class=\"wpcf7-form-control-wrap\" data-name=\"nombre\"><input size=\"40\" maxlength=\"400\" class=\"wpcf7-form-control wpcf7-text wpcf7-validates-as-required\" id=\"nombre\" aria-required=\"true\" aria-invalid=\"false\" placeholder=\"Es: Joan Garcia\" value=\"\" type=\"text\" name=\"nombre\" \/><\/span>\n\t\t<\/p>\n\t<\/div>\n\t<div class=\"form-column\">\n\t\t<p><label for=\"telefono\">Telefono *<\/label><br \/>\n<span class=\"wpcf7-form-control-wrap\" data-name=\"telefono\"><input size=\"40\" maxlength=\"400\" class=\"wpcf7-form-control wpcf7-tel wpcf7-validates-as-required wpcf7-text wpcf7-validates-as-tel\" id=\"telefono\" aria-required=\"true\" aria-invalid=\"false\" placeholder=\"Esempio: 666 777 888\" value=\"\" type=\"tel\" name=\"telefono\" \/><\/span>\n\t\t<\/p>\n\t<\/div>\n<\/div>\n<div class=\"form-row\">\n\t<div class=\"form-column\">\n\t\t<p><label for=\"email\">E-mail *<\/label><br \/>\n<span class=\"wpcf7-form-control-wrap\" data-name=\"email\"><input size=\"40\" maxlength=\"400\" class=\"wpcf7-form-control wpcf7-email wpcf7-validates-as-required wpcf7-text wpcf7-validates-as-email\" id=\"email\" aria-required=\"true\" aria-invalid=\"false\" placeholder=\"Es: info@domini.com\" value=\"\" type=\"email\" name=\"email\" \/><\/span>\n\t\t<\/p>\n\t<\/div>\n\t<div class=\"form-column\">\n\t\t<p><label for=\"asunto\">Soggetto *<\/label><br \/>\n<span class=\"wpcf7-form-control-wrap\" data-name=\"asunto\"><input size=\"40\" maxlength=\"400\" class=\"wpcf7-form-control wpcf7-text wpcf7-validates-as-required\" id=\"asunto\" aria-required=\"true\" aria-invalid=\"false\" placeholder=\"Motivo della richiesta\" value=\"\" type=\"text\" name=\"asunto\" \/><\/span>\n\t\t<\/p>\n\t<\/div>\n<\/div>\n<div class=\"form-row-full\">\n\t<p><label for=\"mensaje\">Messaggio *<\/label><br \/>\n<span class=\"wpcf7-form-control-wrap\" data-name=\"mensaje\"><textarea cols=\"40\" rows=\"10\" maxlength=\"2000\" class=\"wpcf7-form-control wpcf7-textarea wpcf7-validates-as-required\" id=\"mensaje\" aria-required=\"true\" aria-invalid=\"false\" placeholder=\"Scrivi qui il tuo messaggio...\" name=\"mensaje\"><\/textarea><\/span>\n\t<\/p>\n<\/div>\n<div class=\"form-acceptance\">\n\t<p><span class=\"wpcf7-form-control-wrap\" data-name=\"politica\"><span class=\"wpcf7-form-control wpcf7-acceptance\"><span class=\"wpcf7-list-item\"><label><input type=\"checkbox\" name=\"politica\" value=\"1\" aria-invalid=\"false\" \/><span class=\"wpcf7-list-item-label\"><span class=\"txt-acepto\">Ho letto e accetto l&#039;  <\/span>\n    <a class=\"pp\" href=\"\/it\/politica-de-privacitat\/\">politica sulla riservatezza <\/a><\/span><\/label><\/span><\/span><\/span>\n\t<\/p>\n<\/div>\n<p><input class=\"wpcf7-form-control wpcf7-submit has-spinner\" type=\"submit\" value=\"Invia messaggio\" \/>\n<\/p><div class=\"wpcf7-response-output\" aria-hidden=\"true\"><\/div>\n<input type=\"hidden\" name=\"trp-form-language\" value=\"it\"\/><\/form>\n<\/div>\n<\/div><\/div>\t\t\t\t<\/div>\n\t\t\t\t<\/div>\n\t\t\t\t<\/div>\n\t\t\t\t<\/div>","protected":false},"excerpt":{"rendered":"<p>Fruita dol\u00e7a de Lleida amb la garantia de Balu\u00e9 Fruits A Balu\u00e9 Fruits som especialistes en la producci\u00f3 i comercialitzaci\u00f3 de fruita dol\u00e7a de Lleida, reconeguda a escala nacional i internacional per la seva qualitat, sabor i frescor. El nostre comprom\u00eds comen\u00e7a al camp, continua als magatzems i culmina en la distribuci\u00f3, assegurant que cada [&hellip;]<\/p>","protected":false},"author":1,"featured_media":0,"parent":0,"menu_order":0,"comment_status":"closed","ping_status":"closed","template":"","meta":{"footnotes":""},"class_list":["post-877","page","type-page","status-publish","hentry"],"yoast_head":"<!-- This site is optimized with the Yoast SEO plugin v26.3 - https:\/\/yoast.com\/wordpress\/plugins\/seo\/ -->\n<title>Fruita dol\u00e7a - Balue Fruits<\/title>\n<meta name=\"robots\" content=\"index, follow, max-snippet:-1, max-image-preview:large, max-video-preview:-1\" \/>\n<link rel=\"canonical\" href=\"https:\/\/baluefruits.com\/it\/fruita-dolca\/\" \/>\n<meta property=\"og:locale\" content=\"it_IT\" \/>\n<meta property=\"og:type\" content=\"article\" \/>\n<meta property=\"og:title\" content=\"Fruita dol\u00e7a - Balue Fruits\" \/>\n<meta property=\"og:description\" content=\"Fruita dol\u00e7a de Lleida amb la garantia de Balu\u00e9 Fruits A Balu\u00e9 Fruits som especialistes en la producci\u00f3 i comercialitzaci\u00f3 de fruita dol\u00e7a de Lleida, reconeguda a escala nacional i internacional per la seva qualitat, sabor i frescor. El nostre comprom\u00eds comen\u00e7a al camp, continua als magatzems i culmina en la distribuci\u00f3, assegurant que cada [&hellip;]\" \/>\n<meta property=\"og:url\" content=\"https:\/\/baluefruits.com\/it\/fruita-dolca\/\" \/>\n<meta property=\"og:site_name\" content=\"Balue Fruits\" \/>\n<meta property=\"article:modified_time\" content=\"2025-09-16T05:02:22+00:00\" \/>\n<meta property=\"og:image\" content=\"https:\/\/baluefruits.com\/wp-content\/uploads\/2025\/08\/fruites-a-lengros-3.jpg\" \/>\n\t<meta property=\"og:image:width\" content=\"1200\" \/>\n\t<meta property=\"og:image:height\" content=\"750\" \/>\n\t<meta property=\"og:image:type\" content=\"image\/jpeg\" \/>\n<meta name=\"twitter:card\" content=\"summary_large_image\" \/>\n<meta name=\"twitter:label1\" content=\"Tempo di lettura stimato\" \/>\n\t<meta name=\"twitter:data1\" content=\"4 minuti\" \/>\n<script type=\"application\/ld+json\" class=\"yoast-schema-graph\">{\"@context\":\"https:\/\/schema.org\",\"@graph\":[{\"@type\":\"WebPage\",\"@id\":\"https:\/\/baluefruits.com\/fruita-dolca\/\",\"url\":\"https:\/\/baluefruits.com\/fruita-dolca\/\",\"name\":\"Fruita dol\u00e7a - Balue Fruits\",\"isPartOf\":{\"@id\":\"https:\/\/baluefruits.com\/#website\"},\"primaryImageOfPage\":{\"@id\":\"https:\/\/baluefruits.com\/fruita-dolca\/#primaryimage\"},\"image\":{\"@id\":\"https:\/\/baluefruits.com\/fruita-dolca\/#primaryimage\"},\"thumbnailUrl\":\"https:\/\/baluefruits.com\/wp-content\/uploads\/2025\/08\/fruites-a-lengros-3-1024x640.jpg\",\"datePublished\":\"2025-09-16T04:49:01+00:00\",\"dateModified\":\"2025-09-16T05:02:22+00:00\",\"breadcrumb\":{\"@id\":\"https:\/\/baluefruits.com\/fruita-dolca\/#breadcrumb\"},\"inLanguage\":\"it-IT\",\"potentialAction\":[{\"@type\":\"ReadAction\",\"target\":[\"https:\/\/baluefruits.com\/fruita-dolca\/\"]}]},{\"@type\":\"ImageObject\",\"inLanguage\":\"it-IT\",\"@id\":\"https:\/\/baluefruits.com\/fruita-dolca\/#primaryimage\",\"url\":\"https:\/\/baluefruits.com\/wp-content\/uploads\/2025\/08\/fruites-a-lengros-3-1024x640.jpg\",\"contentUrl\":\"https:\/\/baluefruits.com\/wp-content\/uploads\/2025\/08\/fruites-a-lengros-3-1024x640.jpg\"},{\"@type\":\"BreadcrumbList\",\"@id\":\"https:\/\/baluefruits.com\/fruita-dolca\/#breadcrumb\",\"itemListElement\":[{\"@type\":\"ListItem\",\"position\":1,\"name\":\"Portada\",\"item\":\"https:\/\/baluefruits.com\/\"},{\"@type\":\"ListItem\",\"position\":2,\"name\":\"Fruita dol\u00e7a\"}]},{\"@type\":\"WebSite\",\"@id\":\"https:\/\/baluefruits.com\/#website\",\"url\":\"https:\/\/baluefruits.com\/\",\"name\":\"Balue Fruits\",\"description\":\"Productes agr\u00edcoles de qualitat a Lleida\",\"potentialAction\":[{\"@type\":\"SearchAction\",\"target\":{\"@type\":\"EntryPoint\",\"urlTemplate\":\"https:\/\/baluefruits.com\/?s={search_term_string}\"},\"query-input\":{\"@type\":\"PropertyValueSpecification\",\"valueRequired\":true,\"valueName\":\"search_term_string\"}}],\"inLanguage\":\"it-IT\"}]}<\/script>\n<!-- \/ Yoast SEO plugin. -->","yoast_head_json":{"title":"Fruita dol\u00e7a - Balue Fruits","robots":{"index":"index","follow":"follow","max-snippet":"max-snippet:-1","max-image-preview":"max-image-preview:large","max-video-preview":"max-video-preview:-1"},"canonical":"https:\/\/baluefruits.com\/it\/fruita-dolca\/","og_locale":"it_IT","og_type":"article","og_title":"Fruita dol\u00e7a - Balue Fruits","og_description":"Fruita dol\u00e7a de Lleida amb la garantia de Balu\u00e9 Fruits A Balu\u00e9 Fruits som especialistes en la producci\u00f3 i comercialitzaci\u00f3 de fruita dol\u00e7a de Lleida, reconeguda a escala nacional i internacional per la seva qualitat, sabor i frescor. El nostre comprom\u00eds comen\u00e7a al camp, continua als magatzems i culmina en la distribuci\u00f3, assegurant que cada [&hellip;]","og_url":"https:\/\/baluefruits.com\/it\/fruita-dolca\/","og_site_name":"Balue Fruits","article_modified_time":"2025-09-16T05:02:22+00:00","og_image":[{"width":1200,"height":750,"url":"https:\/\/baluefruits.com\/wp-content\/uploads\/2025\/08\/fruites-a-lengros-3.jpg","type":"image\/jpeg"}],"twitter_card":"summary_large_image","twitter_misc":{"Tempo di lettura stimato":"4 minuti"},"schema":{"@context":"https:\/\/schema.org","@graph":[{"@type":"WebPage","@id":"https:\/\/baluefruits.com\/fruita-dolca\/","url":"https:\/\/baluefruits.com\/fruita-dolca\/","name":"Fruita dol\u00e7a - Balue Fruits","isPartOf":{"@id":"https:\/\/baluefruits.com\/#website"},"primaryImageOfPage":{"@id":"https:\/\/baluefruits.com\/fruita-dolca\/#primaryimage"},"image":{"@id":"https:\/\/baluefruits.com\/fruita-dolca\/#primaryimage"},"thumbnailUrl":"https:\/\/baluefruits.com\/wp-content\/uploads\/2025\/08\/fruites-a-lengros-3-1024x640.jpg","datePublished":"2025-09-16T04:49:01+00:00","dateModified":"2025-09-16T05:02:22+00:00","breadcrumb":{"@id":"https:\/\/baluefruits.com\/fruita-dolca\/#breadcrumb"},"inLanguage":"it-IT","potentialAction":[{"@type":"ReadAction","target":["https:\/\/baluefruits.com\/fruita-dolca\/"]}]},{"@type":"ImageObject","inLanguage":"it-IT","@id":"https:\/\/baluefruits.com\/fruita-dolca\/#primaryimage","url":"https:\/\/baluefruits.com\/wp-content\/uploads\/2025\/08\/fruites-a-lengros-3-1024x640.jpg","contentUrl":"https:\/\/baluefruits.com\/wp-content\/uploads\/2025\/08\/fruites-a-lengros-3-1024x640.jpg"},{"@type":"BreadcrumbList","@id":"https:\/\/baluefruits.com\/fruita-dolca\/#breadcrumb","itemListElement":[{"@type":"ListItem","position":1,"name":"Portada","item":"https:\/\/baluefruits.com\/"},{"@type":"ListItem","position":2,"name":"Fruita dol\u00e7a"}]},{"@type":"WebSite","@id":"https:\/\/baluefruits.com\/#website","url":"https:\/\/baluefruits.com\/","name":"Frutti di Balue","description":"Prodotti agricoli di qualit\u00e0 a Lleida","potentialAction":[{"@type":"SearchAction","target":{"@type":"EntryPoint","urlTemplate":"https:\/\/baluefruits.com\/?s={search_term_string}"},"query-input":{"@type":"PropertyValueSpecification","valueRequired":true,"valueName":"search_term_string"}}],"inLanguage":"it-IT"}]}},"_links":{"self":[{"href":"https:\/\/baluefruits.com\/it\/wp-json\/wp\/v2\/pages\/877","targetHints":{"allow":["GET"]}}],"collection":[{"href":"https:\/\/baluefruits.com\/it\/wp-json\/wp\/v2\/pages"}],"about":[{"href":"https:\/\/baluefruits.com\/it\/wp-json\/wp\/v2\/types\/page"}],"author":[{"embeddable":true,"href":"https:\/\/baluefruits.com\/it\/wp-json\/wp\/v2\/users\/1"}],"replies":[{"embeddable":true,"href":"https:\/\/baluefruits.com\/it\/wp-json\/wp\/v2\/comments?post=877"}],"version-history":[{"count":7,"href":"https:\/\/baluefruits.com\/it\/wp-json\/wp\/v2\/pages\/877\/revisions"}],"predecessor-version":[{"id":885,"href":"https:\/\/baluefruits.com\/it\/wp-json\/wp\/v2\/pages\/877\/revisions\/885"}],"wp:attachment":[{"href":"https:\/\/baluefruits.com\/it\/wp-json\/wp\/v2\/media?parent=877"}],"curies":[{"name":"parola chiave","href":"https:\/\/api.w.org\/{rel}","templated":true}]}}