{"id":30,"date":"2025-03-28T16:09:49","date_gmt":"2025-03-28T19:09:49","guid":{"rendered":"https:\/\/innovacon.simplificandotuweb.com\/?page_id=30"},"modified":"2025-06-27T14:29:46","modified_gmt":"2025-06-27T12:29:46","slug":"politica-de-privacitat","status":"publish","type":"page","link":"https:\/\/baluefruits.com\/it\/politica-de-privacitat\/","title":{"rendered":"politica sulla riservatezza"},"content":{"rendered":"<div data-elementor-type=\"wp-page\" data-elementor-id=\"30\" class=\"elementor elementor-30\" data-elementor-post-type=\"page\">\n\t\t\t\t<div class=\"elementor-element elementor-element-f1d6337 e-flex e-con-boxed e-con e-parent\" data-id=\"f1d6337\" data-element_type=\"container\" data-settings=\"{&quot;background_background&quot;:&quot;classic&quot;}\">\n\t\t\t\t\t<div class=\"e-con-inner\">\n\t\t<div class=\"elementor-element elementor-element-d9a8445 e-con-full e-flex e-con e-child\" data-id=\"d9a8445\" data-element_type=\"container\">\n\t\t\t\t<div class=\"elementor-element elementor-element-1176667 elementor-invisible elementor-widget elementor-widget-heading\" data-id=\"1176667\" data-element_type=\"widget\" data-settings=\"{&quot;_animation&quot;:&quot;fadeInUp&quot;}\" data-widget_type=\"heading.default\">\n\t\t\t\t<div class=\"elementor-widget-container\">\n\t\t\t\t\t<h1 class=\"elementor-heading-title elementor-size-default\">politica sulla riservatezza<\/h1>\t\t\t\t<\/div>\n\t\t\t\t<\/div>\n\t\t\t\t<\/div>\n\t\t\t\t\t<\/div>\n\t\t\t\t<\/div>\n\t\t<div class=\"elementor-element elementor-element-3aa81b09 e-flex e-con-boxed e-con e-parent\" data-id=\"3aa81b09\" data-element_type=\"container\">\n\t\t\t\t\t<div class=\"e-con-inner\">\n\t\t\t\t<div class=\"elementor-element elementor-element-193dc2c3 elementor-widget elementor-widget-text-editor\" data-id=\"193dc2c3\" data-element_type=\"widget\" data-widget_type=\"text-editor.default\">\n\t\t\t\t<div class=\"elementor-widget-container\">\n\t\t\t\t\t\t\t\t\t\n<h3 class=\"wp-block-heading\"><strong>1.- INFORMAZIONI ALL&#039;UTENTE<\/strong><\/h3>\n\n<p>Il sito web informa gli utenti del sito sulla propria politica relativa al trattamento e alla protezione dei dati personali degli utenti e dei clienti che possono essere richiesti durante la navigazione del sito web.<\/p>\n\n<p>Il sito web \u00e8 titolare del trattamento dei dati personali dell&#039;utente, pertanto vengono fornite le seguenti informazioni in merito al trattamento dei suoi dati:<\/p>\n\n<p><strong>Criteri di conservazione dei dati:<\/strong>\u00a0I dati personali conferiti saranno conservati fino a quando l&#039;interessato non ne chieda la sospensione, esercitando i propri diritti sui dati stessi, e comunque nel rispetto dei termini di prescrizione di legge ad essi applicabili.<\/p>\n\n<p><strong>Diritti degli interessati:<\/strong><\/p>\n\n<ul class=\"wp-block-list\">\n<li>Diritto di revocare il consenso in qualsiasi momento.<\/li>\n\n<li>Diritto di accesso, rettifica, cancellazione, portabilit\u00e0 dei dati, nonch\u00e9 limitazione od opposizione al loro trattamento, e di non essere sottoposti a decisioni individuali automatizzate.<\/li>\n<\/ul>\n\n<p><strong>Dati di contatto per esercitare i tuoi diritti:<\/strong><br \/>Il diritto che si desidera esercitare deve essere correttamente identificato e chiaramente richiesto.<\/p>\n\n<ul class=\"wp-block-list\">\n<li><strong>Azienda: <\/strong>SFRUTTAMENTO AGRICOLO BALUE, SCP<\/li>\n<li><strong>Codice fiscale: <\/strong>J25409210<\/li>\n<li><strong>Responsabile: <\/strong>Sergi Balue<\/li>\n<li><strong>Indirizzo: <\/strong>Partita di Buts\u00e8nit n\u00ba 16<strong>\u00a0<\/strong><\/li>\n<li><strong>Codice postale e popolazione<\/strong>: 25194 LLEIDA<\/li>\n<li><strong>Telefono: <\/strong>649977565<\/li>\n<li><strong>E-mail: <\/strong><a href=\"mailto:agrobalue@hotmail.com\" target=\"_blank\" rel=\"noreferrer noopener\">agrobalue@hotmail.com<\/a><\/li>\n<\/ul>\n\n<h3 class=\"wp-block-heading\"><strong>2.- INFORMAZIONI FORNITE DALL&#039;UTENTE<\/strong><\/h3>\n\n<p>Se hai meno di 18 anni non ti \u00e8 consentito utilizzare i moduli presenti sul nostro sito web.<\/p>\n\n<p>L&#039;Utente, inserendo i propri dati nei moduli di contatto o presentati nei moduli di download, accetta espressamente, liberamente e inequivocabilmente che i propri dati siano necessari affinch\u00e9 il Titolare possa rispondere alla sua richiesta, essendo facoltativo l&#039;inserimento dei dati nei restanti campi.<\/p>\n\n<p>L&#039;Utente garantisce che i dati personali forniti sono veritieri e si assume la responsabilit\u00e0 di comunicare ogni eventuale modifica.<\/p>\n\n<p>Tutti i dati richiesti tramite il sito web sono necessari per fornire un servizio ottimale all&#039;Utente. Il mancato conferimento di tutti i dati non garantisce che le informazioni e i servizi forniti dal Titolare soddisfino pienamente le Sue esigenze.<\/p>\n\n<h3 class=\"wp-block-heading\"><strong>3.- MISURE DI SICUREZZA<\/strong><\/h3>\n\n<p>Conformemente a quanto previsto dalla normativa vigente in materia di protezione dei dati personali, il Titolare del trattamento rispetta tutte le disposizioni del RGPD e della LOPD per il trattamento dei dati personali di propria responsabilit\u00e0, che sono trattati in modo lecito, corretto e trasparente nei confronti dell&#039;interessato, e sono adeguati, pertinenti e limitati a quanto necessario rispetto alle finalit\u00e0 per le quali sono trattati.<\/p>\n\n<p>Il Titolare garantisce di aver implementato politiche tecniche e organizzative adeguate per applicare le misure di sicurezza stabilite dal GDPR e dalla LOPD per proteggere i diritti e le libert\u00e0 degli Utenti, e di aver comunicato agli stessi le informazioni appropriate affinch\u00e9 possano esercitarli.<\/p>\n\n<h3 class=\"wp-block-heading\"><strong>4.- VIOLAZIONI DELLA SICUREZZA<\/strong><\/h3>\n\n<p>Il Titolare del trattamento segnaler\u00e0 qualsiasi violazione della sicurezza che interessi il database utilizzato da questo sito web o uno qualsiasi dei nostri servizi di terze parti a tutte le persone i cui dati potrebbero essere stati interessati, nonch\u00e9 alle autorit\u00e0 competenti, entro 72 ore dal rilevamento della violazione.<\/p>\n\n<h3 class=\"wp-block-heading\"><strong>LEGISLAZIONE APPLICABILE E GIURISDIZIONE<\/strong><\/h3>\n\n<p>Per la risoluzione di tutte le controversie o questioni relative al presente sito web o alle attivit\u00e0 in esso svolte, si applicher\u00e0 la legislazione spagnola, alla quale le parti si sottopongono espressamente, essendo competenti per la risoluzione di tutti i conflitti derivanti o relativi al suo utilizzo i Tribunali di Barcellona.<\/p>\n\t\t\t\t\t\t\t\t<\/div>\n\t\t\t\t<\/div>\n\t\t\t\t\t<\/div>\n\t\t\t\t<\/div>\n\t\t\t\t<\/div>","protected":false},"excerpt":{"rendered":"<p>1.- INFORMACI\u00d3 A L\u2019USUARI El lloc web informa els usuaris del lloc web sobre la seva pol\u00edtica respecte al tractament i protecci\u00f3 de les dades de car\u00e0cter personal dels usuaris i clients que puguin ser sol\u00b7licitades durant la navegaci\u00f3 pel seu lloc web. El lloc web \u00e9s el Responsable del tractament de les dades personals [&hellip;]<\/p>","protected":false},"author":1,"featured_media":0,"parent":0,"menu_order":0,"comment_status":"closed","ping_status":"closed","template":"","meta":{"footnotes":""},"class_list":["post-30","page","type-page","status-publish","hentry"],"yoast_head":"<!-- This site is optimized with the Yoast SEO plugin v26.3 - https:\/\/yoast.com\/wordpress\/plugins\/seo\/ -->\n<title>Pol\u00edtica de Privacitat - Balue Fruits<\/title>\n<meta name=\"robots\" content=\"index, follow, max-snippet:-1, max-image-preview:large, max-video-preview:-1\" \/>\n<link rel=\"canonical\" href=\"https:\/\/baluefruits.com\/it\/politica-de-privacitat\/\" \/>\n<meta property=\"og:locale\" content=\"it_IT\" \/>\n<meta property=\"og:type\" content=\"article\" \/>\n<meta property=\"og:title\" content=\"Pol\u00edtica de Privacitat - Balue Fruits\" \/>\n<meta property=\"og:description\" content=\"1.- INFORMACI\u00d3 A L\u2019USUARI El lloc web informa els usuaris del lloc web sobre la seva pol\u00edtica respecte al tractament i protecci\u00f3 de les dades de car\u00e0cter personal dels usuaris i clients que puguin ser sol\u00b7licitades durant la navegaci\u00f3 pel seu lloc web. El lloc web \u00e9s el Responsable del tractament de les dades personals [&hellip;]\" \/>\n<meta property=\"og:url\" content=\"https:\/\/baluefruits.com\/it\/politica-de-privacitat\/\" \/>\n<meta property=\"og:site_name\" content=\"Balue Fruits\" \/>\n<meta property=\"article:modified_time\" content=\"2025-06-27T12:29:46+00:00\" \/>\n<meta name=\"twitter:card\" content=\"summary_large_image\" \/>\n<meta name=\"twitter:label1\" content=\"Tempo di lettura stimato\" \/>\n\t<meta name=\"twitter:data1\" content=\"3 minuti\" \/>\n<script type=\"application\/ld+json\" class=\"yoast-schema-graph\">{\"@context\":\"https:\/\/schema.org\",\"@graph\":[{\"@type\":\"WebPage\",\"@id\":\"https:\/\/baluefruits.com\/politica-de-privacitat\/\",\"url\":\"https:\/\/baluefruits.com\/politica-de-privacitat\/\",\"name\":\"Pol\u00edtica de Privacitat - Balue Fruits\",\"isPartOf\":{\"@id\":\"https:\/\/baluefruits.com\/#website\"},\"datePublished\":\"2025-03-28T19:09:49+00:00\",\"dateModified\":\"2025-06-27T12:29:46+00:00\",\"breadcrumb\":{\"@id\":\"https:\/\/baluefruits.com\/politica-de-privacitat\/#breadcrumb\"},\"inLanguage\":\"it-IT\",\"potentialAction\":[{\"@type\":\"ReadAction\",\"target\":[\"https:\/\/baluefruits.com\/politica-de-privacitat\/\"]}]},{\"@type\":\"BreadcrumbList\",\"@id\":\"https:\/\/baluefruits.com\/politica-de-privacitat\/#breadcrumb\",\"itemListElement\":[{\"@type\":\"ListItem\",\"position\":1,\"name\":\"Portada\",\"item\":\"https:\/\/baluefruits.com\/\"},{\"@type\":\"ListItem\",\"position\":2,\"name\":\"Pol\u00edtica de Privacitat\"}]},{\"@type\":\"WebSite\",\"@id\":\"https:\/\/baluefruits.com\/#website\",\"url\":\"https:\/\/baluefruits.com\/\",\"name\":\"Balue Fruits\",\"description\":\"Productes agr\u00edcoles de qualitat a Lleida\",\"potentialAction\":[{\"@type\":\"SearchAction\",\"target\":{\"@type\":\"EntryPoint\",\"urlTemplate\":\"https:\/\/baluefruits.com\/?s={search_term_string}\"},\"query-input\":{\"@type\":\"PropertyValueSpecification\",\"valueRequired\":true,\"valueName\":\"search_term_string\"}}],\"inLanguage\":\"it-IT\"}]}<\/script>\n<!-- \/ Yoast SEO plugin. -->","yoast_head_json":{"title":"Pol\u00edtica de Privacitat - Balue Fruits","robots":{"index":"index","follow":"follow","max-snippet":"max-snippet:-1","max-image-preview":"max-image-preview:large","max-video-preview":"max-video-preview:-1"},"canonical":"https:\/\/baluefruits.com\/it\/politica-de-privacitat\/","og_locale":"it_IT","og_type":"article","og_title":"Pol\u00edtica de Privacitat - Balue Fruits","og_description":"1.- INFORMACI\u00d3 A L\u2019USUARI El lloc web informa els usuaris del lloc web sobre la seva pol\u00edtica respecte al tractament i protecci\u00f3 de les dades de car\u00e0cter personal dels usuaris i clients que puguin ser sol\u00b7licitades durant la navegaci\u00f3 pel seu lloc web. El lloc web \u00e9s el Responsable del tractament de les dades personals [&hellip;]","og_url":"https:\/\/baluefruits.com\/it\/politica-de-privacitat\/","og_site_name":"Balue Fruits","article_modified_time":"2025-06-27T12:29:46+00:00","twitter_card":"summary_large_image","twitter_misc":{"Tempo di lettura stimato":"3 minuti"},"schema":{"@context":"https:\/\/schema.org","@graph":[{"@type":"WebPage","@id":"https:\/\/baluefruits.com\/politica-de-privacitat\/","url":"https:\/\/baluefruits.com\/politica-de-privacitat\/","name":"Pol\u00edtica de Privacitat - Balue Fruits","isPartOf":{"@id":"https:\/\/baluefruits.com\/#website"},"datePublished":"2025-03-28T19:09:49+00:00","dateModified":"2025-06-27T12:29:46+00:00","breadcrumb":{"@id":"https:\/\/baluefruits.com\/politica-de-privacitat\/#breadcrumb"},"inLanguage":"it-IT","potentialAction":[{"@type":"ReadAction","target":["https:\/\/baluefruits.com\/politica-de-privacitat\/"]}]},{"@type":"BreadcrumbList","@id":"https:\/\/baluefruits.com\/politica-de-privacitat\/#breadcrumb","itemListElement":[{"@type":"ListItem","position":1,"name":"Portada","item":"https:\/\/baluefruits.com\/"},{"@type":"ListItem","position":2,"name":"Pol\u00edtica de Privacitat"}]},{"@type":"WebSite","@id":"https:\/\/baluefruits.com\/#website","url":"https:\/\/baluefruits.com\/","name":"Frutti di Balue","description":"Prodotti agricoli di qualit\u00e0 a Lleida","potentialAction":[{"@type":"SearchAction","target":{"@type":"EntryPoint","urlTemplate":"https:\/\/baluefruits.com\/?s={search_term_string}"},"query-input":{"@type":"PropertyValueSpecification","valueRequired":true,"valueName":"search_term_string"}}],"inLanguage":"it-IT"}]}},"_links":{"self":[{"href":"https:\/\/baluefruits.com\/it\/wp-json\/wp\/v2\/pages\/30","targetHints":{"allow":["GET"]}}],"collection":[{"href":"https:\/\/baluefruits.com\/it\/wp-json\/wp\/v2\/pages"}],"about":[{"href":"https:\/\/baluefruits.com\/it\/wp-json\/wp\/v2\/types\/page"}],"author":[{"embeddable":true,"href":"https:\/\/baluefruits.com\/it\/wp-json\/wp\/v2\/users\/1"}],"replies":[{"embeddable":true,"href":"https:\/\/baluefruits.com\/it\/wp-json\/wp\/v2\/comments?post=30"}],"version-history":[{"count":7,"href":"https:\/\/baluefruits.com\/it\/wp-json\/wp\/v2\/pages\/30\/revisions"}],"predecessor-version":[{"id":828,"href":"https:\/\/baluefruits.com\/it\/wp-json\/wp\/v2\/pages\/30\/revisions\/828"}],"wp:attachment":[{"href":"https:\/\/baluefruits.com\/it\/wp-json\/wp\/v2\/media?parent=30"}],"curies":[{"name":"parola chiave","href":"https:\/\/api.w.org\/{rel}","templated":true}]}}