{"id":20,"date":"2025-03-28T16:05:29","date_gmt":"2025-03-28T19:05:29","guid":{"rendered":"https:\/\/innovacon.simplificandotuweb.com\/?page_id=20"},"modified":"2025-05-23T16:35:22","modified_gmt":"2025-05-23T14:35:22","slug":"declaracio-daccessibilitat","status":"publish","type":"page","link":"https:\/\/baluefruits.com\/it\/declaracio-daccessibilitat\/","title":{"rendered":"Dichiarazione di accessibilit\u00e0"},"content":{"rendered":"<div data-elementor-type=\"wp-page\" data-elementor-id=\"20\" class=\"elementor elementor-20\" data-elementor-post-type=\"page\">\n\t\t\t\t<div class=\"elementor-element elementor-element-5204cea e-flex e-con-boxed e-con e-parent\" data-id=\"5204cea\" data-element_type=\"container\" data-settings=\"{&quot;background_background&quot;:&quot;classic&quot;}\">\n\t\t\t\t\t<div class=\"e-con-inner\">\n\t\t<div class=\"elementor-element elementor-element-35490e9 e-con-full e-flex e-con e-child\" data-id=\"35490e9\" data-element_type=\"container\">\n\t\t\t\t<div class=\"elementor-element elementor-element-3daf40b elementor-invisible elementor-widget elementor-widget-heading\" data-id=\"3daf40b\" data-element_type=\"widget\" data-settings=\"{&quot;_animation&quot;:&quot;fadeInUp&quot;}\" data-widget_type=\"heading.default\">\n\t\t\t\t<div class=\"elementor-widget-container\">\n\t\t\t\t\t<h1 class=\"elementor-heading-title elementor-size-default\">Dichiarazione di accessibilit\u00e0<\/h1>\t\t\t\t<\/div>\n\t\t\t\t<\/div>\n\t\t\t\t<\/div>\n\t\t\t\t\t<\/div>\n\t\t\t\t<\/div>\n\t\t<div class=\"elementor-element elementor-element-3cb95d60 e-flex e-con-boxed e-con e-parent\" data-id=\"3cb95d60\" data-element_type=\"container\">\n\t\t\t\t\t<div class=\"e-con-inner\">\n\t\t\t\t<div class=\"elementor-element elementor-element-7f9e2f39 elementor-widget elementor-widget-text-editor\" data-id=\"7f9e2f39\" data-element_type=\"widget\" data-widget_type=\"text-editor.default\">\n\t\t\t\t<div class=\"elementor-widget-container\">\n\t\t\t\t\t\t\t\t\t\n<p><strong>SFRUTTAMENTO AGRICOLO BALUE, SCP<\/strong> si impegna a rendere il proprio sito web accessibile, in conformit\u00e0 con il Regio Decreto 1112\/2018 del 7 settembre, relativo all&#039;accessibilit\u00e0 di siti web e applicazioni per dispositivi mobili nel settore pubblico. La presente dichiarazione di accessibilit\u00e0 si applica a questo sito web.<\/p>\n\n\n\n<h3 class=\"wp-block-heading\">Stato di conformit\u00e0<\/h3>\n\n\n\n<p>Questo sito web \u00e8 sviluppato secondo il RD 1112\/2018.<\/p>\n\n\n\n<h3 class=\"wp-block-heading\">Preparazione alla prossima dichiarazione di accessibilit\u00e0<\/h3>\n\n\n\n<p>La presente dichiarazione \u00e8 stata redatta il 20 aprile 2023. Il metodo utilizzato per redigerla \u00e8 stato un&#039;autovalutazione.<\/p>\n\n\n\n<h3 class=\"wp-block-heading\">Osservazioni e recapiti<\/h3>\n\n\n\n<p>\u00c8 possibile effettuare comunicazioni sui requisiti di accessibilit\u00e0 (articolo 10.2.a del RD 1112\/2018) come:<\/p>\n\n\n\n<ul class=\"wp-block-list\">\n<li>Segnala qualsiasi possibile violazione da parte di questo sito web.<\/li>\n\n\n\n<li>Comunicare altre difficolt\u00e0 nell&#039;accesso ai contenuti.<\/li>\n\n\n\n<li>Qualsiasi altra domanda o suggerimento per migliorare l&#039;accessibilit\u00e0 del sito web pu\u00f2 essere inoltrato tramite il modulo di contatto presente su questo sito web o tramite il numero di telefono.<\/li>\n<\/ul>\n\n\n\n<p>Puoi presentare:<\/p>\n\n\n\n<ul class=\"wp-block-list\">\n<li>Reclamo in merito al rispetto dei requisiti del RD 1112\/2018.<\/li>\n\n\n\n<li>Richiesta di informazioni accessibili riguardanti:\n<ul class=\"wp-block-list\">\n<li>Contenuti esclusi dall&#039;ambito di applicazione del RD 1112\/2018 come stabilito dall&#039;articolo 3, comma 4.<\/li>\n\n\n\n<li>Contenuti esentati dal rispetto dei requisiti di accessibilit\u00e0 che impongono un onere sproporzionato.<\/li>\n<\/ul>\n<\/li>\n<\/ul>\n\n\n\n<p>Nella richiesta di informazioni accessibili \u00e8 necessario specificare, con assoluta chiarezza, i fatti, le ragioni e la richiesta che consentono di stabilire che si tratta di una richiesta ragionevole e legittima.<\/p>\n\n\n\n<p>I reclami e le rivendicazioni riguardanti le informazioni accessibili saranno presentati tramite l&#039;ufficio elettronico (<a href=\"https:\/\/sede.red.gob.es\/procedimientos\/quejas-y-sugerencias\"><strong>https:\/\/sede.red.gob.es\/procedimientos\/quejas-y-sugerencias<\/strong><\/a>) e saranno ricevuti ed elaborati dall&#039;area Sistemi Informativi di Red.es.<\/p>\n\n\n\n<h3 class=\"wp-block-heading\">Contenuto facoltativo<\/h3>\n\n\n\n<p>Se si desidera modificare la dimensione del carattere del testo nei principali browser grafici, utilizzare i seguenti menu:<\/p>\n\n\n\n<ul class=\"wp-block-list\">\n<li><strong>Safari<\/strong>: Visualizza &gt; Ingrandisci il testo<\/li>\n\n\n\n<li><strong>Cromo<\/strong>: Controlla la pagina corrente &gt; Dimensione del testo<\/li>\n<\/ul>\n\n\n\n<p>Per ridimensionare tutti gli elementi della pagina:<\/p>\n\n\n\n<ul class=\"wp-block-list\">\n<li><strong>Ctrl++<\/strong>&nbsp;per aumentarlo<\/li>\n\n\n\n<li><strong>Ctrl + \u2013<\/strong>&nbsp;per ridurlo<\/li>\n\n\n\n<li><strong>Ctrl + 0<\/strong>&nbsp;ripristina la dimensione originale del testo<\/li>\n<\/ul>\n\n\n\n<p>Se vuoi sovrascrivere il foglio di stile o cambiare il colore del testo, puoi consultare la pagina&nbsp;<em>Come modificare le dimensioni o i colori del testo<\/em>&nbsp;del WAI, che pu\u00f2 essere letto tradotto in spagnolo all&#039;indirizzo&nbsp;<em>Come modificare le dimensioni o i colori del testo?<\/em><\/p>\n\t\t\t\t\t\t\t\t<\/div>\n\t\t\t\t<\/div>\n\t\t\t\t\t<\/div>\n\t\t\t\t<\/div>\n\t\t\t\t<\/div>","protected":false},"excerpt":{"rendered":"<p>EXPLOTACIONS AGRARIES BALUE, SCP ha comprom\u00e8s a fer accessible el seu lloc web, d\u2019acord amb el Reial decret 1112\/2018, de 7 de setembre, sobre accessibilitat dels llocs web i aplicacions per a dispositius m\u00f2bils del sector p\u00fablic. Aquesta declaraci\u00f3 d\u2019accessibilitat s\u2019aplica a aquest web. Situaci\u00f3 de compliment Aquest lloc web est\u00e0 desenvolupat segons el RD [&hellip;]<\/p>","protected":false},"author":1,"featured_media":0,"parent":0,"menu_order":0,"comment_status":"closed","ping_status":"closed","template":"","meta":{"footnotes":""},"class_list":["post-20","page","type-page","status-publish","hentry"],"yoast_head":"<!-- This site is optimized with the Yoast SEO plugin v26.3 - https:\/\/yoast.com\/wordpress\/plugins\/seo\/ -->\n<title>Declaraci\u00f3 d\u2019accessibilitat - Balue Fruits<\/title>\n<meta name=\"robots\" content=\"index, follow, max-snippet:-1, max-image-preview:large, max-video-preview:-1\" \/>\n<link rel=\"canonical\" href=\"https:\/\/baluefruits.com\/it\/declaracio-daccessibilitat\/\" \/>\n<meta property=\"og:locale\" content=\"it_IT\" \/>\n<meta property=\"og:type\" content=\"article\" \/>\n<meta property=\"og:title\" content=\"Declaraci\u00f3 d\u2019accessibilitat - Balue Fruits\" \/>\n<meta property=\"og:description\" content=\"EXPLOTACIONS AGRARIES BALUE, SCP ha comprom\u00e8s a fer accessible el seu lloc web, d\u2019acord amb el Reial decret 1112\/2018, de 7 de setembre, sobre accessibilitat dels llocs web i aplicacions per a dispositius m\u00f2bils del sector p\u00fablic. Aquesta declaraci\u00f3 d\u2019accessibilitat s\u2019aplica a aquest web. Situaci\u00f3 de compliment Aquest lloc web est\u00e0 desenvolupat segons el RD [&hellip;]\" \/>\n<meta property=\"og:url\" content=\"https:\/\/baluefruits.com\/it\/declaracio-daccessibilitat\/\" \/>\n<meta property=\"og:site_name\" content=\"Balue Fruits\" \/>\n<meta property=\"article:modified_time\" content=\"2025-05-23T14:35:22+00:00\" \/>\n<meta name=\"twitter:card\" content=\"summary_large_image\" \/>\n<meta name=\"twitter:label1\" content=\"Tempo di lettura stimato\" \/>\n\t<meta name=\"twitter:data1\" content=\"2 minuti\" \/>\n<script type=\"application\/ld+json\" class=\"yoast-schema-graph\">{\"@context\":\"https:\/\/schema.org\",\"@graph\":[{\"@type\":\"WebPage\",\"@id\":\"https:\/\/baluefruits.com\/declaracio-daccessibilitat\/\",\"url\":\"https:\/\/baluefruits.com\/declaracio-daccessibilitat\/\",\"name\":\"Declaraci\u00f3 d\u2019accessibilitat - Balue Fruits\",\"isPartOf\":{\"@id\":\"https:\/\/baluefruits.com\/#website\"},\"datePublished\":\"2025-03-28T19:05:29+00:00\",\"dateModified\":\"2025-05-23T14:35:22+00:00\",\"breadcrumb\":{\"@id\":\"https:\/\/baluefruits.com\/declaracio-daccessibilitat\/#breadcrumb\"},\"inLanguage\":\"it-IT\",\"potentialAction\":[{\"@type\":\"ReadAction\",\"target\":[\"https:\/\/baluefruits.com\/declaracio-daccessibilitat\/\"]}]},{\"@type\":\"BreadcrumbList\",\"@id\":\"https:\/\/baluefruits.com\/declaracio-daccessibilitat\/#breadcrumb\",\"itemListElement\":[{\"@type\":\"ListItem\",\"position\":1,\"name\":\"Portada\",\"item\":\"https:\/\/baluefruits.com\/\"},{\"@type\":\"ListItem\",\"position\":2,\"name\":\"Declaraci\u00f3 d\u2019accessibilitat\"}]},{\"@type\":\"WebSite\",\"@id\":\"https:\/\/baluefruits.com\/#website\",\"url\":\"https:\/\/baluefruits.com\/\",\"name\":\"Balue Fruits\",\"description\":\"Productes agr\u00edcoles de qualitat a Lleida\",\"potentialAction\":[{\"@type\":\"SearchAction\",\"target\":{\"@type\":\"EntryPoint\",\"urlTemplate\":\"https:\/\/baluefruits.com\/?s={search_term_string}\"},\"query-input\":{\"@type\":\"PropertyValueSpecification\",\"valueRequired\":true,\"valueName\":\"search_term_string\"}}],\"inLanguage\":\"it-IT\"}]}<\/script>\n<!-- \/ Yoast SEO plugin. -->","yoast_head_json":{"title":"Declaraci\u00f3 d\u2019accessibilitat - Balue Fruits","robots":{"index":"index","follow":"follow","max-snippet":"max-snippet:-1","max-image-preview":"max-image-preview:large","max-video-preview":"max-video-preview:-1"},"canonical":"https:\/\/baluefruits.com\/it\/declaracio-daccessibilitat\/","og_locale":"it_IT","og_type":"article","og_title":"Declaraci\u00f3 d\u2019accessibilitat - Balue Fruits","og_description":"EXPLOTACIONS AGRARIES BALUE, SCP ha comprom\u00e8s a fer accessible el seu lloc web, d\u2019acord amb el Reial decret 1112\/2018, de 7 de setembre, sobre accessibilitat dels llocs web i aplicacions per a dispositius m\u00f2bils del sector p\u00fablic. Aquesta declaraci\u00f3 d\u2019accessibilitat s\u2019aplica a aquest web. Situaci\u00f3 de compliment Aquest lloc web est\u00e0 desenvolupat segons el RD [&hellip;]","og_url":"https:\/\/baluefruits.com\/it\/declaracio-daccessibilitat\/","og_site_name":"Balue Fruits","article_modified_time":"2025-05-23T14:35:22+00:00","twitter_card":"summary_large_image","twitter_misc":{"Tempo di lettura stimato":"2 minuti"},"schema":{"@context":"https:\/\/schema.org","@graph":[{"@type":"WebPage","@id":"https:\/\/baluefruits.com\/declaracio-daccessibilitat\/","url":"https:\/\/baluefruits.com\/declaracio-daccessibilitat\/","name":"Declaraci\u00f3 d\u2019accessibilitat - Balue Fruits","isPartOf":{"@id":"https:\/\/baluefruits.com\/#website"},"datePublished":"2025-03-28T19:05:29+00:00","dateModified":"2025-05-23T14:35:22+00:00","breadcrumb":{"@id":"https:\/\/baluefruits.com\/declaracio-daccessibilitat\/#breadcrumb"},"inLanguage":"it-IT","potentialAction":[{"@type":"ReadAction","target":["https:\/\/baluefruits.com\/declaracio-daccessibilitat\/"]}]},{"@type":"BreadcrumbList","@id":"https:\/\/baluefruits.com\/declaracio-daccessibilitat\/#breadcrumb","itemListElement":[{"@type":"ListItem","position":1,"name":"Portada","item":"https:\/\/baluefruits.com\/"},{"@type":"ListItem","position":2,"name":"Declaraci\u00f3 d\u2019accessibilitat"}]},{"@type":"WebSite","@id":"https:\/\/baluefruits.com\/#website","url":"https:\/\/baluefruits.com\/","name":"Frutti di Balue","description":"Prodotti agricoli di qualit\u00e0 a Lleida","potentialAction":[{"@type":"SearchAction","target":{"@type":"EntryPoint","urlTemplate":"https:\/\/baluefruits.com\/?s={search_term_string}"},"query-input":{"@type":"PropertyValueSpecification","valueRequired":true,"valueName":"search_term_string"}}],"inLanguage":"it-IT"}]}},"_links":{"self":[{"href":"https:\/\/baluefruits.com\/it\/wp-json\/wp\/v2\/pages\/20","targetHints":{"allow":["GET"]}}],"collection":[{"href":"https:\/\/baluefruits.com\/it\/wp-json\/wp\/v2\/pages"}],"about":[{"href":"https:\/\/baluefruits.com\/it\/wp-json\/wp\/v2\/types\/page"}],"author":[{"embeddable":true,"href":"https:\/\/baluefruits.com\/it\/wp-json\/wp\/v2\/users\/1"}],"replies":[{"embeddable":true,"href":"https:\/\/baluefruits.com\/it\/wp-json\/wp\/v2\/comments?post=20"}],"version-history":[{"count":6,"href":"https:\/\/baluefruits.com\/it\/wp-json\/wp\/v2\/pages\/20\/revisions"}],"predecessor-version":[{"id":544,"href":"https:\/\/baluefruits.com\/it\/wp-json\/wp\/v2\/pages\/20\/revisions\/544"}],"wp:attachment":[{"href":"https:\/\/baluefruits.com\/it\/wp-json\/wp\/v2\/media?parent=20"}],"curies":[{"name":"parola chiave","href":"https:\/\/api.w.org\/{rel}","templated":true}]}}