{"id":19,"date":"2025-03-28T16:04:18","date_gmt":"2025-03-28T19:04:18","guid":{"rendered":"https:\/\/innovacon.simplificandotuweb.com\/?page_id=19"},"modified":"2025-06-27T14:30:23","modified_gmt":"2025-06-27T12:30:23","slug":"avis-legal","status":"publish","type":"page","link":"https:\/\/baluefruits.com\/it\/avis-legal\/","title":{"rendered":"Avviso legale"},"content":{"rendered":"<div data-elementor-type=\"wp-page\" data-elementor-id=\"19\" class=\"elementor elementor-19\" data-elementor-post-type=\"page\">\n\t\t\t\t<div class=\"elementor-element elementor-element-b84017c e-flex e-con-boxed e-con e-parent\" data-id=\"b84017c\" data-element_type=\"container\" data-settings=\"{&quot;background_background&quot;:&quot;classic&quot;}\">\n\t\t\t\t\t<div class=\"e-con-inner\">\n\t\t<div class=\"elementor-element elementor-element-e4d310f e-con-full e-flex e-con e-child\" data-id=\"e4d310f\" data-element_type=\"container\">\n\t\t\t\t<div class=\"elementor-element elementor-element-c095f93 elementor-invisible elementor-widget elementor-widget-heading\" data-id=\"c095f93\" data-element_type=\"widget\" data-settings=\"{&quot;_animation&quot;:&quot;fadeInUp&quot;}\" data-widget_type=\"heading.default\">\n\t\t\t\t<div class=\"elementor-widget-container\">\n\t\t\t\t\t<h1 class=\"elementor-heading-title elementor-size-default\">Avviso legale<\/h1>\t\t\t\t<\/div>\n\t\t\t\t<\/div>\n\t\t\t\t<\/div>\n\t\t\t\t\t<\/div>\n\t\t\t\t<\/div>\n\t\t<div class=\"elementor-element elementor-element-6de93240 e-flex e-con-boxed e-con e-parent\" data-id=\"6de93240\" data-element_type=\"container\">\n\t\t\t\t\t<div class=\"e-con-inner\">\n\t\t\t\t<div class=\"elementor-element elementor-element-2f75f87f elementor-widget elementor-widget-text-editor\" data-id=\"2f75f87f\" data-element_type=\"widget\" data-widget_type=\"text-editor.default\">\n\t\t\t\t<div class=\"elementor-widget-container\">\n\t\t\t\t\t\t\t\t\t\n<h3 class=\"wp-block-heading\">Responsabile del trattamento dei dati<\/h3>\n\n<p>In ottemperanza all&#039;obbligo di informazione stabilito dalla Legge 34\/2002, dell&#039;11 luglio, sui Servizi della Societ\u00e0 dell&#039;Informazione e del Commercio Elettronico, vi informiamo che questo sito web \u00e8 di propriet\u00e0 di:<\/p>\n\n<ul class=\"wp-block-list\">\n<li><strong>Azienda: <\/strong>SFRUTTAMENTO AGRICOLO BALUE, SCP<\/li>\n\n<li><strong>Codice fiscale: <\/strong>J25409210<\/li>\n\n<li><strong>Responsabile: <\/strong>Sergi Balue<\/li>\n\n<li><strong>Indirizzo: <\/strong>Partita di Buts\u00e8nit n\u00ba 16<strong>\u00a0<\/strong><\/li>\n\n<li><strong>Codice postale e popolazione<\/strong>: 25194 LLEIDA<\/li>\n\n<li><strong>Telefono: <\/strong>649977565<\/li>\n\n<li><strong>E-mail: <\/strong><a href=\"mailto:agrobalue@hotmail.com\" target=\"_blank\" rel=\"noreferrer noopener\">agrobalue@hotmail.com<\/a><\/li>\n<\/ul>\n\n<h3 class=\"wp-block-heading\">Oggetto<\/h3>\n\n<p>Il Titolare mette a disposizione il presente documento agli utenti con i quali intende conformarsi a quanto previsto dalla normativa vigente in materia di protezione dei dati, e nel contesto del nuovo quadro normativo istituito in virt\u00f9 delle disposizioni del Regolamento (UE) 2016\/679 del Parlamento europeo e del Consiglio, del 27 aprile 2016, relativo alla protezione delle persone fisiche con riguardo al trattamento dei dati personali, nonch\u00e9 alla libera circolazione di tali dati (di seguito, il &quot;RGPD&quot;), e delle normative nazionali in materia di protezione dei dati personali, nonch\u00e9 per informare tutti gli utenti del sito web circa le condizioni di utilizzo dello stesso.<\/p>\n\n<p>Chiunque acceda a questo sito web assume il ruolo di utente, impegnandosi alla rigorosa osservanza e al rispetto delle disposizioni qui stabilite, nonch\u00e9 di qualsiasi altra disposizione di legge applicabile.<\/p>\n\n<p>Il Titolare si riserva il diritto di modificare qualsiasi tipo di informazione che possa apparire sul sito web, senza alcun obbligo di preavviso o di informare gli utenti di tali modifiche, intendendosi sufficiente la pubblicazione sul sito web del Titolare.<\/p>\n\n<h3 class=\"wp-block-heading\">Responsabilit\u00e0<\/h3>\n\n<p>Il Titolare \u00e8 esonerato da qualsiasi tipo di responsabilit\u00e0 derivante dalle informazioni pubblicate sul proprio sito web, a condizione che tali informazioni siano state manipolate o inserite da terzi estranei allo stesso.<\/p>\n\n<h3 class=\"wp-block-heading\">indirizzi IP<\/h3>\n\n<p>I server del sito web possono rilevare automaticamente l&#039;indirizzo IP e il nome di dominio utilizzati dall&#039;utente. Un indirizzo IP \u00e8 un numero assegnato automaticamente a un computer quando si connette a Internet.<\/p>\n\n<p>Tutte queste informazioni vengono registrate in un file di attivit\u00e0 del server, debitamente registrato, che consente la successiva elaborazione dei dati per ottenere esclusivamente misure statistiche che consentono di conoscere il numero di impressioni di pagina, il numero di visite effettuate sui server web, l&#039;ordine delle visite, il punto di accesso, ecc.<\/p>\n\n<h3 class=\"wp-block-heading\">Politica sui link<\/h3>\n\n<p>Da questo sito web \u00e8 possibile essere reindirizzati a contenuti di siti web di terze parti. Poich\u00e9 il Titolare non pu\u00f2 sempre controllare i contenuti introdotti da terze parti sui propri siti web, non si assume alcuna responsabilit\u00e0 in merito a tali contenuti.<\/p>\n\n<p>In ogni caso, il Responsabile dichiara che proceder\u00e0 alla rimozione immediata di qualsiasi contenuto che possa contravvenire alla legislazione nazionale o internazionale, alla morale o all&#039;ordine pubblico, eliminando il reindirizzamento a questo sito web e informando le autorit\u00e0 competenti del contenuto in questione.<\/p>\n\n<p>Il Titolare non \u00e8 responsabile delle informazioni e dei contenuti archiviati, a titolo esemplificativo ma non esaustivo, nei forum, nelle chat, nei generatori di blog, nei commenti, nei social network o in qualsiasi altro mezzo che consenta a terzi di pubblicare contenuti in modo indipendente sul sito web del Titolare.<\/p>\n\n<p>Tuttavia, e in conformit\u00e0 con quanto previsto dagli articoli 11 e 16 della LSSICE, il Titolare del trattamento si rende disponibile a tutti gli utenti, autorit\u00e0 e forze dell&#039;ordine, collaborando attivamente alla rimozione o, se del caso, al blocco di tutti i contenuti che possano ledere o contravvenire alla legislazione nazionale o internazionale, ai diritti di terzi, alla morale e all&#039;ordine pubblico.<\/p>\n\n<p>Se l&#039;utente ritiene che sul sito web sia presente un contenuto che potrebbe essere soggetto a questa classificazione, \u00e8 pregato di avvisare immediatamente l&#039;amministratore del sito web.<\/p>\n\n<p>Questo sito web \u00e8 stato esaminato e testato per garantirne il corretto funzionamento. In linea di principio, il corretto funzionamento pu\u00f2 essere garantito 365 giorni all&#039;anno, 24 ore su 24.<\/p>\n\n<p>Tuttavia, il Titolare non esclude la possibilit\u00e0 che si verifichino errori di programmazione o che si verifichino cause di forza maggiore, calamit\u00e0 naturali, scioperi o circostanze simili che rendano impossibile l&#039;accesso al sito web.<\/p>\n\n<h3 class=\"wp-block-heading\">Protezione dei dati<\/h3>\n\n<p>Il Titolare \u00e8 profondamente impegnato a rispettare quanto previsto dalla normativa vigente in materia di protezione dei dati, anche nel contesto del nuovo quadro normativo istituito in virt\u00f9 delle disposizioni del Regolamento (UE) 2016\/679 del Parlamento europeo e del Consiglio del 27 aprile 2016 relativo alla protezione delle persone fisiche con riguardo al trattamento dei dati personali, nonch\u00e9 alla libera circolazione di tali dati (di seguito, GDPR), e delle normative nazionali in materia di protezione dei dati personali.<\/p>\n\n<p>Allo stesso modo, il Titolare informa che ottempera alla Legge 34\/2002, dell&#039;11 luglio, sui Servizi della Societ\u00e0 dell&#039;Informazione e del Commercio Elettronico e che richieder\u00e0 in ogni momento il consenso al trattamento dei suoi dati per fini commerciali.<\/p>\n\n<h3 class=\"wp-block-heading\">Propriet\u00e0 intellettuale e industriale<\/h3>\n\n<p>Il sito web, compresi, a titolo esemplificativo ma non esaustivo, la sua programmazione, modifica, compilazione e altri elementi necessari al suo funzionamento, i design, i loghi, i testi e\/o la grafica sono di propriet\u00e0 del Titolare o, ove applicabile, hanno una licenza o un&#039;autorizzazione espressa da parte degli autori.<\/p>\n\n<p>Tutti i contenuti del sito web sono debitamente protetti dalle normative sulla propriet\u00e0 intellettuale e industriale. Indipendentemente dallo scopo per cui sono destinati, la riproduzione totale o parziale, l&#039;uso, lo sfruttamento, la distribuzione e la commercializzazione richiedono in ogni caso la previa autorizzazione scritta del Titolare.<\/p>\n\n<p>Qualsiasi utilizzo non previamente autorizzato dal Responsabile sar\u00e0 considerato una grave violazione dei diritti di propriet\u00e0 intellettuale o industriale dell&#039;autore.<\/p>\n\n<p>I disegni, i loghi, i testi e\/o la grafica non di propriet\u00e0 del fornitore e che dovessero apparire sul sito web appartengono ai rispettivi proprietari, i quali sono responsabili di ogni eventuale controversia che dovesse sorgere in merito agli stessi.<\/p>\n\n<p>In ogni caso il Titolare ha la preventiva ed espressa autorizzazione da parte degli stessi.<\/p>\n\n<p>Il Titolare autorizza espressamente i soggetti terzi a reindirizzare direttamente a specifici contenuti del sito web, e in ogni caso dovranno reindirizzare alla pagina principale del sito web del Titolare.<\/p>\n\n<p>Il Titolare riconosce a favore dei rispettivi titolari i corrispondenti diritti di propriet\u00e0 intellettuale e industriale, e il fatto che gli stessi appaiano sul sito web non implica l&#039;esistenza di diritti o responsabilit\u00e0 del Titolare sugli stessi, n\u00e9 appoggio, sponsorizzazione o raccomandazione da parte degli stessi.<\/p>\n\n<p>Per qualsiasi segnalazione su eventuali violazioni dei diritti di propriet\u00e0 intellettuale o industriale, nonch\u00e9 su qualsiasi contenuto del sito web, \u00e8 possibile farlo tramite il seguente indirizzo email:\u00a0<strong><a href=\"mailto:agrobalue@hotmail.com\" target=\"_blank\" rel=\"noreferrer noopener\">agrobalue@hotmail.com<\/a><\/strong><\/p>\n\t\t\t\t\t\t\t\t<\/div>\n\t\t\t\t<\/div>\n\t\t\t\t\t<\/div>\n\t\t\t\t<\/div>\n\t\t\t\t<\/div>","protected":false},"excerpt":{"rendered":"<p>Responsabile del trattamento dei dati In ottemperanza all&#039;obbligo di informazione stabilito dalla Legge 34\/2002, dell&#039;11 luglio, sui Servizi della Societ\u00e0 dell&#039;Informazione e del Commercio Elettronico, vi informiamo che questo sito web \u00e8 di propriet\u00e0 di: Finalit\u00e0 Il Responsabile mette a disposizione degli utenti il presente documento con il quale intende ottemperare al [\u2026]<\/p>","protected":false},"author":1,"featured_media":0,"parent":0,"menu_order":0,"comment_status":"closed","ping_status":"closed","template":"","meta":{"footnotes":""},"class_list":["post-19","page","type-page","status-publish","hentry"],"yoast_head":"<!-- This site is optimized with the Yoast SEO plugin v26.3 - https:\/\/yoast.com\/wordpress\/plugins\/seo\/ -->\n<title>Av\u00eds Legal - Balue Fruits<\/title>\n<meta name=\"robots\" content=\"index, follow, max-snippet:-1, max-image-preview:large, max-video-preview:-1\" \/>\n<link rel=\"canonical\" href=\"https:\/\/baluefruits.com\/it\/avis-legal\/\" \/>\n<meta property=\"og:locale\" content=\"it_IT\" \/>\n<meta property=\"og:type\" content=\"article\" \/>\n<meta property=\"og:title\" content=\"Av\u00eds Legal - Balue Fruits\" \/>\n<meta property=\"og:description\" content=\"Responsable del tractament de les dades En compliment del deure d\u2019informaci\u00f3 que estableix la Llei 34\/2002, d\u201911 de juliol, de Serveis de la Societat de la Informaci\u00f3 i del Comer\u00e7 Electr\u00f2nic, us comuniquem que aquesta web \u00e9s titularitat de: Objecte El Responsable posa a disposici\u00f3 dels usuaris aquest document amb el qual pret\u00e9n complir el [&hellip;]\" \/>\n<meta property=\"og:url\" content=\"https:\/\/baluefruits.com\/it\/avis-legal\/\" \/>\n<meta property=\"og:site_name\" content=\"Balue Fruits\" \/>\n<meta property=\"article:modified_time\" content=\"2025-06-27T12:30:23+00:00\" \/>\n<meta name=\"twitter:card\" content=\"summary_large_image\" \/>\n<meta name=\"twitter:label1\" content=\"Tempo di lettura stimato\" \/>\n\t<meta name=\"twitter:data1\" content=\"6 minuti\" \/>\n<script type=\"application\/ld+json\" class=\"yoast-schema-graph\">{\"@context\":\"https:\/\/schema.org\",\"@graph\":[{\"@type\":\"WebPage\",\"@id\":\"https:\/\/baluefruits.com\/avis-legal\/\",\"url\":\"https:\/\/baluefruits.com\/avis-legal\/\",\"name\":\"Av\u00eds Legal - Balue Fruits\",\"isPartOf\":{\"@id\":\"https:\/\/baluefruits.com\/#website\"},\"datePublished\":\"2025-03-28T19:04:18+00:00\",\"dateModified\":\"2025-06-27T12:30:23+00:00\",\"breadcrumb\":{\"@id\":\"https:\/\/baluefruits.com\/avis-legal\/#breadcrumb\"},\"inLanguage\":\"it-IT\",\"potentialAction\":[{\"@type\":\"ReadAction\",\"target\":[\"https:\/\/baluefruits.com\/avis-legal\/\"]}]},{\"@type\":\"BreadcrumbList\",\"@id\":\"https:\/\/baluefruits.com\/avis-legal\/#breadcrumb\",\"itemListElement\":[{\"@type\":\"ListItem\",\"position\":1,\"name\":\"Portada\",\"item\":\"https:\/\/baluefruits.com\/\"},{\"@type\":\"ListItem\",\"position\":2,\"name\":\"Av\u00eds Legal\"}]},{\"@type\":\"WebSite\",\"@id\":\"https:\/\/baluefruits.com\/#website\",\"url\":\"https:\/\/baluefruits.com\/\",\"name\":\"Balue Fruits\",\"description\":\"Productes agr\u00edcoles de qualitat a Lleida\",\"potentialAction\":[{\"@type\":\"SearchAction\",\"target\":{\"@type\":\"EntryPoint\",\"urlTemplate\":\"https:\/\/baluefruits.com\/?s={search_term_string}\"},\"query-input\":{\"@type\":\"PropertyValueSpecification\",\"valueRequired\":true,\"valueName\":\"search_term_string\"}}],\"inLanguage\":\"it-IT\"}]}<\/script>\n<!-- \/ Yoast SEO plugin. -->","yoast_head_json":{"title":"Note legali - Balue Fruits","robots":{"index":"index","follow":"follow","max-snippet":"max-snippet:-1","max-image-preview":"max-image-preview:large","max-video-preview":"max-video-preview:-1"},"canonical":"https:\/\/baluefruits.com\/it\/avis-legal\/","og_locale":"it_IT","og_type":"article","og_title":"Av\u00eds Legal - Balue Fruits","og_description":"Responsable del tractament de les dades En compliment del deure d\u2019informaci\u00f3 que estableix la Llei 34\/2002, d\u201911 de juliol, de Serveis de la Societat de la Informaci\u00f3 i del Comer\u00e7 Electr\u00f2nic, us comuniquem que aquesta web \u00e9s titularitat de: Objecte El Responsable posa a disposici\u00f3 dels usuaris aquest document amb el qual pret\u00e9n complir el [&hellip;]","og_url":"https:\/\/baluefruits.com\/it\/avis-legal\/","og_site_name":"Balue Fruits","article_modified_time":"2025-06-27T12:30:23+00:00","twitter_card":"summary_large_image","twitter_misc":{"Tempo di lettura stimato":"6 minuti"},"schema":{"@context":"https:\/\/schema.org","@graph":[{"@type":"WebPage","@id":"https:\/\/baluefruits.com\/avis-legal\/","url":"https:\/\/baluefruits.com\/avis-legal\/","name":"Note legali - Balue Fruits","isPartOf":{"@id":"https:\/\/baluefruits.com\/#website"},"datePublished":"2025-03-28T19:04:18+00:00","dateModified":"2025-06-27T12:30:23+00:00","breadcrumb":{"@id":"https:\/\/baluefruits.com\/avis-legal\/#breadcrumb"},"inLanguage":"it-IT","potentialAction":[{"@type":"ReadAction","target":["https:\/\/baluefruits.com\/avis-legal\/"]}]},{"@type":"BreadcrumbList","@id":"https:\/\/baluefruits.com\/avis-legal\/#breadcrumb","itemListElement":[{"@type":"ListItem","position":1,"name":"Portada","item":"https:\/\/baluefruits.com\/"},{"@type":"ListItem","position":2,"name":"Av\u00eds Legal"}]},{"@type":"WebSite","@id":"https:\/\/baluefruits.com\/#website","url":"https:\/\/baluefruits.com\/","name":"Frutti di Balue","description":"Prodotti agricoli di qualit\u00e0 a Lleida","potentialAction":[{"@type":"SearchAction","target":{"@type":"EntryPoint","urlTemplate":"https:\/\/baluefruits.com\/?s={search_term_string}"},"query-input":{"@type":"PropertyValueSpecification","valueRequired":true,"valueName":"search_term_string"}}],"inLanguage":"it-IT"}]}},"_links":{"self":[{"href":"https:\/\/baluefruits.com\/it\/wp-json\/wp\/v2\/pages\/19","targetHints":{"allow":["GET"]}}],"collection":[{"href":"https:\/\/baluefruits.com\/it\/wp-json\/wp\/v2\/pages"}],"about":[{"href":"https:\/\/baluefruits.com\/it\/wp-json\/wp\/v2\/types\/page"}],"author":[{"embeddable":true,"href":"https:\/\/baluefruits.com\/it\/wp-json\/wp\/v2\/users\/1"}],"replies":[{"embeddable":true,"href":"https:\/\/baluefruits.com\/it\/wp-json\/wp\/v2\/comments?post=19"}],"version-history":[{"count":13,"href":"https:\/\/baluefruits.com\/it\/wp-json\/wp\/v2\/pages\/19\/revisions"}],"predecessor-version":[{"id":834,"href":"https:\/\/baluefruits.com\/it\/wp-json\/wp\/v2\/pages\/19\/revisions\/834"}],"wp:attachment":[{"href":"https:\/\/baluefruits.com\/it\/wp-json\/wp\/v2\/media?parent=19"}],"curies":[{"name":"parola chiave","href":"https:\/\/api.w.org\/{rel}","templated":true}]}}