{"id":175,"date":"2025-05-23T13:41:20","date_gmt":"2025-05-23T11:41:20","guid":{"rendered":"https:\/\/baluefruits.com\/?page_id=175"},"modified":"2025-11-04T14:33:08","modified_gmt":"2025-11-04T13:33:08","slug":"paraguaians","status":"publish","type":"page","link":"https:\/\/baluefruits.com\/it\/productor-de-fruita-dolca\/paraguaians\/","title":{"rendered":"Paraguaiani"},"content":{"rendered":"<div data-elementor-type=\"wp-page\" data-elementor-id=\"175\" class=\"elementor elementor-175\" data-elementor-post-type=\"page\">\n\t\t\t\t<div class=\"elementor-element elementor-element-e1ac679 e-flex e-con-boxed e-con e-parent\" data-id=\"e1ac679\" data-element_type=\"container\" data-settings=\"{&quot;background_background&quot;:&quot;classic&quot;}\">\n\t\t\t\t\t<div class=\"e-con-inner\">\n\t\t<div class=\"elementor-element elementor-element-5705cba e-con-full e-flex e-con e-child\" data-id=\"5705cba\" data-element_type=\"container\">\n\t\t\t\t<div class=\"elementor-element elementor-element-a145502 elementor-invisible elementor-widget elementor-widget-heading\" data-id=\"a145502\" data-element_type=\"widget\" data-settings=\"{&quot;_animation&quot;:&quot;fadeInUp&quot;}\" data-widget_type=\"heading.default\">\n\t\t\t\t<div class=\"elementor-widget-container\">\n\t\t\t\t\t<h1 class=\"elementor-heading-title elementor-size-default\">Paraguaiani<\/h1>\t\t\t\t<\/div>\n\t\t\t\t<\/div>\n\t\t\t\t<\/div>\n\t\t\t\t\t<\/div>\n\t\t\t\t<\/div>\n\t\t<div class=\"elementor-element elementor-element-6e93057 e-flex e-con-boxed e-con e-parent\" data-id=\"6e93057\" data-element_type=\"container\">\n\t\t\t\t\t<div class=\"e-con-inner\">\n\t\t<div class=\"elementor-element elementor-element-b147382 e-con-full e-flex e-con e-child\" data-id=\"b147382\" data-element_type=\"container\" data-settings=\"{&quot;background_background&quot;:&quot;classic&quot;}\">\n\t\t\t\t<\/div>\n\t\t<div class=\"elementor-element elementor-element-7e16d34 e-con-full e-flex e-con e-child\" data-id=\"7e16d34\" data-element_type=\"container\">\n\t\t\t\t<div class=\"elementor-element elementor-element-5ad3bf9 elementor-widget elementor-widget-heading\" data-id=\"5ad3bf9\" data-element_type=\"widget\" data-widget_type=\"heading.default\">\n\t\t\t\t<div class=\"elementor-widget-container\">\n\t\t\t\t\t<h2 class=\"elementor-heading-title elementor-size-default\">Paraguaiano di Lleida, raccolto naturalmente\n<\/h2>\t\t\t\t<\/div>\n\t\t\t\t<\/div>\n\t\t\t\t<div class=\"elementor-element elementor-element-90210a4 elementor-widget elementor-widget-text-editor\" data-id=\"90210a4\" data-element_type=\"widget\" data-widget_type=\"text-editor.default\">\n\t\t\t\t<div class=\"elementor-widget-container\">\n\t\t\t\t\t\t\t\t\t<p>Il Paraguay \u00e8 un frutto molto apprezzato sui mercati nazionali e internazionali. Noi di Balue Fruits ci impegniamo a coltivarlo a Lleida, unendo tradizione e tecnologia per offrire un Paraguay dolce e morbido, con un aroma intenso che non passa inosservato.<\/p>\t\t\t\t\t\t\t\t<\/div>\n\t\t\t\t<\/div>\n\t\t\t\t<\/div>\n\t\t\t\t\t<\/div>\n\t\t\t\t<\/div>\n\t\t<div class=\"elementor-element elementor-element-f278648 e-con-full e-flex e-con e-parent\" data-id=\"f278648\" data-element_type=\"container\" data-settings=\"{&quot;background_background&quot;:&quot;classic&quot;}\">\n\t\t<div class=\"elementor-element elementor-element-4abd67b e-con-full e-flex e-con e-child\" data-id=\"4abd67b\" data-element_type=\"container\">\n\t\t\t\t<div class=\"elementor-element elementor-element-e0b010b elementor-widget elementor-widget-heading\" data-id=\"e0b010b\" data-element_type=\"widget\" data-widget_type=\"heading.default\">\n\t\t\t\t<div class=\"elementor-widget-container\">\n\t\t\t\t\t<div class=\"elementor-heading-title elementor-size-default\">Dolcezza e Qualit\u00e0 Certificata\n\n<\/div>\t\t\t\t<\/div>\n\t\t\t\t<\/div>\n\t\t\t\t<div class=\"elementor-element elementor-element-b475d43 elementor-widget elementor-widget-heading\" data-id=\"b475d43\" data-element_type=\"widget\" data-widget_type=\"heading.default\">\n\t\t\t\t<div class=\"elementor-widget-container\">\n\t\t\t\t\t<h2 class=\"elementor-heading-title elementor-size-default\">Vantaggi dei nostri paraguaiani<\/h2>\t\t\t\t<\/div>\n\t\t\t\t<\/div>\n\t\t\t\t<div class=\"elementor-element elementor-element-f6ee5d4 elementor-view-stacked elementor-shape-square elementor-position-left elementor-mobile-position-left elementor-widget elementor-widget-icon-box\" data-id=\"f6ee5d4\" data-element_type=\"widget\" data-widget_type=\"icon-box.default\">\n\t\t\t\t<div class=\"elementor-widget-container\">\n\t\t\t\t\t\t\t<div class=\"elementor-icon-box-wrapper\">\n\n\t\t\t\t\t\t<div class=\"elementor-icon-box-icon\">\n\t\t\t\t<span  class=\"elementor-icon\">\n\t\t\t\t<i aria-hidden=\"true\" class=\"ti-check\"><\/i>\t\t\t\t<\/span>\n\t\t\t<\/div>\n\t\t\t\n\t\t\t\t\t\t<div class=\"elementor-icon-box-content\">\n\n\t\t\t\t\t\t\t\t\t<div class=\"elementor-icon-box-title\">\n\t\t\t\t\t\t<span  >\n\t\t\t\t\t\t\tRaccolta manuale per preservare la consistenza e la succosit\u00e0.\t\t\t\t\t\t<\/span>\n\t\t\t\t\t<\/div>\n\t\t\t\t\n\t\t\t\t\n\t\t\t<\/div>\n\t\t\t\n\t\t<\/div>\n\t\t\t\t\t\t<\/div>\n\t\t\t\t<\/div>\n\t\t\t\t<div class=\"elementor-element elementor-element-4945241 elementor-view-stacked elementor-shape-square elementor-position-left elementor-mobile-position-left elementor-widget elementor-widget-icon-box\" data-id=\"4945241\" data-element_type=\"widget\" data-widget_type=\"icon-box.default\">\n\t\t\t\t<div class=\"elementor-widget-container\">\n\t\t\t\t\t\t\t<div class=\"elementor-icon-box-wrapper\">\n\n\t\t\t\t\t\t<div class=\"elementor-icon-box-icon\">\n\t\t\t\t<span  class=\"elementor-icon\">\n\t\t\t\t<i aria-hidden=\"true\" class=\"ti-check\"><\/i>\t\t\t\t<\/span>\n\t\t\t<\/div>\n\t\t\t\n\t\t\t\t\t\t<div class=\"elementor-icon-box-content\">\n\n\t\t\t\t\t\t\t\t\t<div class=\"elementor-icon-box-title\">\n\t\t\t\t\t\t<span  >\n\t\t\t\t\t\t\tProduzione certificata e controllata.\t\t\t\t\t\t<\/span>\n\t\t\t\t\t<\/div>\n\t\t\t\t\n\t\t\t\t\n\t\t\t<\/div>\n\t\t\t\n\t\t<\/div>\n\t\t\t\t\t\t<\/div>\n\t\t\t\t<\/div>\n\t\t\t\t<div class=\"elementor-element elementor-element-fda2588 elementor-view-stacked elementor-shape-square elementor-position-left elementor-mobile-position-left elementor-widget elementor-widget-icon-box\" data-id=\"fda2588\" data-element_type=\"widget\" data-widget_type=\"icon-box.default\">\n\t\t\t\t<div class=\"elementor-widget-container\">\n\t\t\t\t\t\t\t<div class=\"elementor-icon-box-wrapper\">\n\n\t\t\t\t\t\t<div class=\"elementor-icon-box-icon\">\n\t\t\t\t<span  class=\"elementor-icon\">\n\t\t\t\t<i aria-hidden=\"true\" class=\"ti-check\"><\/i>\t\t\t\t<\/span>\n\t\t\t<\/div>\n\t\t\t\n\t\t\t\t\t\t<div class=\"elementor-icon-box-content\">\n\n\t\t\t\t\t\t\t\t\t<div class=\"elementor-icon-box-title\">\n\t\t\t\t\t\t<span  >\n\t\t\t\t\t\t\tFrutto ideale sia per il consumo fresco che per la trasformazione.\t\t\t\t\t\t<\/span>\n\t\t\t\t\t<\/div>\n\t\t\t\t\n\t\t\t\t\n\t\t\t<\/div>\n\t\t\t\n\t\t<\/div>\n\t\t\t\t\t\t<\/div>\n\t\t\t\t<\/div>\n\t\t\t\t<div class=\"elementor-element elementor-element-0edb706 elementor-view-stacked elementor-shape-square elementor-position-left elementor-mobile-position-left elementor-widget elementor-widget-icon-box\" data-id=\"0edb706\" data-element_type=\"widget\" data-widget_type=\"icon-box.default\">\n\t\t\t\t<div class=\"elementor-widget-container\">\n\t\t\t\t\t\t\t<div class=\"elementor-icon-box-wrapper\">\n\n\t\t\t\t\t\t<div class=\"elementor-icon-box-icon\">\n\t\t\t\t<span  class=\"elementor-icon\">\n\t\t\t\t<i aria-hidden=\"true\" class=\"ti-check\"><\/i>\t\t\t\t<\/span>\n\t\t\t<\/div>\n\t\t\t\n\t\t\t\t\t\t<div class=\"elementor-icon-box-content\">\n\n\t\t\t\t\t\t\t\t\t<div class=\"elementor-icon-box-title\">\n\t\t\t\t\t\t<span  >\n\t\t\t\t\t\t\tServizio clienti flessibile e personalizzato.\t\t\t\t\t\t<\/span>\n\t\t\t\t\t<\/div>\n\t\t\t\t\n\t\t\t\t\n\t\t\t<\/div>\n\t\t\t\n\t\t<\/div>\n\t\t\t\t\t\t<\/div>\n\t\t\t\t<\/div>\n\t\t\t\t<div class=\"elementor-element elementor-element-c442736 elementor-view-stacked elementor-shape-square elementor-position-left elementor-mobile-position-left elementor-widget elementor-widget-icon-box\" data-id=\"c442736\" data-element_type=\"widget\" data-widget_type=\"icon-box.default\">\n\t\t\t\t<div class=\"elementor-widget-container\">\n\t\t\t\t\t\t\t<div class=\"elementor-icon-box-wrapper\">\n\n\t\t\t\t\t\t<div class=\"elementor-icon-box-icon\">\n\t\t\t\t<span  class=\"elementor-icon\">\n\t\t\t\t<i aria-hidden=\"true\" class=\"ti-check\"><\/i>\t\t\t\t<\/span>\n\t\t\t<\/div>\n\t\t\t\n\t\t\t\t\t\t<div class=\"elementor-icon-box-content\">\n\n\t\t\t\t\t\t\t\t\t<div class=\"elementor-icon-box-title\">\n\t\t\t\t\t\t<span  >\n\t\t\t\t\t\t\tColtivazione sostenibile con pratiche rispettose.\t\t\t\t\t\t<\/span>\n\t\t\t\t\t<\/div>\n\t\t\t\t\n\t\t\t\t\n\t\t\t<\/div>\n\t\t\t\n\t\t<\/div>\n\t\t\t\t\t\t<\/div>\n\t\t\t\t<\/div>\n\t\t\t\t<\/div>\n\t\t<div class=\"elementor-element elementor-element-be28e81 e-con-full e-flex e-con e-child\" data-id=\"be28e81\" data-element_type=\"container\" data-settings=\"{&quot;background_background&quot;:&quot;classic&quot;}\">\n\t\t\t\t<\/div>\n\t\t\t\t<\/div>\n\t\t<div class=\"elementor-element elementor-element-ac15896 e-flex e-con-boxed e-con e-parent\" data-id=\"ac15896\" data-element_type=\"container\">\n\t\t\t\t\t<div class=\"e-con-inner\">\n\t\t<div class=\"elementor-element elementor-element-d074c59 e-con-full e-flex e-con e-child\" data-id=\"d074c59\" data-element_type=\"container\" data-settings=\"{&quot;background_background&quot;:&quot;classic&quot;}\">\n\t\t\t\t<\/div>\n\t\t<div class=\"elementor-element elementor-element-42a0ee7 e-con-full e-flex e-con e-child\" data-id=\"42a0ee7\" data-element_type=\"container\">\n\t\t\t\t<div class=\"elementor-element elementor-element-69c1111 elementor-widget elementor-widget-heading\" data-id=\"69c1111\" data-element_type=\"widget\" data-widget_type=\"heading.default\">\n\t\t\t\t<div class=\"elementor-widget-container\">\n\t\t\t\t\t<h2 class=\"elementor-heading-title elementor-size-default\"> Formato di vendita e confezionamento dei paraguaiani\n<\/h2>\t\t\t\t<\/div>\n\t\t\t\t<\/div>\n\t\t\t\t<div class=\"elementor-element elementor-element-742baf1 elementor-icon-list--layout-traditional elementor-list-item-link-full_width elementor-widget elementor-widget-icon-list\" data-id=\"742baf1\" data-element_type=\"widget\" data-widget_type=\"icon-list.default\">\n\t\t\t\t<div class=\"elementor-widget-container\">\n\t\t\t\t\t\t\t<ul class=\"elementor-icon-list-items\">\n\t\t\t\t\t\t\t<li class=\"elementor-icon-list-item\">\n\t\t\t\t\t\t\t\t\t\t\t<span class=\"elementor-icon-list-icon\">\n\t\t\t\t\t\t\t<i aria-hidden=\"true\" class=\"icon icon-checkmark-circle\"><\/i>\t\t\t\t\t\t<\/span>\n\t\t\t\t\t\t\t\t\t\t<span class=\"elementor-icon-list-text\">Pallet standard per rinfuse. Scatola da 5 e 10 kg.<\/span>\n\t\t\t\t\t\t\t\t\t<\/li>\n\t\t\t\t\t\t\t\t<li class=\"elementor-icon-list-item\">\n\t\t\t\t\t\t\t\t\t\t\t<span class=\"elementor-icon-list-icon\">\n\t\t\t\t\t\t\t<i aria-hidden=\"true\" class=\"icon icon-checkmark-circle\"><\/i>\t\t\t\t\t\t<\/span>\n\t\t\t\t\t\t\t\t\t\t<span class=\"elementor-icon-list-text\">Classificazione per dimensione e colore<\/span>\n\t\t\t\t\t\t\t\t\t<\/li>\n\t\t\t\t\t\t\t\t<li class=\"elementor-icon-list-item\">\n\t\t\t\t\t\t\t\t\t\t\t<span class=\"elementor-icon-list-icon\">\n\t\t\t\t\t\t\t<i aria-hidden=\"true\" class=\"icon icon-checkmark-circle\"><\/i>\t\t\t\t\t\t<\/span>\n\t\t\t\t\t\t\t\t\t\t<span class=\"elementor-icon-list-text\">Ideale per i mercati nazionali e internazionali<\/span>\n\t\t\t\t\t\t\t\t\t<\/li>\n\t\t\t\t\t\t\t\t<li class=\"elementor-icon-list-item\">\n\t\t\t\t\t\t\t\t\t\t\t<span class=\"elementor-icon-list-icon\">\n\t\t\t\t\t\t\t<i aria-hidden=\"true\" class=\"icon icon-checkmark-circle\"><\/i>\t\t\t\t\t\t<\/span>\n\t\t\t\t\t\t\t\t\t\t<span class=\"elementor-icon-list-text\">Controllo totale del processo dall&#039;azienda agricola al cliente<\/span>\n\t\t\t\t\t\t\t\t\t<\/li>\n\t\t\t\t\t\t<\/ul>\n\t\t\t\t\t\t<\/div>\n\t\t\t\t<\/div>\n\t\t\t\t<\/div>\n\t\t\t\t\t<\/div>\n\t\t\t\t<\/div>\n\t\t<div class=\"elementor-element elementor-element-ba1c78a e-flex e-con-boxed e-con e-parent\" data-id=\"ba1c78a\" data-element_type=\"container\" data-settings=\"{&quot;background_background&quot;:&quot;classic&quot;}\">\n\t\t\t\t\t<div class=\"e-con-inner\">\n\t\t\t\t<div class=\"elementor-element elementor-element-b34f3d8 elementor-widget elementor-widget-heading\" data-id=\"b34f3d8\" data-element_type=\"widget\" data-widget_type=\"heading.default\">\n\t\t\t\t<div class=\"elementor-widget-container\">\n\t\t\t\t\t<h3 class=\"elementor-heading-title elementor-size-default\">Vuoi ricevere prodotti freschi, di qualit\u00e0 e locali?<\/h3>\t\t\t\t<\/div>\n\t\t\t\t<\/div>\n\t\t\t\t<div class=\"elementor-element elementor-element-d62f79b elementor-widget__width-initial elementor-widget-mobile__width-inherit elementor-widget elementor-widget-text-editor\" data-id=\"d62f79b\" data-element_type=\"widget\" data-widget_type=\"text-editor.default\">\n\t\t\t\t<div class=\"elementor-widget-container\">\n\t\t\t\t\t\t\t\t\t<p>Noi di Balue Fruits siamo vicini a te per offrirti frutta dolce all&#039;ingrosso e olio extravergine di oliva direttamente dal campo a casa tua o in azienda. Che tu sia un grossista o un consumatore finale, saremo lieti di aiutarti a portare il meglio di Lleida a casa tua.<\/p>\t\t\t\t\t\t\t\t<\/div>\n\t\t\t\t<\/div>\n\t\t\t\t<div class=\"elementor-element elementor-element-72fb362 elementor-align-left elementor-widget elementor-widget-button\" data-id=\"72fb362\" data-element_type=\"widget\" data-widget_type=\"button.default\">\n\t\t\t\t<div class=\"elementor-widget-container\">\n\t\t\t\t\t\t\t\t\t<div class=\"elementor-button-wrapper\">\n\t\t\t\t\t<a class=\"elementor-button elementor-button-link elementor-size-xs elementor-animation-grow\" href=\"https:\/\/baluefruits.com\/it\/contacte\/\">\n\t\t\t\t\t\t<span class=\"elementor-button-content-wrapper\">\n\t\t\t\t\t\t<span class=\"elementor-button-icon\">\n\t\t\t\t<svg aria-hidden=\"true\" class=\"e-font-icon-svg e-fas-arrow-right\" viewbox=\"0 0 448 512\" xmlns=\"http:\/\/www.w3.org\/2000\/svg\"><path d=\"M190.5 66.9l22.2-22.2c9.4-9.4 24.6-9.4 33.9 0L441 239c9.4 9.4 9.4 24.6 0 33.9L246.6 467.3c-9.4 9.4-24.6 9.4-33.9 0l-22.2-22.2c-9.5-9.5-9.3-25 .4-34.3L311.4 296H24c-13.3 0-24-10.7-24-24v-32c0-13.3 10.7-24 24-24h287.4L190.9 101.2c-9.8-9.3-10-24.8-.4-34.3z\"><\/path><\/svg>\t\t\t<\/span>\n\t\t\t\t\t\t\t\t\t<span class=\"elementor-button-text\"> Contattaci<\/span>\n\t\t\t\t\t<\/span>\n\t\t\t\t\t<\/a>\n\t\t\t\t<\/div>\n\t\t\t\t\t\t\t\t<\/div>\n\t\t\t\t<\/div>\n\t\t\t\t\t<\/div>\n\t\t\t\t<\/div>\n\t\t\t\t<\/div>","protected":false},"excerpt":{"rendered":"<p>Paraguai\u00e0 de Lleida de collita natural El paraguai\u00e0 \u00e9s una fruita amb gran acceptaci\u00f3 en mercats nacionals i internacionals. A Balue Fruits apostem pel seu cultiu a Lleida, combinant tradici\u00f3 i tecnologia per oferir paraguaios dol\u00e7os, suaus i amb una aroma intensa que no passa desapercebuda. Dol\u00e7or i Qualitat Certificada Avantatges dels nostres paraguaios Collita [&hellip;]<\/p>","protected":false},"author":1,"featured_media":0,"parent":172,"menu_order":0,"comment_status":"closed","ping_status":"closed","template":"","meta":{"footnotes":""},"class_list":["post-175","page","type-page","status-publish","hentry"],"yoast_head":"<!-- This site is optimized with the Yoast SEO plugin v26.3 - https:\/\/yoast.com\/wordpress\/plugins\/seo\/ -->\n<title>Paraguaians - Balue Fruits<\/title>\n<meta name=\"robots\" content=\"index, follow, max-snippet:-1, max-image-preview:large, max-video-preview:-1\" \/>\n<link rel=\"canonical\" href=\"https:\/\/baluefruits.com\/it\/productor-de-fruita-dolca\/paraguaians\/\" \/>\n<meta property=\"og:locale\" content=\"it_IT\" \/>\n<meta property=\"og:type\" content=\"article\" \/>\n<meta property=\"og:title\" content=\"Paraguaians - Balue Fruits\" \/>\n<meta property=\"og:description\" content=\"Paraguai\u00e0 de Lleida de collita natural El paraguai\u00e0 \u00e9s una fruita amb gran acceptaci\u00f3 en mercats nacionals i internacionals. A Balue Fruits apostem pel seu cultiu a Lleida, combinant tradici\u00f3 i tecnologia per oferir paraguaios dol\u00e7os, suaus i amb una aroma intensa que no passa desapercebuda. Dol\u00e7or i Qualitat Certificada Avantatges dels nostres paraguaios Collita [&hellip;]\" \/>\n<meta property=\"og:url\" content=\"https:\/\/baluefruits.com\/it\/productor-de-fruita-dolca\/paraguaians\/\" \/>\n<meta property=\"og:site_name\" content=\"Balue Fruits\" \/>\n<meta property=\"article:modified_time\" content=\"2025-11-04T13:33:08+00:00\" \/>\n<meta name=\"twitter:card\" content=\"summary_large_image\" \/>\n<meta name=\"twitter:label1\" content=\"Tempo di lettura stimato\" \/>\n\t<meta name=\"twitter:data1\" content=\"1 minuto\" \/>\n<script type=\"application\/ld+json\" class=\"yoast-schema-graph\">{\"@context\":\"https:\/\/schema.org\",\"@graph\":[{\"@type\":\"WebPage\",\"@id\":\"https:\/\/baluefruits.com\/productor-de-fruita-dolca\/paraguaians\/\",\"url\":\"https:\/\/baluefruits.com\/productor-de-fruita-dolca\/paraguaians\/\",\"name\":\"Paraguaians - Balue Fruits\",\"isPartOf\":{\"@id\":\"https:\/\/baluefruits.com\/#website\"},\"datePublished\":\"2025-05-23T11:41:20+00:00\",\"dateModified\":\"2025-11-04T13:33:08+00:00\",\"breadcrumb\":{\"@id\":\"https:\/\/baluefruits.com\/productor-de-fruita-dolca\/paraguaians\/#breadcrumb\"},\"inLanguage\":\"it-IT\",\"potentialAction\":[{\"@type\":\"ReadAction\",\"target\":[\"https:\/\/baluefruits.com\/productor-de-fruita-dolca\/paraguaians\/\"]}]},{\"@type\":\"BreadcrumbList\",\"@id\":\"https:\/\/baluefruits.com\/productor-de-fruita-dolca\/paraguaians\/#breadcrumb\",\"itemListElement\":[{\"@type\":\"ListItem\",\"position\":1,\"name\":\"Portada\",\"item\":\"https:\/\/baluefruits.com\/\"},{\"@type\":\"ListItem\",\"position\":2,\"name\":\"Productor de fruita dol\u00e7a\",\"item\":\"https:\/\/baluefruits.com\/productor-de-fruita-dolca\/\"},{\"@type\":\"ListItem\",\"position\":3,\"name\":\"Paraguaians\"}]},{\"@type\":\"WebSite\",\"@id\":\"https:\/\/baluefruits.com\/#website\",\"url\":\"https:\/\/baluefruits.com\/\",\"name\":\"Balue Fruits\",\"description\":\"Productes agr\u00edcoles de qualitat a Lleida\",\"potentialAction\":[{\"@type\":\"SearchAction\",\"target\":{\"@type\":\"EntryPoint\",\"urlTemplate\":\"https:\/\/baluefruits.com\/?s={search_term_string}\"},\"query-input\":{\"@type\":\"PropertyValueSpecification\",\"valueRequired\":true,\"valueName\":\"search_term_string\"}}],\"inLanguage\":\"it-IT\"}]}<\/script>\n<!-- \/ Yoast SEO plugin. -->","yoast_head_json":{"title":"Paraguaians - Balue Fruits","robots":{"index":"index","follow":"follow","max-snippet":"max-snippet:-1","max-image-preview":"max-image-preview:large","max-video-preview":"max-video-preview:-1"},"canonical":"https:\/\/baluefruits.com\/it\/productor-de-fruita-dolca\/paraguaians\/","og_locale":"it_IT","og_type":"article","og_title":"Paraguaians - Balue Fruits","og_description":"Paraguai\u00e0 de Lleida de collita natural El paraguai\u00e0 \u00e9s una fruita amb gran acceptaci\u00f3 en mercats nacionals i internacionals. A Balue Fruits apostem pel seu cultiu a Lleida, combinant tradici\u00f3 i tecnologia per oferir paraguaios dol\u00e7os, suaus i amb una aroma intensa que no passa desapercebuda. Dol\u00e7or i Qualitat Certificada Avantatges dels nostres paraguaios Collita [&hellip;]","og_url":"https:\/\/baluefruits.com\/it\/productor-de-fruita-dolca\/paraguaians\/","og_site_name":"Balue Fruits","article_modified_time":"2025-11-04T13:33:08+00:00","twitter_card":"summary_large_image","twitter_misc":{"Tempo di lettura stimato":"1 minuto"},"schema":{"@context":"https:\/\/schema.org","@graph":[{"@type":"WebPage","@id":"https:\/\/baluefruits.com\/productor-de-fruita-dolca\/paraguaians\/","url":"https:\/\/baluefruits.com\/productor-de-fruita-dolca\/paraguaians\/","name":"Paraguaians - Balue Fruits","isPartOf":{"@id":"https:\/\/baluefruits.com\/#website"},"datePublished":"2025-05-23T11:41:20+00:00","dateModified":"2025-11-04T13:33:08+00:00","breadcrumb":{"@id":"https:\/\/baluefruits.com\/productor-de-fruita-dolca\/paraguaians\/#breadcrumb"},"inLanguage":"it-IT","potentialAction":[{"@type":"ReadAction","target":["https:\/\/baluefruits.com\/productor-de-fruita-dolca\/paraguaians\/"]}]},{"@type":"BreadcrumbList","@id":"https:\/\/baluefruits.com\/productor-de-fruita-dolca\/paraguaians\/#breadcrumb","itemListElement":[{"@type":"ListItem","position":1,"name":"Portada","item":"https:\/\/baluefruits.com\/"},{"@type":"ListItem","position":2,"name":"Productor de fruita dol\u00e7a","item":"https:\/\/baluefruits.com\/productor-de-fruita-dolca\/"},{"@type":"ListItem","position":3,"name":"Paraguaians"}]},{"@type":"WebSite","@id":"https:\/\/baluefruits.com\/#website","url":"https:\/\/baluefruits.com\/","name":"Frutti di Balue","description":"Prodotti agricoli di qualit\u00e0 a Lleida","potentialAction":[{"@type":"SearchAction","target":{"@type":"EntryPoint","urlTemplate":"https:\/\/baluefruits.com\/?s={search_term_string}"},"query-input":{"@type":"PropertyValueSpecification","valueRequired":true,"valueName":"search_term_string"}}],"inLanguage":"it-IT"}]}},"_links":{"self":[{"href":"https:\/\/baluefruits.com\/it\/wp-json\/wp\/v2\/pages\/175","targetHints":{"allow":["GET"]}}],"collection":[{"href":"https:\/\/baluefruits.com\/it\/wp-json\/wp\/v2\/pages"}],"about":[{"href":"https:\/\/baluefruits.com\/it\/wp-json\/wp\/v2\/types\/page"}],"author":[{"embeddable":true,"href":"https:\/\/baluefruits.com\/it\/wp-json\/wp\/v2\/users\/1"}],"replies":[{"embeddable":true,"href":"https:\/\/baluefruits.com\/it\/wp-json\/wp\/v2\/comments?post=175"}],"version-history":[{"count":49,"href":"https:\/\/baluefruits.com\/it\/wp-json\/wp\/v2\/pages\/175\/revisions"}],"predecessor-version":[{"id":1028,"href":"https:\/\/baluefruits.com\/it\/wp-json\/wp\/v2\/pages\/175\/revisions\/1028"}],"up":[{"embeddable":true,"href":"https:\/\/baluefruits.com\/it\/wp-json\/wp\/v2\/pages\/172"}],"wp:attachment":[{"href":"https:\/\/baluefruits.com\/it\/wp-json\/wp\/v2\/media?parent=175"}],"curies":[{"name":"parola chiave","href":"https:\/\/api.w.org\/{rel}","templated":true}]}}