{"id":17,"date":"2025-03-28T15:59:36","date_gmt":"2025-03-28T18:59:36","guid":{"rendered":"https:\/\/innovacon.simplificandotuweb.com\/?page_id=17"},"modified":"2025-06-27T14:30:15","modified_gmt":"2025-06-27T12:30:15","slug":"politica-de-cookies","status":"publish","type":"page","link":"https:\/\/baluefruits.com\/it\/politica-de-cookies\/","title":{"rendered":"Informativa sui cookie"},"content":{"rendered":"<div data-elementor-type=\"wp-page\" data-elementor-id=\"17\" class=\"elementor elementor-17\" data-elementor-post-type=\"page\">\n\t\t\t\t<div class=\"elementor-element elementor-element-48f2c91 e-flex e-con-boxed e-con e-parent\" data-id=\"48f2c91\" data-element_type=\"container\" data-settings=\"{&quot;background_background&quot;:&quot;classic&quot;}\">\n\t\t\t\t\t<div class=\"e-con-inner\">\n\t\t<div class=\"elementor-element elementor-element-5209e98 e-con-full e-flex e-con e-child\" data-id=\"5209e98\" data-element_type=\"container\">\n\t\t\t\t<div class=\"elementor-element elementor-element-018eba3 elementor-invisible elementor-widget elementor-widget-heading\" data-id=\"018eba3\" data-element_type=\"widget\" data-settings=\"{&quot;_animation&quot;:&quot;fadeInUp&quot;}\" data-widget_type=\"heading.default\">\n\t\t\t\t<div class=\"elementor-widget-container\">\n\t\t\t\t\t<h1 class=\"elementor-heading-title elementor-size-default\">Informativa sui cookie<\/h1>\t\t\t\t<\/div>\n\t\t\t\t<\/div>\n\t\t\t\t<\/div>\n\t\t\t\t\t<\/div>\n\t\t\t\t<\/div>\n\t\t<div class=\"elementor-element elementor-element-4e03f83a e-flex e-con-boxed e-con e-parent\" data-id=\"4e03f83a\" data-element_type=\"container\">\n\t\t\t\t\t<div class=\"e-con-inner\">\n\t\t\t\t<div class=\"elementor-element elementor-element-d653c2f elementor-widget elementor-widget-text-editor\" data-id=\"d653c2f\" data-element_type=\"widget\" data-widget_type=\"text-editor.default\">\n\t\t\t\t<div class=\"elementor-widget-container\">\n\t\t\t\t\t\t\t\t\t\n<h3 class=\"wp-block-heading\">Informativa sui cookie (UE)<\/h3>\n\n<p>La presente informativa sui cookie \u00e8 stata aggiornata l&#039;ultima volta l&#039;08\/01\/2024 e si applica ai cittadini e ai residenti permanenti legali dello Spazio economico europeo e della Svizzera.<\/p>\n\n<h3 class=\"wp-block-heading\">1. Introduzione<\/h3>\n\n<p>Il nostro sito web,\u00a0<a href=\"https:\/\/baluefruits.com\/it\/\"><strong>https:\/\/baluefruits.com\/<\/strong><\/a> (di seguito: &quot;il sito web&quot;), utilizza cookie e altre tecnologie correlate (per comodit\u00e0, tutte le tecnologie sono definite &quot;cookie&quot;). I cookie possono essere installati anche da terze parti con cui abbiamo stipulato accordi. Nel seguente documento vi informiamo sull&#039;utilizzo dei cookie sul nostro sito web.<\/p>\n\n<h3 class=\"wp-block-heading\">2. Cosa sono i cookie?<\/h3>\n\n<p>Un cookie \u00e8 un piccolo file che viene inviato insieme alle pagine di questo sito web e che il tuo browser memorizza sul disco rigido del tuo computer o altro dispositivo. Le informazioni memorizzate potrebbero essere restituite ai nostri server o ai server di terze parti appropriati durante una visita successiva.<\/p>\n\n<h3 class=\"wp-block-heading\">3. Cosa sono gli script?<\/h3>\n\n<p>Uno script \u00e8 un pezzo di codice di programma utilizzato per far funzionare correttamente e in modo interattivo il nostro sito web. Questo codice viene eseguito sul nostro server o sul tuo dispositivo.<\/p>\n\n<h3 class=\"wp-block-heading\">4. Che cosa \u00e8 un web beacon?<\/h3>\n\n<p>Un web beacon (o pixel tag) \u00e8 un piccolo frammento invisibile di testo o immagine presente su un sito web, utilizzato per monitorare il traffico del sito. A tale scopo, diversi dati su di te possono essere memorizzati tramite questi web beacon.<\/p>\n\n<h3 class=\"wp-block-heading\">5. Biscotti<\/h3>\n\n<h4 class=\"wp-block-heading\">5.1 Cookie tecnici o funzionali<\/h4>\n\n<p>Alcuni cookie garantiscono il corretto funzionamento di alcune parti del sito web e la memorizzazione delle tue preferenze. Utilizzando cookie funzionali, rendiamo pi\u00f9 facile la tua visita al nostro sito web. In questo modo, non dovrai inserire ripetutamente le stesse informazioni quando visiti il sito web e, ad esempio, gli articoli rimangono nel carrello finch\u00e9 non hai effettuato il pagamento. Potremmo utilizzare questi cookie senza il tuo consenso.<\/p>\n\n<h4 class=\"wp-block-heading\">5.2 Cookie di marketing\/tracciamento<\/h4>\n\n<p>I cookie di marketing\/tracciamento sono cookie, o qualsiasi altra forma di archiviazione locale, utilizzati per creare profili utente per visualizzare pubblicit\u00e0 o per tracciare l&#039;utente su questo sito web o su pi\u00f9 siti web per scopi di marketing simili.<\/p>\n\n<h3 class=\"wp-block-heading\">6. Cookie utilizzati<\/h3>\n\n<p><strong>Elementor<\/strong><\/p>\n\n<ul class=\"wp-block-list\">\n<li>Statistiche (anonime)<\/li>\n\n<li>Consenso per il servizio Elementor<\/li>\n<\/ul>\n\n<p><strong>WordPress<\/strong><\/p>\n\n<ul class=\"wp-block-list\">\n<li>Funzionale<\/li>\n\n<li>Consenso per il servizio WordPress<\/li>\n<\/ul>\n\n<p><strong>Varie<\/strong><\/p>\n\n<ul class=\"wp-block-list\">\n<li>Scopo in attesa di indagine<\/li>\n\n<li>Consenso per il servizio Miscellaneo\u00a0<\/li>\n<\/ul>\n\n<h3 class=\"wp-block-heading\">7. Consenso<\/h3>\n\n<p>Quando visiti il nostro sito web per la prima volta, ti mostreremo una finestra pop-up con una spiegazione sui cookie. Cliccando su &quot;Salva preferenze&quot;, acconsenti all&#039;utilizzo delle categorie di cookie e plugin che hai selezionato nella finestra pop-up, come descritto nella presente informativa sui cookie. Puoi disabilitare l&#039;uso dei cookie tramite il tuo browser, ma tieni presente che il nostro sito web potrebbe non funzionare pi\u00f9 correttamente.<\/p>\n\n<h4 class=\"wp-block-heading\">7.1 Gestisci le tue impostazioni di consenso<\/h4>\n\n<ul class=\"wp-block-list\">\n<li><strong>Funzionale<\/strong>\u00a0(Sempre attivo)<\/li>\n\n<li><strong>Marketing<\/strong><\/li>\n<\/ul>\n\n<h3 class=\"wp-block-heading\">8. Attivazione\/disattivazione e cancellazione dei cookie<\/h3>\n\n<p>Puoi utilizzare il tuo browser Internet per eliminare i cookie automaticamente o manualmente. Puoi anche specificare che determinati cookie non possano essere installati. Un&#039;altra opzione \u00e8 quella di modificare le impostazioni del tuo browser Internet in modo da ricevere un messaggio ogni volta che viene installato un cookie. Per ulteriori informazioni su queste opzioni, consulta le istruzioni nella sezione &quot;Guida&quot; del tuo browser.<\/p>\n\n<p>Si prega di notare che il nostro sito web potrebbe non funzionare correttamente se si disabilitano tutti i cookie. Se si eliminano i cookie dal browser, questi verranno nuovamente inseriti dopo il consenso dell&#039;utente quando si visita nuovamente il nostro sito web.<\/p>\n\n<h3 class=\"wp-block-heading\">9. I tuoi diritti in materia di dati personali<\/h3>\n\n<p>In relazione ai tuoi dati personali, hai i seguenti diritti:<\/p>\n\n<ul class=\"wp-block-list\">\n<li>Diritto di sapere perch\u00e9 i tuoi dati personali sono necessari, cosa ne sar\u00e0 di essi e per quanto tempo saranno conservati.<\/li>\n\n<li><strong>Diritto di accesso<\/strong>: hai il diritto di accedere ai tuoi dati personali che conosciamo.<\/li>\n\n<li><strong>Diritto di rettifica<\/strong>: hai il diritto di completare, rettificare, cancellare o bloccare i tuoi dati personali in qualsiasi momento.<\/li>\n\n<li>Se ci hai dato il consenso al trattamento dei tuoi dati, hai il diritto di revocare tale consenso e di richiedere la cancellazione dei tuoi dati personali.<\/li>\n\n<li><strong>Diritto alla portabilit\u00e0 dei tuoi dati<\/strong>: hai il diritto di richiedere tutti i tuoi dati personali al titolare del trattamento e di trasmetterli nella loro interezza a un altro titolare del trattamento.<\/li>\n\n<li><strong>Diritto di opposizione<\/strong>: puoi opporti al trattamento dei tuoi dati. Daremo seguito a tale richiesta, salvo sussistano giustificati motivi per il trattamento.<\/li>\n<\/ul>\n\n<p>Per esercitare questi diritti, ti preghiamo di contattarci. I recapiti sono riportati in fondo alla presente informativa sui cookie. In caso di reclami relativi al trattamento dei tuoi dati, ti invitiamo a comunicarcelo, ma hai anche il diritto di presentare un reclamo all&#039;autorit\u00e0 di controllo (l&#039;autorit\u00e0 per la protezione dei dati).<\/p>\n\n<h3 class=\"wp-block-heading\">10. Dettagli di contatto<\/h3>\n\n<p>Per domande e\/o commenti sulla nostra politica sui cookie e sulla presente informativa, contattateci utilizzando i seguenti recapiti:<\/p>\n\n<ul class=\"wp-block-list\">\n<li><strong>Azienda: <\/strong>SFRUTTAMENTO AGRICOLO BALUE, SCP<\/li>\n<li><strong>Codice fiscale: <\/strong>J25409210<\/li>\n<li><strong>Responsabile: <\/strong>Sergi Balue<\/li>\n<li><strong>Indirizzo: <\/strong>Partita di Buts\u00e8nit n\u00ba 16<strong>\u00a0<\/strong><\/li>\n<li><strong>Codice postale e popolazione<\/strong>: 25194 LLEIDA<\/li>\n<li><strong>Telefono: <\/strong>649977565<\/li>\n<li><strong>E-mail: <\/strong><a href=\"mailto:agrobalue@hotmail.com\" target=\"_blank\" rel=\"noreferrer noopener\">agrobalue@hotmail.com<\/a><\/li>\n<\/ul>\n\n<p>\u00a0<\/p>\n<p>Questa politica sui cookie \u00e8 stata sincronizzata con\u00a0<strong>cookiedatabase.org<\/strong>\u00a0il 08\/01\/2024.<\/p>\n\t\t\t\t\t\t\t\t<\/div>\n\t\t\t\t<\/div>\n\t\t\t\t\t<\/div>\n\t\t\t\t<\/div>\n\t\t\t\t<\/div>","protected":false},"excerpt":{"rendered":"<p>Informativa sui cookie (UE) La presente informativa sui cookie \u00e8 stata aggiornata l&#039;ultima volta il 08\/01\/2024 e si applica ai cittadini e ai residenti permanenti legali dello Spazio economico europeo e della Svizzera. 1. Introduzione Il nostro sito web, https:\/\/baluefruits.com\/ (di seguito: &quot;il sito web&quot;), utilizza cookie e altre tecnologie correlate (per comodit\u00e0, tutte le tecnologie sono denominate &quot;cookie&quot;). I cookie [\u2026]<\/p>","protected":false},"author":1,"featured_media":0,"parent":0,"menu_order":0,"comment_status":"closed","ping_status":"closed","template":"","meta":{"footnotes":""},"class_list":["post-17","page","type-page","status-publish","hentry"],"yoast_head":"<!-- This site is optimized with the Yoast SEO plugin v26.3 - https:\/\/yoast.com\/wordpress\/plugins\/seo\/ -->\n<title>Pol\u00edtica de Cookies - Balue Fruits<\/title>\n<meta name=\"robots\" content=\"index, follow, max-snippet:-1, max-image-preview:large, max-video-preview:-1\" \/>\n<link rel=\"canonical\" href=\"https:\/\/baluefruits.com\/it\/politica-de-cookies\/\" \/>\n<meta property=\"og:locale\" content=\"it_IT\" \/>\n<meta property=\"og:type\" content=\"article\" \/>\n<meta property=\"og:title\" content=\"Pol\u00edtica de Cookies - Balue Fruits\" \/>\n<meta property=\"og:description\" content=\"Pol\u00edtica de Cookies (UE) Aquesta pol\u00edtica de cookies va ser actualitzada per \u00faltima vegada el 08\/01\/2024 i s\u2019aplica als ciutadans i residents legals permanents de l\u2019Espai Econ\u00f2mic Europeu i Su\u00efssa. 1. Introducci\u00f3 El nostre web,\u00a0https:\/\/baluefruits.com\/ (d\u2019ara endavant: \u00abel web\u00bb), utilitza cookies i altres tecnologies relacionades (per comoditat, totes les tecnologies es denominen \u00abcookies\u00bb). Les cookies [&hellip;]\" \/>\n<meta property=\"og:url\" content=\"https:\/\/baluefruits.com\/it\/politica-de-cookies\/\" \/>\n<meta property=\"og:site_name\" content=\"Balue Fruits\" \/>\n<meta property=\"article:modified_time\" content=\"2025-06-27T12:30:15+00:00\" \/>\n<meta name=\"twitter:card\" content=\"summary_large_image\" \/>\n<meta name=\"twitter:label1\" content=\"Tempo di lettura stimato\" \/>\n\t<meta name=\"twitter:data1\" content=\"4 minuti\" \/>\n<script type=\"application\/ld+json\" class=\"yoast-schema-graph\">{\"@context\":\"https:\/\/schema.org\",\"@graph\":[{\"@type\":\"WebPage\",\"@id\":\"https:\/\/baluefruits.com\/politica-de-cookies\/\",\"url\":\"https:\/\/baluefruits.com\/politica-de-cookies\/\",\"name\":\"Pol\u00edtica de Cookies - Balue Fruits\",\"isPartOf\":{\"@id\":\"https:\/\/baluefruits.com\/#website\"},\"datePublished\":\"2025-03-28T18:59:36+00:00\",\"dateModified\":\"2025-06-27T12:30:15+00:00\",\"breadcrumb\":{\"@id\":\"https:\/\/baluefruits.com\/politica-de-cookies\/#breadcrumb\"},\"inLanguage\":\"it-IT\",\"potentialAction\":[{\"@type\":\"ReadAction\",\"target\":[\"https:\/\/baluefruits.com\/politica-de-cookies\/\"]}]},{\"@type\":\"BreadcrumbList\",\"@id\":\"https:\/\/baluefruits.com\/politica-de-cookies\/#breadcrumb\",\"itemListElement\":[{\"@type\":\"ListItem\",\"position\":1,\"name\":\"Portada\",\"item\":\"https:\/\/baluefruits.com\/\"},{\"@type\":\"ListItem\",\"position\":2,\"name\":\"Pol\u00edtica de Cookies\"}]},{\"@type\":\"WebSite\",\"@id\":\"https:\/\/baluefruits.com\/#website\",\"url\":\"https:\/\/baluefruits.com\/\",\"name\":\"Balue Fruits\",\"description\":\"Productes agr\u00edcoles de qualitat a Lleida\",\"potentialAction\":[{\"@type\":\"SearchAction\",\"target\":{\"@type\":\"EntryPoint\",\"urlTemplate\":\"https:\/\/baluefruits.com\/?s={search_term_string}\"},\"query-input\":{\"@type\":\"PropertyValueSpecification\",\"valueRequired\":true,\"valueName\":\"search_term_string\"}}],\"inLanguage\":\"it-IT\"}]}<\/script>\n<!-- \/ Yoast SEO plugin. -->","yoast_head_json":{"title":"Informativa sui cookie - Balue Fruits","robots":{"index":"index","follow":"follow","max-snippet":"max-snippet:-1","max-image-preview":"max-image-preview:large","max-video-preview":"max-video-preview:-1"},"canonical":"https:\/\/baluefruits.com\/it\/politica-de-cookies\/","og_locale":"it_IT","og_type":"article","og_title":"Pol\u00edtica de Cookies - Balue Fruits","og_description":"Pol\u00edtica de Cookies (UE) Aquesta pol\u00edtica de cookies va ser actualitzada per \u00faltima vegada el 08\/01\/2024 i s\u2019aplica als ciutadans i residents legals permanents de l\u2019Espai Econ\u00f2mic Europeu i Su\u00efssa. 1. Introducci\u00f3 El nostre web,\u00a0https:\/\/baluefruits.com\/ (d\u2019ara endavant: \u00abel web\u00bb), utilitza cookies i altres tecnologies relacionades (per comoditat, totes les tecnologies es denominen \u00abcookies\u00bb). Les cookies [&hellip;]","og_url":"https:\/\/baluefruits.com\/it\/politica-de-cookies\/","og_site_name":"Balue Fruits","article_modified_time":"2025-06-27T12:30:15+00:00","twitter_card":"summary_large_image","twitter_misc":{"Tempo di lettura stimato":"4 minuti"},"schema":{"@context":"https:\/\/schema.org","@graph":[{"@type":"WebPage","@id":"https:\/\/baluefruits.com\/politica-de-cookies\/","url":"https:\/\/baluefruits.com\/politica-de-cookies\/","name":"Informativa sui cookie - Balue Fruits","isPartOf":{"@id":"https:\/\/baluefruits.com\/#website"},"datePublished":"2025-03-28T18:59:36+00:00","dateModified":"2025-06-27T12:30:15+00:00","breadcrumb":{"@id":"https:\/\/baluefruits.com\/politica-de-cookies\/#breadcrumb"},"inLanguage":"it-IT","potentialAction":[{"@type":"ReadAction","target":["https:\/\/baluefruits.com\/politica-de-cookies\/"]}]},{"@type":"BreadcrumbList","@id":"https:\/\/baluefruits.com\/politica-de-cookies\/#breadcrumb","itemListElement":[{"@type":"ListItem","position":1,"name":"Portada","item":"https:\/\/baluefruits.com\/"},{"@type":"ListItem","position":2,"name":"Pol\u00edtica de Cookies"}]},{"@type":"WebSite","@id":"https:\/\/baluefruits.com\/#website","url":"https:\/\/baluefruits.com\/","name":"Frutti di Balue","description":"Prodotti agricoli di qualit\u00e0 a Lleida","potentialAction":[{"@type":"SearchAction","target":{"@type":"EntryPoint","urlTemplate":"https:\/\/baluefruits.com\/?s={search_term_string}"},"query-input":{"@type":"PropertyValueSpecification","valueRequired":true,"valueName":"search_term_string"}}],"inLanguage":"it-IT"}]}},"_links":{"self":[{"href":"https:\/\/baluefruits.com\/it\/wp-json\/wp\/v2\/pages\/17","targetHints":{"allow":["GET"]}}],"collection":[{"href":"https:\/\/baluefruits.com\/it\/wp-json\/wp\/v2\/pages"}],"about":[{"href":"https:\/\/baluefruits.com\/it\/wp-json\/wp\/v2\/types\/page"}],"author":[{"embeddable":true,"href":"https:\/\/baluefruits.com\/it\/wp-json\/wp\/v2\/users\/1"}],"replies":[{"embeddable":true,"href":"https:\/\/baluefruits.com\/it\/wp-json\/wp\/v2\/comments?post=17"}],"version-history":[{"count":11,"href":"https:\/\/baluefruits.com\/it\/wp-json\/wp\/v2\/pages\/17\/revisions"}],"predecessor-version":[{"id":831,"href":"https:\/\/baluefruits.com\/it\/wp-json\/wp\/v2\/pages\/17\/revisions\/831"}],"wp:attachment":[{"href":"https:\/\/baluefruits.com\/it\/wp-json\/wp\/v2\/media?parent=17"}],"curies":[{"name":"parola chiave","href":"https:\/\/api.w.org\/{rel}","templated":true}]}}