{"id":1425,"date":"2026-04-27T11:07:16","date_gmt":"2026-04-27T09:07:16","guid":{"rendered":"https:\/\/baluefruits.com\/?page_id=1425"},"modified":"2026-04-27T11:11:13","modified_gmt":"2026-04-27T09:11:13","slug":"proveidor-doli-doliva-verge-extra-a-lleida","status":"publish","type":"page","link":"https:\/\/baluefruits.com\/it\/proveidor-doli-doliva-verge-extra-a-lleida\/","title":{"rendered":"Prove\u00efdor d\u2019oli d\u2019oliva verge extra a Lleida"},"content":{"rendered":"<div data-elementor-type=\"wp-page\" data-elementor-id=\"1425\" class=\"elementor elementor-1425\" data-elementor-post-type=\"page\">\n\t\t\t\t<div class=\"elementor-element elementor-element-a549f42 e-flex e-con-boxed e-con e-parent\" data-id=\"a549f42\" data-element_type=\"container\" data-settings=\"{&quot;background_background&quot;:&quot;classic&quot;}\">\n\t\t\t\t\t<div class=\"e-con-inner\">\n\t\t<div class=\"elementor-element elementor-element-418fc7e e-con-full e-flex e-con e-child\" data-id=\"418fc7e\" data-element_type=\"container\">\n\t\t\t\t<div class=\"elementor-element elementor-element-aa472a9 elementor-invisible elementor-widget elementor-widget-heading\" data-id=\"aa472a9\" data-element_type=\"widget\" data-settings=\"{&quot;_animation&quot;:&quot;fadeInUp&quot;}\" data-widget_type=\"heading.default\">\n\t\t\t\t<div class=\"elementor-widget-container\">\n\t\t\t\t\t<h1 class=\"elementor-heading-title elementor-size-default\">Prove\u00efdor d\u2019oli d\u2019oliva verge extra a Lleida<\/h1>\t\t\t\t<\/div>\n\t\t\t\t<\/div>\n\t\t\t\t<\/div>\n\t\t\t\t\t<\/div>\n\t\t\t\t<\/div>\n\t\t<div class=\"elementor-element elementor-element-b834fe7 e-grid e-con-boxed e-con e-parent\" data-id=\"b834fe7\" data-element_type=\"container\">\n\t\t\t\t\t<div class=\"e-con-inner\">\n\t\t\t\t<div class=\"elementor-element elementor-element-6cf5d3d elementor-widget elementor-widget-text-editor\" data-id=\"6cf5d3d\" data-element_type=\"widget\" data-widget_type=\"text-editor.default\">\n\t\t\t\t<div class=\"elementor-widget-container\">\n\t\t\t\t\t\t\t\t\t<h1 data-start=\"243\" data-end=\"323\">Descobreix la millor venda de fruita Tremp<\/h1><p data-start=\"325\" data-end=\"970\">A la nostra empresa, ens especialitzem en oferir la millor <strong data-start=\"340\" data-end=\"365\">venda de fruita Tremp<\/strong>, garantint productes frescos i de qualitat superior. Cada pe\u00e7a \u00e9s seleccionada amb cura per assegurar un sabor natural i una presentaci\u00f3 impecable. Tant si ets un client particular com un negoci del sector alimentari, la nostra fruita \u00e9s l\u2019opci\u00f3 ideal per complir amb les necessitats m\u00e9s exigents. El nostre comprom\u00eds amb l\u2019excel\u00b7l\u00e8ncia ens permet destacar en el mercat local i oferir un servei de confian\u00e7a a tots els nostres clients.<\/p>\t\t\t\t\t\t\t\t<\/div>\n\t\t\t\t<\/div>\n\t\t\t\t<div class=\"elementor-element elementor-element-f9d344a elementor-widget elementor-widget-image\" data-id=\"f9d344a\" data-element_type=\"widget\" data-widget_type=\"image.default\">\n\t\t\t\t<div class=\"elementor-widget-container\">\n\t\t\t\t\t\t\t\t\t\t\t\t\t\t\t<img fetchpriority=\"high\" decoding=\"async\" width=\"800\" height=\"500\" src=\"https:\/\/baluefruits.com\/wp-content\/uploads\/2026\/04\/Proveidor-doli-doliva-verge-extra-a-Lleida-2-1024x640.png\" class=\"attachment-large size-large wp-image-1428\" alt=\"Oli d\u2019oliva verge extra preparat per a distribuci\u00f3 majorista\" srcset=\"https:\/\/baluefruits.com\/wp-content\/uploads\/2026\/04\/Proveidor-doli-doliva-verge-extra-a-Lleida-2-1024x640.png 1024w, https:\/\/baluefruits.com\/wp-content\/uploads\/2026\/04\/Proveidor-doli-doliva-verge-extra-a-Lleida-2-300x188.png 300w, https:\/\/baluefruits.com\/wp-content\/uploads\/2026\/04\/Proveidor-doli-doliva-verge-extra-a-Lleida-2-768x480.png 768w, https:\/\/baluefruits.com\/wp-content\/uploads\/2026\/04\/Proveidor-doli-doliva-verge-extra-a-Lleida-2-18x12.png 18w, https:\/\/baluefruits.com\/wp-content\/uploads\/2026\/04\/Proveidor-doli-doliva-verge-extra-a-Lleida-2.png 1200w\" sizes=\"(max-width: 800px) 100vw, 800px\" \/>\t\t\t\t\t\t\t\t\t\t\t\t\t\t\t<\/div>\n\t\t\t\t<\/div>\n\t\t\t\t<div class=\"elementor-element elementor-element-acefe19 elementor-widget elementor-widget-image\" data-id=\"acefe19\" data-element_type=\"widget\" data-widget_type=\"image.default\">\n\t\t\t\t<div class=\"elementor-widget-container\">\n\t\t\t\t\t\t\t\t\t\t\t\t\t\t\t<img decoding=\"async\" width=\"800\" height=\"500\" src=\"https:\/\/baluefruits.com\/wp-content\/uploads\/2026\/04\/Proveidor-doli-doliva-verge-extra-a-Lleida-3-1024x640.png\" class=\"attachment-large size-large wp-image-1429\" alt=\"Producci\u00f3 d\u2019oli d\u2019oliva verge extra envasat i etiquetat\" srcset=\"https:\/\/baluefruits.com\/wp-content\/uploads\/2026\/04\/Proveidor-doli-doliva-verge-extra-a-Lleida-3-1024x640.png 1024w, https:\/\/baluefruits.com\/wp-content\/uploads\/2026\/04\/Proveidor-doli-doliva-verge-extra-a-Lleida-3-300x188.png 300w, https:\/\/baluefruits.com\/wp-content\/uploads\/2026\/04\/Proveidor-doli-doliva-verge-extra-a-Lleida-3-768x480.png 768w, https:\/\/baluefruits.com\/wp-content\/uploads\/2026\/04\/Proveidor-doli-doliva-verge-extra-a-Lleida-3-18x12.png 18w, https:\/\/baluefruits.com\/wp-content\/uploads\/2026\/04\/Proveidor-doli-doliva-verge-extra-a-Lleida-3.png 1200w\" sizes=\"(max-width: 800px) 100vw, 800px\" \/>\t\t\t\t\t\t\t\t\t\t\t\t\t\t\t<\/div>\n\t\t\t\t<\/div>\n\t\t\t\t<div class=\"elementor-element elementor-element-295da74 elementor-widget elementor-widget-text-editor\" data-id=\"295da74\" data-element_type=\"widget\" data-widget_type=\"text-editor.default\">\n\t\t\t\t<div class=\"elementor-widget-container\">\n\t\t\t\t\t\t\t\t\t<h2 data-start=\"1404\" data-end=\"1469\">Processos sostenibles en la venda de fruita Tremp<\/h2><p data-start=\"859\" data-end=\"1394\">La sostenibilitat \u00e9s un pilar fonamental en la nostra <strong data-start=\"922\" data-end=\"947\">venda de fruita Tremp<\/strong>. Implementem pr\u00e0ctiques agr\u00edcoles respectuoses amb el medi ambient, com l\u2019\u00fas eficient de l\u2019aigua i t\u00e8cniques de cultiu que preserven la biodiversitat local. Cada fruita es cultiva seguint estrictes protocols de qualitat, assegurant un producte saludable, segur i ecol\u00f2gic. La nostra aposta per la sostenibilitat garanteix un producte de confian\u00e7a i contribueix a la protecci\u00f3 dels recursos naturals de la regi\u00f3.<\/p>\t\t\t\t\t\t\t\t<\/div>\n\t\t\t\t<\/div>\n\t\t\t\t\t<\/div>\n\t\t\t\t<\/div>\n\t\t<div class=\"elementor-element elementor-element-36b7a01 e-grid e-con-boxed e-con e-parent\" data-id=\"36b7a01\" data-element_type=\"container\">\n\t\t\t\t\t<div class=\"e-con-inner\">\n\t\t\t\t<div class=\"elementor-element elementor-element-ca205d5 elementor-widget elementor-widget-text-editor\" data-id=\"ca205d5\" data-element_type=\"widget\" data-widget_type=\"text-editor.default\">\n\t\t\t\t<div class=\"elementor-widget-container\">\n\t\t\t\t\t\t\t\t\t<h2 data-start=\"2114\" data-end=\"2181\">Innovaci\u00f3 i tecnologia en la venda de fruita Tremp<\/h2><p data-start=\"1427\" data-end=\"1916\">La innovaci\u00f3 \u00e9s clau per oferir una <strong data-start=\"1463\" data-end=\"1488\">venda de fruita Tremp<\/strong> de qualitat superior. Comptem amb sistemes avan\u00e7ats de control de qualitat i tecnologia d\u2019envasament que permeten mantenir la frescor i la textura de cada pe\u00e7a durant m\u00e9s temps. El nostre equip d\u2019experts treballa constantment per millorar cada etapa del proc\u00e9s, des de la selecci\u00f3 de les varietats fins a la distribuci\u00f3 final. Aix\u00ed, els nostres clients poden confiar que cada fruita compleixi amb els est\u00e0ndards m\u00e9s exigents.<\/p>\t\t\t\t\t\t\t\t<\/div>\n\t\t\t\t<\/div>\n\t\t\t\t<div class=\"elementor-element elementor-element-c4b14fd elementor-widget elementor-widget-image\" data-id=\"c4b14fd\" data-element_type=\"widget\" data-widget_type=\"image.default\">\n\t\t\t\t<div class=\"elementor-widget-container\">\n\t\t\t\t\t\t\t\t\t\t\t\t\t\t\t<img decoding=\"async\" width=\"800\" height=\"500\" src=\"https:\/\/baluefruits.com\/wp-content\/uploads\/2026\/04\/Proveidor-doli-doliva-verge-extra-a-Lleida-4-1024x640.png\" class=\"attachment-large size-large wp-image-1430\" alt=\"Oli d\u2019oliva verge extra envasat per a canal professional\" srcset=\"https:\/\/baluefruits.com\/wp-content\/uploads\/2026\/04\/Proveidor-doli-doliva-verge-extra-a-Lleida-4-1024x640.png 1024w, https:\/\/baluefruits.com\/wp-content\/uploads\/2026\/04\/Proveidor-doli-doliva-verge-extra-a-Lleida-4-300x188.png 300w, https:\/\/baluefruits.com\/wp-content\/uploads\/2026\/04\/Proveidor-doli-doliva-verge-extra-a-Lleida-4-768x480.png 768w, https:\/\/baluefruits.com\/wp-content\/uploads\/2026\/04\/Proveidor-doli-doliva-verge-extra-a-Lleida-4-18x12.png 18w, https:\/\/baluefruits.com\/wp-content\/uploads\/2026\/04\/Proveidor-doli-doliva-verge-extra-a-Lleida-4.png 1200w\" sizes=\"(max-width: 800px) 100vw, 800px\" \/>\t\t\t\t\t\t\t\t\t\t\t\t\t\t\t<\/div>\n\t\t\t\t<\/div>\n\t\t\t\t<div class=\"elementor-element elementor-element-298331e elementor-widget elementor-widget-image\" data-id=\"298331e\" data-element_type=\"widget\" data-widget_type=\"image.default\">\n\t\t\t\t<div class=\"elementor-widget-container\">\n\t\t\t\t\t\t\t\t\t\t\t\t\t\t\t<img loading=\"lazy\" decoding=\"async\" width=\"800\" height=\"500\" src=\"https:\/\/baluefruits.com\/wp-content\/uploads\/2026\/04\/Proveidor-doli-doliva-verge-extra-a-Lleida-5-1024x640.png\" class=\"attachment-large size-large wp-image-1431\" alt=\"Ampolles d\u2019oli d\u2019oliva premium preparades per a enviament\" srcset=\"https:\/\/baluefruits.com\/wp-content\/uploads\/2026\/04\/Proveidor-doli-doliva-verge-extra-a-Lleida-5-1024x640.png 1024w, https:\/\/baluefruits.com\/wp-content\/uploads\/2026\/04\/Proveidor-doli-doliva-verge-extra-a-Lleida-5-300x188.png 300w, https:\/\/baluefruits.com\/wp-content\/uploads\/2026\/04\/Proveidor-doli-doliva-verge-extra-a-Lleida-5-768x480.png 768w, https:\/\/baluefruits.com\/wp-content\/uploads\/2026\/04\/Proveidor-doli-doliva-verge-extra-a-Lleida-5-18x12.png 18w, https:\/\/baluefruits.com\/wp-content\/uploads\/2026\/04\/Proveidor-doli-doliva-verge-extra-a-Lleida-5.png 1200w\" sizes=\"(max-width: 800px) 100vw, 800px\" \/>\t\t\t\t\t\t\t\t\t\t\t\t\t\t\t<\/div>\n\t\t\t\t<\/div>\n\t\t\t\t<div class=\"elementor-element elementor-element-7a60a8a elementor-widget elementor-widget-text-editor\" data-id=\"7a60a8a\" data-element_type=\"widget\" data-widget_type=\"text-editor.default\">\n\t\t\t\t<div class=\"elementor-widget-container\">\n\t\t\t\t\t\t\t\t\t<h2 data-start=\"2983\" data-end=\"3046\">Distribuci\u00f3 eficient i servei de la venda de fruita Tremp<\/h2><p data-start=\"1989\" data-end=\"2479\">Oferim una distribuci\u00f3 \u00e0gil i fiable de la <strong data-start=\"2032\" data-end=\"2057\">venda de fruita Tremp<\/strong>, assegurant que cada producte arribi en condicions \u00f2ptimes. La nostra xarxa log\u00edstica cobreix tant clients locals com internacionals, amb opcions personalitzades segons les necessitats de cada negoci. A m\u00e9s, el nostre equip d\u2019atenci\u00f3 al client est\u00e0 sempre disponible per oferir suport i assessorament. Triar-nos significa confiar en un soci comprom\u00e8s amb la qualitat, la puntualitat i la satisfacci\u00f3 total dels clients.<\/p>\t\t\t\t\t\t\t\t<\/div>\n\t\t\t\t<\/div>\n\t\t\t\t\t<\/div>\n\t\t\t\t<\/div>\n\t\t<div class=\"elementor-element elementor-element-9bd15ad e-con-full e-flex elementor-invisible e-con e-child\" data-id=\"9bd15ad\" data-element_type=\"container\" data-settings=\"{&quot;background_background&quot;:&quot;classic&quot;,&quot;animation&quot;:&quot;fadeInRight&quot;}\">\n\t\t\t\t<div class=\"elementor-element elementor-element-a8ea223 elementor-widget elementor-widget-heading\" data-id=\"a8ea223\" data-element_type=\"widget\" data-widget_type=\"heading.default\">\n\t\t\t\t<div class=\"elementor-widget-container\">\n\t\t\t\t\t<h6 class=\"elementor-heading-title elementor-size-default\">Contatta Balue Fruits<\/h6>\t\t\t\t<\/div>\n\t\t\t\t<\/div>\n\t\t\t\t<div class=\"elementor-element elementor-element-6dff0cb elementor-widget elementor-widget-heading\" data-id=\"6dff0cb\" data-element_type=\"widget\" data-widget_type=\"heading.default\">\n\t\t\t\t<div class=\"elementor-widget-container\">\n\t\t\t\t\t<h2 class=\"elementor-heading-title elementor-size-default\">Ordini di frutta dolce e olio d&#039;oliva\n<\/h2>\t\t\t\t<\/div>\n\t\t\t\t<\/div>\n\t\t\t\t<div class=\"elementor-element elementor-element-213d35c elementor-widget elementor-widget-elementskit-contact-form7\" data-id=\"213d35c\" data-element_type=\"widget\" data-widget_type=\"elementskit-contact-form7.default\">\n\t\t\t\t<div class=\"elementor-widget-container\">\n\t\t\t\t\t<div class=\"ekit-wid-con\" ><div class=\"ekit-form\">\n<div class=\"wpcf7 no-js\" id=\"wpcf7-f45-p1425-o1\" lang=\"es-ES\" dir=\"ltr\" data-wpcf7-id=\"45\">\n<div class=\"screen-reader-response\"><p role=\"status\" aria-live=\"polite\" aria-atomic=\"true\"><\/p> <ul><\/ul><\/div>\n<form action=\"\/it\/proveidor-doli-doliva-verge-extra-a-lleida\/#wpcf7-f45-p1425-o1\" method=\"post\" class=\"wpcf7-form init\" aria-label=\"Modulo di contatto\" novalidate=\"novalidate\" data-status=\"init\" data-trp-original-action=\"\/proveidor-doli-doliva-verge-extra-a-lleida\/#wpcf7-f45-p1425-o1\">\n<fieldset class=\"hidden-fields-container\"><input type=\"hidden\" name=\"_wpcf7\" value=\"45\" \/><input type=\"hidden\" name=\"_wpcf7_version\" value=\"6.1.3\" \/><input type=\"hidden\" name=\"_wpcf7_locale\" value=\"es_ES\" \/><input type=\"hidden\" name=\"_wpcf7_unit_tag\" value=\"wpcf7-f45-p1425-o1\" \/><input type=\"hidden\" name=\"_wpcf7_container_post\" value=\"1425\" \/><input type=\"hidden\" name=\"_wpcf7_posted_data_hash\" value=\"\" \/><input type=\"hidden\" name=\"_wpcf7_recaptcha_response\" value=\"\" \/>\n<\/fieldset>\n<div class=\"form-row\">\n\t<div class=\"form-column\">\n\t\t<p><label for=\"nombre\">Nome *<\/label><br \/>\n<span class=\"wpcf7-form-control-wrap\" data-name=\"nombre\"><input size=\"40\" maxlength=\"400\" class=\"wpcf7-form-control wpcf7-text wpcf7-validates-as-required\" id=\"nombre\" aria-required=\"true\" aria-invalid=\"false\" placeholder=\"Es: Joan Garcia\" value=\"\" type=\"text\" name=\"nombre\" \/><\/span>\n\t\t<\/p>\n\t<\/div>\n\t<div class=\"form-column\">\n\t\t<p><label for=\"telefono\">Telefono *<\/label><br \/>\n<span class=\"wpcf7-form-control-wrap\" data-name=\"telefono\"><input size=\"40\" maxlength=\"400\" class=\"wpcf7-form-control wpcf7-tel wpcf7-validates-as-required wpcf7-text wpcf7-validates-as-tel\" id=\"telefono\" aria-required=\"true\" aria-invalid=\"false\" placeholder=\"Esempio: 666 777 888\" value=\"\" type=\"tel\" name=\"telefono\" \/><\/span>\n\t\t<\/p>\n\t<\/div>\n<\/div>\n<div class=\"form-row\">\n\t<div class=\"form-column\">\n\t\t<p><label for=\"email\">E-mail *<\/label><br \/>\n<span class=\"wpcf7-form-control-wrap\" data-name=\"email\"><input size=\"40\" maxlength=\"400\" class=\"wpcf7-form-control wpcf7-email wpcf7-validates-as-required wpcf7-text wpcf7-validates-as-email\" id=\"email\" aria-required=\"true\" aria-invalid=\"false\" placeholder=\"Es: info@domini.com\" value=\"\" type=\"email\" name=\"email\" \/><\/span>\n\t\t<\/p>\n\t<\/div>\n\t<div class=\"form-column\">\n\t\t<p><label for=\"asunto\">Soggetto *<\/label><br \/>\n<span class=\"wpcf7-form-control-wrap\" data-name=\"asunto\"><input size=\"40\" maxlength=\"400\" class=\"wpcf7-form-control wpcf7-text wpcf7-validates-as-required\" id=\"asunto\" aria-required=\"true\" aria-invalid=\"false\" placeholder=\"Motivo della richiesta\" value=\"\" type=\"text\" name=\"asunto\" \/><\/span>\n\t\t<\/p>\n\t<\/div>\n<\/div>\n<div class=\"form-row-full\">\n\t<p><label for=\"mensaje\">Messaggio *<\/label><br \/>\n<span class=\"wpcf7-form-control-wrap\" data-name=\"mensaje\"><textarea cols=\"40\" rows=\"10\" maxlength=\"2000\" class=\"wpcf7-form-control wpcf7-textarea wpcf7-validates-as-required\" id=\"mensaje\" aria-required=\"true\" aria-invalid=\"false\" placeholder=\"Scrivi qui il tuo messaggio...\" name=\"mensaje\"><\/textarea><\/span>\n\t<\/p>\n<\/div>\n<div class=\"form-acceptance\">\n\t<p><span class=\"wpcf7-form-control-wrap\" data-name=\"politica\"><span class=\"wpcf7-form-control wpcf7-acceptance\"><span class=\"wpcf7-list-item\"><label><input type=\"checkbox\" name=\"politica\" value=\"1\" aria-invalid=\"false\" \/><span class=\"wpcf7-list-item-label\"><span class=\"txt-acepto\">Ho letto e accetto l&#039;  <\/span>\n    <a class=\"pp\" href=\"\/it\/politica-de-privacitat\/\">politica sulla riservatezza <\/a><\/span><\/label><\/span><\/span><\/span>\n\t<\/p>\n<\/div>\n<p><input class=\"wpcf7-form-control wpcf7-submit has-spinner\" type=\"submit\" value=\"Invia messaggio\" \/>\n<\/p><div class=\"wpcf7-response-output\" aria-hidden=\"true\"><\/div>\n<input type=\"hidden\" name=\"trp-form-language\" value=\"it\"\/><\/form>\n<\/div>\n<\/div><\/div>\t\t\t\t<\/div>\n\t\t\t\t<\/div>\n\t\t\t\t<\/div>\n\t\t\t\t<\/div>","protected":false},"excerpt":{"rendered":"<p>Descobreix la millor venda de fruita Tremp A la nostra empresa, ens especialitzem en oferir la millor venda de fruita Tremp, garantint productes frescos i de qualitat superior. Cada pe\u00e7a \u00e9s seleccionada amb cura per assegurar un sabor natural i una presentaci\u00f3 impecable. Tant si ets un client particular com un negoci del sector alimentari, [&hellip;]<\/p>","protected":false},"author":1,"featured_media":0,"parent":0,"menu_order":0,"comment_status":"closed","ping_status":"closed","template":"","meta":{"footnotes":""},"class_list":["post-1425","page","type-page","status-publish","hentry"],"yoast_head":"<!-- This site is optimized with the Yoast SEO plugin v26.3 - https:\/\/yoast.com\/wordpress\/plugins\/seo\/ -->\n<title>Prove\u00efdor d\u2019oli d\u2019oliva verge extra a Lleida<\/title>\n<meta name=\"description\" content=\"Descobreix el teu prove\u00efdor d\u2019oli d\u2019oliva verge extra a Lleida. Oli d\u2019oliva de m\u00e0xima qualitat, sostenible i amb distribuci\u00f3 professional.\" \/>\n<meta name=\"robots\" content=\"index, follow, max-snippet:-1, max-image-preview:large, max-video-preview:-1\" \/>\n<link rel=\"canonical\" href=\"https:\/\/baluefruits.com\/it\/proveidor-doli-doliva-verge-extra-a-lleida\/\" \/>\n<meta property=\"og:locale\" content=\"it_IT\" \/>\n<meta property=\"og:type\" content=\"article\" \/>\n<meta property=\"og:title\" content=\"Prove\u00efdor d\u2019oli d\u2019oliva verge extra a Lleida\" \/>\n<meta property=\"og:description\" content=\"Descobreix el teu prove\u00efdor d\u2019oli d\u2019oliva verge extra a Lleida. Oli d\u2019oliva de m\u00e0xima qualitat, sostenible i amb distribuci\u00f3 professional.\" \/>\n<meta property=\"og:url\" content=\"https:\/\/baluefruits.com\/it\/proveidor-doli-doliva-verge-extra-a-lleida\/\" \/>\n<meta property=\"og:site_name\" content=\"Balue Fruits\" \/>\n<meta property=\"article:modified_time\" content=\"2026-04-27T09:11:13+00:00\" \/>\n<meta property=\"og:image\" content=\"https:\/\/baluefruits.com\/wp-content\/uploads\/2026\/04\/Proveidor-doli-doliva-verge-extra-a-Lleida-2.png\" \/>\n\t<meta property=\"og:image:width\" content=\"1200\" \/>\n\t<meta property=\"og:image:height\" content=\"750\" \/>\n\t<meta property=\"og:image:type\" content=\"image\/png\" \/>\n<meta name=\"twitter:card\" content=\"summary_large_image\" \/>\n<meta name=\"twitter:label1\" content=\"Tempo di lettura stimato\" \/>\n\t<meta name=\"twitter:data1\" content=\"3 minuti\" \/>\n<script type=\"application\/ld+json\" class=\"yoast-schema-graph\">{\"@context\":\"https:\/\/schema.org\",\"@graph\":[{\"@type\":\"WebPage\",\"@id\":\"https:\/\/baluefruits.com\/proveidor-doli-doliva-verge-extra-a-lleida\/\",\"url\":\"https:\/\/baluefruits.com\/proveidor-doli-doliva-verge-extra-a-lleida\/\",\"name\":\"Prove\u00efdor d\u2019oli d\u2019oliva verge extra a Lleida\",\"isPartOf\":{\"@id\":\"https:\/\/baluefruits.com\/#website\"},\"primaryImageOfPage\":{\"@id\":\"https:\/\/baluefruits.com\/proveidor-doli-doliva-verge-extra-a-lleida\/#primaryimage\"},\"image\":{\"@id\":\"https:\/\/baluefruits.com\/proveidor-doli-doliva-verge-extra-a-lleida\/#primaryimage\"},\"thumbnailUrl\":\"https:\/\/baluefruits.com\/wp-content\/uploads\/2026\/04\/Proveidor-doli-doliva-verge-extra-a-Lleida-2-1024x640.png\",\"datePublished\":\"2026-04-27T09:07:16+00:00\",\"dateModified\":\"2026-04-27T09:11:13+00:00\",\"description\":\"Descobreix el teu prove\u00efdor d\u2019oli d\u2019oliva verge extra a Lleida. Oli d\u2019oliva de m\u00e0xima qualitat, sostenible i amb distribuci\u00f3 professional.\",\"breadcrumb\":{\"@id\":\"https:\/\/baluefruits.com\/proveidor-doli-doliva-verge-extra-a-lleida\/#breadcrumb\"},\"inLanguage\":\"it-IT\",\"potentialAction\":[{\"@type\":\"ReadAction\",\"target\":[\"https:\/\/baluefruits.com\/proveidor-doli-doliva-verge-extra-a-lleida\/\"]}]},{\"@type\":\"ImageObject\",\"inLanguage\":\"it-IT\",\"@id\":\"https:\/\/baluefruits.com\/proveidor-doli-doliva-verge-extra-a-lleida\/#primaryimage\",\"url\":\"https:\/\/baluefruits.com\/wp-content\/uploads\/2026\/04\/Proveidor-doli-doliva-verge-extra-a-Lleida-2-1024x640.png\",\"contentUrl\":\"https:\/\/baluefruits.com\/wp-content\/uploads\/2026\/04\/Proveidor-doli-doliva-verge-extra-a-Lleida-2-1024x640.png\"},{\"@type\":\"BreadcrumbList\",\"@id\":\"https:\/\/baluefruits.com\/proveidor-doli-doliva-verge-extra-a-lleida\/#breadcrumb\",\"itemListElement\":[{\"@type\":\"ListItem\",\"position\":1,\"name\":\"Portada\",\"item\":\"https:\/\/baluefruits.com\/\"},{\"@type\":\"ListItem\",\"position\":2,\"name\":\"Prove\u00efdor d\u2019oli d\u2019oliva verge extra a Lleida\"}]},{\"@type\":\"WebSite\",\"@id\":\"https:\/\/baluefruits.com\/#website\",\"url\":\"https:\/\/baluefruits.com\/\",\"name\":\"Balue Fruits\",\"description\":\"Productes agr\u00edcoles de qualitat a Lleida\",\"potentialAction\":[{\"@type\":\"SearchAction\",\"target\":{\"@type\":\"EntryPoint\",\"urlTemplate\":\"https:\/\/baluefruits.com\/?s={search_term_string}\"},\"query-input\":{\"@type\":\"PropertyValueSpecification\",\"valueRequired\":true,\"valueName\":\"search_term_string\"}}],\"inLanguage\":\"it-IT\"}]}<\/script>\n<!-- \/ Yoast SEO plugin. -->","yoast_head_json":{"title":"Prove\u00efdor d\u2019oli d\u2019oliva verge extra a Lleida","description":"Descobreix el teu prove\u00efdor d\u2019oli d\u2019oliva verge extra a Lleida. Oli d\u2019oliva de m\u00e0xima qualitat, sostenible i amb distribuci\u00f3 professional.","robots":{"index":"index","follow":"follow","max-snippet":"max-snippet:-1","max-image-preview":"max-image-preview:large","max-video-preview":"max-video-preview:-1"},"canonical":"https:\/\/baluefruits.com\/it\/proveidor-doli-doliva-verge-extra-a-lleida\/","og_locale":"it_IT","og_type":"article","og_title":"Prove\u00efdor d\u2019oli d\u2019oliva verge extra a Lleida","og_description":"Descobreix el teu prove\u00efdor d\u2019oli d\u2019oliva verge extra a Lleida. Oli d\u2019oliva de m\u00e0xima qualitat, sostenible i amb distribuci\u00f3 professional.","og_url":"https:\/\/baluefruits.com\/it\/proveidor-doli-doliva-verge-extra-a-lleida\/","og_site_name":"Balue Fruits","article_modified_time":"2026-04-27T09:11:13+00:00","og_image":[{"width":1200,"height":750,"url":"https:\/\/baluefruits.com\/wp-content\/uploads\/2026\/04\/Proveidor-doli-doliva-verge-extra-a-Lleida-2.png","type":"image\/png"}],"twitter_card":"summary_large_image","twitter_misc":{"Tempo di lettura stimato":"3 minuti"},"schema":{"@context":"https:\/\/schema.org","@graph":[{"@type":"WebPage","@id":"https:\/\/baluefruits.com\/proveidor-doli-doliva-verge-extra-a-lleida\/","url":"https:\/\/baluefruits.com\/proveidor-doli-doliva-verge-extra-a-lleida\/","name":"Prove\u00efdor d\u2019oli d\u2019oliva verge extra a Lleida","isPartOf":{"@id":"https:\/\/baluefruits.com\/#website"},"primaryImageOfPage":{"@id":"https:\/\/baluefruits.com\/proveidor-doli-doliva-verge-extra-a-lleida\/#primaryimage"},"image":{"@id":"https:\/\/baluefruits.com\/proveidor-doli-doliva-verge-extra-a-lleida\/#primaryimage"},"thumbnailUrl":"https:\/\/baluefruits.com\/wp-content\/uploads\/2026\/04\/Proveidor-doli-doliva-verge-extra-a-Lleida-2-1024x640.png","datePublished":"2026-04-27T09:07:16+00:00","dateModified":"2026-04-27T09:11:13+00:00","description":"Descobreix el teu prove\u00efdor d\u2019oli d\u2019oliva verge extra a Lleida. Oli d\u2019oliva de m\u00e0xima qualitat, sostenible i amb distribuci\u00f3 professional.","breadcrumb":{"@id":"https:\/\/baluefruits.com\/proveidor-doli-doliva-verge-extra-a-lleida\/#breadcrumb"},"inLanguage":"it-IT","potentialAction":[{"@type":"ReadAction","target":["https:\/\/baluefruits.com\/proveidor-doli-doliva-verge-extra-a-lleida\/"]}]},{"@type":"ImageObject","inLanguage":"it-IT","@id":"https:\/\/baluefruits.com\/proveidor-doli-doliva-verge-extra-a-lleida\/#primaryimage","url":"https:\/\/baluefruits.com\/wp-content\/uploads\/2026\/04\/Proveidor-doli-doliva-verge-extra-a-Lleida-2-1024x640.png","contentUrl":"https:\/\/baluefruits.com\/wp-content\/uploads\/2026\/04\/Proveidor-doli-doliva-verge-extra-a-Lleida-2-1024x640.png"},{"@type":"BreadcrumbList","@id":"https:\/\/baluefruits.com\/proveidor-doli-doliva-verge-extra-a-lleida\/#breadcrumb","itemListElement":[{"@type":"ListItem","position":1,"name":"Portada","item":"https:\/\/baluefruits.com\/"},{"@type":"ListItem","position":2,"name":"Prove\u00efdor d\u2019oli d\u2019oliva verge extra a Lleida"}]},{"@type":"WebSite","@id":"https:\/\/baluefruits.com\/#website","url":"https:\/\/baluefruits.com\/","name":"Frutti di Balue","description":"Prodotti agricoli di qualit\u00e0 a Lleida","potentialAction":[{"@type":"SearchAction","target":{"@type":"EntryPoint","urlTemplate":"https:\/\/baluefruits.com\/?s={search_term_string}"},"query-input":{"@type":"PropertyValueSpecification","valueRequired":true,"valueName":"search_term_string"}}],"inLanguage":"it-IT"}]}},"_links":{"self":[{"href":"https:\/\/baluefruits.com\/it\/wp-json\/wp\/v2\/pages\/1425","targetHints":{"allow":["GET"]}}],"collection":[{"href":"https:\/\/baluefruits.com\/it\/wp-json\/wp\/v2\/pages"}],"about":[{"href":"https:\/\/baluefruits.com\/it\/wp-json\/wp\/v2\/types\/page"}],"author":[{"embeddable":true,"href":"https:\/\/baluefruits.com\/it\/wp-json\/wp\/v2\/users\/1"}],"replies":[{"embeddable":true,"href":"https:\/\/baluefruits.com\/it\/wp-json\/wp\/v2\/comments?post=1425"}],"version-history":[{"count":4,"href":"https:\/\/baluefruits.com\/it\/wp-json\/wp\/v2\/pages\/1425\/revisions"}],"predecessor-version":[{"id":1435,"href":"https:\/\/baluefruits.com\/it\/wp-json\/wp\/v2\/pages\/1425\/revisions\/1435"}],"wp:attachment":[{"href":"https:\/\/baluefruits.com\/it\/wp-json\/wp\/v2\/media?parent=1425"}],"curies":[{"name":"parola chiave","href":"https:\/\/api.w.org\/{rel}","templated":true}]}}