{"id":1332,"date":"2026-02-04T08:36:58","date_gmt":"2026-02-04T07:36:58","guid":{"rendered":"https:\/\/baluefruits.com\/?page_id=1332"},"modified":"2026-03-09T08:46:32","modified_gmt":"2026-03-09T07:46:32","slug":"fruita-de-lleida-balaguer","status":"publish","type":"page","link":"https:\/\/baluefruits.com\/it\/fruita-de-lleida-balaguer\/","title":{"rendered":"Fruita de Lleida Balaguer"},"content":{"rendered":"<div data-elementor-type=\"wp-page\" data-elementor-id=\"1332\" class=\"elementor elementor-1332\" data-elementor-post-type=\"page\">\n\t\t\t\t<div class=\"elementor-element elementor-element-a549f42 e-flex e-con-boxed e-con e-parent\" data-id=\"a549f42\" data-element_type=\"container\" data-settings=\"{&quot;background_background&quot;:&quot;classic&quot;}\">\n\t\t\t\t\t<div class=\"e-con-inner\">\n\t\t<div class=\"elementor-element elementor-element-418fc7e e-con-full e-flex e-con e-child\" data-id=\"418fc7e\" data-element_type=\"container\">\n\t\t\t\t<div class=\"elementor-element elementor-element-aa472a9 elementor-invisible elementor-widget elementor-widget-heading\" data-id=\"aa472a9\" data-element_type=\"widget\" data-settings=\"{&quot;_animation&quot;:&quot;fadeInUp&quot;}\" data-widget_type=\"heading.default\">\n\t\t\t\t<div class=\"elementor-widget-container\">\n\t\t\t\t\t<h1 class=\"elementor-heading-title elementor-size-default\">Fruita de Lleida Balaguer<\/h1>\t\t\t\t<\/div>\n\t\t\t\t<\/div>\n\t\t\t\t<\/div>\n\t\t\t\t\t<\/div>\n\t\t\t\t<\/div>\n\t\t<div class=\"elementor-element elementor-element-b834fe7 e-grid e-con-boxed e-con e-parent\" data-id=\"b834fe7\" data-element_type=\"container\">\n\t\t\t\t\t<div class=\"e-con-inner\">\n\t\t\t\t<div class=\"elementor-element elementor-element-6cf5d3d elementor-widget elementor-widget-text-editor\" data-id=\"6cf5d3d\" data-element_type=\"widget\" data-widget_type=\"text-editor.default\">\n\t\t\t\t<div class=\"elementor-widget-container\">\n\t\t\t\t\t\t\t\t\t<h1 data-start=\"243\" data-end=\"323\">Descobreix la qualitat de la fruita de Lleida Balaguer<\/h1><p data-start=\"325\" data-end=\"970\">A la nostra empresa, ens sentim orgullosos d\u2019oferir la millor <strong data-start=\"326\" data-end=\"355\">fruita de Lleida Balaguer<\/strong>, reconeguda pel seu sabor \u00fanic i frescor incomparable. Gr\u00e0cies a d\u00e8cades d\u2019experi\u00e8ncia en la producci\u00f3 agr\u00edcola, garantim que cada pe\u00e7a compleixi els m\u00e9s alts est\u00e0ndards de qualitat, convertint-la en l\u2019elecci\u00f3 perfecta tant per al consum directe com per a negocis del sector alimentari. El nostre comprom\u00eds amb l\u2019excel\u00b7l\u00e8ncia i la sostenibilitat ens permet lliurar productes que destaquen en sabor, textura i presentaci\u00f3.<\/p>\t\t\t\t\t\t\t\t<\/div>\n\t\t\t\t<\/div>\n\t\t\t\t<div class=\"elementor-element elementor-element-f9d344a elementor-widget elementor-widget-image\" data-id=\"f9d344a\" data-element_type=\"widget\" data-widget_type=\"image.default\">\n\t\t\t\t<div class=\"elementor-widget-container\">\n\t\t\t\t\t\t\t\t\t\t\t\t\t\t\t<img fetchpriority=\"high\" decoding=\"async\" width=\"800\" height=\"500\" src=\"https:\/\/baluefruits.com\/wp-content\/uploads\/2026\/01\/fruita-de-Lleida-1-1024x640.jpg\" class=\"attachment-large size-large wp-image-1321\" alt=\"pomes\" srcset=\"https:\/\/baluefruits.com\/wp-content\/uploads\/2026\/01\/fruita-de-Lleida-1-1024x640.jpg 1024w, https:\/\/baluefruits.com\/wp-content\/uploads\/2026\/01\/fruita-de-Lleida-1-300x188.jpg 300w, https:\/\/baluefruits.com\/wp-content\/uploads\/2026\/01\/fruita-de-Lleida-1-768x480.jpg 768w, https:\/\/baluefruits.com\/wp-content\/uploads\/2026\/01\/fruita-de-Lleida-1-18x12.jpg 18w, https:\/\/baluefruits.com\/wp-content\/uploads\/2026\/01\/fruita-de-Lleida-1.jpg 1200w\" sizes=\"(max-width: 800px) 100vw, 800px\" \/>\t\t\t\t\t\t\t\t\t\t\t\t\t\t\t<\/div>\n\t\t\t\t<\/div>\n\t\t\t\t<div class=\"elementor-element elementor-element-acefe19 elementor-widget elementor-widget-image\" data-id=\"acefe19\" data-element_type=\"widget\" data-widget_type=\"image.default\">\n\t\t\t\t<div class=\"elementor-widget-container\">\n\t\t\t\t\t\t\t\t\t\t\t\t\t\t\t<img decoding=\"async\" width=\"800\" height=\"500\" src=\"https:\/\/baluefruits.com\/wp-content\/uploads\/2026\/01\/fruita-de-Lleida-2-1024x640.jpg\" class=\"attachment-large size-large wp-image-1320\" alt=\"nectarina\" srcset=\"https:\/\/baluefruits.com\/wp-content\/uploads\/2026\/01\/fruita-de-Lleida-2-1024x640.jpg 1024w, https:\/\/baluefruits.com\/wp-content\/uploads\/2026\/01\/fruita-de-Lleida-2-300x188.jpg 300w, https:\/\/baluefruits.com\/wp-content\/uploads\/2026\/01\/fruita-de-Lleida-2-768x480.jpg 768w, https:\/\/baluefruits.com\/wp-content\/uploads\/2026\/01\/fruita-de-Lleida-2-18x12.jpg 18w, https:\/\/baluefruits.com\/wp-content\/uploads\/2026\/01\/fruita-de-Lleida-2.jpg 1200w\" sizes=\"(max-width: 800px) 100vw, 800px\" \/>\t\t\t\t\t\t\t\t\t\t\t\t\t\t\t<\/div>\n\t\t\t\t<\/div>\n\t\t\t\t<div class=\"elementor-element elementor-element-295da74 elementor-widget elementor-widget-text-editor\" data-id=\"295da74\" data-element_type=\"widget\" data-widget_type=\"text-editor.default\">\n\t\t\t\t<div class=\"elementor-widget-container\">\n\t\t\t\t\t\t\t\t\t<h2 data-start=\"1404\" data-end=\"1469\">Processos sostenibles en la producci\u00f3 de fruita de Lleida Balaguer<\/h2><p data-start=\"859\" data-end=\"1394\">La sostenibilitat \u00e9s un pilar fonamental en la nostra producci\u00f3 de <strong data-start=\"926\" data-end=\"955\">fruita de Lleida Balaguer<\/strong>. Implementem pr\u00e0ctiques agr\u00edcoles responsables que respecten el medi ambient, des de l\u2019\u00fas eficient de l\u2019aigua fins a t\u00e8cniques de cultiu que preserven la biodiversitat local. Cada fruita es cultiva seguint estrictes protocols de qualitat, assegurant que els nostres clients rebin un producte saludable, segur i ecol\u00f2gic. La nostra dedicaci\u00f3 a la sostenibilitat ens diferencia al mercat i refor\u00e7a el nostre comprom\u00eds amb un futur m\u00e9s verd.<\/p>\t\t\t\t\t\t\t\t<\/div>\n\t\t\t\t<\/div>\n\t\t\t\t\t<\/div>\n\t\t\t\t<\/div>\n\t\t<div class=\"elementor-element elementor-element-36b7a01 e-grid e-con-boxed e-con e-parent\" data-id=\"36b7a01\" data-element_type=\"container\">\n\t\t\t\t\t<div class=\"e-con-inner\">\n\t\t\t\t<div class=\"elementor-element elementor-element-ca205d5 elementor-widget elementor-widget-text-editor\" data-id=\"ca205d5\" data-element_type=\"widget\" data-widget_type=\"text-editor.default\">\n\t\t\t\t<div class=\"elementor-widget-container\">\n\t\t\t\t\t\t\t\t\t<h2 data-start=\"2114\" data-end=\"2181\">Innovaci\u00f3 i tecnologia en la fruita de Lleida Balaguer<\/h2><p data-start=\"2183\" data-end=\"2976\">La innovaci\u00f3 \u00e9s clau per mantenir l\u2019excel\u00b7l\u00e8ncia de la <strong data-start=\"1519\" data-end=\"1548\">fruita de Lleida Balaguer<\/strong>. Comptem amb sistemes avan\u00e7ats de control de qualitat i tecnologia de punta en el proc\u00e9s d\u2019envasat i emmagatzematge. Aix\u00f2 ens permet oferir productes frescos durant m\u00e9s temps i amb una presentaci\u00f3 impecable. El nostre equip d\u2019experts treballa cont\u00ednuament per millorar cada etapa del proc\u00e9s, des de la selecci\u00f3 de la llavor fins al lliurament final, assegurant que cada fruita compleixi amb les expectatives m\u00e9s exigents dels nostres clients.<\/p>\t\t\t\t\t\t\t\t<\/div>\n\t\t\t\t<\/div>\n\t\t\t\t<div class=\"elementor-element elementor-element-c4b14fd elementor-widget elementor-widget-image\" data-id=\"c4b14fd\" data-element_type=\"widget\" data-widget_type=\"image.default\">\n\t\t\t\t<div class=\"elementor-widget-container\">\n\t\t\t\t\t\t\t\t\t\t\t\t\t\t\t<img decoding=\"async\" width=\"800\" height=\"500\" src=\"https:\/\/baluefruits.com\/wp-content\/uploads\/2026\/01\/fruita-de-Lleida-3-1024x640.jpg\" class=\"attachment-large size-large wp-image-1319\" alt=\"peres\" srcset=\"https:\/\/baluefruits.com\/wp-content\/uploads\/2026\/01\/fruita-de-Lleida-3-1024x640.jpg 1024w, https:\/\/baluefruits.com\/wp-content\/uploads\/2026\/01\/fruita-de-Lleida-3-300x188.jpg 300w, https:\/\/baluefruits.com\/wp-content\/uploads\/2026\/01\/fruita-de-Lleida-3-768x480.jpg 768w, https:\/\/baluefruits.com\/wp-content\/uploads\/2026\/01\/fruita-de-Lleida-3-18x12.jpg 18w, https:\/\/baluefruits.com\/wp-content\/uploads\/2026\/01\/fruita-de-Lleida-3.jpg 1200w\" sizes=\"(max-width: 800px) 100vw, 800px\" \/>\t\t\t\t\t\t\t\t\t\t\t\t\t\t\t<\/div>\n\t\t\t\t<\/div>\n\t\t\t\t<div class=\"elementor-element elementor-element-298331e elementor-widget elementor-widget-image\" data-id=\"298331e\" data-element_type=\"widget\" data-widget_type=\"image.default\">\n\t\t\t\t<div class=\"elementor-widget-container\">\n\t\t\t\t\t\t\t\t\t\t\t\t\t\t\t<img loading=\"lazy\" decoding=\"async\" width=\"800\" height=\"500\" src=\"https:\/\/baluefruits.com\/wp-content\/uploads\/2026\/01\/fruita-de-Lleida-1024x640.jpg\" class=\"attachment-large size-large wp-image-1322\" alt=\"\" srcset=\"https:\/\/baluefruits.com\/wp-content\/uploads\/2026\/01\/fruita-de-Lleida-1024x640.jpg 1024w, https:\/\/baluefruits.com\/wp-content\/uploads\/2026\/01\/fruita-de-Lleida-300x188.jpg 300w, https:\/\/baluefruits.com\/wp-content\/uploads\/2026\/01\/fruita-de-Lleida-768x480.jpg 768w, https:\/\/baluefruits.com\/wp-content\/uploads\/2026\/01\/fruita-de-Lleida-18x12.jpg 18w, https:\/\/baluefruits.com\/wp-content\/uploads\/2026\/01\/fruita-de-Lleida.jpg 1200w\" sizes=\"(max-width: 800px) 100vw, 800px\" \/>\t\t\t\t\t\t\t\t\t\t\t\t\t\t\t<\/div>\n\t\t\t\t<\/div>\n\t\t\t\t<div class=\"elementor-element elementor-element-7a60a8a elementor-widget elementor-widget-text-editor\" data-id=\"7a60a8a\" data-element_type=\"widget\" data-widget_type=\"text-editor.default\">\n\t\t\t\t<div class=\"elementor-widget-container\">\n\t\t\t\t\t\t\t\t\t<h2 data-start=\"2983\" data-end=\"3046\">Distribuci\u00f3 i servei de la fruita de Lleida Balaguer<\/h2><p data-start=\"2059\" data-end=\"2608\">Garantim una distribuci\u00f3 eficient de la <strong data-start=\"2099\" data-end=\"2128\">fruita de Lleida Balaguer<\/strong>, assegurant que arribi al seu dest\u00ed en perfectes condicions. La nostra xarxa log\u00edstica cobreix tant clients locals com internacionals, i oferim solucions personalitzades per satisfer les necessitats de cada negoci. A m\u00e9s, el nostre equip d\u2019atenci\u00f3 al client est\u00e0 sempre disponible per oferir suport i assessorament, garantint que cada experi\u00e8ncia amb la nostra fruita sigui excel\u00b7lent. Triar-nos significa confiar en un soci comprom\u00e8s amb la qualitat i la satisfacci\u00f3 del client.<\/p>\t\t\t\t\t\t\t\t<\/div>\n\t\t\t\t<\/div>\n\t\t\t\t\t<\/div>\n\t\t\t\t<\/div>\n\t\t<div class=\"elementor-element elementor-element-9bd15ad e-con-full e-flex elementor-invisible e-con e-child\" data-id=\"9bd15ad\" data-element_type=\"container\" data-settings=\"{&quot;background_background&quot;:&quot;classic&quot;,&quot;animation&quot;:&quot;fadeInRight&quot;}\">\n\t\t\t\t<div class=\"elementor-element elementor-element-a8ea223 elementor-widget elementor-widget-heading\" data-id=\"a8ea223\" data-element_type=\"widget\" data-widget_type=\"heading.default\">\n\t\t\t\t<div class=\"elementor-widget-container\">\n\t\t\t\t\t<h6 class=\"elementor-heading-title elementor-size-default\">Contatta Balue Fruits<\/h6>\t\t\t\t<\/div>\n\t\t\t\t<\/div>\n\t\t\t\t<div class=\"elementor-element elementor-element-6dff0cb elementor-widget elementor-widget-heading\" data-id=\"6dff0cb\" data-element_type=\"widget\" data-widget_type=\"heading.default\">\n\t\t\t\t<div class=\"elementor-widget-container\">\n\t\t\t\t\t<h2 class=\"elementor-heading-title elementor-size-default\">Ordini di frutta dolce e olio d&#039;oliva\n<\/h2>\t\t\t\t<\/div>\n\t\t\t\t<\/div>\n\t\t\t\t<div class=\"elementor-element elementor-element-213d35c elementor-widget elementor-widget-elementskit-contact-form7\" data-id=\"213d35c\" data-element_type=\"widget\" data-widget_type=\"elementskit-contact-form7.default\">\n\t\t\t\t<div class=\"elementor-widget-container\">\n\t\t\t\t\t<div class=\"ekit-wid-con\" ><div class=\"ekit-form\">\n<div class=\"wpcf7 no-js\" id=\"wpcf7-f45-p1332-o1\" lang=\"es-ES\" dir=\"ltr\" data-wpcf7-id=\"45\">\n<div class=\"screen-reader-response\"><p role=\"status\" aria-live=\"polite\" aria-atomic=\"true\"><\/p> <ul><\/ul><\/div>\n<form action=\"\/it\/fruita-de-lleida-balaguer\/#wpcf7-f45-p1332-o1\" method=\"post\" class=\"wpcf7-form init\" aria-label=\"Modulo di contatto\" novalidate=\"novalidate\" data-status=\"init\" data-trp-original-action=\"\/fruita-de-lleida-balaguer\/#wpcf7-f45-p1332-o1\">\n<fieldset class=\"hidden-fields-container\"><input type=\"hidden\" name=\"_wpcf7\" value=\"45\" \/><input type=\"hidden\" name=\"_wpcf7_version\" value=\"6.1.3\" \/><input type=\"hidden\" name=\"_wpcf7_locale\" value=\"es_ES\" \/><input type=\"hidden\" name=\"_wpcf7_unit_tag\" value=\"wpcf7-f45-p1332-o1\" \/><input type=\"hidden\" name=\"_wpcf7_container_post\" value=\"1332\" \/><input type=\"hidden\" name=\"_wpcf7_posted_data_hash\" value=\"\" \/><input type=\"hidden\" name=\"_wpcf7_recaptcha_response\" value=\"\" \/>\n<\/fieldset>\n<div class=\"form-row\">\n\t<div class=\"form-column\">\n\t\t<p><label for=\"nombre\">Nome *<\/label><br \/>\n<span class=\"wpcf7-form-control-wrap\" data-name=\"nombre\"><input size=\"40\" maxlength=\"400\" class=\"wpcf7-form-control wpcf7-text wpcf7-validates-as-required\" id=\"nombre\" aria-required=\"true\" aria-invalid=\"false\" placeholder=\"Es: Joan Garcia\" value=\"\" type=\"text\" name=\"nombre\" \/><\/span>\n\t\t<\/p>\n\t<\/div>\n\t<div class=\"form-column\">\n\t\t<p><label for=\"telefono\">Telefono *<\/label><br \/>\n<span class=\"wpcf7-form-control-wrap\" data-name=\"telefono\"><input size=\"40\" maxlength=\"400\" class=\"wpcf7-form-control wpcf7-tel wpcf7-validates-as-required wpcf7-text wpcf7-validates-as-tel\" id=\"telefono\" aria-required=\"true\" aria-invalid=\"false\" placeholder=\"Esempio: 666 777 888\" value=\"\" type=\"tel\" name=\"telefono\" \/><\/span>\n\t\t<\/p>\n\t<\/div>\n<\/div>\n<div class=\"form-row\">\n\t<div class=\"form-column\">\n\t\t<p><label for=\"email\">E-mail *<\/label><br \/>\n<span class=\"wpcf7-form-control-wrap\" data-name=\"email\"><input size=\"40\" maxlength=\"400\" class=\"wpcf7-form-control wpcf7-email wpcf7-validates-as-required wpcf7-text wpcf7-validates-as-email\" id=\"email\" aria-required=\"true\" aria-invalid=\"false\" placeholder=\"Es: info@domini.com\" value=\"\" type=\"email\" name=\"email\" \/><\/span>\n\t\t<\/p>\n\t<\/div>\n\t<div class=\"form-column\">\n\t\t<p><label for=\"asunto\">Soggetto *<\/label><br \/>\n<span class=\"wpcf7-form-control-wrap\" data-name=\"asunto\"><input size=\"40\" maxlength=\"400\" class=\"wpcf7-form-control wpcf7-text wpcf7-validates-as-required\" id=\"asunto\" aria-required=\"true\" aria-invalid=\"false\" placeholder=\"Motivo della richiesta\" value=\"\" type=\"text\" name=\"asunto\" \/><\/span>\n\t\t<\/p>\n\t<\/div>\n<\/div>\n<div class=\"form-row-full\">\n\t<p><label for=\"mensaje\">Messaggio *<\/label><br \/>\n<span class=\"wpcf7-form-control-wrap\" data-name=\"mensaje\"><textarea cols=\"40\" rows=\"10\" maxlength=\"2000\" class=\"wpcf7-form-control wpcf7-textarea wpcf7-validates-as-required\" id=\"mensaje\" aria-required=\"true\" aria-invalid=\"false\" placeholder=\"Scrivi qui il tuo messaggio...\" name=\"mensaje\"><\/textarea><\/span>\n\t<\/p>\n<\/div>\n<div class=\"form-acceptance\">\n\t<p><span class=\"wpcf7-form-control-wrap\" data-name=\"politica\"><span class=\"wpcf7-form-control wpcf7-acceptance\"><span class=\"wpcf7-list-item\"><label><input type=\"checkbox\" name=\"politica\" value=\"1\" aria-invalid=\"false\" \/><span class=\"wpcf7-list-item-label\"><span class=\"txt-acepto\">Ho letto e accetto l&#039;  <\/span>\n    <a class=\"pp\" href=\"\/it\/politica-de-privacitat\/\">politica sulla riservatezza <\/a><\/span><\/label><\/span><\/span><\/span>\n\t<\/p>\n<\/div>\n<p><input class=\"wpcf7-form-control wpcf7-submit has-spinner\" type=\"submit\" value=\"Invia messaggio\" \/>\n<\/p><div class=\"wpcf7-response-output\" aria-hidden=\"true\"><\/div>\n<input type=\"hidden\" name=\"trp-form-language\" value=\"it\"\/><\/form>\n<\/div>\n<\/div><\/div>\t\t\t\t<\/div>\n\t\t\t\t<\/div>\n\t\t\t\t<\/div>\n\t\t\t\t<\/div>","protected":false},"excerpt":{"rendered":"<p>Descobreix la qualitat de la fruita de Lleida Balaguer A la nostra empresa, ens sentim orgullosos d\u2019oferir la millor fruita de Lleida Balaguer, reconeguda pel seu sabor \u00fanic i frescor incomparable. Gr\u00e0cies a d\u00e8cades d\u2019experi\u00e8ncia en la producci\u00f3 agr\u00edcola, garantim que cada pe\u00e7a compleixi els m\u00e9s alts est\u00e0ndards de qualitat, convertint-la en l\u2019elecci\u00f3 perfecta tant [&hellip;]<\/p>","protected":false},"author":1,"featured_media":0,"parent":0,"menu_order":0,"comment_status":"closed","ping_status":"closed","template":"","meta":{"footnotes":""},"class_list":["post-1332","page","type-page","status-publish","hentry"],"yoast_head":"<!-- This site is optimized with the Yoast SEO plugin v26.3 - https:\/\/yoast.com\/wordpress\/plugins\/seo\/ -->\n<title>Fruita de Lleida Balaguer<\/title>\n<meta name=\"description\" content=\"Descobreix la millor fruita de Lleida Balaguer: frescor, sabor \u00fanic i processos sostenibles. Innovaci\u00f3, qualitat i distribuci\u00f3 eficient.\" \/>\n<meta name=\"robots\" content=\"index, follow, max-snippet:-1, max-image-preview:large, max-video-preview:-1\" \/>\n<link rel=\"canonical\" href=\"https:\/\/baluefruits.com\/it\/fruita-de-lleida-balaguer\/\" \/>\n<meta property=\"og:locale\" content=\"it_IT\" \/>\n<meta property=\"og:type\" content=\"article\" \/>\n<meta property=\"og:title\" content=\"Fruita de Lleida Balaguer\" \/>\n<meta property=\"og:description\" content=\"Descobreix la millor fruita de Lleida Balaguer: frescor, sabor \u00fanic i processos sostenibles. Innovaci\u00f3, qualitat i distribuci\u00f3 eficient.\" \/>\n<meta property=\"og:url\" content=\"https:\/\/baluefruits.com\/it\/fruita-de-lleida-balaguer\/\" \/>\n<meta property=\"og:site_name\" content=\"Balue Fruits\" \/>\n<meta property=\"article:modified_time\" content=\"2026-03-09T07:46:32+00:00\" \/>\n<meta property=\"og:image\" content=\"https:\/\/baluefruits.com\/wp-content\/uploads\/2026\/01\/fruita-de-Lleida-1.jpg\" \/>\n\t<meta property=\"og:image:width\" content=\"1200\" \/>\n\t<meta property=\"og:image:height\" content=\"750\" \/>\n\t<meta property=\"og:image:type\" content=\"image\/jpeg\" \/>\n<meta name=\"twitter:card\" content=\"summary_large_image\" \/>\n<meta name=\"twitter:label1\" content=\"Tempo di lettura stimato\" \/>\n\t<meta name=\"twitter:data1\" content=\"3 minuti\" \/>\n<script type=\"application\/ld+json\" class=\"yoast-schema-graph\">{\"@context\":\"https:\/\/schema.org\",\"@graph\":[{\"@type\":\"WebPage\",\"@id\":\"https:\/\/baluefruits.com\/fruita-de-lleida-balaguer\/\",\"url\":\"https:\/\/baluefruits.com\/fruita-de-lleida-balaguer\/\",\"name\":\"Fruita de Lleida Balaguer\",\"isPartOf\":{\"@id\":\"https:\/\/baluefruits.com\/#website\"},\"primaryImageOfPage\":{\"@id\":\"https:\/\/baluefruits.com\/fruita-de-lleida-balaguer\/#primaryimage\"},\"image\":{\"@id\":\"https:\/\/baluefruits.com\/fruita-de-lleida-balaguer\/#primaryimage\"},\"thumbnailUrl\":\"https:\/\/baluefruits.com\/wp-content\/uploads\/2026\/01\/fruita-de-Lleida-1-1024x640.jpg\",\"datePublished\":\"2026-02-04T07:36:58+00:00\",\"dateModified\":\"2026-03-09T07:46:32+00:00\",\"description\":\"Descobreix la millor fruita de Lleida Balaguer: frescor, sabor \u00fanic i processos sostenibles. Innovaci\u00f3, qualitat i distribuci\u00f3 eficient.\",\"breadcrumb\":{\"@id\":\"https:\/\/baluefruits.com\/fruita-de-lleida-balaguer\/#breadcrumb\"},\"inLanguage\":\"it-IT\",\"potentialAction\":[{\"@type\":\"ReadAction\",\"target\":[\"https:\/\/baluefruits.com\/fruita-de-lleida-balaguer\/\"]}]},{\"@type\":\"ImageObject\",\"inLanguage\":\"it-IT\",\"@id\":\"https:\/\/baluefruits.com\/fruita-de-lleida-balaguer\/#primaryimage\",\"url\":\"https:\/\/baluefruits.com\/wp-content\/uploads\/2026\/01\/fruita-de-Lleida-1-1024x640.jpg\",\"contentUrl\":\"https:\/\/baluefruits.com\/wp-content\/uploads\/2026\/01\/fruita-de-Lleida-1-1024x640.jpg\"},{\"@type\":\"BreadcrumbList\",\"@id\":\"https:\/\/baluefruits.com\/fruita-de-lleida-balaguer\/#breadcrumb\",\"itemListElement\":[{\"@type\":\"ListItem\",\"position\":1,\"name\":\"Portada\",\"item\":\"https:\/\/baluefruits.com\/\"},{\"@type\":\"ListItem\",\"position\":2,\"name\":\"Fruita de Lleida Balaguer\"}]},{\"@type\":\"WebSite\",\"@id\":\"https:\/\/baluefruits.com\/#website\",\"url\":\"https:\/\/baluefruits.com\/\",\"name\":\"Balue Fruits\",\"description\":\"Productes agr\u00edcoles de qualitat a Lleida\",\"potentialAction\":[{\"@type\":\"SearchAction\",\"target\":{\"@type\":\"EntryPoint\",\"urlTemplate\":\"https:\/\/baluefruits.com\/?s={search_term_string}\"},\"query-input\":{\"@type\":\"PropertyValueSpecification\",\"valueRequired\":true,\"valueName\":\"search_term_string\"}}],\"inLanguage\":\"it-IT\"}]}<\/script>\n<!-- \/ Yoast SEO plugin. -->","yoast_head_json":{"title":"Fruita de Lleida Balaguer","description":"Descobreix la millor fruita de Lleida Balaguer: frescor, sabor \u00fanic i processos sostenibles. Innovaci\u00f3, qualitat i distribuci\u00f3 eficient.","robots":{"index":"index","follow":"follow","max-snippet":"max-snippet:-1","max-image-preview":"max-image-preview:large","max-video-preview":"max-video-preview:-1"},"canonical":"https:\/\/baluefruits.com\/it\/fruita-de-lleida-balaguer\/","og_locale":"it_IT","og_type":"article","og_title":"Fruita de Lleida Balaguer","og_description":"Descobreix la millor fruita de Lleida Balaguer: frescor, sabor \u00fanic i processos sostenibles. Innovaci\u00f3, qualitat i distribuci\u00f3 eficient.","og_url":"https:\/\/baluefruits.com\/it\/fruita-de-lleida-balaguer\/","og_site_name":"Balue Fruits","article_modified_time":"2026-03-09T07:46:32+00:00","og_image":[{"width":1200,"height":750,"url":"https:\/\/baluefruits.com\/wp-content\/uploads\/2026\/01\/fruita-de-Lleida-1.jpg","type":"image\/jpeg"}],"twitter_card":"summary_large_image","twitter_misc":{"Tempo di lettura stimato":"3 minuti"},"schema":{"@context":"https:\/\/schema.org","@graph":[{"@type":"WebPage","@id":"https:\/\/baluefruits.com\/fruita-de-lleida-balaguer\/","url":"https:\/\/baluefruits.com\/fruita-de-lleida-balaguer\/","name":"Fruita de Lleida Balaguer","isPartOf":{"@id":"https:\/\/baluefruits.com\/#website"},"primaryImageOfPage":{"@id":"https:\/\/baluefruits.com\/fruita-de-lleida-balaguer\/#primaryimage"},"image":{"@id":"https:\/\/baluefruits.com\/fruita-de-lleida-balaguer\/#primaryimage"},"thumbnailUrl":"https:\/\/baluefruits.com\/wp-content\/uploads\/2026\/01\/fruita-de-Lleida-1-1024x640.jpg","datePublished":"2026-02-04T07:36:58+00:00","dateModified":"2026-03-09T07:46:32+00:00","description":"Descobreix la millor fruita de Lleida Balaguer: frescor, sabor \u00fanic i processos sostenibles. Innovaci\u00f3, qualitat i distribuci\u00f3 eficient.","breadcrumb":{"@id":"https:\/\/baluefruits.com\/fruita-de-lleida-balaguer\/#breadcrumb"},"inLanguage":"it-IT","potentialAction":[{"@type":"ReadAction","target":["https:\/\/baluefruits.com\/fruita-de-lleida-balaguer\/"]}]},{"@type":"ImageObject","inLanguage":"it-IT","@id":"https:\/\/baluefruits.com\/fruita-de-lleida-balaguer\/#primaryimage","url":"https:\/\/baluefruits.com\/wp-content\/uploads\/2026\/01\/fruita-de-Lleida-1-1024x640.jpg","contentUrl":"https:\/\/baluefruits.com\/wp-content\/uploads\/2026\/01\/fruita-de-Lleida-1-1024x640.jpg"},{"@type":"BreadcrumbList","@id":"https:\/\/baluefruits.com\/fruita-de-lleida-balaguer\/#breadcrumb","itemListElement":[{"@type":"ListItem","position":1,"name":"Portada","item":"https:\/\/baluefruits.com\/"},{"@type":"ListItem","position":2,"name":"Fruita de Lleida Balaguer"}]},{"@type":"WebSite","@id":"https:\/\/baluefruits.com\/#website","url":"https:\/\/baluefruits.com\/","name":"Frutti di Balue","description":"Prodotti agricoli di qualit\u00e0 a Lleida","potentialAction":[{"@type":"SearchAction","target":{"@type":"EntryPoint","urlTemplate":"https:\/\/baluefruits.com\/?s={search_term_string}"},"query-input":{"@type":"PropertyValueSpecification","valueRequired":true,"valueName":"search_term_string"}}],"inLanguage":"it-IT"}]}},"_links":{"self":[{"href":"https:\/\/baluefruits.com\/it\/wp-json\/wp\/v2\/pages\/1332","targetHints":{"allow":["GET"]}}],"collection":[{"href":"https:\/\/baluefruits.com\/it\/wp-json\/wp\/v2\/pages"}],"about":[{"href":"https:\/\/baluefruits.com\/it\/wp-json\/wp\/v2\/types\/page"}],"author":[{"embeddable":true,"href":"https:\/\/baluefruits.com\/it\/wp-json\/wp\/v2\/users\/1"}],"replies":[{"embeddable":true,"href":"https:\/\/baluefruits.com\/it\/wp-json\/wp\/v2\/comments?post=1332"}],"version-history":[{"count":10,"href":"https:\/\/baluefruits.com\/it\/wp-json\/wp\/v2\/pages\/1332\/revisions"}],"predecessor-version":[{"id":1344,"href":"https:\/\/baluefruits.com\/it\/wp-json\/wp\/v2\/pages\/1332\/revisions\/1344"}],"wp:attachment":[{"href":"https:\/\/baluefruits.com\/it\/wp-json\/wp\/v2\/media?parent=1332"}],"curies":[{"name":"parola chiave","href":"https:\/\/api.w.org\/{rel}","templated":true}]}}