{"id":877,"date":"2025-09-16T06:49:01","date_gmt":"2025-09-16T04:49:01","guid":{"rendered":"https:\/\/baluefruits.com\/?page_id=877"},"modified":"2025-09-16T07:02:22","modified_gmt":"2025-09-16T05:02:22","slug":"fruita-dolca","status":"publish","type":"page","link":"https:\/\/baluefruits.com\/fr\/fruita-dolca\/","title":{"rendered":"Fruit sucr\u00e9"},"content":{"rendered":"<div data-elementor-type=\"wp-page\" data-elementor-id=\"877\" class=\"elementor elementor-877\" data-elementor-post-type=\"page\">\n\t\t\t\t<div class=\"elementor-element elementor-element-a549f42 e-flex e-con-boxed e-con e-parent\" data-id=\"a549f42\" data-element_type=\"container\" data-settings=\"{&quot;background_background&quot;:&quot;classic&quot;}\">\n\t\t\t\t\t<div class=\"e-con-inner\">\n\t\t<div class=\"elementor-element elementor-element-418fc7e e-con-full e-flex e-con e-child\" data-id=\"418fc7e\" data-element_type=\"container\">\n\t\t\t\t<div class=\"elementor-element elementor-element-aa472a9 elementor-invisible elementor-widget elementor-widget-heading\" data-id=\"aa472a9\" data-element_type=\"widget\" data-settings=\"{&quot;_animation&quot;:&quot;fadeInUp&quot;}\" data-widget_type=\"heading.default\">\n\t\t\t\t<div class=\"elementor-widget-container\">\n\t\t\t\t\t<h1 class=\"elementor-heading-title elementor-size-default\">Fruit sucr\u00e9<\/h1>\t\t\t\t<\/div>\n\t\t\t\t<\/div>\n\t\t\t\t<\/div>\n\t\t\t\t\t<\/div>\n\t\t\t\t<\/div>\n\t\t<div class=\"elementor-element elementor-element-b834fe7 e-grid e-con-boxed e-con e-parent\" data-id=\"b834fe7\" data-element_type=\"container\">\n\t\t\t\t\t<div class=\"e-con-inner\">\n\t\t\t\t<div class=\"elementor-element elementor-element-6cf5d3d elementor-widget elementor-widget-text-editor\" data-id=\"6cf5d3d\" data-element_type=\"widget\" data-widget_type=\"text-editor.default\">\n\t\t\t\t<div class=\"elementor-widget-container\">\n\t\t\t\t\t\t\t\t\t<h2 data-start=\"219\" data-end=\"283\"><strong data-start=\"219\" data-end=\"281\">Fruits sucr\u00e9s de Lleida avec la garantie de Balu\u00e9 Fruits<\/strong><\/h2><p data-start=\"285\" data-end=\"623\">Chez Balu\u00e9 Fruits, nous sommes sp\u00e9cialistes dans la production et la commercialisation de <strong data-start=\"356\" data-end=\"382\">fruit sucr\u00e9 <\/strong>de Lleida, reconnu au niveau national et international pour sa qualit\u00e9, sa saveur et sa fra\u00eecheur.<\/p><p data-start=\"285\" data-end=\"623\">Notre engagement commence sur le terrain, se poursuit dans les entrep\u00f4ts et culmine dans la distribution, garantissant que chaque pi\u00e8ce parvient au client dans des conditions optimales.<\/p><p data-start=\"285\" data-end=\"623\">Le <strong>fruit sucr\u00e9<\/strong> C&#039;est notre essence et notre fiert\u00e9. Nous cultivons des p\u00eaches, des nectarines, des pamplemousses, des pommes et des poires, des vari\u00e9t\u00e9s qui refl\u00e8tent l&#039;excellence agricole de la r\u00e9gion de Lleida. Chaque fruit est le fruit d&#039;un \u00e9quilibre entre tradition agricole et innovation technologique, facteurs qui nous permettent d&#039;offrir un produit homog\u00e8ne, sain et \u00e0 forte valeur ajout\u00e9e.<\/p>\t\t\t\t\t\t\t\t<\/div>\n\t\t\t\t<\/div>\n\t\t\t\t<div class=\"elementor-element elementor-element-f9d344a elementor-widget elementor-widget-image\" data-id=\"f9d344a\" data-element_type=\"widget\" data-widget_type=\"image.default\">\n\t\t\t\t<div class=\"elementor-widget-container\">\n\t\t\t\t\t\t\t\t\t\t\t\t\t\t\t<img fetchpriority=\"high\" decoding=\"async\" width=\"800\" height=\"500\" src=\"https:\/\/baluefruits.com\/wp-content\/uploads\/2025\/08\/fruites-a-lengros-3-1024x640.jpg\" class=\"attachment-large size-large wp-image-870\" alt=\"peres\" srcset=\"https:\/\/baluefruits.com\/wp-content\/uploads\/2025\/08\/fruites-a-lengros-3-1024x640.jpg 1024w, https:\/\/baluefruits.com\/wp-content\/uploads\/2025\/08\/fruites-a-lengros-3-300x188.jpg 300w, https:\/\/baluefruits.com\/wp-content\/uploads\/2025\/08\/fruites-a-lengros-3-768x480.jpg 768w, https:\/\/baluefruits.com\/wp-content\/uploads\/2025\/08\/fruites-a-lengros-3-18x12.jpg 18w, https:\/\/baluefruits.com\/wp-content\/uploads\/2025\/08\/fruites-a-lengros-3.jpg 1200w\" sizes=\"(max-width: 800px) 100vw, 800px\" \/>\t\t\t\t\t\t\t\t\t\t\t\t\t\t\t<\/div>\n\t\t\t\t<\/div>\n\t\t\t\t<div class=\"elementor-element elementor-element-acefe19 elementor-widget elementor-widget-image\" data-id=\"acefe19\" data-element_type=\"widget\" data-widget_type=\"image.default\">\n\t\t\t\t<div class=\"elementor-widget-container\">\n\t\t\t\t\t\t\t\t\t\t\t\t\t\t\t<img decoding=\"async\" width=\"800\" height=\"450\" src=\"https:\/\/baluefruits.com\/wp-content\/uploads\/2025\/05\/melocoton-2-1024x576.webp\" class=\"attachment-large size-large wp-image-406\" alt=\"\" srcset=\"https:\/\/baluefruits.com\/wp-content\/uploads\/2025\/05\/melocoton-2-1024x576.webp 1024w, https:\/\/baluefruits.com\/wp-content\/uploads\/2025\/05\/melocoton-2-300x169.webp 300w, https:\/\/baluefruits.com\/wp-content\/uploads\/2025\/05\/melocoton-2-768x432.webp 768w, https:\/\/baluefruits.com\/wp-content\/uploads\/2025\/05\/melocoton-2-1536x864.webp 1536w, https:\/\/baluefruits.com\/wp-content\/uploads\/2025\/05\/melocoton-2.webp 1920w\" sizes=\"(max-width: 800px) 100vw, 800px\" \/>\t\t\t\t\t\t\t\t\t\t\t\t\t\t\t<\/div>\n\t\t\t\t<\/div>\n\t\t\t\t<div class=\"elementor-element elementor-element-295da74 elementor-widget elementor-widget-text-editor\" data-id=\"295da74\" data-element_type=\"widget\" data-widget_type=\"text-editor.default\">\n\t\t\t\t<div class=\"elementor-widget-container\">\n\t\t\t\t\t\t\t\t\t<h3 data-start=\"999\" data-end=\"1030\">Fruit sucr\u00e9 : Engagement qualit\u00e9<\/h3><p data-start=\"1032\" data-end=\"1361\">Notre processus de production <strong>fruit sucr\u00e9<\/strong> Notre production est soumise \u00e0 un contr\u00f4le rigoureux, de la floraison \u00e0 la r\u00e9colte. Nous appliquons des protocoles de tra\u00e7abilit\u00e9 garantissant transparence et s\u00e9curit\u00e9 alimentaire. Ce contr\u00f4le nous permet de r\u00e9pondre aux exigences des march\u00e9s les plus exigeants, tant au niveau national qu&#039;international. De plus, nous investissons constamment dans les technologies de conditionnement et de conservation afin de garantir que le fruit conserve sa texture et ses propri\u00e9t\u00e9s organoleptiques pendant le transport et le stockage.<\/p><h3 data-start=\"1557\" data-end=\"1586\">Diversit\u00e9 des vari\u00e9t\u00e9s de fruits sucr\u00e9s<\/h3><p data-start=\"1588\" data-end=\"1679\">Notre offre de <strong>fruit sucr\u00e9<\/strong> Elle est large et adapt\u00e9e aux diff\u00e9rentes pr\u00e9f\u00e9rences des consommateurs :<\/p><ul data-start=\"1680\" data-end=\"1919\"><li data-start=\"1680\" data-end=\"1749\"><p data-start=\"1682\" data-end=\"1749\">P\u00eaches et nectarines : sucr\u00e9es, aromatiques et \u00e0 la texture ferme.<\/p><\/li><li data-start=\"1750\" data-end=\"1828\"><p data-start=\"1752\" data-end=\"1828\">Les Paraguayens : une option rafra\u00eechissante, tr\u00e8s demand\u00e9e sur les march\u00e9s europ\u00e9ens.<\/p><\/li><li data-start=\"1829\" data-end=\"1919\"><p data-start=\"1831\" data-end=\"1919\">Pommes et poires : des vari\u00e9t\u00e9s s\u00e9lectionn\u00e9es pour leur r\u00e9sistance et leur saveur \u00e9quilibr\u00e9e.<\/p><\/li><\/ul><p data-start=\"1921\" data-end=\"2045\">\u00a0<\/p>\t\t\t\t\t\t\t\t<\/div>\n\t\t\t\t<\/div>\n\t\t\t\t\t<\/div>\n\t\t\t\t<\/div>\n\t\t<div class=\"elementor-element elementor-element-36b7a01 e-grid e-con-boxed e-con e-parent\" data-id=\"36b7a01\" data-element_type=\"container\">\n\t\t\t\t\t<div class=\"e-con-inner\">\n\t\t\t\t<div class=\"elementor-element elementor-element-ca205d5 elementor-widget elementor-widget-text-editor\" data-id=\"ca205d5\" data-element_type=\"widget\" data-widget_type=\"text-editor.default\">\n\t\t\t\t<div class=\"elementor-widget-container\">\n\t\t\t\t\t\t\t\t\t<h2 data-start=\"2075\" data-end=\"2409\">Les meilleurs fruits sucr\u00e9s de Lleida<\/h2><p data-start=\"2075\" data-end=\"2409\">Notre objectif est d&#039;\u00e9tablir des relations commerciales solides et durables. Nous collaborons avec des grossistes, des distributeurs et des cha\u00eenes de supermarch\u00e9s, leur fournissant des solutions logistiques performantes et des produits adapt\u00e9s \u00e0 leurs besoins. Nous nous distinguons par notre r\u00e9activit\u00e9 et notre volont\u00e9 d&#039;offrir un service personnalis\u00e9. Chez Balu\u00e9 Fruits, nous ne nous contentons pas de produire. <strong>fruit sucr\u00e9<\/strong>Nous nous soucions aussi de l&#039;avenir. Nous appliquons des pratiques agricoles durables, optimisant l&#039;utilisation des ressources en eau et r\u00e9duisant l&#039;impact environnemental. Le respect de la terre fait partie de notre ADN et est essentiel pour que les g\u00e9n\u00e9rations futures puissent \u00e9galement profiter des meilleurs fruits de Lleida. <strong data-start=\"2853\" data-end=\"2879\">fruit sucr\u00e9 <\/strong>Depuis Lleida, nous parlons de confiance. Nos clients savent que derri\u00e8re chaque produit se cache une \u00e9quipe d\u00e9vou\u00e9e, des installations modernes et un syst\u00e8me logistique con\u00e7u pour pr\u00e9server la fra\u00eecheur du produit jusqu&#039;au point de vente. Faites confiance \u00e0 Balu\u00e9 Fruits pour vous fournir des fruits sucr\u00e9s de qualit\u00e9. Contactez notre \u00e9quipe commerciale et d\u00e9couvrez comment nous pouvons devenir votre partenaire strat\u00e9gique pour l&#039;approvisionnement en fruits.<\/p>\t\t\t\t\t\t\t\t<\/div>\n\t\t\t\t<\/div>\n\t\t\t\t<div class=\"elementor-element elementor-element-c4b14fd elementor-widget elementor-widget-image\" data-id=\"c4b14fd\" data-element_type=\"widget\" data-widget_type=\"image.default\">\n\t\t\t\t<div class=\"elementor-widget-container\">\n\t\t\t\t\t\t\t\t\t\t\t\t\t\t\t<img decoding=\"async\" width=\"800\" height=\"450\" src=\"https:\/\/baluefruits.com\/wp-content\/uploads\/2025\/05\/nectarina-4-1-1024x576.webp\" class=\"attachment-large size-large wp-image-323\" alt=\"\" srcset=\"https:\/\/baluefruits.com\/wp-content\/uploads\/2025\/05\/nectarina-4-1-1024x576.webp 1024w, https:\/\/baluefruits.com\/wp-content\/uploads\/2025\/05\/nectarina-4-1-300x169.webp 300w, https:\/\/baluefruits.com\/wp-content\/uploads\/2025\/05\/nectarina-4-1-768x432.webp 768w, https:\/\/baluefruits.com\/wp-content\/uploads\/2025\/05\/nectarina-4-1-1536x864.webp 1536w, https:\/\/baluefruits.com\/wp-content\/uploads\/2025\/05\/nectarina-4-1.webp 1920w\" sizes=\"(max-width: 800px) 100vw, 800px\" \/>\t\t\t\t\t\t\t\t\t\t\t\t\t\t\t<\/div>\n\t\t\t\t<\/div>\n\t\t\t\t<div class=\"elementor-element elementor-element-7a60a8a elementor-widget elementor-widget-text-editor\" data-id=\"7a60a8a\" data-element_type=\"widget\" data-widget_type=\"text-editor.default\">\n\t\t\t\t<div class=\"elementor-widget-container\">\n\t\t\t\t\t\t\t\t\t<h3>Recherche vari\u00e9tale et technologie de culture des fruits sucr\u00e9s<\/h3><p>Chez Balu\u00e9 Fruits, nous comprenons que la <strong>fruit sucr\u00e9<\/strong> Il ne s\u2019agit pas seulement d\u2019un produit agricole, mais d\u2019une exp\u00e9rience qui commence sur le terrain et se termine avec le consommateur final.<\/p><p>C&#039;est pourquoi nous investissons dans la recherche vari\u00e9tale et les technologies de culture qui nous permettent d&#039;obtenir des fruits au go\u00fbt plus intense, \u00e0 la texture optimale et \u00e0 la conservation prolong\u00e9e. Notre priorit\u00e9 est de proposer un produit homog\u00e8ne, r\u00e9pondant aux attentes des march\u00e9s les plus exigeants.<\/p><p>Gr\u00e2ce \u00e0 cette vision globale, nous nous sommes consolid\u00e9s comme une r\u00e9f\u00e9rence dans la production et la distribution de fruits sucr\u00e9s \u00e0 Lleida.<\/p>\t\t\t\t\t\t\t\t<\/div>\n\t\t\t\t<\/div>\n\t\t\t\t<div class=\"elementor-element elementor-element-298331e elementor-widget elementor-widget-image\" data-id=\"298331e\" data-element_type=\"widget\" data-widget_type=\"image.default\">\n\t\t\t\t<div class=\"elementor-widget-container\">\n\t\t\t\t\t\t\t\t\t\t\t\t\t\t\t<img loading=\"lazy\" decoding=\"async\" width=\"800\" height=\"450\" src=\"https:\/\/baluefruits.com\/wp-content\/uploads\/2025\/05\/pera-2-1024x576.webp\" class=\"attachment-large size-large wp-image-456\" alt=\"\" srcset=\"https:\/\/baluefruits.com\/wp-content\/uploads\/2025\/05\/pera-2-1024x576.webp 1024w, https:\/\/baluefruits.com\/wp-content\/uploads\/2025\/05\/pera-2-300x169.webp 300w, https:\/\/baluefruits.com\/wp-content\/uploads\/2025\/05\/pera-2-768x432.webp 768w, https:\/\/baluefruits.com\/wp-content\/uploads\/2025\/05\/pera-2-1536x864.webp 1536w, https:\/\/baluefruits.com\/wp-content\/uploads\/2025\/05\/pera-2.webp 1920w\" sizes=\"(max-width: 800px) 100vw, 800px\" \/>\t\t\t\t\t\t\t\t\t\t\t\t\t\t\t<\/div>\n\t\t\t\t<\/div>\n\t\t\t\t\t<\/div>\n\t\t\t\t<\/div>\n\t\t<div class=\"elementor-element elementor-element-9bd15ad e-con-full e-flex elementor-invisible e-con e-child\" data-id=\"9bd15ad\" data-element_type=\"container\" data-settings=\"{&quot;background_background&quot;:&quot;classic&quot;,&quot;animation&quot;:&quot;fadeInRight&quot;}\">\n\t\t\t\t<div class=\"elementor-element elementor-element-a8ea223 elementor-widget elementor-widget-heading\" data-id=\"a8ea223\" data-element_type=\"widget\" data-widget_type=\"heading.default\">\n\t\t\t\t<div class=\"elementor-widget-container\">\n\t\t\t\t\t<h6 class=\"elementor-heading-title elementor-size-default\">Contactez Balue Fruits<\/h6>\t\t\t\t<\/div>\n\t\t\t\t<\/div>\n\t\t\t\t<div class=\"elementor-element elementor-element-6dff0cb elementor-widget elementor-widget-heading\" data-id=\"6dff0cb\" data-element_type=\"widget\" data-widget_type=\"heading.default\">\n\t\t\t\t<div class=\"elementor-widget-container\">\n\t\t\t\t\t<h2 class=\"elementor-heading-title elementor-size-default\">Commandes de fruits sucr\u00e9s et d&#039;huile d&#039;olive\n<\/h2>\t\t\t\t<\/div>\n\t\t\t\t<\/div>\n\t\t\t\t<div class=\"elementor-element elementor-element-213d35c elementor-widget elementor-widget-elementskit-contact-form7\" data-id=\"213d35c\" data-element_type=\"widget\" data-widget_type=\"elementskit-contact-form7.default\">\n\t\t\t\t<div class=\"elementor-widget-container\">\n\t\t\t\t\t<div class=\"ekit-wid-con\" ><div class=\"ekit-form\">\n<div class=\"wpcf7 no-js\" id=\"wpcf7-f45-p877-o1\" lang=\"es-ES\" dir=\"ltr\" data-wpcf7-id=\"45\">\n<div class=\"screen-reader-response\"><p role=\"status\" aria-live=\"polite\" aria-atomic=\"true\"><\/p> <ul><\/ul><\/div>\n<form action=\"\/fr\/fruita-dolca\/#wpcf7-f45-p877-o1\" method=\"post\" class=\"wpcf7-form init\" aria-label=\"Formulario de contacto\" novalidate=\"novalidate\" data-status=\"init\" data-no-translation-aria-label=\"\" data-trp-original-action=\"\/es\/fruita-dolca\/#wpcf7-f45-p877-o1\">\n<fieldset class=\"hidden-fields-container\"><input type=\"hidden\" name=\"_wpcf7\" value=\"45\" \/><input type=\"hidden\" name=\"_wpcf7_version\" value=\"6.1.3\" \/><input type=\"hidden\" name=\"_wpcf7_locale\" value=\"es_ES\" \/><input type=\"hidden\" name=\"_wpcf7_unit_tag\" value=\"wpcf7-f45-p877-o1\" \/><input type=\"hidden\" name=\"_wpcf7_container_post\" value=\"877\" \/><input type=\"hidden\" name=\"_wpcf7_posted_data_hash\" value=\"\" \/><input type=\"hidden\" name=\"_wpcf7_recaptcha_response\" value=\"\" \/>\n<\/fieldset>\n<div class=\"form-row\">\n\t<div class=\"form-column\">\n\t\t<p><label for=\"nombre\">Nom *<\/label><br \/>\n<span class=\"wpcf7-form-control-wrap\" data-name=\"nombre\"><input size=\"40\" maxlength=\"400\" class=\"wpcf7-form-control wpcf7-text wpcf7-validates-as-required\" id=\"nombre\" aria-required=\"true\" aria-invalid=\"false\" placeholder=\"Ex : Joan Garcia\" value=\"\" type=\"text\" name=\"nombre\" \/><\/span>\n\t\t<\/p>\n\t<\/div>\n\t<div class=\"form-column\">\n\t\t<p><label for=\"telefono\">T\u00e9l\u00e9phone *<\/label><br \/>\n<span class=\"wpcf7-form-control-wrap\" data-name=\"telefono\"><input size=\"40\" maxlength=\"400\" class=\"wpcf7-form-control wpcf7-tel wpcf7-validates-as-required wpcf7-text wpcf7-validates-as-tel\" id=\"telefono\" aria-required=\"true\" aria-invalid=\"false\" placeholder=\"Ex. : 666 777 888\" value=\"\" type=\"tel\" name=\"telefono\" \/><\/span>\n\t\t<\/p>\n\t<\/div>\n<\/div>\n<div class=\"form-row\">\n\t<div class=\"form-column\">\n\t\t<p><label for=\"email\">E-mail *<\/label><br \/>\n<span class=\"wpcf7-form-control-wrap\" data-name=\"email\"><input size=\"40\" maxlength=\"400\" class=\"wpcf7-form-control wpcf7-email wpcf7-validates-as-required wpcf7-text wpcf7-validates-as-email\" id=\"email\" aria-required=\"true\" aria-invalid=\"false\" placeholder=\"Ex : info@domini.com\" value=\"\" type=\"email\" name=\"email\" \/><\/span>\n\t\t<\/p>\n\t<\/div>\n\t<div class=\"form-column\">\n\t\t<p><label for=\"asunto\">Sujet *<\/label><br \/>\n<span class=\"wpcf7-form-control-wrap\" data-name=\"asunto\"><input size=\"40\" maxlength=\"400\" class=\"wpcf7-form-control wpcf7-text wpcf7-validates-as-required\" id=\"asunto\" aria-required=\"true\" aria-invalid=\"false\" placeholder=\"Motif de la demande\" value=\"\" type=\"text\" name=\"asunto\" \/><\/span>\n\t\t<\/p>\n\t<\/div>\n<\/div>\n<div class=\"form-row-full\">\n\t<p><label for=\"mensaje\">Message *<\/label><br \/>\n<span class=\"wpcf7-form-control-wrap\" data-name=\"mensaje\"><textarea cols=\"40\" rows=\"10\" maxlength=\"2000\" class=\"wpcf7-form-control wpcf7-textarea wpcf7-validates-as-required\" id=\"mensaje\" aria-required=\"true\" aria-invalid=\"false\" placeholder=\"\u00c9crivez votre message ici...\" name=\"mensaje\"><\/textarea><\/span>\n\t<\/p>\n<\/div>\n<div class=\"form-acceptance\">\n\t<p><span class=\"wpcf7-form-control-wrap\" data-name=\"politica\"><span class=\"wpcf7-form-control wpcf7-acceptance\"><span class=\"wpcf7-list-item\"><label><input type=\"checkbox\" name=\"politica\" value=\"1\" aria-invalid=\"false\" \/><span class=\"wpcf7-list-item-label\"><span class=\"txt-acepto\">J&#039;ai lu et j&#039;accepte les  <\/span>\n    <a class=\"pp\" href=\"\/fr\/politica-de-privacitat\/\">politique de confidentialit\u00e9 <\/a><\/span><\/label><\/span><\/span><\/span>\n\t<\/p>\n<\/div>\n<p><input class=\"wpcf7-form-control wpcf7-submit has-spinner\" type=\"submit\" value=\"Envoyer un message\" \/>\n<\/p><div class=\"wpcf7-response-output\" aria-hidden=\"true\"><\/div>\n<input type=\"hidden\" name=\"trp-form-language\" value=\"fr\"\/><\/form>\n<\/div>\n<\/div><\/div>\t\t\t\t<\/div>\n\t\t\t\t<\/div>\n\t\t\t\t<\/div>\n\t\t\t\t<\/div>","protected":false},"excerpt":{"rendered":"<p>Fruita dol\u00e7a de Lleida amb la garantia de Balu\u00e9 Fruits A Balu\u00e9 Fruits som especialistes en la producci\u00f3 i comercialitzaci\u00f3 de fruita dol\u00e7a de Lleida, reconeguda a escala nacional i internacional per la seva qualitat, sabor i frescor. El nostre comprom\u00eds comen\u00e7a al camp, continua als magatzems i culmina en la distribuci\u00f3, assegurant que cada [&hellip;]<\/p>","protected":false},"author":1,"featured_media":0,"parent":0,"menu_order":0,"comment_status":"closed","ping_status":"closed","template":"","meta":{"footnotes":""},"class_list":["post-877","page","type-page","status-publish","hentry"],"yoast_head":"<!-- This site is optimized with the Yoast SEO plugin v26.3 - https:\/\/yoast.com\/wordpress\/plugins\/seo\/ -->\n<title>Fruita dol\u00e7a - Balue Fruits<\/title>\n<meta name=\"robots\" content=\"index, follow, max-snippet:-1, max-image-preview:large, max-video-preview:-1\" \/>\n<link rel=\"canonical\" href=\"https:\/\/baluefruits.com\/fr\/fruita-dolca\/\" \/>\n<meta property=\"og:locale\" content=\"fr_FR\" \/>\n<meta property=\"og:type\" content=\"article\" \/>\n<meta property=\"og:title\" content=\"Fruita dol\u00e7a - Balue Fruits\" \/>\n<meta property=\"og:description\" content=\"Fruita dol\u00e7a de Lleida amb la garantia de Balu\u00e9 Fruits A Balu\u00e9 Fruits som especialistes en la producci\u00f3 i comercialitzaci\u00f3 de fruita dol\u00e7a de Lleida, reconeguda a escala nacional i internacional per la seva qualitat, sabor i frescor. El nostre comprom\u00eds comen\u00e7a al camp, continua als magatzems i culmina en la distribuci\u00f3, assegurant que cada [&hellip;]\" \/>\n<meta property=\"og:url\" content=\"https:\/\/baluefruits.com\/fr\/fruita-dolca\/\" \/>\n<meta property=\"og:site_name\" content=\"Balue Fruits\" \/>\n<meta property=\"article:modified_time\" content=\"2025-09-16T05:02:22+00:00\" \/>\n<meta property=\"og:image\" content=\"https:\/\/baluefruits.com\/wp-content\/uploads\/2025\/08\/fruites-a-lengros-3.jpg\" \/>\n\t<meta property=\"og:image:width\" content=\"1200\" \/>\n\t<meta property=\"og:image:height\" content=\"750\" \/>\n\t<meta property=\"og:image:type\" content=\"image\/jpeg\" \/>\n<meta name=\"twitter:card\" content=\"summary_large_image\" \/>\n<meta name=\"twitter:label1\" content=\"Dur\u00e9e de lecture estim\u00e9e\" \/>\n\t<meta name=\"twitter:data1\" content=\"4 minutes\" \/>\n<script type=\"application\/ld+json\" class=\"yoast-schema-graph\">{\"@context\":\"https:\/\/schema.org\",\"@graph\":[{\"@type\":\"WebPage\",\"@id\":\"https:\/\/baluefruits.com\/fruita-dolca\/\",\"url\":\"https:\/\/baluefruits.com\/fruita-dolca\/\",\"name\":\"Fruita dol\u00e7a - Balue Fruits\",\"isPartOf\":{\"@id\":\"https:\/\/baluefruits.com\/#website\"},\"primaryImageOfPage\":{\"@id\":\"https:\/\/baluefruits.com\/fruita-dolca\/#primaryimage\"},\"image\":{\"@id\":\"https:\/\/baluefruits.com\/fruita-dolca\/#primaryimage\"},\"thumbnailUrl\":\"https:\/\/baluefruits.com\/wp-content\/uploads\/2025\/08\/fruites-a-lengros-3-1024x640.jpg\",\"datePublished\":\"2025-09-16T04:49:01+00:00\",\"dateModified\":\"2025-09-16T05:02:22+00:00\",\"breadcrumb\":{\"@id\":\"https:\/\/baluefruits.com\/fruita-dolca\/#breadcrumb\"},\"inLanguage\":\"fr-FR\",\"potentialAction\":[{\"@type\":\"ReadAction\",\"target\":[\"https:\/\/baluefruits.com\/fruita-dolca\/\"]}]},{\"@type\":\"ImageObject\",\"inLanguage\":\"fr-FR\",\"@id\":\"https:\/\/baluefruits.com\/fruita-dolca\/#primaryimage\",\"url\":\"https:\/\/baluefruits.com\/wp-content\/uploads\/2025\/08\/fruites-a-lengros-3-1024x640.jpg\",\"contentUrl\":\"https:\/\/baluefruits.com\/wp-content\/uploads\/2025\/08\/fruites-a-lengros-3-1024x640.jpg\"},{\"@type\":\"BreadcrumbList\",\"@id\":\"https:\/\/baluefruits.com\/fruita-dolca\/#breadcrumb\",\"itemListElement\":[{\"@type\":\"ListItem\",\"position\":1,\"name\":\"Portada\",\"item\":\"https:\/\/baluefruits.com\/\"},{\"@type\":\"ListItem\",\"position\":2,\"name\":\"Fruita dol\u00e7a\"}]},{\"@type\":\"WebSite\",\"@id\":\"https:\/\/baluefruits.com\/#website\",\"url\":\"https:\/\/baluefruits.com\/\",\"name\":\"Balue Fruits\",\"description\":\"Productes agr\u00edcoles de qualitat a Lleida\",\"potentialAction\":[{\"@type\":\"SearchAction\",\"target\":{\"@type\":\"EntryPoint\",\"urlTemplate\":\"https:\/\/baluefruits.com\/?s={search_term_string}\"},\"query-input\":{\"@type\":\"PropertyValueSpecification\",\"valueRequired\":true,\"valueName\":\"search_term_string\"}}],\"inLanguage\":\"fr-FR\"}]}<\/script>\n<!-- \/ Yoast SEO plugin. -->","yoast_head_json":{"title":"Fruita dol\u00e7a - Balue Fruits","robots":{"index":"index","follow":"follow","max-snippet":"max-snippet:-1","max-image-preview":"max-image-preview:large","max-video-preview":"max-video-preview:-1"},"canonical":"https:\/\/baluefruits.com\/fr\/fruita-dolca\/","og_locale":"fr_FR","og_type":"article","og_title":"Fruita dol\u00e7a - Balue Fruits","og_description":"Fruita dol\u00e7a de Lleida amb la garantia de Balu\u00e9 Fruits A Balu\u00e9 Fruits som especialistes en la producci\u00f3 i comercialitzaci\u00f3 de fruita dol\u00e7a de Lleida, reconeguda a escala nacional i internacional per la seva qualitat, sabor i frescor. El nostre comprom\u00eds comen\u00e7a al camp, continua als magatzems i culmina en la distribuci\u00f3, assegurant que cada [&hellip;]","og_url":"https:\/\/baluefruits.com\/fr\/fruita-dolca\/","og_site_name":"Balue Fruits","article_modified_time":"2025-09-16T05:02:22+00:00","og_image":[{"width":1200,"height":750,"url":"https:\/\/baluefruits.com\/wp-content\/uploads\/2025\/08\/fruites-a-lengros-3.jpg","type":"image\/jpeg"}],"twitter_card":"summary_large_image","twitter_misc":{"Dur\u00e9e de lecture estim\u00e9e":"4 minutes"},"schema":{"@context":"https:\/\/schema.org","@graph":[{"@type":"WebPage","@id":"https:\/\/baluefruits.com\/fruita-dolca\/","url":"https:\/\/baluefruits.com\/fruita-dolca\/","name":"Fruita dol\u00e7a - Balue Fruits","isPartOf":{"@id":"https:\/\/baluefruits.com\/#website"},"primaryImageOfPage":{"@id":"https:\/\/baluefruits.com\/fruita-dolca\/#primaryimage"},"image":{"@id":"https:\/\/baluefruits.com\/fruita-dolca\/#primaryimage"},"thumbnailUrl":"https:\/\/baluefruits.com\/wp-content\/uploads\/2025\/08\/fruites-a-lengros-3-1024x640.jpg","datePublished":"2025-09-16T04:49:01+00:00","dateModified":"2025-09-16T05:02:22+00:00","breadcrumb":{"@id":"https:\/\/baluefruits.com\/fruita-dolca\/#breadcrumb"},"inLanguage":"fr-FR","potentialAction":[{"@type":"ReadAction","target":["https:\/\/baluefruits.com\/fruita-dolca\/"]}]},{"@type":"ImageObject","inLanguage":"fr-FR","@id":"https:\/\/baluefruits.com\/fruita-dolca\/#primaryimage","url":"https:\/\/baluefruits.com\/wp-content\/uploads\/2025\/08\/fruites-a-lengros-3-1024x640.jpg","contentUrl":"https:\/\/baluefruits.com\/wp-content\/uploads\/2025\/08\/fruites-a-lengros-3-1024x640.jpg"},{"@type":"BreadcrumbList","@id":"https:\/\/baluefruits.com\/fruita-dolca\/#breadcrumb","itemListElement":[{"@type":"ListItem","position":1,"name":"Portada","item":"https:\/\/baluefruits.com\/"},{"@type":"ListItem","position":2,"name":"Fruita dol\u00e7a"}]},{"@type":"WebSite","@id":"https:\/\/baluefruits.com\/#website","url":"https:\/\/baluefruits.com\/","name":"Fruits de Balue","description":"Produits agricoles de qualit\u00e9 \u00e0 Lleida","potentialAction":[{"@type":"SearchAction","target":{"@type":"EntryPoint","urlTemplate":"https:\/\/baluefruits.com\/?s={search_term_string}"},"query-input":{"@type":"PropertyValueSpecification","valueRequired":true,"valueName":"search_term_string"}}],"inLanguage":"fr-FR"}]}},"_links":{"self":[{"href":"https:\/\/baluefruits.com\/fr\/wp-json\/wp\/v2\/pages\/877","targetHints":{"allow":["GET"]}}],"collection":[{"href":"https:\/\/baluefruits.com\/fr\/wp-json\/wp\/v2\/pages"}],"about":[{"href":"https:\/\/baluefruits.com\/fr\/wp-json\/wp\/v2\/types\/page"}],"author":[{"embeddable":true,"href":"https:\/\/baluefruits.com\/fr\/wp-json\/wp\/v2\/users\/1"}],"replies":[{"embeddable":true,"href":"https:\/\/baluefruits.com\/fr\/wp-json\/wp\/v2\/comments?post=877"}],"version-history":[{"count":7,"href":"https:\/\/baluefruits.com\/fr\/wp-json\/wp\/v2\/pages\/877\/revisions"}],"predecessor-version":[{"id":885,"href":"https:\/\/baluefruits.com\/fr\/wp-json\/wp\/v2\/pages\/877\/revisions\/885"}],"wp:attachment":[{"href":"https:\/\/baluefruits.com\/fr\/wp-json\/wp\/v2\/media?parent=877"}],"curies":[{"name":"wp","href":"https:\/\/api.w.org\/{rel}","templated":true}]}}