{"id":174,"date":"2025-05-23T13:40:55","date_gmt":"2025-05-23T11:40:55","guid":{"rendered":"https:\/\/baluefruits.com\/?page_id=174"},"modified":"2025-11-04T14:37:28","modified_gmt":"2025-11-04T13:37:28","slug":"pressec","status":"publish","type":"page","link":"https:\/\/baluefruits.com\/fr\/productor-de-fruita-dolca\/pressec\/","title":{"rendered":"P\u00eache"},"content":{"rendered":"<div data-elementor-type=\"wp-page\" data-elementor-id=\"174\" class=\"elementor elementor-174\" data-elementor-post-type=\"page\">\n\t\t\t\t<div class=\"elementor-element elementor-element-8b98962 e-flex e-con-boxed e-con e-parent\" data-id=\"8b98962\" data-element_type=\"container\" data-settings=\"{&quot;background_background&quot;:&quot;classic&quot;}\">\n\t\t\t\t\t<div class=\"e-con-inner\">\n\t\t<div class=\"elementor-element elementor-element-af9a315 e-con-full e-flex e-con e-child\" data-id=\"af9a315\" data-element_type=\"container\">\n\t\t\t\t<div class=\"elementor-element elementor-element-e8bf459 elementor-invisible elementor-widget elementor-widget-heading\" data-id=\"e8bf459\" data-element_type=\"widget\" data-settings=\"{&quot;_animation&quot;:&quot;fadeInUp&quot;}\" data-widget_type=\"heading.default\">\n\t\t\t\t<div class=\"elementor-widget-container\">\n\t\t\t\t\t<h1 class=\"elementor-heading-title elementor-size-default\">P\u00eache<\/h1>\t\t\t\t<\/div>\n\t\t\t\t<\/div>\n\t\t\t\t<\/div>\n\t\t\t\t\t<\/div>\n\t\t\t\t<\/div>\n\t\t<div class=\"elementor-element elementor-element-555b945 e-flex e-con-boxed e-con e-parent\" data-id=\"555b945\" data-element_type=\"container\">\n\t\t\t\t\t<div class=\"e-con-inner\">\n\t\t<div class=\"elementor-element elementor-element-d6107bc e-con-full e-flex e-con e-child\" data-id=\"d6107bc\" data-element_type=\"container\" data-settings=\"{&quot;background_background&quot;:&quot;classic&quot;}\">\n\t\t\t\t<\/div>\n\t\t<div class=\"elementor-element elementor-element-91b12e2 e-con-full e-flex e-con e-child\" data-id=\"91b12e2\" data-element_type=\"container\">\n\t\t\t\t<div class=\"elementor-element elementor-element-ad6a03b elementor-widget elementor-widget-heading\" data-id=\"ad6a03b\" data-element_type=\"widget\" data-widget_type=\"heading.default\">\n\t\t\t\t<div class=\"elementor-widget-container\">\n\t\t\t\t\t<div class=\"elementor-heading-title elementor-size-default\">P\u00eaches authentiques et naturelles de Lleida\n<\/div>\t\t\t\t<\/div>\n\t\t\t\t<\/div>\n\t\t\t\t<div class=\"elementor-element elementor-element-5bb7fe3 elementor-widget elementor-widget-heading\" data-id=\"5bb7fe3\" data-element_type=\"widget\" data-widget_type=\"heading.default\">\n\t\t\t\t<div class=\"elementor-widget-container\">\n\t\t\t\t\t<h2 class=\"elementor-heading-title elementor-size-default\">La saveur authentique des p\u00eaches cultiv\u00e9es dans les terres fertiles de Lleida\n<\/h2>\t\t\t\t<\/div>\n\t\t\t\t<\/div>\n\t\t\t\t<div class=\"elementor-element elementor-element-a06300d elementor-widget elementor-widget-text-editor\" data-id=\"a06300d\" data-element_type=\"widget\" data-widget_type=\"text-editor.default\">\n\t\t\t\t<div class=\"elementor-widget-container\">\n\t\t\t\t\t\t\t\t\t<p>Les p\u00eaches Balu\u00e9 Fruits incarnent l&#039;essence m\u00eame de l&#039;agriculture traditionnelle de Lleida, o\u00f9 les conditions climatiques et la fertilit\u00e9 du sol cr\u00e9ent un environnement id\u00e9al pour la culture de ce fruit sucr\u00e9 et aromatique. Notre famille se consacre \u00e0 la culture des p\u00eaches depuis des g\u00e9n\u00e9rations, en prenant soin de chaque d\u00e9tail pour que la qualit\u00e9 soit toujours notre priorit\u00e9 absolue.<\/p>\t\t\t\t\t\t\t\t<\/div>\n\t\t\t\t<\/div>\n\t\t\t\t<\/div>\n\t\t\t\t\t<\/div>\n\t\t\t\t<\/div>\n\t\t<div class=\"elementor-element elementor-element-3125f5e e-con-full e-flex e-con e-parent\" data-id=\"3125f5e\" data-element_type=\"container\" data-settings=\"{&quot;background_background&quot;:&quot;classic&quot;}\">\n\t\t<div class=\"elementor-element elementor-element-345ca74 e-con-full e-flex e-con e-child\" data-id=\"345ca74\" data-element_type=\"container\">\n\t\t\t\t<div class=\"elementor-element elementor-element-8ad6cad elementor-widget elementor-widget-heading\" data-id=\"8ad6cad\" data-element_type=\"widget\" data-widget_type=\"heading.default\">\n\t\t\t\t<div class=\"elementor-widget-container\">\n\t\t\t\t\t<div class=\"elementor-heading-title elementor-size-default\">Tradition et qualit\u00e9\n\n<\/div>\t\t\t\t<\/div>\n\t\t\t\t<\/div>\n\t\t\t\t<div class=\"elementor-element elementor-element-56b0a6a elementor-widget elementor-widget-heading\" data-id=\"56b0a6a\" data-element_type=\"widget\" data-widget_type=\"heading.default\">\n\t\t\t\t<div class=\"elementor-widget-container\">\n\t\t\t\t\t<h2 class=\"elementor-heading-title elementor-size-default\">Pourquoi choisir les p\u00eaches Balue Fruits ?<\/h2>\t\t\t\t<\/div>\n\t\t\t\t<\/div>\n\t\t\t\t<div class=\"elementor-element elementor-element-bbb5d9b elementor-view-stacked elementor-shape-square elementor-position-left elementor-mobile-position-left elementor-widget elementor-widget-icon-box\" data-id=\"bbb5d9b\" data-element_type=\"widget\" data-widget_type=\"icon-box.default\">\n\t\t\t\t<div class=\"elementor-widget-container\">\n\t\t\t\t\t\t\t<div class=\"elementor-icon-box-wrapper\">\n\n\t\t\t\t\t\t<div class=\"elementor-icon-box-icon\">\n\t\t\t\t<span  class=\"elementor-icon\">\n\t\t\t\t<i aria-hidden=\"true\" class=\"ti-check\"><\/i>\t\t\t\t<\/span>\n\t\t\t<\/div>\n\t\t\t\n\t\t\t\t\t\t<div class=\"elementor-icon-box-content\">\n\n\t\t\t\t\t\t\t\t\t<div class=\"elementor-icon-box-title\">\n\t\t\t\t\t\t<span  >\n\t\t\t\t\t\t\tCoffrets en bois ou en carton personnalisables.\t\t\t\t\t\t<\/span>\n\t\t\t\t\t<\/div>\n\t\t\t\t\n\t\t\t\t\n\t\t\t<\/div>\n\t\t\t\n\t\t<\/div>\n\t\t\t\t\t\t<\/div>\n\t\t\t\t<\/div>\n\t\t\t\t<div class=\"elementor-element elementor-element-4472c35 elementor-view-stacked elementor-shape-square elementor-position-left elementor-mobile-position-left elementor-widget elementor-widget-icon-box\" data-id=\"4472c35\" data-element_type=\"widget\" data-widget_type=\"icon-box.default\">\n\t\t\t\t<div class=\"elementor-widget-container\">\n\t\t\t\t\t\t\t<div class=\"elementor-icon-box-wrapper\">\n\n\t\t\t\t\t\t<div class=\"elementor-icon-box-icon\">\n\t\t\t\t<span  class=\"elementor-icon\">\n\t\t\t\t<i aria-hidden=\"true\" class=\"ti-check\"><\/i>\t\t\t\t<\/span>\n\t\t\t<\/div>\n\t\t\t\n\t\t\t\t\t\t<div class=\"elementor-icon-box-content\">\n\n\t\t\t\t\t\t\t\t\t<div class=\"elementor-icon-box-title\">\n\t\t\t\t\t\t<span  >\n\t\t\t\t\t\t\tCalibrage et s\u00e9lection par taille et couleur.\t\t\t\t\t\t<\/span>\n\t\t\t\t\t<\/div>\n\t\t\t\t\n\t\t\t\t\n\t\t\t<\/div>\n\t\t\t\n\t\t<\/div>\n\t\t\t\t\t\t<\/div>\n\t\t\t\t<\/div>\n\t\t\t\t<div class=\"elementor-element elementor-element-f5051a1 elementor-view-stacked elementor-shape-square elementor-position-left elementor-mobile-position-left elementor-widget elementor-widget-icon-box\" data-id=\"f5051a1\" data-element_type=\"widget\" data-widget_type=\"icon-box.default\">\n\t\t\t\t<div class=\"elementor-widget-container\">\n\t\t\t\t\t\t\t<div class=\"elementor-icon-box-wrapper\">\n\n\t\t\t\t\t\t<div class=\"elementor-icon-box-icon\">\n\t\t\t\t<span  class=\"elementor-icon\">\n\t\t\t\t<i aria-hidden=\"true\" class=\"ti-check\"><\/i>\t\t\t\t<\/span>\n\t\t\t<\/div>\n\t\t\t\n\t\t\t\t\t\t<div class=\"elementor-icon-box-content\">\n\n\t\t\t\t\t\t\t\t\t<div class=\"elementor-icon-box-title\">\n\t\t\t\t\t\t<span  >\n\t\t\t\t\t\t\t\u00c9tiquetage pour grands magasins ou distributeurs.\t\t\t\t\t\t<\/span>\n\t\t\t\t\t<\/div>\n\t\t\t\t\n\t\t\t\t\n\t\t\t<\/div>\n\t\t\t\n\t\t<\/div>\n\t\t\t\t\t\t<\/div>\n\t\t\t\t<\/div>\n\t\t\t\t<\/div>\n\t\t<div class=\"elementor-element elementor-element-3beb671 e-con-full e-flex e-con e-child\" data-id=\"3beb671\" data-element_type=\"container\" data-settings=\"{&quot;background_background&quot;:&quot;classic&quot;}\">\n\t\t\t\t<\/div>\n\t\t\t\t<\/div>\n\t\t<div class=\"elementor-element elementor-element-83e166a e-flex e-con-boxed e-con e-parent\" data-id=\"83e166a\" data-element_type=\"container\" data-settings=\"{&quot;background_background&quot;:&quot;classic&quot;}\">\n\t\t\t\t\t<div class=\"e-con-inner\">\n\t\t\t\t<div class=\"elementor-element elementor-element-8d7c757 elementor-widget elementor-widget-heading\" data-id=\"8d7c757\" data-element_type=\"widget\" data-widget_type=\"heading.default\">\n\t\t\t\t<div class=\"elementor-widget-container\">\n\t\t\t\t\t<h3 class=\"elementor-heading-title elementor-size-default\">Vous souhaitez recevoir des produits frais, de qualit\u00e9 et locaux ?<\/h3>\t\t\t\t<\/div>\n\t\t\t\t<\/div>\n\t\t\t\t<div class=\"elementor-element elementor-element-09fa3c0 elementor-widget__width-initial elementor-widget-mobile__width-inherit elementor-widget elementor-widget-text-editor\" data-id=\"09fa3c0\" data-element_type=\"widget\" data-widget_type=\"text-editor.default\">\n\t\t\t\t<div class=\"elementor-widget-container\">\n\t\t\t\t\t\t\t\t\t<p>Chez Balu\u00e9 Fruits, nous sommes proches de vous pour vous proposer des fruits sucr\u00e9s et de l&#039;huile d&#039;olive vierge extra en gros, directement du champ \u00e0 votre domicile ou votre entreprise. Que vous soyez grossiste ou consommateur final, nous serons ravis de vous aider \u00e0 d\u00e9couvrir le meilleur de L\u00e9rida.<\/p>\t\t\t\t\t\t\t\t<\/div>\n\t\t\t\t<\/div>\n\t\t\t\t<div class=\"elementor-element elementor-element-e681d4c elementor-align-left elementor-widget elementor-widget-button\" data-id=\"e681d4c\" data-element_type=\"widget\" data-widget_type=\"button.default\">\n\t\t\t\t<div class=\"elementor-widget-container\">\n\t\t\t\t\t\t\t\t\t<div class=\"elementor-button-wrapper\">\n\t\t\t\t\t<a class=\"elementor-button elementor-button-link elementor-size-xs elementor-animation-grow\" href=\"https:\/\/baluefruits.com\/fr\/contacte\/\">\n\t\t\t\t\t\t<span class=\"elementor-button-content-wrapper\">\n\t\t\t\t\t\t<span class=\"elementor-button-icon\">\n\t\t\t\t<svg aria-hidden=\"true\" class=\"e-font-icon-svg e-fas-arrow-right\" viewbox=\"0 0 448 512\" xmlns=\"http:\/\/www.w3.org\/2000\/svg\"><path d=\"M190.5 66.9l22.2-22.2c9.4-9.4 24.6-9.4 33.9 0L441 239c9.4 9.4 9.4 24.6 0 33.9L246.6 467.3c-9.4 9.4-24.6 9.4-33.9 0l-22.2-22.2c-9.5-9.5-9.3-25 .4-34.3L311.4 296H24c-13.3 0-24-10.7-24-24v-32c0-13.3 10.7-24 24-24h287.4L190.9 101.2c-9.8-9.3-10-24.8-.4-34.3z\"><\/path><\/svg>\t\t\t<\/span>\n\t\t\t\t\t\t\t\t\t<span class=\"elementor-button-text\"> Contactez-nous<\/span>\n\t\t\t\t\t<\/span>\n\t\t\t\t\t<\/a>\n\t\t\t\t<\/div>\n\t\t\t\t\t\t\t\t<\/div>\n\t\t\t\t<\/div>\n\t\t\t\t\t<\/div>\n\t\t\t\t<\/div>\n\t\t\t\t<\/div>","protected":false},"excerpt":{"rendered":"<p>P\u00eaches authentiques et naturelles de Lleida. La saveur authentique des p\u00eaches cultiv\u00e9es sur les terres fertiles de Lleida. Les p\u00eaches Balu\u00e9 Fruits incarnent l&#039;essence de l&#039;agriculture traditionnelle de Lleida, o\u00f9 les conditions climatiques et la fertilit\u00e9 du sol cr\u00e9ent un environnement id\u00e9al pour la culture de ce fruit sucr\u00e9 et aromatique. Notre famille cultive ces p\u00eaches depuis [\u2026]<\/p>","protected":false},"author":1,"featured_media":0,"parent":172,"menu_order":0,"comment_status":"closed","ping_status":"closed","template":"","meta":{"footnotes":""},"class_list":["post-174","page","type-page","status-publish","hentry"],"yoast_head":"<!-- This site is optimized with the Yoast SEO plugin v26.3 - https:\/\/yoast.com\/wordpress\/plugins\/seo\/ -->\n<title>Pr\u00e9ssec - Balue Fruits<\/title>\n<meta name=\"robots\" content=\"index, follow, max-snippet:-1, max-image-preview:large, max-video-preview:-1\" \/>\n<link rel=\"canonical\" href=\"https:\/\/baluefruits.com\/fr\/productor-de-fruita-dolca\/pressec\/\" \/>\n<meta property=\"og:locale\" content=\"fr_FR\" \/>\n<meta property=\"og:type\" content=\"article\" \/>\n<meta property=\"og:title\" content=\"Pr\u00e9ssec - Balue Fruits\" \/>\n<meta property=\"og:description\" content=\"Pr\u00e9ssecs aut\u00e8ntics i naturals de Lleida El sabor aut\u00e8ntic dels pr\u00e9ssecs cultivats a les terres f\u00e8rtils de Lleida Els pr\u00e9ssecs de Balu\u00e9 Fruits representen l\u2019ess\u00e8ncia de l\u2019agricultura tradicional de Lleida, on les condicions clim\u00e0tiques i el s\u00f2 f\u00e8rtil creen l\u2019ambient perfecte per al cultiu d\u2019aquesta fruita dol\u00e7a i arom\u00e0tica. La nostra fam\u00edlia fa generacions que [&hellip;]\" \/>\n<meta property=\"og:url\" content=\"https:\/\/baluefruits.com\/fr\/productor-de-fruita-dolca\/pressec\/\" \/>\n<meta property=\"og:site_name\" content=\"Balue Fruits\" \/>\n<meta property=\"article:modified_time\" content=\"2025-11-04T13:37:28+00:00\" \/>\n<meta name=\"twitter:card\" content=\"summary_large_image\" \/>\n<meta name=\"twitter:label1\" content=\"Dur\u00e9e de lecture estim\u00e9e\" \/>\n\t<meta name=\"twitter:data1\" content=\"1 minute\" \/>\n<script type=\"application\/ld+json\" class=\"yoast-schema-graph\">{\"@context\":\"https:\/\/schema.org\",\"@graph\":[{\"@type\":\"WebPage\",\"@id\":\"https:\/\/baluefruits.com\/productor-de-fruita-dolca\/pressec\/\",\"url\":\"https:\/\/baluefruits.com\/productor-de-fruita-dolca\/pressec\/\",\"name\":\"Pr\u00e9ssec - Balue Fruits\",\"isPartOf\":{\"@id\":\"https:\/\/baluefruits.com\/#website\"},\"datePublished\":\"2025-05-23T11:40:55+00:00\",\"dateModified\":\"2025-11-04T13:37:28+00:00\",\"breadcrumb\":{\"@id\":\"https:\/\/baluefruits.com\/productor-de-fruita-dolca\/pressec\/#breadcrumb\"},\"inLanguage\":\"fr-FR\",\"potentialAction\":[{\"@type\":\"ReadAction\",\"target\":[\"https:\/\/baluefruits.com\/productor-de-fruita-dolca\/pressec\/\"]}]},{\"@type\":\"BreadcrumbList\",\"@id\":\"https:\/\/baluefruits.com\/productor-de-fruita-dolca\/pressec\/#breadcrumb\",\"itemListElement\":[{\"@type\":\"ListItem\",\"position\":1,\"name\":\"Portada\",\"item\":\"https:\/\/baluefruits.com\/\"},{\"@type\":\"ListItem\",\"position\":2,\"name\":\"Productor de fruita dol\u00e7a\",\"item\":\"https:\/\/baluefruits.com\/productor-de-fruita-dolca\/\"},{\"@type\":\"ListItem\",\"position\":3,\"name\":\"Pr\u00e9ssec\"}]},{\"@type\":\"WebSite\",\"@id\":\"https:\/\/baluefruits.com\/#website\",\"url\":\"https:\/\/baluefruits.com\/\",\"name\":\"Balue Fruits\",\"description\":\"Productes agr\u00edcoles de qualitat a Lleida\",\"potentialAction\":[{\"@type\":\"SearchAction\",\"target\":{\"@type\":\"EntryPoint\",\"urlTemplate\":\"https:\/\/baluefruits.com\/?s={search_term_string}\"},\"query-input\":{\"@type\":\"PropertyValueSpecification\",\"valueRequired\":true,\"valueName\":\"search_term_string\"}}],\"inLanguage\":\"fr-FR\"}]}<\/script>\n<!-- \/ Yoast SEO plugin. -->","yoast_head_json":{"title":"P\u00eache - Fruits Balue","robots":{"index":"index","follow":"follow","max-snippet":"max-snippet:-1","max-image-preview":"max-image-preview:large","max-video-preview":"max-video-preview:-1"},"canonical":"https:\/\/baluefruits.com\/fr\/productor-de-fruita-dolca\/pressec\/","og_locale":"fr_FR","og_type":"article","og_title":"Pr\u00e9ssec - Balue Fruits","og_description":"Pr\u00e9ssecs aut\u00e8ntics i naturals de Lleida El sabor aut\u00e8ntic dels pr\u00e9ssecs cultivats a les terres f\u00e8rtils de Lleida Els pr\u00e9ssecs de Balu\u00e9 Fruits representen l\u2019ess\u00e8ncia de l\u2019agricultura tradicional de Lleida, on les condicions clim\u00e0tiques i el s\u00f2 f\u00e8rtil creen l\u2019ambient perfecte per al cultiu d\u2019aquesta fruita dol\u00e7a i arom\u00e0tica. La nostra fam\u00edlia fa generacions que [&hellip;]","og_url":"https:\/\/baluefruits.com\/fr\/productor-de-fruita-dolca\/pressec\/","og_site_name":"Balue Fruits","article_modified_time":"2025-11-04T13:37:28+00:00","twitter_card":"summary_large_image","twitter_misc":{"Dur\u00e9e de lecture estim\u00e9e":"1 minute"},"schema":{"@context":"https:\/\/schema.org","@graph":[{"@type":"WebPage","@id":"https:\/\/baluefruits.com\/productor-de-fruita-dolca\/pressec\/","url":"https:\/\/baluefruits.com\/productor-de-fruita-dolca\/pressec\/","name":"P\u00eache - Fruits Balue","isPartOf":{"@id":"https:\/\/baluefruits.com\/#website"},"datePublished":"2025-05-23T11:40:55+00:00","dateModified":"2025-11-04T13:37:28+00:00","breadcrumb":{"@id":"https:\/\/baluefruits.com\/productor-de-fruita-dolca\/pressec\/#breadcrumb"},"inLanguage":"fr-FR","potentialAction":[{"@type":"ReadAction","target":["https:\/\/baluefruits.com\/productor-de-fruita-dolca\/pressec\/"]}]},{"@type":"BreadcrumbList","@id":"https:\/\/baluefruits.com\/productor-de-fruita-dolca\/pressec\/#breadcrumb","itemListElement":[{"@type":"ListItem","position":1,"name":"Portada","item":"https:\/\/baluefruits.com\/"},{"@type":"ListItem","position":2,"name":"Productor de fruita dol\u00e7a","item":"https:\/\/baluefruits.com\/productor-de-fruita-dolca\/"},{"@type":"ListItem","position":3,"name":"Pr\u00e9ssec"}]},{"@type":"WebSite","@id":"https:\/\/baluefruits.com\/#website","url":"https:\/\/baluefruits.com\/","name":"Fruits de Balue","description":"Produits agricoles de qualit\u00e9 \u00e0 Lleida","potentialAction":[{"@type":"SearchAction","target":{"@type":"EntryPoint","urlTemplate":"https:\/\/baluefruits.com\/?s={search_term_string}"},"query-input":{"@type":"PropertyValueSpecification","valueRequired":true,"valueName":"search_term_string"}}],"inLanguage":"fr-FR"}]}},"_links":{"self":[{"href":"https:\/\/baluefruits.com\/fr\/wp-json\/wp\/v2\/pages\/174","targetHints":{"allow":["GET"]}}],"collection":[{"href":"https:\/\/baluefruits.com\/fr\/wp-json\/wp\/v2\/pages"}],"about":[{"href":"https:\/\/baluefruits.com\/fr\/wp-json\/wp\/v2\/types\/page"}],"author":[{"embeddable":true,"href":"https:\/\/baluefruits.com\/fr\/wp-json\/wp\/v2\/users\/1"}],"replies":[{"embeddable":true,"href":"https:\/\/baluefruits.com\/fr\/wp-json\/wp\/v2\/comments?post=174"}],"version-history":[{"count":46,"href":"https:\/\/baluefruits.com\/fr\/wp-json\/wp\/v2\/pages\/174\/revisions"}],"predecessor-version":[{"id":1047,"href":"https:\/\/baluefruits.com\/fr\/wp-json\/wp\/v2\/pages\/174\/revisions\/1047"}],"up":[{"embeddable":true,"href":"https:\/\/baluefruits.com\/fr\/wp-json\/wp\/v2\/pages\/172"}],"wp:attachment":[{"href":"https:\/\/baluefruits.com\/fr\/wp-json\/wp\/v2\/media?parent=174"}],"curies":[{"name":"wp","href":"https:\/\/api.w.org\/{rel}","templated":true}]}}