{"id":171,"date":"2025-05-23T13:39:48","date_gmt":"2025-05-23T11:39:48","guid":{"rendered":"https:\/\/baluefruits.com\/?page_id=171"},"modified":"2025-11-13T12:42:00","modified_gmt":"2025-11-13T11:42:00","slug":"nosaltres","status":"publish","type":"page","link":"https:\/\/baluefruits.com\/fr\/nosaltres\/","title":{"rendered":"Nous"},"content":{"rendered":"<div data-elementor-type=\"wp-page\" data-elementor-id=\"171\" class=\"elementor elementor-171\" data-elementor-post-type=\"page\">\n\t\t\t\t<div class=\"elementor-element elementor-element-1ab0968 e-flex e-con-boxed e-con e-parent\" data-id=\"1ab0968\" data-element_type=\"container\" data-settings=\"{&quot;background_background&quot;:&quot;classic&quot;}\">\n\t\t\t\t\t<div class=\"e-con-inner\">\n\t\t<div class=\"elementor-element elementor-element-8a01f1b e-con-full e-flex e-con e-child\" data-id=\"8a01f1b\" data-element_type=\"container\">\n\t\t\t\t<div class=\"elementor-element elementor-element-2314216 elementor-invisible elementor-widget elementor-widget-heading\" data-id=\"2314216\" data-element_type=\"widget\" data-settings=\"{&quot;_animation&quot;:&quot;fadeInUp&quot;}\" data-widget_type=\"heading.default\">\n\t\t\t\t<div class=\"elementor-widget-container\">\n\t\t\t\t\t<h1 class=\"elementor-heading-title elementor-size-default\">Histoire et valeurs de Balu\u00e9 Fruits, producteurs agricoles de fruits sucr\u00e9s et d&#039;huile d&#039;olive \u00e0 Lleida\n<\/h1>\t\t\t\t<\/div>\n\t\t\t\t<\/div>\n\t\t\t\t<\/div>\n\t\t\t\t\t<\/div>\n\t\t\t\t<\/div>\n\t\t<div class=\"elementor-element elementor-element-09c61a1 e-flex e-con-boxed e-con e-parent\" data-id=\"09c61a1\" data-element_type=\"container\">\n\t\t\t\t\t<div class=\"e-con-inner\">\n\t\t<div class=\"elementor-element elementor-element-98f25f6 e-con-full e-flex e-con e-child\" data-id=\"98f25f6\" data-element_type=\"container\" data-settings=\"{&quot;background_background&quot;:&quot;classic&quot;}\">\n\t\t\t\t<\/div>\n\t\t<div class=\"elementor-element elementor-element-8917ee3 e-con-full e-flex e-con e-child\" data-id=\"8917ee3\" data-element_type=\"container\">\n\t\t\t\t<div class=\"elementor-element elementor-element-96cc6b0 elementor-widget elementor-widget-heading\" data-id=\"96cc6b0\" data-element_type=\"widget\" data-widget_type=\"heading.default\">\n\t\t\t\t<div class=\"elementor-widget-container\">\n\t\t\t\t\t<h2 class=\"elementor-heading-title elementor-size-default\">Mission de qualit\u00e9 agricole avec origine \u00e0 Lleida<\/h2>\t\t\t\t<\/div>\n\t\t\t\t<\/div>\n\t\t\t\t<div class=\"elementor-element elementor-element-a4c08b7 elementor-widget elementor-widget-text-editor\" data-id=\"a4c08b7\" data-element_type=\"widget\" data-widget_type=\"text-editor.default\">\n\t\t\t\t<div class=\"elementor-widget-container\">\n\t\t\t\t\t\t\t\t\t<p>Depuis ses origines, Balu\u00e9 Fruits est synonyme d&#039;agriculture familiale authentique, d&#039;excellence et d&#039;engagement. Notre histoire commence sur les terres fertiles de L\u00e9rida, o\u00f9 nous cultivons depuis des d\u00e9cennies des fruits et des oliviers avec d\u00e9vouement et respect de la tradition.<\/p><p>L&#039;\u00e9quipe de Balu\u00e9 Fruits allie une longue exp\u00e9rience agricole \u00e0 une nouvelle g\u00e9n\u00e9ration engag\u00e9e dans l&#039;innovation et le d\u00e9veloppement durable. Nous \u0153uvrons chaque jour pour offrir des produits agricoles de qualit\u00e9, respectueux de la nature et de l&#039;environnement local.<\/p>\t\t\t\t\t\t\t\t<\/div>\n\t\t\t\t<\/div>\n\t\t\t\t<\/div>\n\t\t\t\t\t<\/div>\n\t\t\t\t<\/div>\n\t\t<div class=\"elementor-element elementor-element-b516ad4 e-flex e-con-boxed e-con e-parent\" data-id=\"b516ad4\" data-element_type=\"container\" data-settings=\"{&quot;background_background&quot;:&quot;classic&quot;}\">\n\t\t\t\t\t<div class=\"e-con-inner\">\n\t\t\t\t<div class=\"elementor-element elementor-element-6793986 elementor-widget elementor-widget-heading\" data-id=\"6793986\" data-element_type=\"widget\" data-widget_type=\"heading.default\">\n\t\t\t\t<div class=\"elementor-widget-container\">\n\t\t\t\t\t<h3 class=\"elementor-heading-title elementor-size-default\"> Vision : g\u00e9n\u00e9rer du d\u00e9veloppement rural et de la confiance dans chaque ordre\n\n<\/h3>\t\t\t\t<\/div>\n\t\t\t\t<\/div>\n\t\t\t\t<div class=\"elementor-element elementor-element-da8a701 elementor-widget__width-initial elementor-widget-mobile__width-inherit elementor-widget elementor-widget-text-editor\" data-id=\"da8a701\" data-element_type=\"widget\" data-widget_type=\"text-editor.default\">\n\t\t\t\t<div class=\"elementor-widget-container\">\n\t\t\t\t\t\t\t\t\t<p>Notre objectif est de consolider Balu\u00e9 Fruits comme r\u00e9f\u00e9rence europ\u00e9enne dans la distribution de fruits confits et d&#039;huile d&#039;olive en gros, en valorisant des produits locaux, frais et s\u00fbrs. Nous nous effor\u00e7ons d&#039;entretenir des relations de confiance avec les grossistes, les d\u00e9taillants et les consommateurs finaux, en nous engageant toujours \u00e0 une relation de proximit\u00e9 et de transparence.<\/p>\t\t\t\t\t\t\t\t<\/div>\n\t\t\t\t<\/div>\n\t\t\t\t\t<\/div>\n\t\t\t\t<\/div>\n\t\t<div class=\"elementor-element elementor-element-8e26707 e-flex e-con-boxed e-con e-parent\" data-id=\"8e26707\" data-element_type=\"container\">\n\t\t\t\t\t<div class=\"e-con-inner\">\n\t\t<div class=\"elementor-element elementor-element-faa0d8d e-con-full e-flex e-con e-child\" data-id=\"faa0d8d\" data-element_type=\"container\" data-settings=\"{&quot;background_background&quot;:&quot;classic&quot;}\">\n\t\t\t\t<\/div>\n\t\t<div class=\"elementor-element elementor-element-2c5c76b e-con-full e-flex e-con e-child\" data-id=\"2c5c76b\" data-element_type=\"container\">\n\t\t\t\t<div class=\"elementor-element elementor-element-9328a88 elementor-widget elementor-widget-heading\" data-id=\"9328a88\" data-element_type=\"widget\" data-widget_type=\"heading.default\">\n\t\t\t\t<div class=\"elementor-widget-container\">\n\t\t\t\t\t<div class=\"elementor-heading-title elementor-size-default\">Valeurs diff\u00e9rentielles<\/div>\t\t\t\t<\/div>\n\t\t\t\t<\/div>\n\t\t\t\t<div class=\"elementor-element elementor-element-8e6ab46 elementor-widget elementor-widget-heading\" data-id=\"8e6ab46\" data-element_type=\"widget\" data-widget_type=\"heading.default\">\n\t\t\t\t<div class=\"elementor-widget-container\">\n\t\t\t\t\t<h4 class=\"elementor-heading-title elementor-size-default\">Qualit\u00e9, proximit\u00e9 et durabilit\u00e9<\/h4>\t\t\t\t<\/div>\n\t\t\t\t<\/div>\n\t\t\t\t<div class=\"elementor-element elementor-element-21db467 elementor-widget elementor-widget-text-editor\" data-id=\"21db467\" data-element_type=\"widget\" data-widget_type=\"text-editor.default\">\n\t\t\t\t<div class=\"elementor-widget-container\">\n\t\t\t\t\t\t\t\t\t<p>Nous privil\u00e9gions la qualit\u00e9 tout au long du processus\u00a0: culture, r\u00e9colte, s\u00e9lection et exp\u00e9dition. Nous garantissons la tra\u00e7abilit\u00e9 et la fra\u00eecheur, du champ \u00e0 nos distributeurs.<\/p>\t\t\t\t\t\t\t\t<\/div>\n\t\t\t\t<\/div>\n\t\t\t\t<div class=\"elementor-element elementor-element-b2e61e3 elementor-icon-list--layout-traditional elementor-list-item-link-full_width elementor-widget elementor-widget-icon-list\" data-id=\"b2e61e3\" data-element_type=\"widget\" data-widget_type=\"icon-list.default\">\n\t\t\t\t<div class=\"elementor-widget-container\">\n\t\t\t\t\t\t\t<ul class=\"elementor-icon-list-items\">\n\t\t\t\t\t\t\t<li class=\"elementor-icon-list-item\">\n\t\t\t\t\t\t\t\t\t\t\t<span class=\"elementor-icon-list-icon\">\n\t\t\t\t\t\t\t<i aria-hidden=\"true\" class=\"icon icon-checkmark-circle\"><\/i>\t\t\t\t\t\t<\/span>\n\t\t\t\t\t\t\t\t\t\t<span class=\"elementor-icon-list-text\">Crit\u00e8res de qualit\u00e9 stricts dans la culture, la r\u00e9colte et le conditionnement.<\/span>\n\t\t\t\t\t\t\t\t\t<\/li>\n\t\t\t\t\t\t\t\t<li class=\"elementor-icon-list-item\">\n\t\t\t\t\t\t\t\t\t\t\t<span class=\"elementor-icon-list-icon\">\n\t\t\t\t\t\t\t<i aria-hidden=\"true\" class=\"icon icon-checkmark-circle\"><\/i>\t\t\t\t\t\t<\/span>\n\t\t\t\t\t\t\t\t\t\t<span class=\"elementor-icon-list-text\">Une attention personnalis\u00e9e pour chaque client.<\/span>\n\t\t\t\t\t\t\t\t\t<\/li>\n\t\t\t\t\t\t\t\t<li class=\"elementor-icon-list-item\">\n\t\t\t\t\t\t\t\t\t\t\t<span class=\"elementor-icon-list-icon\">\n\t\t\t\t\t\t\t<i aria-hidden=\"true\" class=\"icon icon-checkmark-circle\"><\/i>\t\t\t\t\t\t<\/span>\n\t\t\t\t\t\t\t\t\t\t<span class=\"elementor-icon-list-text\">Transparence totale dans les processus, les prix et la logistique.<\/span>\n\t\t\t\t\t\t\t\t\t<\/li>\n\t\t\t\t\t\t\t\t<li class=\"elementor-icon-list-item\">\n\t\t\t\t\t\t\t\t\t\t\t<span class=\"elementor-icon-list-icon\">\n\t\t\t\t\t\t\t<i aria-hidden=\"true\" class=\"icon icon-checkmark-circle\"><\/i>\t\t\t\t\t\t<\/span>\n\t\t\t\t\t\t\t\t\t\t<span class=\"elementor-icon-list-text\">Engagement pour le territoire et l&#039;emploi local.<\/span>\n\t\t\t\t\t\t\t\t\t<\/li>\n\t\t\t\t\t\t\t\t<li class=\"elementor-icon-list-item\">\n\t\t\t\t\t\t\t\t\t\t\t<span class=\"elementor-icon-list-icon\">\n\t\t\t\t\t\t\t<i aria-hidden=\"true\" class=\"icon icon-checkmark-circle\"><\/i>\t\t\t\t\t\t<\/span>\n\t\t\t\t\t\t\t\t\t\t<span class=\"elementor-icon-list-text\">Utilisation efficace de l\u2019eau et des ressources naturelles.<\/span>\n\t\t\t\t\t\t\t\t\t<\/li>\n\t\t\t\t\t\t<\/ul>\n\t\t\t\t\t\t<\/div>\n\t\t\t\t<\/div>\n\t\t\t\t<\/div>\n\t\t\t\t\t<\/div>\n\t\t\t\t<\/div>\n\t\t<div class=\"elementor-element elementor-element-3ab7282 e-flex e-con-boxed e-con e-parent\" data-id=\"3ab7282\" data-element_type=\"container\" data-settings=\"{&quot;background_background&quot;:&quot;classic&quot;}\">\n\t\t\t\t\t<div class=\"e-con-inner\">\n\t\t\t\t<div class=\"elementor-element elementor-element-6436d69 elementor-widget elementor-widget-heading\" data-id=\"6436d69\" data-element_type=\"widget\" data-widget_type=\"heading.default\">\n\t\t\t\t<div class=\"elementor-widget-container\">\n\t\t\t\t\t<h5 class=\"elementor-heading-title elementor-size-default\">L&#039;\u00e9quipe Balu\u00e9 Fruits : passion et d\u00e9vouement au m\u00e9tier\n<\/h5>\t\t\t\t<\/div>\n\t\t\t\t<\/div>\n\t\t\t\t<div class=\"elementor-element elementor-element-8546adb elementor-widget__width-initial elementor-widget-mobile__width-inherit elementor-widget elementor-widget-text-editor\" data-id=\"8546adb\" data-element_type=\"widget\" data-widget_type=\"text-editor.default\">\n\t\t\t\t<div class=\"elementor-widget-container\">\n\t\t\t\t\t\t\t\t\t<p>Notre \u00e9quipe terrain et logistique prend en charge chaque \u00e9tape. Nous s\u00e9lectionnons personnellement les fruits, supervisons le stockage et coordonnons la distribution selon les normes de qualit\u00e9 europ\u00e9ennes. Nous sommes accompagn\u00e9s d&#039;agronomes, de techniciens et de travailleurs locaux, tous engag\u00e9s dans l&#039;excellence agricole.<\/p>\t\t\t\t\t\t\t\t<\/div>\n\t\t\t\t<\/div>\n\t\t\t\t<div class=\"elementor-element elementor-element-b23de6a elementor-align-left elementor-widget elementor-widget-button\" data-id=\"b23de6a\" data-element_type=\"widget\" data-widget_type=\"button.default\">\n\t\t\t\t<div class=\"elementor-widget-container\">\n\t\t\t\t\t\t\t\t\t<div class=\"elementor-button-wrapper\">\n\t\t\t\t\t<a class=\"elementor-button elementor-button-link elementor-size-xs elementor-animation-grow\" href=\"https:\/\/baluefruits.com\/fr\/contacte\/\">\n\t\t\t\t\t\t<span class=\"elementor-button-content-wrapper\">\n\t\t\t\t\t\t<span class=\"elementor-button-icon\">\n\t\t\t\t<svg aria-hidden=\"true\" class=\"e-font-icon-svg e-fas-arrow-right\" viewbox=\"0 0 448 512\" xmlns=\"http:\/\/www.w3.org\/2000\/svg\"><path d=\"M190.5 66.9l22.2-22.2c9.4-9.4 24.6-9.4 33.9 0L441 239c9.4 9.4 9.4 24.6 0 33.9L246.6 467.3c-9.4 9.4-24.6 9.4-33.9 0l-22.2-22.2c-9.5-9.5-9.3-25 .4-34.3L311.4 296H24c-13.3 0-24-10.7-24-24v-32c0-13.3 10.7-24 24-24h287.4L190.9 101.2c-9.8-9.3-10-24.8-.4-34.3z\"><\/path><\/svg>\t\t\t<\/span>\n\t\t\t\t\t\t\t\t\t<span class=\"elementor-button-text\"> Contactez-nous<\/span>\n\t\t\t\t\t<\/span>\n\t\t\t\t\t<\/a>\n\t\t\t\t<\/div>\n\t\t\t\t\t\t\t\t<\/div>\n\t\t\t\t<\/div>\n\t\t\t\t\t<\/div>\n\t\t\t\t<\/div>\n\t\t\t\t<\/div>","protected":false},"excerpt":{"rendered":"<p>Hist\u00f2ria i valors de Balu\u00e9 Fruits, productors agr\u00edcoles de fruita dol\u00e7a i oli d\u2019oliva a Lleida Missi\u00f3 de qualitat agr\u00edcola amb origen Lleida Des dels nostres or\u00edgens, Balu\u00e9 Fruits ha estat sin\u00f2nim d\u2019agricultura familiar aut\u00e8ntica, excel\u00b7l\u00e8ncia i comprom\u00eds. La nostra hist\u00f2ria comen\u00e7a a les f\u00e8rtils terres de Lleida, on des de fa d\u00e8cades cultivem fruita [&hellip;]<\/p>","protected":false},"author":1,"featured_media":0,"parent":0,"menu_order":0,"comment_status":"closed","ping_status":"closed","template":"","meta":{"footnotes":""},"class_list":["post-171","page","type-page","status-publish","hentry"],"yoast_head":"<!-- This site is optimized with the Yoast SEO plugin v26.3 - https:\/\/yoast.com\/wordpress\/plugins\/seo\/ -->\n<title>Nosaltres - Balue Fruits<\/title>\n<meta name=\"robots\" content=\"index, follow, max-snippet:-1, max-image-preview:large, max-video-preview:-1\" \/>\n<link rel=\"canonical\" href=\"https:\/\/baluefruits.com\/fr\/nosaltres\/\" \/>\n<meta property=\"og:locale\" content=\"fr_FR\" \/>\n<meta property=\"og:type\" content=\"article\" \/>\n<meta property=\"og:title\" content=\"Nosaltres - Balue Fruits\" \/>\n<meta property=\"og:description\" content=\"Hist\u00f2ria i valors de Balu\u00e9 Fruits, productors agr\u00edcoles de fruita dol\u00e7a i oli d\u2019oliva a Lleida Missi\u00f3 de qualitat agr\u00edcola amb origen Lleida Des dels nostres or\u00edgens, Balu\u00e9 Fruits ha estat sin\u00f2nim d\u2019agricultura familiar aut\u00e8ntica, excel\u00b7l\u00e8ncia i comprom\u00eds. La nostra hist\u00f2ria comen\u00e7a a les f\u00e8rtils terres de Lleida, on des de fa d\u00e8cades cultivem fruita [&hellip;]\" \/>\n<meta property=\"og:url\" content=\"https:\/\/baluefruits.com\/fr\/nosaltres\/\" \/>\n<meta property=\"og:site_name\" content=\"Balue Fruits\" \/>\n<meta property=\"article:modified_time\" content=\"2025-11-13T11:42:00+00:00\" \/>\n<meta name=\"twitter:card\" content=\"summary_large_image\" \/>\n<meta name=\"twitter:label1\" content=\"Dur\u00e9e de lecture estim\u00e9e\" \/>\n\t<meta name=\"twitter:data1\" content=\"2 minutes\" \/>\n<script type=\"application\/ld+json\" class=\"yoast-schema-graph\">{\"@context\":\"https:\/\/schema.org\",\"@graph\":[{\"@type\":\"WebPage\",\"@id\":\"https:\/\/baluefruits.com\/nosaltres\/\",\"url\":\"https:\/\/baluefruits.com\/nosaltres\/\",\"name\":\"Nosaltres - Balue Fruits\",\"isPartOf\":{\"@id\":\"https:\/\/baluefruits.com\/#website\"},\"datePublished\":\"2025-05-23T11:39:48+00:00\",\"dateModified\":\"2025-11-13T11:42:00+00:00\",\"breadcrumb\":{\"@id\":\"https:\/\/baluefruits.com\/nosaltres\/#breadcrumb\"},\"inLanguage\":\"fr-FR\",\"potentialAction\":[{\"@type\":\"ReadAction\",\"target\":[\"https:\/\/baluefruits.com\/nosaltres\/\"]}]},{\"@type\":\"BreadcrumbList\",\"@id\":\"https:\/\/baluefruits.com\/nosaltres\/#breadcrumb\",\"itemListElement\":[{\"@type\":\"ListItem\",\"position\":1,\"name\":\"Portada\",\"item\":\"https:\/\/baluefruits.com\/\"},{\"@type\":\"ListItem\",\"position\":2,\"name\":\"Nosaltres\"}]},{\"@type\":\"WebSite\",\"@id\":\"https:\/\/baluefruits.com\/#website\",\"url\":\"https:\/\/baluefruits.com\/\",\"name\":\"Balue Fruits\",\"description\":\"Productes agr\u00edcoles de qualitat a Lleida\",\"potentialAction\":[{\"@type\":\"SearchAction\",\"target\":{\"@type\":\"EntryPoint\",\"urlTemplate\":\"https:\/\/baluefruits.com\/?s={search_term_string}\"},\"query-input\":{\"@type\":\"PropertyValueSpecification\",\"valueRequired\":true,\"valueName\":\"search_term_string\"}}],\"inLanguage\":\"fr-FR\"}]}<\/script>\n<!-- \/ Yoast SEO plugin. -->","yoast_head_json":{"title":"Nosaltres - Balue Fruits","robots":{"index":"index","follow":"follow","max-snippet":"max-snippet:-1","max-image-preview":"max-image-preview:large","max-video-preview":"max-video-preview:-1"},"canonical":"https:\/\/baluefruits.com\/fr\/nosaltres\/","og_locale":"fr_FR","og_type":"article","og_title":"Nosaltres - Balue Fruits","og_description":"Hist\u00f2ria i valors de Balu\u00e9 Fruits, productors agr\u00edcoles de fruita dol\u00e7a i oli d\u2019oliva a Lleida Missi\u00f3 de qualitat agr\u00edcola amb origen Lleida Des dels nostres or\u00edgens, Balu\u00e9 Fruits ha estat sin\u00f2nim d\u2019agricultura familiar aut\u00e8ntica, excel\u00b7l\u00e8ncia i comprom\u00eds. La nostra hist\u00f2ria comen\u00e7a a les f\u00e8rtils terres de Lleida, on des de fa d\u00e8cades cultivem fruita [&hellip;]","og_url":"https:\/\/baluefruits.com\/fr\/nosaltres\/","og_site_name":"Balue Fruits","article_modified_time":"2025-11-13T11:42:00+00:00","twitter_card":"summary_large_image","twitter_misc":{"Dur\u00e9e de lecture estim\u00e9e":"2 minutes"},"schema":{"@context":"https:\/\/schema.org","@graph":[{"@type":"WebPage","@id":"https:\/\/baluefruits.com\/nosaltres\/","url":"https:\/\/baluefruits.com\/nosaltres\/","name":"Nosaltres - Balue Fruits","isPartOf":{"@id":"https:\/\/baluefruits.com\/#website"},"datePublished":"2025-05-23T11:39:48+00:00","dateModified":"2025-11-13T11:42:00+00:00","breadcrumb":{"@id":"https:\/\/baluefruits.com\/nosaltres\/#breadcrumb"},"inLanguage":"fr-FR","potentialAction":[{"@type":"ReadAction","target":["https:\/\/baluefruits.com\/nosaltres\/"]}]},{"@type":"BreadcrumbList","@id":"https:\/\/baluefruits.com\/nosaltres\/#breadcrumb","itemListElement":[{"@type":"ListItem","position":1,"name":"Portada","item":"https:\/\/baluefruits.com\/"},{"@type":"ListItem","position":2,"name":"Nosaltres"}]},{"@type":"WebSite","@id":"https:\/\/baluefruits.com\/#website","url":"https:\/\/baluefruits.com\/","name":"Fruits de Balue","description":"Produits agricoles de qualit\u00e9 \u00e0 Lleida","potentialAction":[{"@type":"SearchAction","target":{"@type":"EntryPoint","urlTemplate":"https:\/\/baluefruits.com\/?s={search_term_string}"},"query-input":{"@type":"PropertyValueSpecification","valueRequired":true,"valueName":"search_term_string"}}],"inLanguage":"fr-FR"}]}},"_links":{"self":[{"href":"https:\/\/baluefruits.com\/fr\/wp-json\/wp\/v2\/pages\/171","targetHints":{"allow":["GET"]}}],"collection":[{"href":"https:\/\/baluefruits.com\/fr\/wp-json\/wp\/v2\/pages"}],"about":[{"href":"https:\/\/baluefruits.com\/fr\/wp-json\/wp\/v2\/types\/page"}],"author":[{"embeddable":true,"href":"https:\/\/baluefruits.com\/fr\/wp-json\/wp\/v2\/users\/1"}],"replies":[{"embeddable":true,"href":"https:\/\/baluefruits.com\/fr\/wp-json\/wp\/v2\/comments?post=171"}],"version-history":[{"count":46,"href":"https:\/\/baluefruits.com\/fr\/wp-json\/wp\/v2\/pages\/171\/revisions"}],"predecessor-version":[{"id":1112,"href":"https:\/\/baluefruits.com\/fr\/wp-json\/wp\/v2\/pages\/171\/revisions\/1112"}],"wp:attachment":[{"href":"https:\/\/baluefruits.com\/fr\/wp-json\/wp\/v2\/media?parent=171"}],"curies":[{"name":"wp","href":"https:\/\/api.w.org\/{rel}","templated":true}]}}