{"id":171,"date":"2025-05-23T13:39:48","date_gmt":"2025-05-23T11:39:48","guid":{"rendered":"https:\/\/baluefruits.com\/?page_id=171"},"modified":"2025-11-13T12:42:00","modified_gmt":"2025-11-13T11:42:00","slug":"nosaltres","status":"publish","type":"page","link":"https:\/\/baluefruits.com\/es\/nosaltres\/","title":{"rendered":"Nosotros"},"content":{"rendered":"<div data-elementor-type=\"wp-page\" data-elementor-id=\"171\" class=\"elementor elementor-171\" data-elementor-post-type=\"page\">\n\t\t\t\t<div class=\"elementor-element elementor-element-1ab0968 e-flex e-con-boxed e-con e-parent\" data-id=\"1ab0968\" data-element_type=\"container\" data-settings=\"{&quot;background_background&quot;:&quot;classic&quot;}\">\n\t\t\t\t\t<div class=\"e-con-inner\">\n\t\t<div class=\"elementor-element elementor-element-8a01f1b e-con-full e-flex e-con e-child\" data-id=\"8a01f1b\" data-element_type=\"container\">\n\t\t\t\t<div class=\"elementor-element elementor-element-2314216 elementor-invisible elementor-widget elementor-widget-heading\" data-id=\"2314216\" data-element_type=\"widget\" data-settings=\"{&quot;_animation&quot;:&quot;fadeInUp&quot;}\" data-widget_type=\"heading.default\">\n\t\t\t\t<div class=\"elementor-widget-container\">\n\t\t\t\t\t<h1 class=\"elementor-heading-title elementor-size-default\">Historia y valores de Balu\u00e9 Fruits, productores agr\u00edcolas de fruta dulce y aceite de oliva en Lleida\n<\/h1>\t\t\t\t<\/div>\n\t\t\t\t<\/div>\n\t\t\t\t<\/div>\n\t\t\t\t\t<\/div>\n\t\t\t\t<\/div>\n\t\t<div class=\"elementor-element elementor-element-09c61a1 e-flex e-con-boxed e-con e-parent\" data-id=\"09c61a1\" data-element_type=\"container\">\n\t\t\t\t\t<div class=\"e-con-inner\">\n\t\t<div class=\"elementor-element elementor-element-98f25f6 e-con-full e-flex e-con e-child\" data-id=\"98f25f6\" data-element_type=\"container\" data-settings=\"{&quot;background_background&quot;:&quot;classic&quot;}\">\n\t\t\t\t<\/div>\n\t\t<div class=\"elementor-element elementor-element-8917ee3 e-con-full e-flex e-con e-child\" data-id=\"8917ee3\" data-element_type=\"container\">\n\t\t\t\t<div class=\"elementor-element elementor-element-96cc6b0 elementor-widget elementor-widget-heading\" data-id=\"96cc6b0\" data-element_type=\"widget\" data-widget_type=\"heading.default\">\n\t\t\t\t<div class=\"elementor-widget-container\">\n\t\t\t\t\t<h2 class=\"elementor-heading-title elementor-size-default\">Misi\u00f3n de calidad agr\u00edcola con origen Lleida<\/h2>\t\t\t\t<\/div>\n\t\t\t\t<\/div>\n\t\t\t\t<div class=\"elementor-element elementor-element-a4c08b7 elementor-widget elementor-widget-text-editor\" data-id=\"a4c08b7\" data-element_type=\"widget\" data-widget_type=\"text-editor.default\">\n\t\t\t\t<div class=\"elementor-widget-container\">\n\t\t\t\t\t\t\t\t\t<p>Desde nuestros or\u00edgenes, Balu\u00e9 Fruits ha sido sin\u00f3nimo de agricultura familiar aut\u00e9ntica, excelencia y compromiso. Nuestra historia comienza en las f\u00e9rtiles tierras de Lleida, donde desde hace d\u00e9cadas cultivamos fruta dulce y olivos con dedicaci\u00f3n y respeto por la tradici\u00f3n.<\/p><p>El equipo detr\u00e1s de Balu\u00e9 Fruits combina experiencia agr\u00edcola de toda la vida con nuevas generaciones que apuestan por la innovaci\u00f3n y la sostenibilidad. Trabajamos todos los d\u00edas para ofrecer productos agr\u00edcolas de calidad, respetando la naturaleza y el entorno local.<\/p>\t\t\t\t\t\t\t\t<\/div>\n\t\t\t\t<\/div>\n\t\t\t\t<\/div>\n\t\t\t\t\t<\/div>\n\t\t\t\t<\/div>\n\t\t<div class=\"elementor-element elementor-element-b516ad4 e-flex e-con-boxed e-con e-parent\" data-id=\"b516ad4\" data-element_type=\"container\" data-settings=\"{&quot;background_background&quot;:&quot;classic&quot;}\">\n\t\t\t\t\t<div class=\"e-con-inner\">\n\t\t\t\t<div class=\"elementor-element elementor-element-6793986 elementor-widget elementor-widget-heading\" data-id=\"6793986\" data-element_type=\"widget\" data-widget_type=\"heading.default\">\n\t\t\t\t<div class=\"elementor-widget-container\">\n\t\t\t\t\t<h3 class=\"elementor-heading-title elementor-size-default\"> Visi\u00f3n: generar desarrollo rural y confianza en cada pedido\n\n<\/h3>\t\t\t\t<\/div>\n\t\t\t\t<\/div>\n\t\t\t\t<div class=\"elementor-element elementor-element-da8a701 elementor-widget__width-initial elementor-widget-mobile__width-inherit elementor-widget elementor-widget-text-editor\" data-id=\"da8a701\" data-element_type=\"widget\" data-widget_type=\"text-editor.default\">\n\t\t\t\t<div class=\"elementor-widget-container\">\n\t\t\t\t\t\t\t\t\t<p>Nuestra visi\u00f3n es consolidar a Balu\u00e9 Fruits como referente europeo en el suministro de fruta dulce al por mayor y aceite de oliva, promoviendo productos de proximidad, frescos y seguros. Nos esforzamos por mantener relaciones de confianza con mayoristas, minoristas y consumidores finales, apostando siempre por un trato cercano y transparente.<\/p>\t\t\t\t\t\t\t\t<\/div>\n\t\t\t\t<\/div>\n\t\t\t\t\t<\/div>\n\t\t\t\t<\/div>\n\t\t<div class=\"elementor-element elementor-element-8e26707 e-flex e-con-boxed e-con e-parent\" data-id=\"8e26707\" data-element_type=\"container\">\n\t\t\t\t\t<div class=\"e-con-inner\">\n\t\t<div class=\"elementor-element elementor-element-faa0d8d e-con-full e-flex e-con e-child\" data-id=\"faa0d8d\" data-element_type=\"container\" data-settings=\"{&quot;background_background&quot;:&quot;classic&quot;}\">\n\t\t\t\t<\/div>\n\t\t<div class=\"elementor-element elementor-element-2c5c76b e-con-full e-flex e-con e-child\" data-id=\"2c5c76b\" data-element_type=\"container\">\n\t\t\t\t<div class=\"elementor-element elementor-element-9328a88 elementor-widget elementor-widget-heading\" data-id=\"9328a88\" data-element_type=\"widget\" data-widget_type=\"heading.default\">\n\t\t\t\t<div class=\"elementor-widget-container\">\n\t\t\t\t\t<div class=\"elementor-heading-title elementor-size-default\">Valores diferenciales<\/div>\t\t\t\t<\/div>\n\t\t\t\t<\/div>\n\t\t\t\t<div class=\"elementor-element elementor-element-8e6ab46 elementor-widget elementor-widget-heading\" data-id=\"8e6ab46\" data-element_type=\"widget\" data-widget_type=\"heading.default\">\n\t\t\t\t<div class=\"elementor-widget-container\">\n\t\t\t\t\t<h4 class=\"elementor-heading-title elementor-size-default\">Calidad, proximidad y sostenibilidad<\/h4>\t\t\t\t<\/div>\n\t\t\t\t<\/div>\n\t\t\t\t<div class=\"elementor-element elementor-element-21db467 elementor-widget elementor-widget-text-editor\" data-id=\"21db467\" data-element_type=\"widget\" data-widget_type=\"text-editor.default\">\n\t\t\t\t<div class=\"elementor-widget-container\">\n\t\t\t\t\t\t\t\t\t<p>Priorizamos la calidad en todo el proceso: cultivo, recolecci\u00f3n, selecci\u00f3n y env\u00edo. Garantizamos trazabilidad y frescura desde el campo hasta nuestros distribuidores.<\/p>\t\t\t\t\t\t\t\t<\/div>\n\t\t\t\t<\/div>\n\t\t\t\t<div class=\"elementor-element elementor-element-b2e61e3 elementor-icon-list--layout-traditional elementor-list-item-link-full_width elementor-widget elementor-widget-icon-list\" data-id=\"b2e61e3\" data-element_type=\"widget\" data-widget_type=\"icon-list.default\">\n\t\t\t\t<div class=\"elementor-widget-container\">\n\t\t\t\t\t\t\t<ul class=\"elementor-icon-list-items\">\n\t\t\t\t\t\t\t<li class=\"elementor-icon-list-item\">\n\t\t\t\t\t\t\t\t\t\t\t<span class=\"elementor-icon-list-icon\">\n\t\t\t\t\t\t\t<i aria-hidden=\"true\" class=\"icon icon-checkmark-circle\"><\/i>\t\t\t\t\t\t<\/span>\n\t\t\t\t\t\t\t\t\t\t<span class=\"elementor-icon-list-text\">Criterios estrictos de calidad en el cultivo, recolecci\u00f3n y envasado.<\/span>\n\t\t\t\t\t\t\t\t\t<\/li>\n\t\t\t\t\t\t\t\t<li class=\"elementor-icon-list-item\">\n\t\t\t\t\t\t\t\t\t\t\t<span class=\"elementor-icon-list-icon\">\n\t\t\t\t\t\t\t<i aria-hidden=\"true\" class=\"icon icon-checkmark-circle\"><\/i>\t\t\t\t\t\t<\/span>\n\t\t\t\t\t\t\t\t\t\t<span class=\"elementor-icon-list-text\">Atenci\u00f3n personalizada para cada cliente.<\/span>\n\t\t\t\t\t\t\t\t\t<\/li>\n\t\t\t\t\t\t\t\t<li class=\"elementor-icon-list-item\">\n\t\t\t\t\t\t\t\t\t\t\t<span class=\"elementor-icon-list-icon\">\n\t\t\t\t\t\t\t<i aria-hidden=\"true\" class=\"icon icon-checkmark-circle\"><\/i>\t\t\t\t\t\t<\/span>\n\t\t\t\t\t\t\t\t\t\t<span class=\"elementor-icon-list-text\">Transparencia total en procesos, precios y log\u00edstica.<\/span>\n\t\t\t\t\t\t\t\t\t<\/li>\n\t\t\t\t\t\t\t\t<li class=\"elementor-icon-list-item\">\n\t\t\t\t\t\t\t\t\t\t\t<span class=\"elementor-icon-list-icon\">\n\t\t\t\t\t\t\t<i aria-hidden=\"true\" class=\"icon icon-checkmark-circle\"><\/i>\t\t\t\t\t\t<\/span>\n\t\t\t\t\t\t\t\t\t\t<span class=\"elementor-icon-list-text\">Compromiso con el territorio y la ocupaci\u00f3n local.<\/span>\n\t\t\t\t\t\t\t\t\t<\/li>\n\t\t\t\t\t\t\t\t<li class=\"elementor-icon-list-item\">\n\t\t\t\t\t\t\t\t\t\t\t<span class=\"elementor-icon-list-icon\">\n\t\t\t\t\t\t\t<i aria-hidden=\"true\" class=\"icon icon-checkmark-circle\"><\/i>\t\t\t\t\t\t<\/span>\n\t\t\t\t\t\t\t\t\t\t<span class=\"elementor-icon-list-text\">Uso eficiente del agua y recursos naturales.<\/span>\n\t\t\t\t\t\t\t\t\t<\/li>\n\t\t\t\t\t\t<\/ul>\n\t\t\t\t\t\t<\/div>\n\t\t\t\t<\/div>\n\t\t\t\t<\/div>\n\t\t\t\t\t<\/div>\n\t\t\t\t<\/div>\n\t\t<div class=\"elementor-element elementor-element-3ab7282 e-flex e-con-boxed e-con e-parent\" data-id=\"3ab7282\" data-element_type=\"container\" data-settings=\"{&quot;background_background&quot;:&quot;classic&quot;}\">\n\t\t\t\t\t<div class=\"e-con-inner\">\n\t\t\t\t<div class=\"elementor-element elementor-element-6436d69 elementor-widget elementor-widget-heading\" data-id=\"6436d69\" data-element_type=\"widget\" data-widget_type=\"heading.default\">\n\t\t\t\t<div class=\"elementor-widget-container\">\n\t\t\t\t\t<h5 class=\"elementor-heading-title elementor-size-default\">El equipo de Balu\u00e9 Fruits: pasi\u00f3n y dedicaci\u00f3n al campo\n<\/h5>\t\t\t\t<\/div>\n\t\t\t\t<\/div>\n\t\t\t\t<div class=\"elementor-element elementor-element-8546adb elementor-widget__width-initial elementor-widget-mobile__width-inherit elementor-widget elementor-widget-text-editor\" data-id=\"8546adb\" data-element_type=\"widget\" data-widget_type=\"text-editor.default\">\n\t\t\t\t<div class=\"elementor-widget-container\">\n\t\t\t\t\t\t\t\t\t<p>Nuestro equipo de campo y log\u00edstica cuida en cada etapa. Seleccionamos la fruta personalmente, supervisamos el almacenamiento y coordinamos la distribuci\u00f3n seg\u00fan los est\u00e1ndares europeos de calidad. Nos acompa\u00f1an ingenieros agr\u00f3nomos, t\u00e9cnicos y trabajadores locales, todos ellos comprometidos con la excelencia agr\u00edcola.<\/p>\t\t\t\t\t\t\t\t<\/div>\n\t\t\t\t<\/div>\n\t\t\t\t<div class=\"elementor-element elementor-element-b23de6a elementor-align-left elementor-widget elementor-widget-button\" data-id=\"b23de6a\" data-element_type=\"widget\" data-widget_type=\"button.default\">\n\t\t\t\t<div class=\"elementor-widget-container\">\n\t\t\t\t\t\t\t\t\t<div class=\"elementor-button-wrapper\">\n\t\t\t\t\t<a class=\"elementor-button elementor-button-link elementor-size-xs elementor-animation-grow\" href=\"https:\/\/baluefruits.com\/es\/contacte\/\">\n\t\t\t\t\t\t<span class=\"elementor-button-content-wrapper\">\n\t\t\t\t\t\t<span class=\"elementor-button-icon\">\n\t\t\t\t<svg aria-hidden=\"true\" class=\"e-font-icon-svg e-fas-arrow-right\" viewbox=\"0 0 448 512\" xmlns=\"http:\/\/www.w3.org\/2000\/svg\"><path d=\"M190.5 66.9l22.2-22.2c9.4-9.4 24.6-9.4 33.9 0L441 239c9.4 9.4 9.4 24.6 0 33.9L246.6 467.3c-9.4 9.4-24.6 9.4-33.9 0l-22.2-22.2c-9.5-9.5-9.3-25 .4-34.3L311.4 296H24c-13.3 0-24-10.7-24-24v-32c0-13.3 10.7-24 24-24h287.4L190.9 101.2c-9.8-9.3-10-24.8-.4-34.3z\"><\/path><\/svg>\t\t\t<\/span>\n\t\t\t\t\t\t\t\t\t<span class=\"elementor-button-text\"> Contacta con nosotros<\/span>\n\t\t\t\t\t<\/span>\n\t\t\t\t\t<\/a>\n\t\t\t\t<\/div>\n\t\t\t\t\t\t\t\t<\/div>\n\t\t\t\t<\/div>\n\t\t\t\t\t<\/div>\n\t\t\t\t<\/div>\n\t\t\t\t<\/div>","protected":false},"excerpt":{"rendered":"<p>Hist\u00f2ria i valors de Balu\u00e9 Fruits, productors agr\u00edcoles de fruita dol\u00e7a i oli d\u2019oliva a Lleida Missi\u00f3 de qualitat agr\u00edcola amb origen Lleida Des dels nostres or\u00edgens, Balu\u00e9 Fruits ha estat sin\u00f2nim d\u2019agricultura familiar aut\u00e8ntica, excel\u00b7l\u00e8ncia i comprom\u00eds. La nostra hist\u00f2ria comen\u00e7a a les f\u00e8rtils terres de Lleida, on des de fa d\u00e8cades cultivem fruita [&hellip;]<\/p>","protected":false},"author":1,"featured_media":0,"parent":0,"menu_order":0,"comment_status":"closed","ping_status":"closed","template":"","meta":{"footnotes":""},"class_list":["post-171","page","type-page","status-publish","hentry"],"yoast_head":"<!-- This site is optimized with the Yoast SEO plugin v26.3 - https:\/\/yoast.com\/wordpress\/plugins\/seo\/ -->\n<title>Nosaltres - Balue Fruits<\/title>\n<meta name=\"robots\" content=\"index, follow, max-snippet:-1, max-image-preview:large, max-video-preview:-1\" \/>\n<link rel=\"canonical\" href=\"https:\/\/baluefruits.com\/es\/nosaltres\/\" \/>\n<meta property=\"og:locale\" content=\"es_ES\" \/>\n<meta property=\"og:type\" content=\"article\" \/>\n<meta property=\"og:title\" content=\"Nosaltres - Balue Fruits\" \/>\n<meta property=\"og:description\" content=\"Hist\u00f2ria i valors de Balu\u00e9 Fruits, productors agr\u00edcoles de fruita dol\u00e7a i oli d\u2019oliva a Lleida Missi\u00f3 de qualitat agr\u00edcola amb origen Lleida Des dels nostres or\u00edgens, Balu\u00e9 Fruits ha estat sin\u00f2nim d\u2019agricultura familiar aut\u00e8ntica, excel\u00b7l\u00e8ncia i comprom\u00eds. La nostra hist\u00f2ria comen\u00e7a a les f\u00e8rtils terres de Lleida, on des de fa d\u00e8cades cultivem fruita [&hellip;]\" \/>\n<meta property=\"og:url\" content=\"https:\/\/baluefruits.com\/es\/nosaltres\/\" \/>\n<meta property=\"og:site_name\" content=\"Balue Fruits\" \/>\n<meta property=\"article:modified_time\" content=\"2025-11-13T11:42:00+00:00\" \/>\n<meta name=\"twitter:card\" content=\"summary_large_image\" \/>\n<meta name=\"twitter:label1\" content=\"Tiempo de lectura\" \/>\n\t<meta name=\"twitter:data1\" content=\"2 minutos\" \/>\n<script type=\"application\/ld+json\" class=\"yoast-schema-graph\">{\"@context\":\"https:\/\/schema.org\",\"@graph\":[{\"@type\":\"WebPage\",\"@id\":\"https:\/\/baluefruits.com\/nosaltres\/\",\"url\":\"https:\/\/baluefruits.com\/nosaltres\/\",\"name\":\"Nosaltres - Balue Fruits\",\"isPartOf\":{\"@id\":\"https:\/\/baluefruits.com\/#website\"},\"datePublished\":\"2025-05-23T11:39:48+00:00\",\"dateModified\":\"2025-11-13T11:42:00+00:00\",\"breadcrumb\":{\"@id\":\"https:\/\/baluefruits.com\/nosaltres\/#breadcrumb\"},\"inLanguage\":\"es\",\"potentialAction\":[{\"@type\":\"ReadAction\",\"target\":[\"https:\/\/baluefruits.com\/nosaltres\/\"]}]},{\"@type\":\"BreadcrumbList\",\"@id\":\"https:\/\/baluefruits.com\/nosaltres\/#breadcrumb\",\"itemListElement\":[{\"@type\":\"ListItem\",\"position\":1,\"name\":\"Portada\",\"item\":\"https:\/\/baluefruits.com\/\"},{\"@type\":\"ListItem\",\"position\":2,\"name\":\"Nosaltres\"}]},{\"@type\":\"WebSite\",\"@id\":\"https:\/\/baluefruits.com\/#website\",\"url\":\"https:\/\/baluefruits.com\/\",\"name\":\"Balue Fruits\",\"description\":\"Productes agr\u00edcoles de qualitat a Lleida\",\"potentialAction\":[{\"@type\":\"SearchAction\",\"target\":{\"@type\":\"EntryPoint\",\"urlTemplate\":\"https:\/\/baluefruits.com\/?s={search_term_string}\"},\"query-input\":{\"@type\":\"PropertyValueSpecification\",\"valueRequired\":true,\"valueName\":\"search_term_string\"}}],\"inLanguage\":\"es\"}]}<\/script>\n<!-- \/ Yoast SEO plugin. -->","yoast_head_json":{"title":"Nosaltres - Balue Fruits","robots":{"index":"index","follow":"follow","max-snippet":"max-snippet:-1","max-image-preview":"max-image-preview:large","max-video-preview":"max-video-preview:-1"},"canonical":"https:\/\/baluefruits.com\/es\/nosaltres\/","og_locale":"es_ES","og_type":"article","og_title":"Nosaltres - Balue Fruits","og_description":"Hist\u00f2ria i valors de Balu\u00e9 Fruits, productors agr\u00edcoles de fruita dol\u00e7a i oli d\u2019oliva a Lleida Missi\u00f3 de qualitat agr\u00edcola amb origen Lleida Des dels nostres or\u00edgens, Balu\u00e9 Fruits ha estat sin\u00f2nim d\u2019agricultura familiar aut\u00e8ntica, excel\u00b7l\u00e8ncia i comprom\u00eds. La nostra hist\u00f2ria comen\u00e7a a les f\u00e8rtils terres de Lleida, on des de fa d\u00e8cades cultivem fruita [&hellip;]","og_url":"https:\/\/baluefruits.com\/es\/nosaltres\/","og_site_name":"Balue Fruits","article_modified_time":"2025-11-13T11:42:00+00:00","twitter_card":"summary_large_image","twitter_misc":{"Tiempo de lectura":"2 minutos"},"schema":{"@context":"https:\/\/schema.org","@graph":[{"@type":"WebPage","@id":"https:\/\/baluefruits.com\/nosaltres\/","url":"https:\/\/baluefruits.com\/nosaltres\/","name":"Nosaltres - Balue Fruits","isPartOf":{"@id":"https:\/\/baluefruits.com\/#website"},"datePublished":"2025-05-23T11:39:48+00:00","dateModified":"2025-11-13T11:42:00+00:00","breadcrumb":{"@id":"https:\/\/baluefruits.com\/nosaltres\/#breadcrumb"},"inLanguage":"es","potentialAction":[{"@type":"ReadAction","target":["https:\/\/baluefruits.com\/nosaltres\/"]}]},{"@type":"BreadcrumbList","@id":"https:\/\/baluefruits.com\/nosaltres\/#breadcrumb","itemListElement":[{"@type":"ListItem","position":1,"name":"Portada","item":"https:\/\/baluefruits.com\/"},{"@type":"ListItem","position":2,"name":"Nosaltres"}]},{"@type":"WebSite","@id":"https:\/\/baluefruits.com\/#website","url":"https:\/\/baluefruits.com\/","name":"Balue Fruits","description":"Productos agr\u00edcolas de calidad en Lleida","potentialAction":[{"@type":"SearchAction","target":{"@type":"EntryPoint","urlTemplate":"https:\/\/baluefruits.com\/?s={search_term_string}"},"query-input":{"@type":"PropertyValueSpecification","valueRequired":true,"valueName":"search_term_string"}}],"inLanguage":"es"}]}},"_links":{"self":[{"href":"https:\/\/baluefruits.com\/es\/wp-json\/wp\/v2\/pages\/171","targetHints":{"allow":["GET"]}}],"collection":[{"href":"https:\/\/baluefruits.com\/es\/wp-json\/wp\/v2\/pages"}],"about":[{"href":"https:\/\/baluefruits.com\/es\/wp-json\/wp\/v2\/types\/page"}],"author":[{"embeddable":true,"href":"https:\/\/baluefruits.com\/es\/wp-json\/wp\/v2\/users\/1"}],"replies":[{"embeddable":true,"href":"https:\/\/baluefruits.com\/es\/wp-json\/wp\/v2\/comments?post=171"}],"version-history":[{"count":46,"href":"https:\/\/baluefruits.com\/es\/wp-json\/wp\/v2\/pages\/171\/revisions"}],"predecessor-version":[{"id":1112,"href":"https:\/\/baluefruits.com\/es\/wp-json\/wp\/v2\/pages\/171\/revisions\/1112"}],"wp:attachment":[{"href":"https:\/\/baluefruits.com\/es\/wp-json\/wp\/v2\/media?parent=171"}],"curies":[{"name":"wp","href":"https:\/\/api.w.org\/{rel}","templated":true}]}}