{"id":1361,"date":"2026-02-18T08:58:37","date_gmt":"2026-02-18T07:58:37","guid":{"rendered":"https:\/\/baluefruits.com\/?page_id=1361"},"modified":"2026-03-09T09:03:11","modified_gmt":"2026-03-09T08:03:11","slug":"venda-de-fruita-tremp","status":"publish","type":"page","link":"https:\/\/baluefruits.com\/es\/venda-de-fruita-tremp\/","title":{"rendered":"Venda de fruita Tremp"},"content":{"rendered":"<div data-elementor-type=\"wp-page\" data-elementor-id=\"1361\" class=\"elementor elementor-1361\" data-elementor-post-type=\"page\">\n\t\t\t\t<div class=\"elementor-element elementor-element-a549f42 e-flex e-con-boxed e-con e-parent\" data-id=\"a549f42\" data-element_type=\"container\" data-settings=\"{&quot;background_background&quot;:&quot;classic&quot;}\">\n\t\t\t\t\t<div class=\"e-con-inner\">\n\t\t<div class=\"elementor-element elementor-element-418fc7e e-con-full e-flex e-con e-child\" data-id=\"418fc7e\" data-element_type=\"container\">\n\t\t\t\t<div class=\"elementor-element elementor-element-aa472a9 elementor-invisible elementor-widget elementor-widget-heading\" data-id=\"aa472a9\" data-element_type=\"widget\" data-settings=\"{&quot;_animation&quot;:&quot;fadeInUp&quot;}\" data-widget_type=\"heading.default\">\n\t\t\t\t<div class=\"elementor-widget-container\">\n\t\t\t\t\t<h1 class=\"elementor-heading-title elementor-size-default\">Venda de fruita Tremp<\/h1>\t\t\t\t<\/div>\n\t\t\t\t<\/div>\n\t\t\t\t<\/div>\n\t\t\t\t\t<\/div>\n\t\t\t\t<\/div>\n\t\t<div class=\"elementor-element elementor-element-b834fe7 e-grid e-con-boxed e-con e-parent\" data-id=\"b834fe7\" data-element_type=\"container\">\n\t\t\t\t\t<div class=\"e-con-inner\">\n\t\t\t\t<div class=\"elementor-element elementor-element-6cf5d3d elementor-widget elementor-widget-text-editor\" data-id=\"6cf5d3d\" data-element_type=\"widget\" data-widget_type=\"text-editor.default\">\n\t\t\t\t<div class=\"elementor-widget-container\">\n\t\t\t\t\t\t\t\t\t<h1 data-start=\"243\" data-end=\"323\">Descobreix la millor venda de fruita Tremp<\/h1><p data-start=\"325\" data-end=\"970\">A la nostra empresa, ens especialitzem en oferir la millor <strong data-start=\"340\" data-end=\"365\">venda de fruita Tremp<\/strong>, garantint productes frescos i de qualitat superior. Cada pe\u00e7a \u00e9s seleccionada amb cura per assegurar un sabor natural i una presentaci\u00f3 impecable. Tant si ets un client particular com un negoci del sector alimentari, la nostra fruita \u00e9s l\u2019opci\u00f3 ideal per complir amb les necessitats m\u00e9s exigents. El nostre comprom\u00eds amb l\u2019excel\u00b7l\u00e8ncia ens permet destacar en el mercat local i oferir un servei de confian\u00e7a a tots els nostres clients.<\/p>\t\t\t\t\t\t\t\t<\/div>\n\t\t\t\t<\/div>\n\t\t\t\t<div class=\"elementor-element elementor-element-f9d344a elementor-widget elementor-widget-image\" data-id=\"f9d344a\" data-element_type=\"widget\" data-widget_type=\"image.default\">\n\t\t\t\t<div class=\"elementor-widget-container\">\n\t\t\t\t\t\t\t\t\t\t\t\t\t\t\t<img fetchpriority=\"high\" decoding=\"async\" width=\"800\" height=\"500\" src=\"https:\/\/baluefruits.com\/wp-content\/uploads\/2025\/11\/comprar-fruites-a-lengros-1-1024x640.jpg\" class=\"attachment-large size-large wp-image-1199\" alt=\"comprar fruites a l\u2019engr\u00f2s\" srcset=\"https:\/\/baluefruits.com\/wp-content\/uploads\/2025\/11\/comprar-fruites-a-lengros-1-1024x640.jpg 1024w, https:\/\/baluefruits.com\/wp-content\/uploads\/2025\/11\/comprar-fruites-a-lengros-1-300x188.jpg 300w, https:\/\/baluefruits.com\/wp-content\/uploads\/2025\/11\/comprar-fruites-a-lengros-1-768x480.jpg 768w, https:\/\/baluefruits.com\/wp-content\/uploads\/2025\/11\/comprar-fruites-a-lengros-1-18x12.jpg 18w, https:\/\/baluefruits.com\/wp-content\/uploads\/2025\/11\/comprar-fruites-a-lengros-1.jpg 1200w\" sizes=\"(max-width: 800px) 100vw, 800px\" \/>\t\t\t\t\t\t\t\t\t\t\t\t\t\t\t<\/div>\n\t\t\t\t<\/div>\n\t\t\t\t<div class=\"elementor-element elementor-element-acefe19 elementor-widget elementor-widget-image\" data-id=\"acefe19\" data-element_type=\"widget\" data-widget_type=\"image.default\">\n\t\t\t\t<div class=\"elementor-widget-container\">\n\t\t\t\t\t\t\t\t\t\t\t\t\t\t\t<img decoding=\"async\" width=\"800\" height=\"500\" src=\"https:\/\/baluefruits.com\/wp-content\/uploads\/2025\/09\/fruita-dolca-4-1024x640.jpg\" class=\"attachment-large size-large wp-image-937\" alt=\"fruiteria\" srcset=\"https:\/\/baluefruits.com\/wp-content\/uploads\/2025\/09\/fruita-dolca-4-1024x640.jpg 1024w, https:\/\/baluefruits.com\/wp-content\/uploads\/2025\/09\/fruita-dolca-4-300x188.jpg 300w, https:\/\/baluefruits.com\/wp-content\/uploads\/2025\/09\/fruita-dolca-4-768x480.jpg 768w, https:\/\/baluefruits.com\/wp-content\/uploads\/2025\/09\/fruita-dolca-4-18x12.jpg 18w, https:\/\/baluefruits.com\/wp-content\/uploads\/2025\/09\/fruita-dolca-4.jpg 1200w\" sizes=\"(max-width: 800px) 100vw, 800px\" \/>\t\t\t\t\t\t\t\t\t\t\t\t\t\t\t<\/div>\n\t\t\t\t<\/div>\n\t\t\t\t<div class=\"elementor-element elementor-element-295da74 elementor-widget elementor-widget-text-editor\" data-id=\"295da74\" data-element_type=\"widget\" data-widget_type=\"text-editor.default\">\n\t\t\t\t<div class=\"elementor-widget-container\">\n\t\t\t\t\t\t\t\t\t<h2 data-start=\"1404\" data-end=\"1469\">Processos sostenibles en la venda de fruita Tremp<\/h2><p data-start=\"859\" data-end=\"1394\">La sostenibilitat \u00e9s un pilar fonamental en la nostra <strong data-start=\"922\" data-end=\"947\">venda de fruita Tremp<\/strong>. Implementem pr\u00e0ctiques agr\u00edcoles respectuoses amb el medi ambient, com l\u2019\u00fas eficient de l\u2019aigua i t\u00e8cniques de cultiu que preserven la biodiversitat local. Cada fruita es cultiva seguint estrictes protocols de qualitat, assegurant un producte saludable, segur i ecol\u00f2gic. La nostra aposta per la sostenibilitat garanteix un producte de confian\u00e7a i contribueix a la protecci\u00f3 dels recursos naturals de la regi\u00f3.<\/p>\t\t\t\t\t\t\t\t<\/div>\n\t\t\t\t<\/div>\n\t\t\t\t\t<\/div>\n\t\t\t\t<\/div>\n\t\t<div class=\"elementor-element elementor-element-36b7a01 e-grid e-con-boxed e-con e-parent\" data-id=\"36b7a01\" data-element_type=\"container\">\n\t\t\t\t\t<div class=\"e-con-inner\">\n\t\t\t\t<div class=\"elementor-element elementor-element-ca205d5 elementor-widget elementor-widget-text-editor\" data-id=\"ca205d5\" data-element_type=\"widget\" data-widget_type=\"text-editor.default\">\n\t\t\t\t<div class=\"elementor-widget-container\">\n\t\t\t\t\t\t\t\t\t<h2 data-start=\"2114\" data-end=\"2181\">Innovaci\u00f3 i tecnologia en la venda de fruita Tremp<\/h2><p data-start=\"1427\" data-end=\"1916\">La innovaci\u00f3 \u00e9s clau per oferir una <strong data-start=\"1463\" data-end=\"1488\">venda de fruita Tremp<\/strong> de qualitat superior. Comptem amb sistemes avan\u00e7ats de control de qualitat i tecnologia d\u2019envasament que permeten mantenir la frescor i la textura de cada pe\u00e7a durant m\u00e9s temps. El nostre equip d\u2019experts treballa constantment per millorar cada etapa del proc\u00e9s, des de la selecci\u00f3 de les varietats fins a la distribuci\u00f3 final. Aix\u00ed, els nostres clients poden confiar que cada fruita compleixi amb els est\u00e0ndards m\u00e9s exigents.<\/p>\t\t\t\t\t\t\t\t<\/div>\n\t\t\t\t<\/div>\n\t\t\t\t<div class=\"elementor-element elementor-element-c4b14fd elementor-widget elementor-widget-image\" data-id=\"c4b14fd\" data-element_type=\"widget\" data-widget_type=\"image.default\">\n\t\t\t\t<div class=\"elementor-widget-container\">\n\t\t\t\t\t\t\t\t\t\t\t\t\t\t\t<img decoding=\"async\" width=\"800\" height=\"500\" src=\"https:\/\/baluefruits.com\/wp-content\/uploads\/2025\/11\/comprar-fruites-a-lengros-4-1024x640.jpg\" class=\"attachment-large size-large wp-image-1196\" alt=\"comprar fruites a l\u2019engr\u00f2s\" srcset=\"https:\/\/baluefruits.com\/wp-content\/uploads\/2025\/11\/comprar-fruites-a-lengros-4-1024x640.jpg 1024w, https:\/\/baluefruits.com\/wp-content\/uploads\/2025\/11\/comprar-fruites-a-lengros-4-300x188.jpg 300w, https:\/\/baluefruits.com\/wp-content\/uploads\/2025\/11\/comprar-fruites-a-lengros-4-768x480.jpg 768w, https:\/\/baluefruits.com\/wp-content\/uploads\/2025\/11\/comprar-fruites-a-lengros-4-18x12.jpg 18w, https:\/\/baluefruits.com\/wp-content\/uploads\/2025\/11\/comprar-fruites-a-lengros-4.jpg 1200w\" sizes=\"(max-width: 800px) 100vw, 800px\" \/>\t\t\t\t\t\t\t\t\t\t\t\t\t\t\t<\/div>\n\t\t\t\t<\/div>\n\t\t\t\t<div class=\"elementor-element elementor-element-298331e elementor-widget elementor-widget-image\" data-id=\"298331e\" data-element_type=\"widget\" data-widget_type=\"image.default\">\n\t\t\t\t<div class=\"elementor-widget-container\">\n\t\t\t\t\t\t\t\t\t\t\t\t\t\t\t<img loading=\"lazy\" decoding=\"async\" width=\"785\" height=\"491\" src=\"https:\/\/baluefruits.com\/wp-content\/uploads\/2025\/12\/comprar-fruites-a-lengros.jpg\" class=\"attachment-large size-large wp-image-1238\" alt=\"comprar fruites a l&#039;engr\u00f2s\" srcset=\"https:\/\/baluefruits.com\/wp-content\/uploads\/2025\/12\/comprar-fruites-a-lengros.jpg 785w, https:\/\/baluefruits.com\/wp-content\/uploads\/2025\/12\/comprar-fruites-a-lengros-300x188.jpg 300w, https:\/\/baluefruits.com\/wp-content\/uploads\/2025\/12\/comprar-fruites-a-lengros-768x480.jpg 768w, https:\/\/baluefruits.com\/wp-content\/uploads\/2025\/12\/comprar-fruites-a-lengros-18x12.jpg 18w\" sizes=\"(max-width: 785px) 100vw, 785px\" \/>\t\t\t\t\t\t\t\t\t\t\t\t\t\t\t<\/div>\n\t\t\t\t<\/div>\n\t\t\t\t<div class=\"elementor-element elementor-element-7a60a8a elementor-widget elementor-widget-text-editor\" data-id=\"7a60a8a\" data-element_type=\"widget\" data-widget_type=\"text-editor.default\">\n\t\t\t\t<div class=\"elementor-widget-container\">\n\t\t\t\t\t\t\t\t\t<h2 data-start=\"2983\" data-end=\"3046\">Distribuci\u00f3 eficient i servei de la venda de fruita Tremp<\/h2><p data-start=\"1989\" data-end=\"2479\">Oferim una distribuci\u00f3 \u00e0gil i fiable de la <strong data-start=\"2032\" data-end=\"2057\">venda de fruita Tremp<\/strong>, assegurant que cada producte arribi en condicions \u00f2ptimes. La nostra xarxa log\u00edstica cobreix tant clients locals com internacionals, amb opcions personalitzades segons les necessitats de cada negoci. A m\u00e9s, el nostre equip d\u2019atenci\u00f3 al client est\u00e0 sempre disponible per oferir suport i assessorament. Triar-nos significa confiar en un soci comprom\u00e8s amb la qualitat, la puntualitat i la satisfacci\u00f3 total dels clients.<\/p>\t\t\t\t\t\t\t\t<\/div>\n\t\t\t\t<\/div>\n\t\t\t\t\t<\/div>\n\t\t\t\t<\/div>\n\t\t<div class=\"elementor-element elementor-element-9bd15ad e-con-full e-flex elementor-invisible e-con e-child\" data-id=\"9bd15ad\" data-element_type=\"container\" data-settings=\"{&quot;background_background&quot;:&quot;classic&quot;,&quot;animation&quot;:&quot;fadeInRight&quot;}\">\n\t\t\t\t<div class=\"elementor-element elementor-element-a8ea223 elementor-widget elementor-widget-heading\" data-id=\"a8ea223\" data-element_type=\"widget\" data-widget_type=\"heading.default\">\n\t\t\t\t<div class=\"elementor-widget-container\">\n\t\t\t\t\t<h6 class=\"elementor-heading-title elementor-size-default\">Contacta con Balue Fruits<\/h6>\t\t\t\t<\/div>\n\t\t\t\t<\/div>\n\t\t\t\t<div class=\"elementor-element elementor-element-6dff0cb elementor-widget elementor-widget-heading\" data-id=\"6dff0cb\" data-element_type=\"widget\" data-widget_type=\"heading.default\">\n\t\t\t\t<div class=\"elementor-widget-container\">\n\t\t\t\t\t<h2 class=\"elementor-heading-title elementor-size-default\">Pedidos de fruta dulce y aceite de oliva\n<\/h2>\t\t\t\t<\/div>\n\t\t\t\t<\/div>\n\t\t\t\t<div class=\"elementor-element elementor-element-213d35c elementor-widget elementor-widget-elementskit-contact-form7\" data-id=\"213d35c\" data-element_type=\"widget\" data-widget_type=\"elementskit-contact-form7.default\">\n\t\t\t\t<div class=\"elementor-widget-container\">\n\t\t\t\t\t<div class=\"ekit-wid-con\" ><div class=\"ekit-form\">\n<div class=\"wpcf7 no-js\" id=\"wpcf7-f45-p1361-o1\" lang=\"es-ES\" dir=\"ltr\" data-wpcf7-id=\"45\">\n<div class=\"screen-reader-response\"><p role=\"status\" aria-live=\"polite\" aria-atomic=\"true\"><\/p> <ul><\/ul><\/div>\n<form action=\"\/es\/venda-de-fruita-tremp\/#wpcf7-f45-p1361-o1\" method=\"post\" class=\"wpcf7-form init\" aria-label=\"Formulario de contacto\" novalidate=\"novalidate\" data-status=\"init\" data-trp-original-action=\"\/venda-de-fruita-tremp\/#wpcf7-f45-p1361-o1\">\n<fieldset class=\"hidden-fields-container\"><input type=\"hidden\" name=\"_wpcf7\" value=\"45\" \/><input type=\"hidden\" name=\"_wpcf7_version\" value=\"6.1.3\" \/><input type=\"hidden\" name=\"_wpcf7_locale\" value=\"es_ES\" \/><input type=\"hidden\" name=\"_wpcf7_unit_tag\" value=\"wpcf7-f45-p1361-o1\" \/><input type=\"hidden\" name=\"_wpcf7_container_post\" value=\"1361\" \/><input type=\"hidden\" name=\"_wpcf7_posted_data_hash\" value=\"\" \/><input type=\"hidden\" name=\"_wpcf7_recaptcha_response\" value=\"\" \/>\n<\/fieldset>\n<div class=\"form-row\">\n\t<div class=\"form-column\">\n\t\t<p><label for=\"nombre\">Nombre *<\/label><br \/>\n<span class=\"wpcf7-form-control-wrap\" data-name=\"nombre\"><input size=\"40\" maxlength=\"400\" class=\"wpcf7-form-control wpcf7-text wpcf7-validates-as-required\" id=\"nombre\" aria-required=\"true\" aria-invalid=\"false\" placeholder=\"Ej: Joan Garcia\" value=\"\" type=\"text\" name=\"nombre\" \/><\/span>\n\t\t<\/p>\n\t<\/div>\n\t<div class=\"form-column\">\n\t\t<p><label for=\"telefono\">Tel\u00e9fono *<\/label><br \/>\n<span class=\"wpcf7-form-control-wrap\" data-name=\"telefono\"><input size=\"40\" maxlength=\"400\" class=\"wpcf7-form-control wpcf7-tel wpcf7-validates-as-required wpcf7-text wpcf7-validates-as-tel\" id=\"telefono\" aria-required=\"true\" aria-invalid=\"false\" placeholder=\"Ej: 666 777 888\" value=\"\" type=\"tel\" name=\"telefono\" \/><\/span>\n\t\t<\/p>\n\t<\/div>\n<\/div>\n<div class=\"form-row\">\n\t<div class=\"form-column\">\n\t\t<p><label for=\"email\">Correo electr\u00f3nico *<\/label><br \/>\n<span class=\"wpcf7-form-control-wrap\" data-name=\"email\"><input size=\"40\" maxlength=\"400\" class=\"wpcf7-form-control wpcf7-email wpcf7-validates-as-required wpcf7-text wpcf7-validates-as-email\" id=\"email\" aria-required=\"true\" aria-invalid=\"false\" placeholder=\"Ej: info@domini.com\" value=\"\" type=\"email\" name=\"email\" \/><\/span>\n\t\t<\/p>\n\t<\/div>\n\t<div class=\"form-column\">\n\t\t<p><label for=\"asunto\">Asunto *<\/label><br \/>\n<span class=\"wpcf7-form-control-wrap\" data-name=\"asunto\"><input size=\"40\" maxlength=\"400\" class=\"wpcf7-form-control wpcf7-text wpcf7-validates-as-required\" id=\"asunto\" aria-required=\"true\" aria-invalid=\"false\" placeholder=\"Motivo de la consulta\" value=\"\" type=\"text\" name=\"asunto\" \/><\/span>\n\t\t<\/p>\n\t<\/div>\n<\/div>\n<div class=\"form-row-full\">\n\t<p><label for=\"mensaje\">Mensaje *<\/label><br \/>\n<span class=\"wpcf7-form-control-wrap\" data-name=\"mensaje\"><textarea cols=\"40\" rows=\"10\" maxlength=\"2000\" class=\"wpcf7-form-control wpcf7-textarea wpcf7-validates-as-required\" id=\"mensaje\" aria-required=\"true\" aria-invalid=\"false\" placeholder=\"Escribe aqu\u00ed tu mensaje...\" name=\"mensaje\"><\/textarea><\/span>\n\t<\/p>\n<\/div>\n<div class=\"form-acceptance\">\n\t<p><span class=\"wpcf7-form-control-wrap\" data-name=\"politica\"><span class=\"wpcf7-form-control wpcf7-acceptance\"><span class=\"wpcf7-list-item\"><label><input type=\"checkbox\" name=\"politica\" value=\"1\" aria-invalid=\"false\" \/><span class=\"wpcf7-list-item-label\"><span class=\"txt-acepto\">He le\u00eddo y acepto la  <\/span>\n    <a class=\"pp\" href=\"\/es\/politica-de-privacitat\/\">Pol\u00edtica de Privacidad <\/a><\/span><\/label><\/span><\/span><\/span>\n\t<\/p>\n<\/div>\n<p><input class=\"wpcf7-form-control wpcf7-submit has-spinner\" type=\"submit\" value=\"Enviar mensaje\" \/>\n<\/p><div class=\"wpcf7-response-output\" aria-hidden=\"true\"><\/div>\n<input type=\"hidden\" name=\"trp-form-language\" value=\"es\"\/><\/form>\n<\/div>\n<\/div><\/div>\t\t\t\t<\/div>\n\t\t\t\t<\/div>\n\t\t\t\t<\/div>\n\t\t\t\t<\/div>","protected":false},"excerpt":{"rendered":"<p>Descobreix la millor venda de fruita Tremp A la nostra empresa, ens especialitzem en oferir la millor venda de fruita Tremp, garantint productes frescos i de qualitat superior. Cada pe\u00e7a \u00e9s seleccionada amb cura per assegurar un sabor natural i una presentaci\u00f3 impecable. Tant si ets un client particular com un negoci del sector alimentari, [&hellip;]<\/p>","protected":false},"author":1,"featured_media":0,"parent":0,"menu_order":0,"comment_status":"closed","ping_status":"closed","template":"","meta":{"footnotes":""},"class_list":["post-1361","page","type-page","status-publish","hentry"],"yoast_head":"<!-- This site is optimized with the Yoast SEO plugin v26.3 - https:\/\/yoast.com\/wordpress\/plugins\/seo\/ -->\n<title>Venda de fruita Tremp<\/title>\n<meta name=\"description\" content=\"Descobreix la millor venda de fruita Tremp: fruita fresca, sabor excepcional i processos sostenibles. Innovaci\u00f3, qualitat i distribuci\u00f3.\" \/>\n<meta name=\"robots\" content=\"index, follow, max-snippet:-1, max-image-preview:large, max-video-preview:-1\" \/>\n<link rel=\"canonical\" href=\"https:\/\/baluefruits.com\/es\/venda-de-fruita-tremp\/\" \/>\n<meta property=\"og:locale\" content=\"es_ES\" \/>\n<meta property=\"og:type\" content=\"article\" \/>\n<meta property=\"og:title\" content=\"Venda de fruita Tremp\" \/>\n<meta property=\"og:description\" content=\"Descobreix la millor venda de fruita Tremp: fruita fresca, sabor excepcional i processos sostenibles. Innovaci\u00f3, qualitat i distribuci\u00f3.\" \/>\n<meta property=\"og:url\" content=\"https:\/\/baluefruits.com\/es\/venda-de-fruita-tremp\/\" \/>\n<meta property=\"og:site_name\" content=\"Balue Fruits\" \/>\n<meta property=\"article:modified_time\" content=\"2026-03-09T08:03:11+00:00\" \/>\n<meta property=\"og:image\" content=\"https:\/\/baluefruits.com\/wp-content\/uploads\/2025\/11\/comprar-fruites-a-lengros-1.jpg\" \/>\n\t<meta property=\"og:image:width\" content=\"1200\" \/>\n\t<meta property=\"og:image:height\" content=\"750\" \/>\n\t<meta property=\"og:image:type\" content=\"image\/jpeg\" \/>\n<meta name=\"twitter:card\" content=\"summary_large_image\" \/>\n<meta name=\"twitter:label1\" content=\"Tiempo de lectura\" \/>\n\t<meta name=\"twitter:data1\" content=\"3 minutos\" \/>\n<script type=\"application\/ld+json\" class=\"yoast-schema-graph\">{\"@context\":\"https:\/\/schema.org\",\"@graph\":[{\"@type\":\"WebPage\",\"@id\":\"https:\/\/baluefruits.com\/venda-de-fruita-tremp\/\",\"url\":\"https:\/\/baluefruits.com\/venda-de-fruita-tremp\/\",\"name\":\"Venda de fruita Tremp\",\"isPartOf\":{\"@id\":\"https:\/\/baluefruits.com\/#website\"},\"primaryImageOfPage\":{\"@id\":\"https:\/\/baluefruits.com\/venda-de-fruita-tremp\/#primaryimage\"},\"image\":{\"@id\":\"https:\/\/baluefruits.com\/venda-de-fruita-tremp\/#primaryimage\"},\"thumbnailUrl\":\"https:\/\/baluefruits.com\/wp-content\/uploads\/2025\/11\/comprar-fruites-a-lengros-1-1024x640.jpg\",\"datePublished\":\"2026-02-18T07:58:37+00:00\",\"dateModified\":\"2026-03-09T08:03:11+00:00\",\"description\":\"Descobreix la millor venda de fruita Tremp: fruita fresca, sabor excepcional i processos sostenibles. Innovaci\u00f3, qualitat i distribuci\u00f3.\",\"breadcrumb\":{\"@id\":\"https:\/\/baluefruits.com\/venda-de-fruita-tremp\/#breadcrumb\"},\"inLanguage\":\"es\",\"potentialAction\":[{\"@type\":\"ReadAction\",\"target\":[\"https:\/\/baluefruits.com\/venda-de-fruita-tremp\/\"]}]},{\"@type\":\"ImageObject\",\"inLanguage\":\"es\",\"@id\":\"https:\/\/baluefruits.com\/venda-de-fruita-tremp\/#primaryimage\",\"url\":\"https:\/\/baluefruits.com\/wp-content\/uploads\/2025\/11\/comprar-fruites-a-lengros-1-1024x640.jpg\",\"contentUrl\":\"https:\/\/baluefruits.com\/wp-content\/uploads\/2025\/11\/comprar-fruites-a-lengros-1-1024x640.jpg\"},{\"@type\":\"BreadcrumbList\",\"@id\":\"https:\/\/baluefruits.com\/venda-de-fruita-tremp\/#breadcrumb\",\"itemListElement\":[{\"@type\":\"ListItem\",\"position\":1,\"name\":\"Portada\",\"item\":\"https:\/\/baluefruits.com\/\"},{\"@type\":\"ListItem\",\"position\":2,\"name\":\"Venda de fruita Tremp\"}]},{\"@type\":\"WebSite\",\"@id\":\"https:\/\/baluefruits.com\/#website\",\"url\":\"https:\/\/baluefruits.com\/\",\"name\":\"Balue Fruits\",\"description\":\"Productes agr\u00edcoles de qualitat a Lleida\",\"potentialAction\":[{\"@type\":\"SearchAction\",\"target\":{\"@type\":\"EntryPoint\",\"urlTemplate\":\"https:\/\/baluefruits.com\/?s={search_term_string}\"},\"query-input\":{\"@type\":\"PropertyValueSpecification\",\"valueRequired\":true,\"valueName\":\"search_term_string\"}}],\"inLanguage\":\"es\"}]}<\/script>\n<!-- \/ Yoast SEO plugin. -->","yoast_head_json":{"title":"Venda de fruita Tremp","description":"Descobreix la millor venda de fruita Tremp: fruita fresca, sabor excepcional i processos sostenibles. Innovaci\u00f3, qualitat i distribuci\u00f3.","robots":{"index":"index","follow":"follow","max-snippet":"max-snippet:-1","max-image-preview":"max-image-preview:large","max-video-preview":"max-video-preview:-1"},"canonical":"https:\/\/baluefruits.com\/es\/venda-de-fruita-tremp\/","og_locale":"es_ES","og_type":"article","og_title":"Venda de fruita Tremp","og_description":"Descobreix la millor venda de fruita Tremp: fruita fresca, sabor excepcional i processos sostenibles. Innovaci\u00f3, qualitat i distribuci\u00f3.","og_url":"https:\/\/baluefruits.com\/es\/venda-de-fruita-tremp\/","og_site_name":"Balue Fruits","article_modified_time":"2026-03-09T08:03:11+00:00","og_image":[{"width":1200,"height":750,"url":"https:\/\/baluefruits.com\/wp-content\/uploads\/2025\/11\/comprar-fruites-a-lengros-1.jpg","type":"image\/jpeg"}],"twitter_card":"summary_large_image","twitter_misc":{"Tiempo de lectura":"3 minutos"},"schema":{"@context":"https:\/\/schema.org","@graph":[{"@type":"WebPage","@id":"https:\/\/baluefruits.com\/venda-de-fruita-tremp\/","url":"https:\/\/baluefruits.com\/venda-de-fruita-tremp\/","name":"Venda de fruita Tremp","isPartOf":{"@id":"https:\/\/baluefruits.com\/#website"},"primaryImageOfPage":{"@id":"https:\/\/baluefruits.com\/venda-de-fruita-tremp\/#primaryimage"},"image":{"@id":"https:\/\/baluefruits.com\/venda-de-fruita-tremp\/#primaryimage"},"thumbnailUrl":"https:\/\/baluefruits.com\/wp-content\/uploads\/2025\/11\/comprar-fruites-a-lengros-1-1024x640.jpg","datePublished":"2026-02-18T07:58:37+00:00","dateModified":"2026-03-09T08:03:11+00:00","description":"Descobreix la millor venda de fruita Tremp: fruita fresca, sabor excepcional i processos sostenibles. Innovaci\u00f3, qualitat i distribuci\u00f3.","breadcrumb":{"@id":"https:\/\/baluefruits.com\/venda-de-fruita-tremp\/#breadcrumb"},"inLanguage":"es","potentialAction":[{"@type":"ReadAction","target":["https:\/\/baluefruits.com\/venda-de-fruita-tremp\/"]}]},{"@type":"ImageObject","inLanguage":"es","@id":"https:\/\/baluefruits.com\/venda-de-fruita-tremp\/#primaryimage","url":"https:\/\/baluefruits.com\/wp-content\/uploads\/2025\/11\/comprar-fruites-a-lengros-1-1024x640.jpg","contentUrl":"https:\/\/baluefruits.com\/wp-content\/uploads\/2025\/11\/comprar-fruites-a-lengros-1-1024x640.jpg"},{"@type":"BreadcrumbList","@id":"https:\/\/baluefruits.com\/venda-de-fruita-tremp\/#breadcrumb","itemListElement":[{"@type":"ListItem","position":1,"name":"Portada","item":"https:\/\/baluefruits.com\/"},{"@type":"ListItem","position":2,"name":"Venda de fruita Tremp"}]},{"@type":"WebSite","@id":"https:\/\/baluefruits.com\/#website","url":"https:\/\/baluefruits.com\/","name":"Balue Fruits","description":"Productos agr\u00edcolas de calidad en Lleida","potentialAction":[{"@type":"SearchAction","target":{"@type":"EntryPoint","urlTemplate":"https:\/\/baluefruits.com\/?s={search_term_string}"},"query-input":{"@type":"PropertyValueSpecification","valueRequired":true,"valueName":"search_term_string"}}],"inLanguage":"es"}]}},"_links":{"self":[{"href":"https:\/\/baluefruits.com\/es\/wp-json\/wp\/v2\/pages\/1361","targetHints":{"allow":["GET"]}}],"collection":[{"href":"https:\/\/baluefruits.com\/es\/wp-json\/wp\/v2\/pages"}],"about":[{"href":"https:\/\/baluefruits.com\/es\/wp-json\/wp\/v2\/types\/page"}],"author":[{"embeddable":true,"href":"https:\/\/baluefruits.com\/es\/wp-json\/wp\/v2\/users\/1"}],"replies":[{"embeddable":true,"href":"https:\/\/baluefruits.com\/es\/wp-json\/wp\/v2\/comments?post=1361"}],"version-history":[{"count":10,"href":"https:\/\/baluefruits.com\/es\/wp-json\/wp\/v2\/pages\/1361\/revisions"}],"predecessor-version":[{"id":1372,"href":"https:\/\/baluefruits.com\/es\/wp-json\/wp\/v2\/pages\/1361\/revisions\/1372"}],"wp:attachment":[{"href":"https:\/\/baluefruits.com\/es\/wp-json\/wp\/v2\/media?parent=1361"}],"curies":[{"name":"wp","href":"https:\/\/api.w.org\/{rel}","templated":true}]}}