{"id":877,"date":"2025-09-16T06:49:01","date_gmt":"2025-09-16T04:49:01","guid":{"rendered":"https:\/\/baluefruits.com\/?page_id=877"},"modified":"2025-09-16T07:02:22","modified_gmt":"2025-09-16T05:02:22","slug":"fruita-dolca","status":"publish","type":"page","link":"https:\/\/baluefruits.com\/en\/fruita-dolca\/","title":{"rendered":"Sweet fruit"},"content":{"rendered":"<div data-elementor-type=\"wp-page\" data-elementor-id=\"877\" class=\"elementor elementor-877\" data-elementor-post-type=\"page\">\n\t\t\t\t<div class=\"elementor-element elementor-element-a549f42 e-flex e-con-boxed e-con e-parent\" data-id=\"a549f42\" data-element_type=\"container\" data-settings=\"{&quot;background_background&quot;:&quot;classic&quot;}\">\n\t\t\t\t\t<div class=\"e-con-inner\">\n\t\t<div class=\"elementor-element elementor-element-418fc7e e-con-full e-flex e-con e-child\" data-id=\"418fc7e\" data-element_type=\"container\">\n\t\t\t\t<div class=\"elementor-element elementor-element-aa472a9 elementor-invisible elementor-widget elementor-widget-heading\" data-id=\"aa472a9\" data-element_type=\"widget\" data-settings=\"{&quot;_animation&quot;:&quot;fadeInUp&quot;}\" data-widget_type=\"heading.default\">\n\t\t\t\t<div class=\"elementor-widget-container\">\n\t\t\t\t\t<h1 class=\"elementor-heading-title elementor-size-default\">Sweet fruit<\/h1>\t\t\t\t<\/div>\n\t\t\t\t<\/div>\n\t\t\t\t<\/div>\n\t\t\t\t\t<\/div>\n\t\t\t\t<\/div>\n\t\t<div class=\"elementor-element elementor-element-b834fe7 e-grid e-con-boxed e-con e-parent\" data-id=\"b834fe7\" data-element_type=\"container\">\n\t\t\t\t\t<div class=\"e-con-inner\">\n\t\t\t\t<div class=\"elementor-element elementor-element-6cf5d3d elementor-widget elementor-widget-text-editor\" data-id=\"6cf5d3d\" data-element_type=\"widget\" data-widget_type=\"text-editor.default\">\n\t\t\t\t<div class=\"elementor-widget-container\">\n\t\t\t\t\t\t\t\t\t<h2 data-start=\"219\" data-end=\"283\"><strong data-start=\"219\" data-end=\"281\">Sweet fruit from Lleida with the guarantee of Balu\u00e9 Fruits<\/strong><\/h2><p data-start=\"285\" data-end=\"623\">At Balu\u00e9 Fruits we are specialists in the production and marketing of <strong data-start=\"356\" data-end=\"382\">sweet fruit <\/strong>from Lleida, recognized nationally and internationally for its quality, flavor and freshness.<\/p><p data-start=\"285\" data-end=\"623\">Our commitment begins in the field, continues in the warehouses and culminates in distribution, ensuring that each piece reaches the customer in optimal conditions.<\/p><p data-start=\"285\" data-end=\"623\">The <strong>sweet fruit<\/strong> is our essence and our pride. We grow peaches, nectarines, Paraguayans, apples and pears, varieties that reflect the agricultural excellence of the Lleida area. Each fruit is the result of a balance between farming tradition and technological innovation, factors that allow us to offer a homogeneous, healthy product with great added value.<\/p>\t\t\t\t\t\t\t\t<\/div>\n\t\t\t\t<\/div>\n\t\t\t\t<div class=\"elementor-element elementor-element-f9d344a elementor-widget elementor-widget-image\" data-id=\"f9d344a\" data-element_type=\"widget\" data-widget_type=\"image.default\">\n\t\t\t\t<div class=\"elementor-widget-container\">\n\t\t\t\t\t\t\t\t\t\t\t\t\t\t\t<img fetchpriority=\"high\" decoding=\"async\" width=\"800\" height=\"500\" src=\"https:\/\/baluefruits.com\/wp-content\/uploads\/2025\/08\/fruites-a-lengros-3-1024x640.jpg\" class=\"attachment-large size-large wp-image-870\" alt=\"peres\" srcset=\"https:\/\/baluefruits.com\/wp-content\/uploads\/2025\/08\/fruites-a-lengros-3-1024x640.jpg 1024w, https:\/\/baluefruits.com\/wp-content\/uploads\/2025\/08\/fruites-a-lengros-3-300x188.jpg 300w, https:\/\/baluefruits.com\/wp-content\/uploads\/2025\/08\/fruites-a-lengros-3-768x480.jpg 768w, https:\/\/baluefruits.com\/wp-content\/uploads\/2025\/08\/fruites-a-lengros-3-18x12.jpg 18w, https:\/\/baluefruits.com\/wp-content\/uploads\/2025\/08\/fruites-a-lengros-3.jpg 1200w\" sizes=\"(max-width: 800px) 100vw, 800px\" \/>\t\t\t\t\t\t\t\t\t\t\t\t\t\t\t<\/div>\n\t\t\t\t<\/div>\n\t\t\t\t<div class=\"elementor-element elementor-element-acefe19 elementor-widget elementor-widget-image\" data-id=\"acefe19\" data-element_type=\"widget\" data-widget_type=\"image.default\">\n\t\t\t\t<div class=\"elementor-widget-container\">\n\t\t\t\t\t\t\t\t\t\t\t\t\t\t\t<img decoding=\"async\" width=\"800\" height=\"450\" src=\"https:\/\/baluefruits.com\/wp-content\/uploads\/2025\/05\/melocoton-2-1024x576.webp\" class=\"attachment-large size-large wp-image-406\" alt=\"\" srcset=\"https:\/\/baluefruits.com\/wp-content\/uploads\/2025\/05\/melocoton-2-1024x576.webp 1024w, https:\/\/baluefruits.com\/wp-content\/uploads\/2025\/05\/melocoton-2-300x169.webp 300w, https:\/\/baluefruits.com\/wp-content\/uploads\/2025\/05\/melocoton-2-768x432.webp 768w, https:\/\/baluefruits.com\/wp-content\/uploads\/2025\/05\/melocoton-2-1536x864.webp 1536w, https:\/\/baluefruits.com\/wp-content\/uploads\/2025\/05\/melocoton-2.webp 1920w\" sizes=\"(max-width: 800px) 100vw, 800px\" \/>\t\t\t\t\t\t\t\t\t\t\t\t\t\t\t<\/div>\n\t\t\t\t<\/div>\n\t\t\t\t<div class=\"elementor-element elementor-element-295da74 elementor-widget elementor-widget-text-editor\" data-id=\"295da74\" data-element_type=\"widget\" data-widget_type=\"text-editor.default\">\n\t\t\t\t<div class=\"elementor-widget-container\">\n\t\t\t\t\t\t\t\t\t<h3 data-start=\"999\" data-end=\"1030\">Sweet fruit: Commitment to quality<\/h3><p data-start=\"1032\" data-end=\"1361\">Our production process <strong>sweet fruit<\/strong> follows rigorous control from flowering to harvest. We implement traceability protocols that guarantee transparency and food safety. This control allows us to respond to the demands of the most demanding markets, both nationally and internationally. In addition, we constantly invest in packaging and preservation technology, to ensure that the fruit maintains its texture and organoleptic properties during transport and storage.<\/p><h3 data-start=\"1557\" data-end=\"1586\">Diversity of sweet fruit varieties<\/h3><p data-start=\"1588\" data-end=\"1679\">Our offer of <strong>sweet fruit<\/strong> It is broad and adapted to different consumer preferences:<\/p><ul data-start=\"1680\" data-end=\"1919\"><li data-start=\"1680\" data-end=\"1749\"><p data-start=\"1682\" data-end=\"1749\">Peaches and nectarines: sweet, aromatic and with a firm texture.<\/p><\/li><li data-start=\"1750\" data-end=\"1828\"><p data-start=\"1752\" data-end=\"1828\">Paraguayans: a refreshing option, much in demand in European markets.<\/p><\/li><li data-start=\"1829\" data-end=\"1919\"><p data-start=\"1831\" data-end=\"1919\">Apples and pears: varieties selected for their resistance and balanced flavor.<\/p><\/li><\/ul><p data-start=\"1921\" data-end=\"2045\">\u00a0<\/p>\t\t\t\t\t\t\t\t<\/div>\n\t\t\t\t<\/div>\n\t\t\t\t\t<\/div>\n\t\t\t\t<\/div>\n\t\t<div class=\"elementor-element elementor-element-36b7a01 e-grid e-con-boxed e-con e-parent\" data-id=\"36b7a01\" data-element_type=\"container\">\n\t\t\t\t\t<div class=\"e-con-inner\">\n\t\t\t\t<div class=\"elementor-element elementor-element-ca205d5 elementor-widget elementor-widget-text-editor\" data-id=\"ca205d5\" data-element_type=\"widget\" data-widget_type=\"text-editor.default\">\n\t\t\t\t<div class=\"elementor-widget-container\">\n\t\t\t\t\t\t\t\t\t<h2 data-start=\"2075\" data-end=\"2409\">The best sweet fruit in Lleida<\/h2><p data-start=\"2075\" data-end=\"2409\">Our goal is to establish solid and lasting commercial relationships. We work with wholesalers, distributors and supermarket chains, providing them with efficient logistics solutions and products adapted to their needs. We distinguish ourselves by our responsiveness and willingness to offer a personalized service. At Balu\u00e9 Fruits we not only produce <strong>sweet fruit<\/strong>: we also care about the future. We apply sustainable agricultural practices, optimizing the use of water resources and reducing the environmental impact. Respect for the land is part of our DNA, and is the key to ensuring that future generations can also enjoy the best fruit from Lleida. When we talk about <strong data-start=\"2853\" data-end=\"2879\">sweet fruit <\/strong>from Lleida, we talk about trust. Our customers know that behind each piece there is a committed team, modern facilities and a logistics system designed to maintain the freshness of the product until the point of sale. Trust Balu\u00e9 Fruits to supply you with quality sweet fruit. Contact our sales team and discover how we can be your strategic partner in the supply of fruit.<\/p>\t\t\t\t\t\t\t\t<\/div>\n\t\t\t\t<\/div>\n\t\t\t\t<div class=\"elementor-element elementor-element-c4b14fd elementor-widget elementor-widget-image\" data-id=\"c4b14fd\" data-element_type=\"widget\" data-widget_type=\"image.default\">\n\t\t\t\t<div class=\"elementor-widget-container\">\n\t\t\t\t\t\t\t\t\t\t\t\t\t\t\t<img decoding=\"async\" width=\"800\" height=\"450\" src=\"https:\/\/baluefruits.com\/wp-content\/uploads\/2025\/05\/nectarina-4-1-1024x576.webp\" class=\"attachment-large size-large wp-image-323\" alt=\"\" srcset=\"https:\/\/baluefruits.com\/wp-content\/uploads\/2025\/05\/nectarina-4-1-1024x576.webp 1024w, https:\/\/baluefruits.com\/wp-content\/uploads\/2025\/05\/nectarina-4-1-300x169.webp 300w, https:\/\/baluefruits.com\/wp-content\/uploads\/2025\/05\/nectarina-4-1-768x432.webp 768w, https:\/\/baluefruits.com\/wp-content\/uploads\/2025\/05\/nectarina-4-1-1536x864.webp 1536w, https:\/\/baluefruits.com\/wp-content\/uploads\/2025\/05\/nectarina-4-1.webp 1920w\" sizes=\"(max-width: 800px) 100vw, 800px\" \/>\t\t\t\t\t\t\t\t\t\t\t\t\t\t\t<\/div>\n\t\t\t\t<\/div>\n\t\t\t\t<div class=\"elementor-element elementor-element-7a60a8a elementor-widget elementor-widget-text-editor\" data-id=\"7a60a8a\" data-element_type=\"widget\" data-widget_type=\"text-editor.default\">\n\t\t\t\t<div class=\"elementor-widget-container\">\n\t\t\t\t\t\t\t\t\t<h3>Varietal research and cultivation technology in sweet fruit<\/h3><p>At Balu\u00e9 Fruits we understand that the <strong>sweet fruit<\/strong> It is not just an agricultural product, but an experience that begins in the field and ends with the final consumer.<\/p><p>That&#039;s why we invest in varietal research and cultivation technology that allow us to obtain fruits with a more intense flavor, optimal texture and a longer shelf life. Our priority is to offer a consistent product that meets the expectations of the most demanding markets.<\/p><p>Thanks to this global vision, we have consolidated ourselves as a benchmark in the production and distribution of sweet fruit in Lleida.<\/p>\t\t\t\t\t\t\t\t<\/div>\n\t\t\t\t<\/div>\n\t\t\t\t<div class=\"elementor-element elementor-element-298331e elementor-widget elementor-widget-image\" data-id=\"298331e\" data-element_type=\"widget\" data-widget_type=\"image.default\">\n\t\t\t\t<div class=\"elementor-widget-container\">\n\t\t\t\t\t\t\t\t\t\t\t\t\t\t\t<img loading=\"lazy\" decoding=\"async\" width=\"800\" height=\"450\" src=\"https:\/\/baluefruits.com\/wp-content\/uploads\/2025\/05\/pera-2-1024x576.webp\" class=\"attachment-large size-large wp-image-456\" alt=\"\" srcset=\"https:\/\/baluefruits.com\/wp-content\/uploads\/2025\/05\/pera-2-1024x576.webp 1024w, https:\/\/baluefruits.com\/wp-content\/uploads\/2025\/05\/pera-2-300x169.webp 300w, https:\/\/baluefruits.com\/wp-content\/uploads\/2025\/05\/pera-2-768x432.webp 768w, https:\/\/baluefruits.com\/wp-content\/uploads\/2025\/05\/pera-2-1536x864.webp 1536w, https:\/\/baluefruits.com\/wp-content\/uploads\/2025\/05\/pera-2.webp 1920w\" sizes=\"(max-width: 800px) 100vw, 800px\" \/>\t\t\t\t\t\t\t\t\t\t\t\t\t\t\t<\/div>\n\t\t\t\t<\/div>\n\t\t\t\t\t<\/div>\n\t\t\t\t<\/div>\n\t\t<div class=\"elementor-element elementor-element-9bd15ad e-con-full e-flex elementor-invisible e-con e-child\" data-id=\"9bd15ad\" data-element_type=\"container\" data-settings=\"{&quot;background_background&quot;:&quot;classic&quot;,&quot;animation&quot;:&quot;fadeInRight&quot;}\">\n\t\t\t\t<div class=\"elementor-element elementor-element-a8ea223 elementor-widget elementor-widget-heading\" data-id=\"a8ea223\" data-element_type=\"widget\" data-widget_type=\"heading.default\">\n\t\t\t\t<div class=\"elementor-widget-container\">\n\t\t\t\t\t<h6 class=\"elementor-heading-title elementor-size-default\">Contact Balue Fruits<\/h6>\t\t\t\t<\/div>\n\t\t\t\t<\/div>\n\t\t\t\t<div class=\"elementor-element elementor-element-6dff0cb elementor-widget elementor-widget-heading\" data-id=\"6dff0cb\" data-element_type=\"widget\" data-widget_type=\"heading.default\">\n\t\t\t\t<div class=\"elementor-widget-container\">\n\t\t\t\t\t<h2 class=\"elementor-heading-title elementor-size-default\">Sweet fruit and olive oil orders\n<\/h2>\t\t\t\t<\/div>\n\t\t\t\t<\/div>\n\t\t\t\t<div class=\"elementor-element elementor-element-213d35c elementor-widget elementor-widget-elementskit-contact-form7\" data-id=\"213d35c\" data-element_type=\"widget\" data-widget_type=\"elementskit-contact-form7.default\">\n\t\t\t\t<div class=\"elementor-widget-container\">\n\t\t\t\t\t<div class=\"ekit-wid-con\" ><div class=\"ekit-form\">\n<div class=\"wpcf7 no-js\" id=\"wpcf7-f45-p877-o1\" lang=\"es-ES\" dir=\"ltr\" data-wpcf7-id=\"45\">\n<div class=\"screen-reader-response\"><p role=\"status\" aria-live=\"polite\" aria-atomic=\"true\"><\/p> <ul><\/ul><\/div>\n<form action=\"\/en\/fruita-dolca\/#wpcf7-f45-p877-o1\" method=\"post\" class=\"wpcf7-form init\" aria-label=\"Contact form\" novalidate=\"novalidate\" data-status=\"init\" data-trp-original-action=\"\/fruita-dolca\/#wpcf7-f45-p877-o1\">\n<fieldset class=\"hidden-fields-container\"><input type=\"hidden\" name=\"_wpcf7\" value=\"45\" \/><input type=\"hidden\" name=\"_wpcf7_version\" value=\"6.1.3\" \/><input type=\"hidden\" name=\"_wpcf7_locale\" value=\"es_ES\" \/><input type=\"hidden\" name=\"_wpcf7_unit_tag\" value=\"wpcf7-f45-p877-o1\" \/><input type=\"hidden\" name=\"_wpcf7_container_post\" value=\"877\" \/><input type=\"hidden\" name=\"_wpcf7_posted_data_hash\" value=\"\" \/><input type=\"hidden\" name=\"_wpcf7_recaptcha_response\" value=\"\" \/>\n<\/fieldset>\n<div class=\"form-row\">\n\t<div class=\"form-column\">\n\t\t<p><label for=\"nombre\">Name *<\/label><br \/>\n<span class=\"wpcf7-form-control-wrap\" data-name=\"nombre\"><input size=\"40\" maxlength=\"400\" class=\"wpcf7-form-control wpcf7-text wpcf7-validates-as-required\" id=\"nombre\" aria-required=\"true\" aria-invalid=\"false\" placeholder=\"Ex: Joan Garcia\" value=\"\" type=\"text\" name=\"nombre\" \/><\/span>\n\t\t<\/p>\n\t<\/div>\n\t<div class=\"form-column\">\n\t\t<p><label for=\"telefono\">Telephone *<\/label><br \/>\n<span class=\"wpcf7-form-control-wrap\" data-name=\"telefono\"><input size=\"40\" maxlength=\"400\" class=\"wpcf7-form-control wpcf7-tel wpcf7-validates-as-required wpcf7-text wpcf7-validates-as-tel\" id=\"telefono\" aria-required=\"true\" aria-invalid=\"false\" placeholder=\"Ex: 666 777 888\" value=\"\" type=\"tel\" name=\"telefono\" \/><\/span>\n\t\t<\/p>\n\t<\/div>\n<\/div>\n<div class=\"form-row\">\n\t<div class=\"form-column\">\n\t\t<p><label for=\"email\">Email *<\/label><br \/>\n<span class=\"wpcf7-form-control-wrap\" data-name=\"email\"><input size=\"40\" maxlength=\"400\" class=\"wpcf7-form-control wpcf7-email wpcf7-validates-as-required wpcf7-text wpcf7-validates-as-email\" id=\"email\" aria-required=\"true\" aria-invalid=\"false\" placeholder=\"Ex: info@domini.com\" value=\"\" type=\"email\" name=\"email\" \/><\/span>\n\t\t<\/p>\n\t<\/div>\n\t<div class=\"form-column\">\n\t\t<p><label for=\"asunto\">Subject *<\/label><br \/>\n<span class=\"wpcf7-form-control-wrap\" data-name=\"asunto\"><input size=\"40\" maxlength=\"400\" class=\"wpcf7-form-control wpcf7-text wpcf7-validates-as-required\" id=\"asunto\" aria-required=\"true\" aria-invalid=\"false\" placeholder=\"Reason for inquiry\" value=\"\" type=\"text\" name=\"asunto\" \/><\/span>\n\t\t<\/p>\n\t<\/div>\n<\/div>\n<div class=\"form-row-full\">\n\t<p><label for=\"mensaje\">Message *<\/label><br \/>\n<span class=\"wpcf7-form-control-wrap\" data-name=\"mensaje\"><textarea cols=\"40\" rows=\"10\" maxlength=\"2000\" class=\"wpcf7-form-control wpcf7-textarea wpcf7-validates-as-required\" id=\"mensaje\" aria-required=\"true\" aria-invalid=\"false\" placeholder=\"Write your message here...\" name=\"mensaje\"><\/textarea><\/span>\n\t<\/p>\n<\/div>\n<div class=\"form-acceptance\">\n\t<p><span class=\"wpcf7-form-control-wrap\" data-name=\"politica\"><span class=\"wpcf7-form-control wpcf7-acceptance\"><span class=\"wpcf7-list-item\"><label><input type=\"checkbox\" name=\"politica\" value=\"1\" aria-invalid=\"false\" \/><span class=\"wpcf7-list-item-label\"><span class=\"txt-acepto\">I have read and accept the  <\/span>\n    <a class=\"pp\" href=\"\/en\/politica-de-privacitat\/\">Privacy Policy <\/a><\/span><\/label><\/span><\/span><\/span>\n\t<\/p>\n<\/div>\n<p><input class=\"wpcf7-form-control wpcf7-submit has-spinner\" type=\"submit\" value=\"Send message\" \/>\n<\/p><div class=\"wpcf7-response-output\" aria-hidden=\"true\"><\/div>\n<input type=\"hidden\" name=\"trp-form-language\" value=\"en\"\/><\/form>\n<\/div>\n<\/div><\/div>\t\t\t\t<\/div>\n\t\t\t\t<\/div>\n\t\t\t\t<\/div>\n\t\t\t\t<\/div>","protected":false},"excerpt":{"rendered":"<p>Fruita dol\u00e7a de Lleida amb la garantia de Balu\u00e9 Fruits A Balu\u00e9 Fruits som especialistes en la producci\u00f3 i comercialitzaci\u00f3 de fruita dol\u00e7a de Lleida, reconeguda a escala nacional i internacional per la seva qualitat, sabor i frescor. El nostre comprom\u00eds comen\u00e7a al camp, continua als magatzems i culmina en la distribuci\u00f3, assegurant que cada [&hellip;]<\/p>","protected":false},"author":1,"featured_media":0,"parent":0,"menu_order":0,"comment_status":"closed","ping_status":"closed","template":"","meta":{"footnotes":""},"class_list":["post-877","page","type-page","status-publish","hentry"],"yoast_head":"<!-- This site is optimized with the Yoast SEO plugin v26.3 - https:\/\/yoast.com\/wordpress\/plugins\/seo\/ -->\n<title>Fruita dol\u00e7a - Balue Fruits<\/title>\n<meta name=\"robots\" content=\"index, follow, max-snippet:-1, max-image-preview:large, max-video-preview:-1\" \/>\n<link rel=\"canonical\" href=\"https:\/\/baluefruits.com\/en\/fruita-dolca\/\" \/>\n<meta property=\"og:locale\" content=\"en_GB\" \/>\n<meta property=\"og:type\" content=\"article\" \/>\n<meta property=\"og:title\" content=\"Fruita dol\u00e7a - Balue Fruits\" \/>\n<meta property=\"og:description\" content=\"Fruita dol\u00e7a de Lleida amb la garantia de Balu\u00e9 Fruits A Balu\u00e9 Fruits som especialistes en la producci\u00f3 i comercialitzaci\u00f3 de fruita dol\u00e7a de Lleida, reconeguda a escala nacional i internacional per la seva qualitat, sabor i frescor. El nostre comprom\u00eds comen\u00e7a al camp, continua als magatzems i culmina en la distribuci\u00f3, assegurant que cada [&hellip;]\" \/>\n<meta property=\"og:url\" content=\"https:\/\/baluefruits.com\/en\/fruita-dolca\/\" \/>\n<meta property=\"og:site_name\" content=\"Balue Fruits\" \/>\n<meta property=\"article:modified_time\" content=\"2025-09-16T05:02:22+00:00\" \/>\n<meta property=\"og:image\" content=\"https:\/\/baluefruits.com\/wp-content\/uploads\/2025\/08\/fruites-a-lengros-3.jpg\" \/>\n\t<meta property=\"og:image:width\" content=\"1200\" \/>\n\t<meta property=\"og:image:height\" content=\"750\" \/>\n\t<meta property=\"og:image:type\" content=\"image\/jpeg\" \/>\n<meta name=\"twitter:card\" content=\"summary_large_image\" \/>\n<meta name=\"twitter:label1\" content=\"Estimated reading time\" \/>\n\t<meta name=\"twitter:data1\" content=\"4 minutes\" \/>\n<script type=\"application\/ld+json\" class=\"yoast-schema-graph\">{\"@context\":\"https:\/\/schema.org\",\"@graph\":[{\"@type\":\"WebPage\",\"@id\":\"https:\/\/baluefruits.com\/fruita-dolca\/\",\"url\":\"https:\/\/baluefruits.com\/fruita-dolca\/\",\"name\":\"Fruita dol\u00e7a - Balue Fruits\",\"isPartOf\":{\"@id\":\"https:\/\/baluefruits.com\/#website\"},\"primaryImageOfPage\":{\"@id\":\"https:\/\/baluefruits.com\/fruita-dolca\/#primaryimage\"},\"image\":{\"@id\":\"https:\/\/baluefruits.com\/fruita-dolca\/#primaryimage\"},\"thumbnailUrl\":\"https:\/\/baluefruits.com\/wp-content\/uploads\/2025\/08\/fruites-a-lengros-3-1024x640.jpg\",\"datePublished\":\"2025-09-16T04:49:01+00:00\",\"dateModified\":\"2025-09-16T05:02:22+00:00\",\"breadcrumb\":{\"@id\":\"https:\/\/baluefruits.com\/fruita-dolca\/#breadcrumb\"},\"inLanguage\":\"en-GB\",\"potentialAction\":[{\"@type\":\"ReadAction\",\"target\":[\"https:\/\/baluefruits.com\/fruita-dolca\/\"]}]},{\"@type\":\"ImageObject\",\"inLanguage\":\"en-GB\",\"@id\":\"https:\/\/baluefruits.com\/fruita-dolca\/#primaryimage\",\"url\":\"https:\/\/baluefruits.com\/wp-content\/uploads\/2025\/08\/fruites-a-lengros-3-1024x640.jpg\",\"contentUrl\":\"https:\/\/baluefruits.com\/wp-content\/uploads\/2025\/08\/fruites-a-lengros-3-1024x640.jpg\"},{\"@type\":\"BreadcrumbList\",\"@id\":\"https:\/\/baluefruits.com\/fruita-dolca\/#breadcrumb\",\"itemListElement\":[{\"@type\":\"ListItem\",\"position\":1,\"name\":\"Portada\",\"item\":\"https:\/\/baluefruits.com\/\"},{\"@type\":\"ListItem\",\"position\":2,\"name\":\"Fruita dol\u00e7a\"}]},{\"@type\":\"WebSite\",\"@id\":\"https:\/\/baluefruits.com\/#website\",\"url\":\"https:\/\/baluefruits.com\/\",\"name\":\"Balue Fruits\",\"description\":\"Productes agr\u00edcoles de qualitat a Lleida\",\"potentialAction\":[{\"@type\":\"SearchAction\",\"target\":{\"@type\":\"EntryPoint\",\"urlTemplate\":\"https:\/\/baluefruits.com\/?s={search_term_string}\"},\"query-input\":{\"@type\":\"PropertyValueSpecification\",\"valueRequired\":true,\"valueName\":\"search_term_string\"}}],\"inLanguage\":\"en-GB\"}]}<\/script>\n<!-- \/ Yoast SEO plugin. -->","yoast_head_json":{"title":"Fruita dol\u00e7a - Balue Fruits","robots":{"index":"index","follow":"follow","max-snippet":"max-snippet:-1","max-image-preview":"max-image-preview:large","max-video-preview":"max-video-preview:-1"},"canonical":"https:\/\/baluefruits.com\/en\/fruita-dolca\/","og_locale":"en_GB","og_type":"article","og_title":"Fruita dol\u00e7a - Balue Fruits","og_description":"Fruita dol\u00e7a de Lleida amb la garantia de Balu\u00e9 Fruits A Balu\u00e9 Fruits som especialistes en la producci\u00f3 i comercialitzaci\u00f3 de fruita dol\u00e7a de Lleida, reconeguda a escala nacional i internacional per la seva qualitat, sabor i frescor. El nostre comprom\u00eds comen\u00e7a al camp, continua als magatzems i culmina en la distribuci\u00f3, assegurant que cada [&hellip;]","og_url":"https:\/\/baluefruits.com\/en\/fruita-dolca\/","og_site_name":"Balue Fruits","article_modified_time":"2025-09-16T05:02:22+00:00","og_image":[{"width":1200,"height":750,"url":"https:\/\/baluefruits.com\/wp-content\/uploads\/2025\/08\/fruites-a-lengros-3.jpg","type":"image\/jpeg"}],"twitter_card":"summary_large_image","twitter_misc":{"Estimated reading time":"4 minutes"},"schema":{"@context":"https:\/\/schema.org","@graph":[{"@type":"WebPage","@id":"https:\/\/baluefruits.com\/fruita-dolca\/","url":"https:\/\/baluefruits.com\/fruita-dolca\/","name":"Fruita dol\u00e7a - Balue Fruits","isPartOf":{"@id":"https:\/\/baluefruits.com\/#website"},"primaryImageOfPage":{"@id":"https:\/\/baluefruits.com\/fruita-dolca\/#primaryimage"},"image":{"@id":"https:\/\/baluefruits.com\/fruita-dolca\/#primaryimage"},"thumbnailUrl":"https:\/\/baluefruits.com\/wp-content\/uploads\/2025\/08\/fruites-a-lengros-3-1024x640.jpg","datePublished":"2025-09-16T04:49:01+00:00","dateModified":"2025-09-16T05:02:22+00:00","breadcrumb":{"@id":"https:\/\/baluefruits.com\/fruita-dolca\/#breadcrumb"},"inLanguage":"en-GB","potentialAction":[{"@type":"ReadAction","target":["https:\/\/baluefruits.com\/fruita-dolca\/"]}]},{"@type":"ImageObject","inLanguage":"en-GB","@id":"https:\/\/baluefruits.com\/fruita-dolca\/#primaryimage","url":"https:\/\/baluefruits.com\/wp-content\/uploads\/2025\/08\/fruites-a-lengros-3-1024x640.jpg","contentUrl":"https:\/\/baluefruits.com\/wp-content\/uploads\/2025\/08\/fruites-a-lengros-3-1024x640.jpg"},{"@type":"BreadcrumbList","@id":"https:\/\/baluefruits.com\/fruita-dolca\/#breadcrumb","itemListElement":[{"@type":"ListItem","position":1,"name":"Portada","item":"https:\/\/baluefruits.com\/"},{"@type":"ListItem","position":2,"name":"Fruita dol\u00e7a"}]},{"@type":"WebSite","@id":"https:\/\/baluefruits.com\/#website","url":"https:\/\/baluefruits.com\/","name":"Balue Fruits","description":"Quality agricultural products in Lleida","potentialAction":[{"@type":"SearchAction","target":{"@type":"EntryPoint","urlTemplate":"https:\/\/baluefruits.com\/?s={search_term_string}"},"query-input":{"@type":"PropertyValueSpecification","valueRequired":true,"valueName":"search_term_string"}}],"inLanguage":"en-GB"}]}},"_links":{"self":[{"href":"https:\/\/baluefruits.com\/en\/wp-json\/wp\/v2\/pages\/877","targetHints":{"allow":["GET"]}}],"collection":[{"href":"https:\/\/baluefruits.com\/en\/wp-json\/wp\/v2\/pages"}],"about":[{"href":"https:\/\/baluefruits.com\/en\/wp-json\/wp\/v2\/types\/page"}],"author":[{"embeddable":true,"href":"https:\/\/baluefruits.com\/en\/wp-json\/wp\/v2\/users\/1"}],"replies":[{"embeddable":true,"href":"https:\/\/baluefruits.com\/en\/wp-json\/wp\/v2\/comments?post=877"}],"version-history":[{"count":7,"href":"https:\/\/baluefruits.com\/en\/wp-json\/wp\/v2\/pages\/877\/revisions"}],"predecessor-version":[{"id":885,"href":"https:\/\/baluefruits.com\/en\/wp-json\/wp\/v2\/pages\/877\/revisions\/885"}],"wp:attachment":[{"href":"https:\/\/baluefruits.com\/en\/wp-json\/wp\/v2\/media?parent=877"}],"curies":[{"name":"wp","href":"https:\/\/api.w.org\/{rel}","templated":true}]}}