{"id":177,"date":"2025-05-23T13:41:55","date_gmt":"2025-05-23T11:41:55","guid":{"rendered":"https:\/\/baluefruits.com\/?page_id=177"},"modified":"2025-06-26T17:03:47","modified_gmt":"2025-06-26T15:03:47","slug":"pomes","status":"publish","type":"page","link":"https:\/\/baluefruits.com\/en\/productor-de-fruita-dolca\/pomes\/","title":{"rendered":"Apples"},"content":{"rendered":"<div data-elementor-type=\"wp-page\" data-elementor-id=\"177\" class=\"elementor elementor-177\" data-elementor-post-type=\"page\">\n\t\t\t\t<div class=\"elementor-element elementor-element-e3a7278 e-flex e-con-boxed e-con e-parent\" data-id=\"e3a7278\" data-element_type=\"container\" data-settings=\"{&quot;background_background&quot;:&quot;classic&quot;}\">\n\t\t\t\t\t<div class=\"e-con-inner\">\n\t\t<div class=\"elementor-element elementor-element-655a2fd e-con-full e-flex e-con e-child\" data-id=\"655a2fd\" data-element_type=\"container\">\n\t\t\t\t<div class=\"elementor-element elementor-element-523b55a elementor-invisible elementor-widget elementor-widget-heading\" data-id=\"523b55a\" data-element_type=\"widget\" data-settings=\"{&quot;_animation&quot;:&quot;fadeInUp&quot;}\" data-widget_type=\"heading.default\">\n\t\t\t\t<div class=\"elementor-widget-container\">\n\t\t\t\t\t<h1 class=\"elementor-heading-title elementor-size-default\">Apples<\/h1>\t\t\t\t<\/div>\n\t\t\t\t<\/div>\n\t\t\t\t<\/div>\n\t\t\t\t\t<\/div>\n\t\t\t\t<\/div>\n\t\t<div class=\"elementor-element elementor-element-e42b0e1 e-flex e-con-boxed e-con e-parent\" data-id=\"e42b0e1\" data-element_type=\"container\">\n\t\t\t\t\t<div class=\"e-con-inner\">\n\t\t<div class=\"elementor-element elementor-element-e8c9156 e-con-full e-flex e-con e-child\" data-id=\"e8c9156\" data-element_type=\"container\" data-settings=\"{&quot;background_background&quot;:&quot;classic&quot;}\">\n\t\t\t\t<\/div>\n\t\t<div class=\"elementor-element elementor-element-f044abf e-con-full e-flex e-con e-child\" data-id=\"f044abf\" data-element_type=\"container\">\n\t\t\t\t<div class=\"elementor-element elementor-element-da06338 elementor-widget elementor-widget-heading\" data-id=\"da06338\" data-element_type=\"widget\" data-widget_type=\"heading.default\">\n\t\t\t\t<div class=\"elementor-widget-container\">\n\t\t\t\t\t<h2 class=\"elementor-heading-title elementor-size-default\"> Apples from Lleida: Freshness, Flavor and Confidence\n\n<\/h2>\t\t\t\t<\/div>\n\t\t\t\t<\/div>\n\t\t\t\t<div class=\"elementor-element elementor-element-01fc265 elementor-widget elementor-widget-text-editor\" data-id=\"01fc265\" data-element_type=\"widget\" data-widget_type=\"text-editor.default\">\n\t\t\t\t<div class=\"elementor-widget-container\">\n\t\t\t\t\t\t\t\t\t<p>Balu\u00e9 Fruits apples are the result of a process that combines ancestral knowledge with technological innovation, so that each apple is fresh, crunchy and tasty. We grow in Lleida, an ideal environment for producing high quality fruit.<\/p>\t\t\t\t\t\t\t\t<\/div>\n\t\t\t\t<\/div>\n\t\t\t\t<\/div>\n\t\t\t\t\t<\/div>\n\t\t\t\t<\/div>\n\t\t<div class=\"elementor-element elementor-element-fc05869 e-con-full e-flex e-con e-parent\" data-id=\"fc05869\" data-element_type=\"container\" data-settings=\"{&quot;background_background&quot;:&quot;classic&quot;}\">\n\t\t<div class=\"elementor-element elementor-element-0345ffa e-con-full e-flex e-con e-child\" data-id=\"0345ffa\" data-element_type=\"container\">\n\t\t\t\t<div class=\"elementor-element elementor-element-3d0cf8b elementor-widget elementor-widget-heading\" data-id=\"3d0cf8b\" data-element_type=\"widget\" data-widget_type=\"heading.default\">\n\t\t\t\t<div class=\"elementor-widget-container\">\n\t\t\t\t\t<h2 class=\"elementor-heading-title elementor-size-default\">Why apples grown on our farms are the best option\n<\/h2>\t\t\t\t<\/div>\n\t\t\t\t<\/div>\n\t\t\t\t<div class=\"elementor-element elementor-element-d1be611 elementor-view-stacked elementor-shape-square elementor-position-left elementor-mobile-position-left elementor-widget elementor-widget-icon-box\" data-id=\"d1be611\" data-element_type=\"widget\" data-widget_type=\"icon-box.default\">\n\t\t\t\t<div class=\"elementor-widget-container\">\n\t\t\t\t\t\t\t<div class=\"elementor-icon-box-wrapper\">\n\n\t\t\t\t\t\t<div class=\"elementor-icon-box-icon\">\n\t\t\t\t<span  class=\"elementor-icon\">\n\t\t\t\t<i aria-hidden=\"true\" class=\"ti-check\"><\/i>\t\t\t\t<\/span>\n\t\t\t<\/div>\n\t\t\t\n\t\t\t\t\t\t<div class=\"elementor-icon-box-content\">\n\n\t\t\t\t\t\t\t\t\t<div class=\"elementor-icon-box-title\">\n\t\t\t\t\t\t<span  >\n\t\t\t\t\t\t\tVarieties adapted to market preferences.\t\t\t\t\t\t<\/span>\n\t\t\t\t\t<\/div>\n\t\t\t\t\n\t\t\t\t\n\t\t\t<\/div>\n\t\t\t\n\t\t<\/div>\n\t\t\t\t\t\t<\/div>\n\t\t\t\t<\/div>\n\t\t\t\t<div class=\"elementor-element elementor-element-c770505 elementor-view-stacked elementor-shape-square elementor-position-left elementor-mobile-position-left elementor-widget elementor-widget-icon-box\" data-id=\"c770505\" data-element_type=\"widget\" data-widget_type=\"icon-box.default\">\n\t\t\t\t<div class=\"elementor-widget-container\">\n\t\t\t\t\t\t\t<div class=\"elementor-icon-box-wrapper\">\n\n\t\t\t\t\t\t<div class=\"elementor-icon-box-icon\">\n\t\t\t\t<span  class=\"elementor-icon\">\n\t\t\t\t<i aria-hidden=\"true\" class=\"ti-check\"><\/i>\t\t\t\t<\/span>\n\t\t\t<\/div>\n\t\t\t\n\t\t\t\t\t\t<div class=\"elementor-icon-box-content\">\n\n\t\t\t\t\t\t\t\t\t<div class=\"elementor-icon-box-title\">\n\t\t\t\t\t\t<span  >\n\t\t\t\t\t\t\tSustainable and respectful agricultural techniques.\t\t\t\t\t\t<\/span>\n\t\t\t\t\t<\/div>\n\t\t\t\t\n\t\t\t\t\n\t\t\t<\/div>\n\t\t\t\n\t\t<\/div>\n\t\t\t\t\t\t<\/div>\n\t\t\t\t<\/div>\n\t\t\t\t<div class=\"elementor-element elementor-element-dd1d419 elementor-view-stacked elementor-shape-square elementor-position-left elementor-mobile-position-left elementor-widget elementor-widget-icon-box\" data-id=\"dd1d419\" data-element_type=\"widget\" data-widget_type=\"icon-box.default\">\n\t\t\t\t<div class=\"elementor-widget-container\">\n\t\t\t\t\t\t\t<div class=\"elementor-icon-box-wrapper\">\n\n\t\t\t\t\t\t<div class=\"elementor-icon-box-icon\">\n\t\t\t\t<span  class=\"elementor-icon\">\n\t\t\t\t<i aria-hidden=\"true\" class=\"ti-check\"><\/i>\t\t\t\t<\/span>\n\t\t\t<\/div>\n\t\t\t\n\t\t\t\t\t\t<div class=\"elementor-icon-box-content\">\n\n\t\t\t\t\t\t\t\t\t<div class=\"elementor-icon-box-title\">\n\t\t\t\t\t\t<span  >\n\t\t\t\t\t\t\tManual harvest and selection for maximum freshness.\t\t\t\t\t\t<\/span>\n\t\t\t\t\t<\/div>\n\t\t\t\t\n\t\t\t\t\n\t\t\t<\/div>\n\t\t\t\n\t\t<\/div>\n\t\t\t\t\t\t<\/div>\n\t\t\t\t<\/div>\n\t\t\t\t<div class=\"elementor-element elementor-element-57ec409 elementor-view-stacked elementor-shape-square elementor-position-left elementor-mobile-position-left elementor-widget elementor-widget-icon-box\" data-id=\"57ec409\" data-element_type=\"widget\" data-widget_type=\"icon-box.default\">\n\t\t\t\t<div class=\"elementor-widget-container\">\n\t\t\t\t\t\t\t<div class=\"elementor-icon-box-wrapper\">\n\n\t\t\t\t\t\t<div class=\"elementor-icon-box-icon\">\n\t\t\t\t<span  class=\"elementor-icon\">\n\t\t\t\t<i aria-hidden=\"true\" class=\"ti-check\"><\/i>\t\t\t\t<\/span>\n\t\t\t<\/div>\n\t\t\t\n\t\t\t\t\t\t<div class=\"elementor-icon-box-content\">\n\n\t\t\t\t\t\t\t\t\t<div class=\"elementor-icon-box-title\">\n\t\t\t\t\t\t<span  >\n\t\t\t\t\t\t\tIdeal for fresh consumption, hospitality and export.\t\t\t\t\t\t<\/span>\n\t\t\t\t\t<\/div>\n\t\t\t\t\n\t\t\t\t\n\t\t\t<\/div>\n\t\t\t\n\t\t<\/div>\n\t\t\t\t\t\t<\/div>\n\t\t\t\t<\/div>\n\t\t\t\t<div class=\"elementor-element elementor-element-678a73d elementor-view-stacked elementor-shape-square elementor-position-left elementor-mobile-position-left elementor-widget elementor-widget-icon-box\" data-id=\"678a73d\" data-element_type=\"widget\" data-widget_type=\"icon-box.default\">\n\t\t\t\t<div class=\"elementor-widget-container\">\n\t\t\t\t\t\t\t<div class=\"elementor-icon-box-wrapper\">\n\n\t\t\t\t\t\t<div class=\"elementor-icon-box-icon\">\n\t\t\t\t<span  class=\"elementor-icon\">\n\t\t\t\t<i aria-hidden=\"true\" class=\"ti-check\"><\/i>\t\t\t\t<\/span>\n\t\t\t<\/div>\n\t\t\t\n\t\t\t\t\t\t<div class=\"elementor-icon-box-content\">\n\n\t\t\t\t\t\t\t\t\t<div class=\"elementor-icon-box-title\">\n\t\t\t\t\t\t<span  >\n\t\t\t\t\t\t\tGuarantee of traceability and food safety.\t\t\t\t\t\t<\/span>\n\t\t\t\t\t<\/div>\n\t\t\t\t\n\t\t\t\t\n\t\t\t<\/div>\n\t\t\t\n\t\t<\/div>\n\t\t\t\t\t\t<\/div>\n\t\t\t\t<\/div>\n\t\t\t\t<\/div>\n\t\t<div class=\"elementor-element elementor-element-a7dfc3d e-con-full e-flex e-con e-child\" data-id=\"a7dfc3d\" data-element_type=\"container\" data-settings=\"{&quot;background_background&quot;:&quot;classic&quot;}\">\n\t\t\t\t<\/div>\n\t\t\t\t<\/div>\n\t\t<div class=\"elementor-element elementor-element-7bb1f30 e-flex e-con-boxed e-con e-parent\" data-id=\"7bb1f30\" data-element_type=\"container\" data-settings=\"{&quot;background_background&quot;:&quot;classic&quot;}\">\n\t\t\t\t\t<div class=\"e-con-inner\">\n\t\t\t\t<div class=\"elementor-element elementor-element-b3ba802 elementor-widget elementor-widget-heading\" data-id=\"b3ba802\" data-element_type=\"widget\" data-widget_type=\"heading.default\">\n\t\t\t\t<div class=\"elementor-widget-container\">\n\t\t\t\t\t<h3 class=\"elementor-heading-title elementor-size-default\">Apples of quality, texture and flavor with certified origin\n\n<\/h3>\t\t\t\t<\/div>\n\t\t\t\t<\/div>\n\t\t\t\t<div class=\"elementor-element elementor-element-20dfa3d elementor-widget__width-initial elementor-widget-mobile__width-inherit elementor-widget elementor-widget-text-editor\" data-id=\"20dfa3d\" data-element_type=\"widget\" data-widget_type=\"text-editor.default\">\n\t\t\t\t<div class=\"elementor-widget-container\">\n\t\t\t\t\t\t\t\t\t<p>Balu\u00e9 Fruits apples are ideal for all marketing channels, from direct sales to consumers, to the horeca channel and international export. Our guarantee is that each apple arrives in perfect condition, maintaining all its natural properties.<\/p>\t\t\t\t\t\t\t\t<\/div>\n\t\t\t\t<\/div>\n\t\t\t\t<div class=\"elementor-element elementor-element-cb8d76b elementor-align-left elementor-widget elementor-widget-button\" data-id=\"cb8d76b\" data-element_type=\"widget\" data-widget_type=\"button.default\">\n\t\t\t\t<div class=\"elementor-widget-container\">\n\t\t\t\t\t\t\t\t\t<div class=\"elementor-button-wrapper\">\n\t\t\t\t\t<a class=\"elementor-button elementor-button-link elementor-size-xs elementor-animation-grow\" href=\"https:\/\/baluefruits.com\/en\/contacte\/\">\n\t\t\t\t\t\t<span class=\"elementor-button-content-wrapper\">\n\t\t\t\t\t\t<span class=\"elementor-button-icon\">\n\t\t\t\t<svg aria-hidden=\"true\" class=\"e-font-icon-svg e-fas-arrow-right\" viewbox=\"0 0 448 512\" xmlns=\"http:\/\/www.w3.org\/2000\/svg\"><path d=\"M190.5 66.9l22.2-22.2c9.4-9.4 24.6-9.4 33.9 0L441 239c9.4 9.4 9.4 24.6 0 33.9L246.6 467.3c-9.4 9.4-24.6 9.4-33.9 0l-22.2-22.2c-9.5-9.5-9.3-25 .4-34.3L311.4 296H24c-13.3 0-24-10.7-24-24v-32c0-13.3 10.7-24 24-24h287.4L190.9 101.2c-9.8-9.3-10-24.8-.4-34.3z\"><\/path><\/svg>\t\t\t<\/span>\n\t\t\t\t\t\t\t\t\t<span class=\"elementor-button-text\"> Contact us<\/span>\n\t\t\t\t\t<\/span>\n\t\t\t\t\t<\/a>\n\t\t\t\t<\/div>\n\t\t\t\t\t\t\t\t<\/div>\n\t\t\t\t<\/div>\n\t\t\t\t\t<\/div>\n\t\t\t\t<\/div>\n\t\t\t\t<\/div>","protected":false},"excerpt":{"rendered":"<p>Pomes de Lleida: Frescor, Sabor i Confian\u00e7a Les pomes de Balu\u00e9 Fruits s\u00f3n fruit d\u2019un proc\u00e9s que combina coneixement ancestral amb innovaci\u00f3 tecnol\u00f2gica, perqu\u00e8 cada poma sigui fresca, cruixent i saborosa. Cultivem a Lleida, un entorn ideal per produir fruita d\u2019alta qualitat. Per qu\u00e8 les pomes cultivades a les nostres finques s\u00f3n la millor opci\u00f3 [&hellip;]<\/p>","protected":false},"author":1,"featured_media":0,"parent":172,"menu_order":0,"comment_status":"closed","ping_status":"closed","template":"","meta":{"footnotes":""},"class_list":["post-177","page","type-page","status-publish","hentry"],"yoast_head":"<!-- This site is optimized with the Yoast SEO plugin v26.3 - https:\/\/yoast.com\/wordpress\/plugins\/seo\/ -->\n<title>Pomes - Balue Fruits<\/title>\n<meta name=\"robots\" content=\"index, follow, max-snippet:-1, max-image-preview:large, max-video-preview:-1\" \/>\n<link rel=\"canonical\" href=\"https:\/\/baluefruits.com\/en\/productor-de-fruita-dolca\/pomes\/\" \/>\n<meta property=\"og:locale\" content=\"en_GB\" \/>\n<meta property=\"og:type\" content=\"article\" \/>\n<meta property=\"og:title\" content=\"Pomes - Balue Fruits\" \/>\n<meta property=\"og:description\" content=\"Pomes de Lleida: Frescor, Sabor i Confian\u00e7a Les pomes de Balu\u00e9 Fruits s\u00f3n fruit d\u2019un proc\u00e9s que combina coneixement ancestral amb innovaci\u00f3 tecnol\u00f2gica, perqu\u00e8 cada poma sigui fresca, cruixent i saborosa. Cultivem a Lleida, un entorn ideal per produir fruita d\u2019alta qualitat. Per qu\u00e8 les pomes cultivades a les nostres finques s\u00f3n la millor opci\u00f3 [&hellip;]\" \/>\n<meta property=\"og:url\" content=\"https:\/\/baluefruits.com\/en\/productor-de-fruita-dolca\/pomes\/\" \/>\n<meta property=\"og:site_name\" content=\"Balue Fruits\" \/>\n<meta property=\"article:modified_time\" content=\"2025-06-26T15:03:47+00:00\" \/>\n<meta name=\"twitter:card\" content=\"summary_large_image\" \/>\n<meta name=\"twitter:label1\" content=\"Estimated reading time\" \/>\n\t<meta name=\"twitter:data1\" content=\"1 minute\" \/>\n<script type=\"application\/ld+json\" class=\"yoast-schema-graph\">{\"@context\":\"https:\/\/schema.org\",\"@graph\":[{\"@type\":\"WebPage\",\"@id\":\"https:\/\/baluefruits.com\/productor-de-fruita-dolca\/pomes\/\",\"url\":\"https:\/\/baluefruits.com\/productor-de-fruita-dolca\/pomes\/\",\"name\":\"Pomes - Balue Fruits\",\"isPartOf\":{\"@id\":\"https:\/\/baluefruits.com\/#website\"},\"datePublished\":\"2025-05-23T11:41:55+00:00\",\"dateModified\":\"2025-06-26T15:03:47+00:00\",\"breadcrumb\":{\"@id\":\"https:\/\/baluefruits.com\/productor-de-fruita-dolca\/pomes\/#breadcrumb\"},\"inLanguage\":\"en-GB\",\"potentialAction\":[{\"@type\":\"ReadAction\",\"target\":[\"https:\/\/baluefruits.com\/productor-de-fruita-dolca\/pomes\/\"]}]},{\"@type\":\"BreadcrumbList\",\"@id\":\"https:\/\/baluefruits.com\/productor-de-fruita-dolca\/pomes\/#breadcrumb\",\"itemListElement\":[{\"@type\":\"ListItem\",\"position\":1,\"name\":\"Portada\",\"item\":\"https:\/\/baluefruits.com\/\"},{\"@type\":\"ListItem\",\"position\":2,\"name\":\"Productor de fruita dol\u00e7a\",\"item\":\"https:\/\/baluefruits.com\/productor-de-fruita-dolca\/\"},{\"@type\":\"ListItem\",\"position\":3,\"name\":\"Pomes\"}]},{\"@type\":\"WebSite\",\"@id\":\"https:\/\/baluefruits.com\/#website\",\"url\":\"https:\/\/baluefruits.com\/\",\"name\":\"Balue Fruits\",\"description\":\"Productes agr\u00edcoles de qualitat a Lleida\",\"potentialAction\":[{\"@type\":\"SearchAction\",\"target\":{\"@type\":\"EntryPoint\",\"urlTemplate\":\"https:\/\/baluefruits.com\/?s={search_term_string}\"},\"query-input\":{\"@type\":\"PropertyValueSpecification\",\"valueRequired\":true,\"valueName\":\"search_term_string\"}}],\"inLanguage\":\"en-GB\"}]}<\/script>\n<!-- \/ Yoast SEO plugin. -->","yoast_head_json":{"title":"Pomes - Balue Fruits","robots":{"index":"index","follow":"follow","max-snippet":"max-snippet:-1","max-image-preview":"max-image-preview:large","max-video-preview":"max-video-preview:-1"},"canonical":"https:\/\/baluefruits.com\/en\/productor-de-fruita-dolca\/pomes\/","og_locale":"en_GB","og_type":"article","og_title":"Pomes - Balue Fruits","og_description":"Pomes de Lleida: Frescor, Sabor i Confian\u00e7a Les pomes de Balu\u00e9 Fruits s\u00f3n fruit d\u2019un proc\u00e9s que combina coneixement ancestral amb innovaci\u00f3 tecnol\u00f2gica, perqu\u00e8 cada poma sigui fresca, cruixent i saborosa. Cultivem a Lleida, un entorn ideal per produir fruita d\u2019alta qualitat. Per qu\u00e8 les pomes cultivades a les nostres finques s\u00f3n la millor opci\u00f3 [&hellip;]","og_url":"https:\/\/baluefruits.com\/en\/productor-de-fruita-dolca\/pomes\/","og_site_name":"Balue Fruits","article_modified_time":"2025-06-26T15:03:47+00:00","twitter_card":"summary_large_image","twitter_misc":{"Estimated reading time":"1 minute"},"schema":{"@context":"https:\/\/schema.org","@graph":[{"@type":"WebPage","@id":"https:\/\/baluefruits.com\/productor-de-fruita-dolca\/pomes\/","url":"https:\/\/baluefruits.com\/productor-de-fruita-dolca\/pomes\/","name":"Pomes - Balue Fruits","isPartOf":{"@id":"https:\/\/baluefruits.com\/#website"},"datePublished":"2025-05-23T11:41:55+00:00","dateModified":"2025-06-26T15:03:47+00:00","breadcrumb":{"@id":"https:\/\/baluefruits.com\/productor-de-fruita-dolca\/pomes\/#breadcrumb"},"inLanguage":"en-GB","potentialAction":[{"@type":"ReadAction","target":["https:\/\/baluefruits.com\/productor-de-fruita-dolca\/pomes\/"]}]},{"@type":"BreadcrumbList","@id":"https:\/\/baluefruits.com\/productor-de-fruita-dolca\/pomes\/#breadcrumb","itemListElement":[{"@type":"ListItem","position":1,"name":"Portada","item":"https:\/\/baluefruits.com\/"},{"@type":"ListItem","position":2,"name":"Productor de fruita dol\u00e7a","item":"https:\/\/baluefruits.com\/productor-de-fruita-dolca\/"},{"@type":"ListItem","position":3,"name":"Pomes"}]},{"@type":"WebSite","@id":"https:\/\/baluefruits.com\/#website","url":"https:\/\/baluefruits.com\/","name":"Balue Fruits","description":"Quality agricultural products in Lleida","potentialAction":[{"@type":"SearchAction","target":{"@type":"EntryPoint","urlTemplate":"https:\/\/baluefruits.com\/?s={search_term_string}"},"query-input":{"@type":"PropertyValueSpecification","valueRequired":true,"valueName":"search_term_string"}}],"inLanguage":"en-GB"}]}},"_links":{"self":[{"href":"https:\/\/baluefruits.com\/en\/wp-json\/wp\/v2\/pages\/177","targetHints":{"allow":["GET"]}}],"collection":[{"href":"https:\/\/baluefruits.com\/en\/wp-json\/wp\/v2\/pages"}],"about":[{"href":"https:\/\/baluefruits.com\/en\/wp-json\/wp\/v2\/types\/page"}],"author":[{"embeddable":true,"href":"https:\/\/baluefruits.com\/en\/wp-json\/wp\/v2\/users\/1"}],"replies":[{"embeddable":true,"href":"https:\/\/baluefruits.com\/en\/wp-json\/wp\/v2\/comments?post=177"}],"version-history":[{"count":25,"href":"https:\/\/baluefruits.com\/en\/wp-json\/wp\/v2\/pages\/177\/revisions"}],"predecessor-version":[{"id":799,"href":"https:\/\/baluefruits.com\/en\/wp-json\/wp\/v2\/pages\/177\/revisions\/799"}],"up":[{"embeddable":true,"href":"https:\/\/baluefruits.com\/en\/wp-json\/wp\/v2\/pages\/172"}],"wp:attachment":[{"href":"https:\/\/baluefruits.com\/en\/wp-json\/wp\/v2\/media?parent=177"}],"curies":[{"name":"wp","href":"https:\/\/api.w.org\/{rel}","templated":true}]}}