{"id":1411,"date":"2026-04-27T11:00:17","date_gmt":"2026-04-27T09:00:17","guid":{"rendered":"https:\/\/baluefruits.com\/?page_id=1411"},"modified":"2026-04-27T11:06:05","modified_gmt":"2026-04-27T09:06:05","slug":"proveidor-de-fruita-a-lleida","status":"publish","type":"page","link":"https:\/\/baluefruits.com\/en\/proveidor-de-fruita-a-lleida\/","title":{"rendered":"Prove\u00efdor de fruita a Lleida"},"content":{"rendered":"<div data-elementor-type=\"wp-page\" data-elementor-id=\"1411\" class=\"elementor elementor-1411\" data-elementor-post-type=\"page\">\n\t\t\t\t<div class=\"elementor-element elementor-element-a549f42 e-flex e-con-boxed e-con e-parent\" data-id=\"a549f42\" data-element_type=\"container\" data-settings=\"{&quot;background_background&quot;:&quot;classic&quot;}\">\n\t\t\t\t\t<div class=\"e-con-inner\">\n\t\t<div class=\"elementor-element elementor-element-418fc7e e-con-full e-flex e-con e-child\" data-id=\"418fc7e\" data-element_type=\"container\">\n\t\t\t\t<div class=\"elementor-element elementor-element-aa472a9 elementor-invisible elementor-widget elementor-widget-heading\" data-id=\"aa472a9\" data-element_type=\"widget\" data-settings=\"{&quot;_animation&quot;:&quot;fadeInUp&quot;}\" data-widget_type=\"heading.default\">\n\t\t\t\t<div class=\"elementor-widget-container\">\n\t\t\t\t\t<h1 class=\"elementor-heading-title elementor-size-default\">Prove\u00efdor de fruita a Lleida<\/h1>\t\t\t\t<\/div>\n\t\t\t\t<\/div>\n\t\t\t\t<\/div>\n\t\t\t\t\t<\/div>\n\t\t\t\t<\/div>\n\t\t<div class=\"elementor-element elementor-element-b834fe7 e-grid e-con-boxed e-con e-parent\" data-id=\"b834fe7\" data-element_type=\"container\">\n\t\t\t\t\t<div class=\"e-con-inner\">\n\t\t\t\t<div class=\"elementor-element elementor-element-6cf5d3d elementor-widget elementor-widget-text-editor\" data-id=\"6cf5d3d\" data-element_type=\"widget\" data-widget_type=\"text-editor.default\">\n\t\t\t\t<div class=\"elementor-widget-container\">\n\t\t\t\t\t\t\t\t\t<h2 data-start=\"243\" data-end=\"323\">Prove\u00efdor de fruita a Lleida: qualitat i confian\u00e7a des del camp<\/h2><p data-start=\"257\" data-end=\"816\">A Balu\u00e9 Fruits som especialistes en la producci\u00f3 i distribuci\u00f3 de fruita dol\u00e7a de m\u00e0xima qualitat. Com a <strong data-start=\"362\" data-end=\"394\">prove\u00efdor de fruita a Lleida<\/strong>, treballem directament des de l\u2019origen per garantir frescor, sabor i tra\u00e7abilitat en cada pe\u00e7a. La nostra missi\u00f3 \u00e9s connectar el camp amb distribu\u00efdors, majoristes i supermercats que busquen un partner fiable i constant. La tradici\u00f3 agr\u00edcola de Lleida i la innovaci\u00f3 tecnol\u00f2gica ens permeten oferir un producte que destaca al mercat europeu per la seva excel\u00b7l\u00e8ncia i autenticitat.<\/p>\t\t\t\t\t\t\t\t<\/div>\n\t\t\t\t<\/div>\n\t\t\t\t<div class=\"elementor-element elementor-element-f9d344a elementor-widget elementor-widget-image\" data-id=\"f9d344a\" data-element_type=\"widget\" data-widget_type=\"image.default\">\n\t\t\t\t<div class=\"elementor-widget-container\">\n\t\t\t\t\t\t\t\t\t\t\t\t\t\t\t<img fetchpriority=\"high\" decoding=\"async\" width=\"800\" height=\"500\" src=\"https:\/\/baluefruits.com\/wp-content\/uploads\/2026\/04\/Proveidor-de-fruita-a-Lleida-2-1024x640.png\" class=\"attachment-large size-large wp-image-1417\" alt=\"Fruita fresca preparada per a exportaci\u00f3 amb control de qualitat\" srcset=\"https:\/\/baluefruits.com\/wp-content\/uploads\/2026\/04\/Proveidor-de-fruita-a-Lleida-2-1024x640.png 1024w, https:\/\/baluefruits.com\/wp-content\/uploads\/2026\/04\/Proveidor-de-fruita-a-Lleida-2-300x188.png 300w, https:\/\/baluefruits.com\/wp-content\/uploads\/2026\/04\/Proveidor-de-fruita-a-Lleida-2-768x480.png 768w, https:\/\/baluefruits.com\/wp-content\/uploads\/2026\/04\/Proveidor-de-fruita-a-Lleida-2-18x12.png 18w, https:\/\/baluefruits.com\/wp-content\/uploads\/2026\/04\/Proveidor-de-fruita-a-Lleida-2.png 1200w\" sizes=\"(max-width: 800px) 100vw, 800px\" \/>\t\t\t\t\t\t\t\t\t\t\t\t\t\t\t<\/div>\n\t\t\t\t<\/div>\n\t\t\t\t<div class=\"elementor-element elementor-element-acefe19 elementor-widget elementor-widget-image\" data-id=\"acefe19\" data-element_type=\"widget\" data-widget_type=\"image.default\">\n\t\t\t\t<div class=\"elementor-widget-container\">\n\t\t\t\t\t\t\t\t\t\t\t\t\t\t\t<img decoding=\"async\" width=\"800\" height=\"500\" src=\"https:\/\/baluefruits.com\/wp-content\/uploads\/2026\/04\/Proveidor-de-fruita-a-Lleida-3-1024x640.png\" class=\"attachment-large size-large wp-image-1418\" alt=\"Detall de fruita dol\u00e7a brillant acabada de collir de l\u2019arbre\" srcset=\"https:\/\/baluefruits.com\/wp-content\/uploads\/2026\/04\/Proveidor-de-fruita-a-Lleida-3-1024x640.png 1024w, https:\/\/baluefruits.com\/wp-content\/uploads\/2026\/04\/Proveidor-de-fruita-a-Lleida-3-300x188.png 300w, https:\/\/baluefruits.com\/wp-content\/uploads\/2026\/04\/Proveidor-de-fruita-a-Lleida-3-768x480.png 768w, https:\/\/baluefruits.com\/wp-content\/uploads\/2026\/04\/Proveidor-de-fruita-a-Lleida-3-18x12.png 18w, https:\/\/baluefruits.com\/wp-content\/uploads\/2026\/04\/Proveidor-de-fruita-a-Lleida-3.png 1200w\" sizes=\"(max-width: 800px) 100vw, 800px\" \/>\t\t\t\t\t\t\t\t\t\t\t\t\t\t\t<\/div>\n\t\t\t\t<\/div>\n\t\t\t\t<div class=\"elementor-element elementor-element-295da74 elementor-widget elementor-widget-text-editor\" data-id=\"295da74\" data-element_type=\"widget\" data-widget_type=\"text-editor.default\">\n\t\t\t\t<div class=\"elementor-widget-container\">\n\t\t\t\t\t\t\t\t\t<h2 data-section-id=\"kqlp7h\" data-start=\"823\" data-end=\"899\"><span role=\"text\">Producci\u00f3 sostenible amb un <strong data-start=\"854\" data-end=\"886\">prove\u00efdor de fruita a Lleida<\/strong> de confian\u00e7a<\/span><\/h2><p data-start=\"901\" data-end=\"1428\">As <strong data-start=\"907\" data-end=\"939\">prove\u00efdor de fruita a Lleida<\/strong>, apostem per una agricultura responsable que respecta el territori i els recursos naturals. Apliquem t\u00e8cniques de reg eficient, control fitosanitari rigor\u00f3s i processos de selecci\u00f3 que asseguren la millor qualitat. Cada fruita passa per un control exhaustiu des del camp fins a la distribuci\u00f3, garantint seguretat aliment\u00e0ria i consist\u00e8ncia. Aquesta manera de treballar ens permet mantenir un equilibri entre producci\u00f3, sostenibilitat i rendibilitat per als nostres clients professionals.<\/p>\t\t\t\t\t\t\t\t<\/div>\n\t\t\t\t<\/div>\n\t\t\t\t\t<\/div>\n\t\t\t\t<\/div>\n\t\t<div class=\"elementor-element elementor-element-36b7a01 e-grid e-con-boxed e-con e-parent\" data-id=\"36b7a01\" data-element_type=\"container\">\n\t\t\t\t\t<div class=\"e-con-inner\">\n\t\t\t\t<div class=\"elementor-element elementor-element-ca205d5 elementor-widget elementor-widget-text-editor\" data-id=\"ca205d5\" data-element_type=\"widget\" data-widget_type=\"text-editor.default\">\n\t\t\t\t<div class=\"elementor-widget-container\">\n\t\t\t\t\t\t\t\t\t<h2 data-section-id=\"1nh159h\" data-start=\"1435\" data-end=\"1504\"><span role=\"text\">Varietats de fruita amb un <strong data-start=\"1465\" data-end=\"1497\">prove\u00efdor de fruita a Lleida<\/strong> expert<\/span><\/h2><p data-start=\"1506\" data-end=\"2013\">As <strong data-start=\"1512\" data-end=\"1544\">prove\u00efdor de fruita a Lleida<\/strong>, oferim una \u00e0mplia gamma de productes adaptats a les necessitats del mercat: pr\u00e9ssecs, nectarines, paraguaians, pomes i peres. Cada varietat es cultiva en condicions \u00f2ptimes per garantir sabor intens, textura adequada i una vida \u00fatil prolongada. El clima de Lleida, amb estius calorosos i hiverns freds, afavoreix una maduraci\u00f3 equilibrada que dona com a resultat una fruita dol\u00e7a i d\u2019alta qualitat reconeguda internacionalment.<\/p>\t\t\t\t\t\t\t\t<\/div>\n\t\t\t\t<\/div>\n\t\t\t\t<div class=\"elementor-element elementor-element-c4b14fd elementor-widget elementor-widget-image\" data-id=\"c4b14fd\" data-element_type=\"widget\" data-widget_type=\"image.default\">\n\t\t\t\t<div class=\"elementor-widget-container\">\n\t\t\t\t\t\t\t\t\t\t\t\t\t\t\t<img decoding=\"async\" width=\"800\" height=\"500\" src=\"https:\/\/baluefruits.com\/wp-content\/uploads\/2026\/04\/Proveidor-de-fruita-a-Lleida-4-1024x640.png\" class=\"attachment-large size-large wp-image-1419\" alt=\"Fruita dol\u00e7a de temporada preparada per a exportaci\u00f3 europea\" srcset=\"https:\/\/baluefruits.com\/wp-content\/uploads\/2026\/04\/Proveidor-de-fruita-a-Lleida-4-1024x640.png 1024w, https:\/\/baluefruits.com\/wp-content\/uploads\/2026\/04\/Proveidor-de-fruita-a-Lleida-4-300x188.png 300w, https:\/\/baluefruits.com\/wp-content\/uploads\/2026\/04\/Proveidor-de-fruita-a-Lleida-4-768x480.png 768w, https:\/\/baluefruits.com\/wp-content\/uploads\/2026\/04\/Proveidor-de-fruita-a-Lleida-4-18x12.png 18w, https:\/\/baluefruits.com\/wp-content\/uploads\/2026\/04\/Proveidor-de-fruita-a-Lleida-4.png 1200w\" sizes=\"(max-width: 800px) 100vw, 800px\" \/>\t\t\t\t\t\t\t\t\t\t\t\t\t\t\t<\/div>\n\t\t\t\t<\/div>\n\t\t\t\t<div class=\"elementor-element elementor-element-298331e elementor-widget elementor-widget-image\" data-id=\"298331e\" data-element_type=\"widget\" data-widget_type=\"image.default\">\n\t\t\t\t<div class=\"elementor-widget-container\">\n\t\t\t\t\t\t\t\t\t\t\t\t\t\t\t<img loading=\"lazy\" decoding=\"async\" width=\"800\" height=\"500\" src=\"https:\/\/baluefruits.com\/wp-content\/uploads\/2026\/04\/Proveidor-de-fruita-a-Lleida-5-1024x640.png\" class=\"attachment-large size-large wp-image-1420\" alt=\"Proc\u00e9s de classificaci\u00f3 i control de qualitat de fruita fresca\" srcset=\"https:\/\/baluefruits.com\/wp-content\/uploads\/2026\/04\/Proveidor-de-fruita-a-Lleida-5-1024x640.png 1024w, https:\/\/baluefruits.com\/wp-content\/uploads\/2026\/04\/Proveidor-de-fruita-a-Lleida-5-300x188.png 300w, https:\/\/baluefruits.com\/wp-content\/uploads\/2026\/04\/Proveidor-de-fruita-a-Lleida-5-768x480.png 768w, https:\/\/baluefruits.com\/wp-content\/uploads\/2026\/04\/Proveidor-de-fruita-a-Lleida-5-18x12.png 18w, https:\/\/baluefruits.com\/wp-content\/uploads\/2026\/04\/Proveidor-de-fruita-a-Lleida-5.png 1200w\" sizes=\"(max-width: 800px) 100vw, 800px\" \/>\t\t\t\t\t\t\t\t\t\t\t\t\t\t\t<\/div>\n\t\t\t\t<\/div>\n\t\t\t\t<div class=\"elementor-element elementor-element-7a60a8a elementor-widget elementor-widget-text-editor\" data-id=\"7a60a8a\" data-element_type=\"widget\" data-widget_type=\"text-editor.default\">\n\t\t\t\t<div class=\"elementor-widget-container\">\n\t\t\t\t\t\t\t\t\t<h2 data-section-id=\"1t4ohsg\" data-start=\"2020\" data-end=\"2084\"><span role=\"text\">Distribuci\u00f3 eficient del teu <strong data-start=\"2052\" data-end=\"2084\">prove\u00efdor de fruita a Lleida<\/strong><\/span><\/h2><p data-start=\"2086\" data-end=\"2546\">La log\u00edstica \u00e9s clau en el nostre servei com a <strong data-start=\"2133\" data-end=\"2165\">prove\u00efdor de fruita a Lleida<\/strong>. Disposem de sistemes de distribuci\u00f3 eficients que asseguren que la fruita arribi en perfecte estat als nostres clients a nivell nacional i europeu. Treballem amb una cadena de subministrament optimitzada, adaptant-nos a les necessitats de cada empresa. La nostra experi\u00e8ncia en exportaci\u00f3 ens permet oferir puntualitat, flexibilitat i un servei professional orientat a resultats.<\/p>\t\t\t\t\t\t\t\t<\/div>\n\t\t\t\t<\/div>\n\t\t\t\t\t<\/div>\n\t\t\t\t<\/div>\n\t\t<div class=\"elementor-element elementor-element-9bd15ad e-con-full e-flex elementor-invisible e-con e-child\" data-id=\"9bd15ad\" data-element_type=\"container\" data-settings=\"{&quot;background_background&quot;:&quot;classic&quot;,&quot;animation&quot;:&quot;fadeInRight&quot;}\">\n\t\t\t\t<div class=\"elementor-element elementor-element-a8ea223 elementor-widget elementor-widget-heading\" data-id=\"a8ea223\" data-element_type=\"widget\" data-widget_type=\"heading.default\">\n\t\t\t\t<div class=\"elementor-widget-container\">\n\t\t\t\t\t<h6 class=\"elementor-heading-title elementor-size-default\">Contact Balue Fruits<\/h6>\t\t\t\t<\/div>\n\t\t\t\t<\/div>\n\t\t\t\t<div class=\"elementor-element elementor-element-6dff0cb elementor-widget elementor-widget-heading\" data-id=\"6dff0cb\" data-element_type=\"widget\" data-widget_type=\"heading.default\">\n\t\t\t\t<div class=\"elementor-widget-container\">\n\t\t\t\t\t<h2 class=\"elementor-heading-title elementor-size-default\">Sweet fruit and olive oil orders\n<\/h2>\t\t\t\t<\/div>\n\t\t\t\t<\/div>\n\t\t\t\t<div class=\"elementor-element elementor-element-213d35c elementor-widget elementor-widget-elementskit-contact-form7\" data-id=\"213d35c\" data-element_type=\"widget\" data-widget_type=\"elementskit-contact-form7.default\">\n\t\t\t\t<div class=\"elementor-widget-container\">\n\t\t\t\t\t<div class=\"ekit-wid-con\" ><div class=\"ekit-form\">\n<div class=\"wpcf7 no-js\" id=\"wpcf7-f45-p1411-o1\" lang=\"es-ES\" dir=\"ltr\" data-wpcf7-id=\"45\">\n<div class=\"screen-reader-response\"><p role=\"status\" aria-live=\"polite\" aria-atomic=\"true\"><\/p> <ul><\/ul><\/div>\n<form action=\"\/en\/proveidor-de-fruita-a-lleida\/#wpcf7-f45-p1411-o1\" method=\"post\" class=\"wpcf7-form init\" aria-label=\"Contact form\" novalidate=\"novalidate\" data-status=\"init\" data-trp-original-action=\"\/proveidor-de-fruita-a-lleida\/#wpcf7-f45-p1411-o1\">\n<fieldset class=\"hidden-fields-container\"><input type=\"hidden\" name=\"_wpcf7\" value=\"45\" \/><input type=\"hidden\" name=\"_wpcf7_version\" value=\"6.1.3\" \/><input type=\"hidden\" name=\"_wpcf7_locale\" value=\"es_ES\" \/><input type=\"hidden\" name=\"_wpcf7_unit_tag\" value=\"wpcf7-f45-p1411-o1\" \/><input type=\"hidden\" name=\"_wpcf7_container_post\" value=\"1411\" \/><input type=\"hidden\" name=\"_wpcf7_posted_data_hash\" value=\"\" \/><input type=\"hidden\" name=\"_wpcf7_recaptcha_response\" value=\"\" \/>\n<\/fieldset>\n<div class=\"form-row\">\n\t<div class=\"form-column\">\n\t\t<p><label for=\"nombre\">Name *<\/label><br \/>\n<span class=\"wpcf7-form-control-wrap\" data-name=\"nombre\"><input size=\"40\" maxlength=\"400\" class=\"wpcf7-form-control wpcf7-text wpcf7-validates-as-required\" id=\"nombre\" aria-required=\"true\" aria-invalid=\"false\" placeholder=\"Ex: Joan Garcia\" value=\"\" type=\"text\" name=\"nombre\" \/><\/span>\n\t\t<\/p>\n\t<\/div>\n\t<div class=\"form-column\">\n\t\t<p><label for=\"telefono\">Telephone *<\/label><br \/>\n<span class=\"wpcf7-form-control-wrap\" data-name=\"telefono\"><input size=\"40\" maxlength=\"400\" class=\"wpcf7-form-control wpcf7-tel wpcf7-validates-as-required wpcf7-text wpcf7-validates-as-tel\" id=\"telefono\" aria-required=\"true\" aria-invalid=\"false\" placeholder=\"Ex: 666 777 888\" value=\"\" type=\"tel\" name=\"telefono\" \/><\/span>\n\t\t<\/p>\n\t<\/div>\n<\/div>\n<div class=\"form-row\">\n\t<div class=\"form-column\">\n\t\t<p><label for=\"email\">Email *<\/label><br \/>\n<span class=\"wpcf7-form-control-wrap\" data-name=\"email\"><input size=\"40\" maxlength=\"400\" class=\"wpcf7-form-control wpcf7-email wpcf7-validates-as-required wpcf7-text wpcf7-validates-as-email\" id=\"email\" aria-required=\"true\" aria-invalid=\"false\" placeholder=\"Ex: info@domini.com\" value=\"\" type=\"email\" name=\"email\" \/><\/span>\n\t\t<\/p>\n\t<\/div>\n\t<div class=\"form-column\">\n\t\t<p><label for=\"asunto\">Subject *<\/label><br \/>\n<span class=\"wpcf7-form-control-wrap\" data-name=\"asunto\"><input size=\"40\" maxlength=\"400\" class=\"wpcf7-form-control wpcf7-text wpcf7-validates-as-required\" id=\"asunto\" aria-required=\"true\" aria-invalid=\"false\" placeholder=\"Reason for inquiry\" value=\"\" type=\"text\" name=\"asunto\" \/><\/span>\n\t\t<\/p>\n\t<\/div>\n<\/div>\n<div class=\"form-row-full\">\n\t<p><label for=\"mensaje\">Message *<\/label><br \/>\n<span class=\"wpcf7-form-control-wrap\" data-name=\"mensaje\"><textarea cols=\"40\" rows=\"10\" maxlength=\"2000\" class=\"wpcf7-form-control wpcf7-textarea wpcf7-validates-as-required\" id=\"mensaje\" aria-required=\"true\" aria-invalid=\"false\" placeholder=\"Write your message here...\" name=\"mensaje\"><\/textarea><\/span>\n\t<\/p>\n<\/div>\n<div class=\"form-acceptance\">\n\t<p><span class=\"wpcf7-form-control-wrap\" data-name=\"politica\"><span class=\"wpcf7-form-control wpcf7-acceptance\"><span class=\"wpcf7-list-item\"><label><input type=\"checkbox\" name=\"politica\" value=\"1\" aria-invalid=\"false\" \/><span class=\"wpcf7-list-item-label\"><span class=\"txt-acepto\">I have read and accept the  <\/span>\n    <a class=\"pp\" href=\"\/en\/politica-de-privacitat\/\">Privacy Policy <\/a><\/span><\/label><\/span><\/span><\/span>\n\t<\/p>\n<\/div>\n<p><input class=\"wpcf7-form-control wpcf7-submit has-spinner\" type=\"submit\" value=\"Send message\" \/>\n<\/p><div class=\"wpcf7-response-output\" aria-hidden=\"true\"><\/div>\n<input type=\"hidden\" name=\"trp-form-language\" value=\"en\"\/><\/form>\n<\/div>\n<\/div><\/div>\t\t\t\t<\/div>\n\t\t\t\t<\/div>\n\t\t\t\t<\/div>\n\t\t\t\t<\/div>","protected":false},"excerpt":{"rendered":"<p>Prove\u00efdor de fruita a Lleida: qualitat i confian\u00e7a des del camp A Balu\u00e9 Fruits som especialistes en la producci\u00f3 i distribuci\u00f3 de fruita dol\u00e7a de m\u00e0xima qualitat. Com a prove\u00efdor de fruita a Lleida, treballem directament des de l\u2019origen per garantir frescor, sabor i tra\u00e7abilitat en cada pe\u00e7a. La nostra missi\u00f3 \u00e9s connectar el camp [&hellip;]<\/p>","protected":false},"author":1,"featured_media":0,"parent":0,"menu_order":0,"comment_status":"closed","ping_status":"closed","template":"","meta":{"footnotes":""},"class_list":["post-1411","page","type-page","status-publish","hentry"],"yoast_head":"<!-- This site is optimized with the Yoast SEO plugin v26.3 - https:\/\/yoast.com\/wordpress\/plugins\/seo\/ -->\n<title>Prove\u00efdor de fruita a Lleida<\/title>\n<meta name=\"description\" content=\"Descobreix Balu\u00e9 Fruits, el teu prove\u00efdor de fruita a Lleida. Fruita dol\u00e7a, fresca i sostenible amb distribuci\u00f3 eficient a nivell nacional.\" \/>\n<meta name=\"robots\" content=\"index, follow, max-snippet:-1, max-image-preview:large, max-video-preview:-1\" \/>\n<link rel=\"canonical\" href=\"https:\/\/baluefruits.com\/en\/proveidor-de-fruita-a-lleida\/\" \/>\n<meta property=\"og:locale\" content=\"en_GB\" \/>\n<meta property=\"og:type\" content=\"article\" \/>\n<meta property=\"og:title\" content=\"Prove\u00efdor de fruita a Lleida\" \/>\n<meta property=\"og:description\" content=\"Descobreix Balu\u00e9 Fruits, el teu prove\u00efdor de fruita a Lleida. Fruita dol\u00e7a, fresca i sostenible amb distribuci\u00f3 eficient a nivell nacional.\" \/>\n<meta property=\"og:url\" content=\"https:\/\/baluefruits.com\/en\/proveidor-de-fruita-a-lleida\/\" \/>\n<meta property=\"og:site_name\" content=\"Balue Fruits\" \/>\n<meta property=\"article:modified_time\" content=\"2026-04-27T09:06:05+00:00\" \/>\n<meta property=\"og:image\" content=\"https:\/\/baluefruits.com\/wp-content\/uploads\/2026\/04\/Proveidor-de-fruita-a-Lleida-2.png\" \/>\n\t<meta property=\"og:image:width\" content=\"1200\" \/>\n\t<meta property=\"og:image:height\" content=\"750\" \/>\n\t<meta property=\"og:image:type\" content=\"image\/png\" \/>\n<meta name=\"twitter:card\" content=\"summary_large_image\" \/>\n<meta name=\"twitter:label1\" content=\"Estimated reading time\" \/>\n\t<meta name=\"twitter:data1\" content=\"3 minutes\" \/>\n<script type=\"application\/ld+json\" class=\"yoast-schema-graph\">{\"@context\":\"https:\/\/schema.org\",\"@graph\":[{\"@type\":\"WebPage\",\"@id\":\"https:\/\/baluefruits.com\/proveidor-de-fruita-a-lleida\/\",\"url\":\"https:\/\/baluefruits.com\/proveidor-de-fruita-a-lleida\/\",\"name\":\"Prove\u00efdor de fruita a Lleida\",\"isPartOf\":{\"@id\":\"https:\/\/baluefruits.com\/#website\"},\"primaryImageOfPage\":{\"@id\":\"https:\/\/baluefruits.com\/proveidor-de-fruita-a-lleida\/#primaryimage\"},\"image\":{\"@id\":\"https:\/\/baluefruits.com\/proveidor-de-fruita-a-lleida\/#primaryimage\"},\"thumbnailUrl\":\"https:\/\/baluefruits.com\/wp-content\/uploads\/2026\/04\/Proveidor-de-fruita-a-Lleida-2-1024x640.png\",\"datePublished\":\"2026-04-27T09:00:17+00:00\",\"dateModified\":\"2026-04-27T09:06:05+00:00\",\"description\":\"Descobreix Balu\u00e9 Fruits, el teu prove\u00efdor de fruita a Lleida. Fruita dol\u00e7a, fresca i sostenible amb distribuci\u00f3 eficient a nivell nacional.\",\"breadcrumb\":{\"@id\":\"https:\/\/baluefruits.com\/proveidor-de-fruita-a-lleida\/#breadcrumb\"},\"inLanguage\":\"en-GB\",\"potentialAction\":[{\"@type\":\"ReadAction\",\"target\":[\"https:\/\/baluefruits.com\/proveidor-de-fruita-a-lleida\/\"]}]},{\"@type\":\"ImageObject\",\"inLanguage\":\"en-GB\",\"@id\":\"https:\/\/baluefruits.com\/proveidor-de-fruita-a-lleida\/#primaryimage\",\"url\":\"https:\/\/baluefruits.com\/wp-content\/uploads\/2026\/04\/Proveidor-de-fruita-a-Lleida-2-1024x640.png\",\"contentUrl\":\"https:\/\/baluefruits.com\/wp-content\/uploads\/2026\/04\/Proveidor-de-fruita-a-Lleida-2-1024x640.png\"},{\"@type\":\"BreadcrumbList\",\"@id\":\"https:\/\/baluefruits.com\/proveidor-de-fruita-a-lleida\/#breadcrumb\",\"itemListElement\":[{\"@type\":\"ListItem\",\"position\":1,\"name\":\"Portada\",\"item\":\"https:\/\/baluefruits.com\/\"},{\"@type\":\"ListItem\",\"position\":2,\"name\":\"Prove\u00efdor de fruita a Lleida\"}]},{\"@type\":\"WebSite\",\"@id\":\"https:\/\/baluefruits.com\/#website\",\"url\":\"https:\/\/baluefruits.com\/\",\"name\":\"Balue Fruits\",\"description\":\"Productes agr\u00edcoles de qualitat a Lleida\",\"potentialAction\":[{\"@type\":\"SearchAction\",\"target\":{\"@type\":\"EntryPoint\",\"urlTemplate\":\"https:\/\/baluefruits.com\/?s={search_term_string}\"},\"query-input\":{\"@type\":\"PropertyValueSpecification\",\"valueRequired\":true,\"valueName\":\"search_term_string\"}}],\"inLanguage\":\"en-GB\"}]}<\/script>\n<!-- \/ Yoast SEO plugin. -->","yoast_head_json":{"title":"Prove\u00efdor de fruita a Lleida","description":"Descobreix Balu\u00e9 Fruits, el teu prove\u00efdor de fruita a Lleida. Fruita dol\u00e7a, fresca i sostenible amb distribuci\u00f3 eficient a nivell nacional.","robots":{"index":"index","follow":"follow","max-snippet":"max-snippet:-1","max-image-preview":"max-image-preview:large","max-video-preview":"max-video-preview:-1"},"canonical":"https:\/\/baluefruits.com\/en\/proveidor-de-fruita-a-lleida\/","og_locale":"en_GB","og_type":"article","og_title":"Prove\u00efdor de fruita a Lleida","og_description":"Descobreix Balu\u00e9 Fruits, el teu prove\u00efdor de fruita a Lleida. Fruita dol\u00e7a, fresca i sostenible amb distribuci\u00f3 eficient a nivell nacional.","og_url":"https:\/\/baluefruits.com\/en\/proveidor-de-fruita-a-lleida\/","og_site_name":"Balue Fruits","article_modified_time":"2026-04-27T09:06:05+00:00","og_image":[{"width":1200,"height":750,"url":"https:\/\/baluefruits.com\/wp-content\/uploads\/2026\/04\/Proveidor-de-fruita-a-Lleida-2.png","type":"image\/png"}],"twitter_card":"summary_large_image","twitter_misc":{"Estimated reading time":"3 minutes"},"schema":{"@context":"https:\/\/schema.org","@graph":[{"@type":"WebPage","@id":"https:\/\/baluefruits.com\/proveidor-de-fruita-a-lleida\/","url":"https:\/\/baluefruits.com\/proveidor-de-fruita-a-lleida\/","name":"Prove\u00efdor de fruita a Lleida","isPartOf":{"@id":"https:\/\/baluefruits.com\/#website"},"primaryImageOfPage":{"@id":"https:\/\/baluefruits.com\/proveidor-de-fruita-a-lleida\/#primaryimage"},"image":{"@id":"https:\/\/baluefruits.com\/proveidor-de-fruita-a-lleida\/#primaryimage"},"thumbnailUrl":"https:\/\/baluefruits.com\/wp-content\/uploads\/2026\/04\/Proveidor-de-fruita-a-Lleida-2-1024x640.png","datePublished":"2026-04-27T09:00:17+00:00","dateModified":"2026-04-27T09:06:05+00:00","description":"Descobreix Balu\u00e9 Fruits, el teu prove\u00efdor de fruita a Lleida. Fruita dol\u00e7a, fresca i sostenible amb distribuci\u00f3 eficient a nivell nacional.","breadcrumb":{"@id":"https:\/\/baluefruits.com\/proveidor-de-fruita-a-lleida\/#breadcrumb"},"inLanguage":"en-GB","potentialAction":[{"@type":"ReadAction","target":["https:\/\/baluefruits.com\/proveidor-de-fruita-a-lleida\/"]}]},{"@type":"ImageObject","inLanguage":"en-GB","@id":"https:\/\/baluefruits.com\/proveidor-de-fruita-a-lleida\/#primaryimage","url":"https:\/\/baluefruits.com\/wp-content\/uploads\/2026\/04\/Proveidor-de-fruita-a-Lleida-2-1024x640.png","contentUrl":"https:\/\/baluefruits.com\/wp-content\/uploads\/2026\/04\/Proveidor-de-fruita-a-Lleida-2-1024x640.png"},{"@type":"BreadcrumbList","@id":"https:\/\/baluefruits.com\/proveidor-de-fruita-a-lleida\/#breadcrumb","itemListElement":[{"@type":"ListItem","position":1,"name":"Portada","item":"https:\/\/baluefruits.com\/"},{"@type":"ListItem","position":2,"name":"Prove\u00efdor de fruita a Lleida"}]},{"@type":"WebSite","@id":"https:\/\/baluefruits.com\/#website","url":"https:\/\/baluefruits.com\/","name":"Balue Fruits","description":"Quality agricultural products in Lleida","potentialAction":[{"@type":"SearchAction","target":{"@type":"EntryPoint","urlTemplate":"https:\/\/baluefruits.com\/?s={search_term_string}"},"query-input":{"@type":"PropertyValueSpecification","valueRequired":true,"valueName":"search_term_string"}}],"inLanguage":"en-GB"}]}},"_links":{"self":[{"href":"https:\/\/baluefruits.com\/en\/wp-json\/wp\/v2\/pages\/1411","targetHints":{"allow":["GET"]}}],"collection":[{"href":"https:\/\/baluefruits.com\/en\/wp-json\/wp\/v2\/pages"}],"about":[{"href":"https:\/\/baluefruits.com\/en\/wp-json\/wp\/v2\/types\/page"}],"author":[{"embeddable":true,"href":"https:\/\/baluefruits.com\/en\/wp-json\/wp\/v2\/users\/1"}],"replies":[{"embeddable":true,"href":"https:\/\/baluefruits.com\/en\/wp-json\/wp\/v2\/comments?post=1411"}],"version-history":[{"count":7,"href":"https:\/\/baluefruits.com\/en\/wp-json\/wp\/v2\/pages\/1411\/revisions"}],"predecessor-version":[{"id":1424,"href":"https:\/\/baluefruits.com\/en\/wp-json\/wp\/v2\/pages\/1411\/revisions\/1424"}],"wp:attachment":[{"href":"https:\/\/baluefruits.com\/en\/wp-json\/wp\/v2\/media?parent=1411"}],"curies":[{"name":"wp","href":"https:\/\/api.w.org\/{rel}","templated":true}]}}