{"id":1352,"date":"2026-02-18T08:51:49","date_gmt":"2026-02-18T07:51:49","guid":{"rendered":"https:\/\/baluefruits.com\/?page_id=1352"},"modified":"2026-03-09T08:58:23","modified_gmt":"2026-03-09T07:58:23","slug":"fruita-a-lengros-tremp","status":"publish","type":"page","link":"https:\/\/baluefruits.com\/en\/fruita-a-lengros-tremp\/","title":{"rendered":"Fruita a l&#8217;engros Tremp"},"content":{"rendered":"<div data-elementor-type=\"wp-page\" data-elementor-id=\"1352\" class=\"elementor elementor-1352\" data-elementor-post-type=\"page\">\n\t\t\t\t<div class=\"elementor-element elementor-element-a549f42 e-flex e-con-boxed e-con e-parent\" data-id=\"a549f42\" data-element_type=\"container\" data-settings=\"{&quot;background_background&quot;:&quot;classic&quot;}\">\n\t\t\t\t\t<div class=\"e-con-inner\">\n\t\t<div class=\"elementor-element elementor-element-418fc7e e-con-full e-flex e-con e-child\" data-id=\"418fc7e\" data-element_type=\"container\">\n\t\t\t\t<div class=\"elementor-element elementor-element-aa472a9 elementor-invisible elementor-widget elementor-widget-heading\" data-id=\"aa472a9\" data-element_type=\"widget\" data-settings=\"{&quot;_animation&quot;:&quot;fadeInUp&quot;}\" data-widget_type=\"heading.default\">\n\t\t\t\t<div class=\"elementor-widget-container\">\n\t\t\t\t\t<h1 class=\"elementor-heading-title elementor-size-default\">Fruita a l&#8217;engros Tremp<\/h1>\t\t\t\t<\/div>\n\t\t\t\t<\/div>\n\t\t\t\t<\/div>\n\t\t\t\t\t<\/div>\n\t\t\t\t<\/div>\n\t\t<div class=\"elementor-element elementor-element-b834fe7 e-grid e-con-boxed e-con e-parent\" data-id=\"b834fe7\" data-element_type=\"container\">\n\t\t\t\t\t<div class=\"e-con-inner\">\n\t\t\t\t<div class=\"elementor-element elementor-element-6cf5d3d elementor-widget elementor-widget-text-editor\" data-id=\"6cf5d3d\" data-element_type=\"widget\" data-widget_type=\"text-editor.default\">\n\t\t\t\t<div class=\"elementor-widget-container\">\n\t\t\t\t\t\t\t\t\t<h1 data-start=\"243\" data-end=\"323\">Descobreix la millor fruita a l&#8217;engr\u00f2s Tremp<\/h1><p data-start=\"325\" data-end=\"970\">A la nostra empresa, ens especialitzem en la distribuci\u00f3 de la millor <strong data-start=\"359\" data-end=\"386\">fruita a l&#8217;engr\u00f2s\u00a0Tremp<\/strong>, oferint productes frescos i de qualitat excepcional. Cada pe\u00e7a \u00e9s seleccionada amb cura per garantir un sabor natural i una presentaci\u00f3 impecable. Tant si ets un negoci del sector alimentari com un client que busca fruita a l\u2019engros per a esdeveniments o establiments, la nostra fruita \u00e9s l\u2019opci\u00f3 ideal per complir amb les necessitats m\u00e9s exigents. El nostre comprom\u00eds amb l\u2019excel\u00b7l\u00e8ncia i la frescor ens distingeix dins del mercat local..<\/p>\t\t\t\t\t\t\t\t<\/div>\n\t\t\t\t<\/div>\n\t\t\t\t<div class=\"elementor-element elementor-element-f9d344a elementor-widget elementor-widget-image\" data-id=\"f9d344a\" data-element_type=\"widget\" data-widget_type=\"image.default\">\n\t\t\t\t<div class=\"elementor-widget-container\">\n\t\t\t\t\t\t\t\t\t\t\t\t\t\t\t<img fetchpriority=\"high\" decoding=\"async\" width=\"800\" height=\"500\" src=\"https:\/\/baluefruits.com\/wp-content\/uploads\/2025\/10\/venda-de-fruita-a-lengros-1-1024x640.jpg\" class=\"attachment-large size-large wp-image-962\" alt=\"venda-de-fruita-a-lengros\" srcset=\"https:\/\/baluefruits.com\/wp-content\/uploads\/2025\/10\/venda-de-fruita-a-lengros-1-1024x640.jpg 1024w, https:\/\/baluefruits.com\/wp-content\/uploads\/2025\/10\/venda-de-fruita-a-lengros-1-300x188.jpg 300w, https:\/\/baluefruits.com\/wp-content\/uploads\/2025\/10\/venda-de-fruita-a-lengros-1-768x480.jpg 768w, https:\/\/baluefruits.com\/wp-content\/uploads\/2025\/10\/venda-de-fruita-a-lengros-1-18x12.jpg 18w, https:\/\/baluefruits.com\/wp-content\/uploads\/2025\/10\/venda-de-fruita-a-lengros-1.jpg 1200w\" sizes=\"(max-width: 800px) 100vw, 800px\" \/>\t\t\t\t\t\t\t\t\t\t\t\t\t\t\t<\/div>\n\t\t\t\t<\/div>\n\t\t\t\t<div class=\"elementor-element elementor-element-acefe19 elementor-widget elementor-widget-image\" data-id=\"acefe19\" data-element_type=\"widget\" data-widget_type=\"image.default\">\n\t\t\t\t<div class=\"elementor-widget-container\">\n\t\t\t\t\t\t\t\t\t\t\t\t\t\t\t<img decoding=\"async\" width=\"800\" height=\"500\" src=\"https:\/\/baluefruits.com\/wp-content\/uploads\/2025\/11\/comprar-fruites-a-lengros-2-1024x640.jpg\" class=\"attachment-large size-large wp-image-1198\" alt=\"comprar fruites a l\u2019engr\u00f2s\" srcset=\"https:\/\/baluefruits.com\/wp-content\/uploads\/2025\/11\/comprar-fruites-a-lengros-2-1024x640.jpg 1024w, https:\/\/baluefruits.com\/wp-content\/uploads\/2025\/11\/comprar-fruites-a-lengros-2-300x188.jpg 300w, https:\/\/baluefruits.com\/wp-content\/uploads\/2025\/11\/comprar-fruites-a-lengros-2-768x480.jpg 768w, https:\/\/baluefruits.com\/wp-content\/uploads\/2025\/11\/comprar-fruites-a-lengros-2-18x12.jpg 18w, https:\/\/baluefruits.com\/wp-content\/uploads\/2025\/11\/comprar-fruites-a-lengros-2.jpg 1200w\" sizes=\"(max-width: 800px) 100vw, 800px\" \/>\t\t\t\t\t\t\t\t\t\t\t\t\t\t\t<\/div>\n\t\t\t\t<\/div>\n\t\t\t\t<div class=\"elementor-element elementor-element-295da74 elementor-widget elementor-widget-text-editor\" data-id=\"295da74\" data-element_type=\"widget\" data-widget_type=\"text-editor.default\">\n\t\t\t\t<div class=\"elementor-widget-container\">\n\t\t\t\t\t\t\t\t\t<h2 data-start=\"1404\" data-end=\"1469\">Processos sostenibles en la fruita a l&#8217;engr\u00f2s\u00a0Tremp<\/h2><p data-start=\"859\" data-end=\"1394\">La sostenibilitat \u00e9s un valor fonamental en la nostra gesti\u00f3 de la <strong data-start=\"962\" data-end=\"989\">fruita a l&#8217;engr\u00f2s\u00a0Tremp<\/strong>. Implementem pr\u00e0ctiques agr\u00edcoles respectuoses amb el medi ambient, com l\u2019\u00fas eficient de l\u2019aigua i t\u00e8cniques de cultiu que preserven la biodiversitat local. Cada fruita \u00e9s cultivada amb protocols estrictes de qualitat, assegurant un producte saludable, segur i ecol\u00f2gic. Apostar per la sostenibilitat no nom\u00e9s protegeix els recursos naturals, sin\u00f3 que tamb\u00e9 garanteix als nostres clients fruita de m\u00e0xima confian\u00e7a i qualitat.<\/p>\t\t\t\t\t\t\t\t<\/div>\n\t\t\t\t<\/div>\n\t\t\t\t\t<\/div>\n\t\t\t\t<\/div>\n\t\t<div class=\"elementor-element elementor-element-36b7a01 e-grid e-con-boxed e-con e-parent\" data-id=\"36b7a01\" data-element_type=\"container\">\n\t\t\t\t\t<div class=\"e-con-inner\">\n\t\t\t\t<div class=\"elementor-element elementor-element-ca205d5 elementor-widget elementor-widget-text-editor\" data-id=\"ca205d5\" data-element_type=\"widget\" data-widget_type=\"text-editor.default\">\n\t\t\t\t<div class=\"elementor-widget-container\">\n\t\t\t\t\t\t\t\t\t<h2 data-start=\"2114\" data-end=\"2181\">Innovaci\u00f3 i tecnologia en la fruita a l&#8217;engr\u00f2s\u00a0Tremp<\/h2><p data-start=\"2183\" data-end=\"2976\">La innovaci\u00f3 \u00e9s clau per mantenir l\u2019excel\u00b7l\u00e8ncia en la nostra <strong data-start=\"1548\" data-end=\"1575\">fruita a l&#8217;engr\u00f2s\u00a0Tremp<\/strong>. Comptem amb sistemes avan\u00e7ats de control de qualitat i tecnologia d\u2019envasament que preserven la frescor i la textura de cada pe\u00e7a durant m\u00e9s temps. El nostre equip d\u2019experts treballa constantment per millorar cada etapa del proc\u00e9s, des de la selecci\u00f3 de les varietats fins a la distribuci\u00f3 final. Aix\u00f2 garanteix que cada client rebi fruita que compleixi amb els est\u00e0ndards m\u00e9s exigents del mercat.<\/p>\t\t\t\t\t\t\t\t<\/div>\n\t\t\t\t<\/div>\n\t\t\t\t<div class=\"elementor-element elementor-element-c4b14fd elementor-widget elementor-widget-image\" data-id=\"c4b14fd\" data-element_type=\"widget\" data-widget_type=\"image.default\">\n\t\t\t\t<div class=\"elementor-widget-container\">\n\t\t\t\t\t\t\t\t\t\t\t\t\t\t\t<img decoding=\"async\" width=\"785\" height=\"491\" src=\"https:\/\/baluefruits.com\/wp-content\/uploads\/2025\/12\/comprar-fruites-a-lengros-2.jpg\" class=\"attachment-large size-large wp-image-1236\" alt=\"comprar fruites a l&#039;engr\u00f2s\" srcset=\"https:\/\/baluefruits.com\/wp-content\/uploads\/2025\/12\/comprar-fruites-a-lengros-2.jpg 785w, https:\/\/baluefruits.com\/wp-content\/uploads\/2025\/12\/comprar-fruites-a-lengros-2-300x188.jpg 300w, https:\/\/baluefruits.com\/wp-content\/uploads\/2025\/12\/comprar-fruites-a-lengros-2-768x480.jpg 768w, https:\/\/baluefruits.com\/wp-content\/uploads\/2025\/12\/comprar-fruites-a-lengros-2-18x12.jpg 18w\" sizes=\"(max-width: 785px) 100vw, 785px\" \/>\t\t\t\t\t\t\t\t\t\t\t\t\t\t\t<\/div>\n\t\t\t\t<\/div>\n\t\t\t\t<div class=\"elementor-element elementor-element-298331e elementor-widget elementor-widget-image\" data-id=\"298331e\" data-element_type=\"widget\" data-widget_type=\"image.default\">\n\t\t\t\t<div class=\"elementor-widget-container\">\n\t\t\t\t\t\t\t\t\t\t\t\t\t\t\t<img loading=\"lazy\" decoding=\"async\" width=\"800\" height=\"500\" src=\"https:\/\/baluefruits.com\/wp-content\/uploads\/2025\/11\/comprar-fruites-a-lengros-3-1024x640.jpg\" class=\"attachment-large size-large wp-image-1197\" alt=\"comprar fruites a l\u2019engr\u00f2s\" srcset=\"https:\/\/baluefruits.com\/wp-content\/uploads\/2025\/11\/comprar-fruites-a-lengros-3-1024x640.jpg 1024w, https:\/\/baluefruits.com\/wp-content\/uploads\/2025\/11\/comprar-fruites-a-lengros-3-300x188.jpg 300w, https:\/\/baluefruits.com\/wp-content\/uploads\/2025\/11\/comprar-fruites-a-lengros-3-768x480.jpg 768w, https:\/\/baluefruits.com\/wp-content\/uploads\/2025\/11\/comprar-fruites-a-lengros-3-18x12.jpg 18w, https:\/\/baluefruits.com\/wp-content\/uploads\/2025\/11\/comprar-fruites-a-lengros-3.jpg 1200w\" sizes=\"(max-width: 800px) 100vw, 800px\" \/>\t\t\t\t\t\t\t\t\t\t\t\t\t\t\t<\/div>\n\t\t\t\t<\/div>\n\t\t\t\t<div class=\"elementor-element elementor-element-7a60a8a elementor-widget elementor-widget-text-editor\" data-id=\"7a60a8a\" data-element_type=\"widget\" data-widget_type=\"text-editor.default\">\n\t\t\t\t<div class=\"elementor-widget-container\">\n\t\t\t\t\t\t\t\t\t<h2 data-start=\"2983\" data-end=\"3046\">Distribuci\u00f3 eficient i servei de la fruita a l&#8217;engr\u00f2s\u00a0Tremp<\/h2><p data-start=\"1975\" data-end=\"2459\">Oferim una distribuci\u00f3 \u00e0gil i fiable de la <strong data-start=\"2094\" data-end=\"2121\">fruita a l&#8217;engr\u00f2s\u00a0Tremp<\/strong>, assegurant que cada producte arribi en condicions \u00f2ptimes. La nostra xarxa log\u00edstica cobreix tant clients locals com internacionals, amb opcions personalitzades segons les necessitats de cada negoci. A m\u00e9s, el nostre equip d\u2019atenci\u00f3 al client est\u00e0 sempre disponible per oferir assessorament i suport. Triar-nos significa confiar en un soci comprom\u00e8s amb la qualitat, la puntualitat i la satisfacci\u00f3 total dels nostres clients.<\/p>\t\t\t\t\t\t\t\t<\/div>\n\t\t\t\t<\/div>\n\t\t\t\t\t<\/div>\n\t\t\t\t<\/div>\n\t\t<div class=\"elementor-element elementor-element-9bd15ad e-con-full e-flex elementor-invisible e-con e-child\" data-id=\"9bd15ad\" data-element_type=\"container\" data-settings=\"{&quot;background_background&quot;:&quot;classic&quot;,&quot;animation&quot;:&quot;fadeInRight&quot;}\">\n\t\t\t\t<div class=\"elementor-element elementor-element-a8ea223 elementor-widget elementor-widget-heading\" data-id=\"a8ea223\" data-element_type=\"widget\" data-widget_type=\"heading.default\">\n\t\t\t\t<div class=\"elementor-widget-container\">\n\t\t\t\t\t<h6 class=\"elementor-heading-title elementor-size-default\">Contact Balue Fruits<\/h6>\t\t\t\t<\/div>\n\t\t\t\t<\/div>\n\t\t\t\t<div class=\"elementor-element elementor-element-6dff0cb elementor-widget elementor-widget-heading\" data-id=\"6dff0cb\" data-element_type=\"widget\" data-widget_type=\"heading.default\">\n\t\t\t\t<div class=\"elementor-widget-container\">\n\t\t\t\t\t<h2 class=\"elementor-heading-title elementor-size-default\">Sweet fruit and olive oil orders\n<\/h2>\t\t\t\t<\/div>\n\t\t\t\t<\/div>\n\t\t\t\t<div class=\"elementor-element elementor-element-213d35c elementor-widget elementor-widget-elementskit-contact-form7\" data-id=\"213d35c\" data-element_type=\"widget\" data-widget_type=\"elementskit-contact-form7.default\">\n\t\t\t\t<div class=\"elementor-widget-container\">\n\t\t\t\t\t<div class=\"ekit-wid-con\" ><div class=\"ekit-form\">\n<div class=\"wpcf7 no-js\" id=\"wpcf7-f45-p1352-o1\" lang=\"es-ES\" dir=\"ltr\" data-wpcf7-id=\"45\">\n<div class=\"screen-reader-response\"><p role=\"status\" aria-live=\"polite\" aria-atomic=\"true\"><\/p> <ul><\/ul><\/div>\n<form action=\"\/en\/fruita-a-lengros-tremp\/#wpcf7-f45-p1352-o1\" method=\"post\" class=\"wpcf7-form init\" aria-label=\"Formulario de contacto\" novalidate=\"novalidate\" data-status=\"init\" data-no-translation-aria-label=\"\" data-trp-original-action=\"\/es\/fruita-a-lengros-tremp\/#wpcf7-f45-p1352-o1\">\n<fieldset class=\"hidden-fields-container\"><input type=\"hidden\" name=\"_wpcf7\" value=\"45\" \/><input type=\"hidden\" name=\"_wpcf7_version\" value=\"6.1.3\" \/><input type=\"hidden\" name=\"_wpcf7_locale\" value=\"es_ES\" \/><input type=\"hidden\" name=\"_wpcf7_unit_tag\" value=\"wpcf7-f45-p1352-o1\" \/><input type=\"hidden\" name=\"_wpcf7_container_post\" value=\"1352\" \/><input type=\"hidden\" name=\"_wpcf7_posted_data_hash\" value=\"\" \/><input type=\"hidden\" name=\"_wpcf7_recaptcha_response\" value=\"\" \/>\n<\/fieldset>\n<div class=\"form-row\">\n\t<div class=\"form-column\">\n\t\t<p><label for=\"nombre\">Name *<\/label><br \/>\n<span class=\"wpcf7-form-control-wrap\" data-name=\"nombre\"><input size=\"40\" maxlength=\"400\" class=\"wpcf7-form-control wpcf7-text wpcf7-validates-as-required\" id=\"nombre\" aria-required=\"true\" aria-invalid=\"false\" placeholder=\"Ex: Joan Garcia\" value=\"\" type=\"text\" name=\"nombre\" \/><\/span>\n\t\t<\/p>\n\t<\/div>\n\t<div class=\"form-column\">\n\t\t<p><label for=\"telefono\">Telephone *<\/label><br \/>\n<span class=\"wpcf7-form-control-wrap\" data-name=\"telefono\"><input size=\"40\" maxlength=\"400\" class=\"wpcf7-form-control wpcf7-tel wpcf7-validates-as-required wpcf7-text wpcf7-validates-as-tel\" id=\"telefono\" aria-required=\"true\" aria-invalid=\"false\" placeholder=\"Ex: 666 777 888\" value=\"\" type=\"tel\" name=\"telefono\" \/><\/span>\n\t\t<\/p>\n\t<\/div>\n<\/div>\n<div class=\"form-row\">\n\t<div class=\"form-column\">\n\t\t<p><label for=\"email\">Email *<\/label><br \/>\n<span class=\"wpcf7-form-control-wrap\" data-name=\"email\"><input size=\"40\" maxlength=\"400\" class=\"wpcf7-form-control wpcf7-email wpcf7-validates-as-required wpcf7-text wpcf7-validates-as-email\" id=\"email\" aria-required=\"true\" aria-invalid=\"false\" placeholder=\"Ex: info@domini.com\" value=\"\" type=\"email\" name=\"email\" \/><\/span>\n\t\t<\/p>\n\t<\/div>\n\t<div class=\"form-column\">\n\t\t<p><label for=\"asunto\">Subject *<\/label><br \/>\n<span class=\"wpcf7-form-control-wrap\" data-name=\"asunto\"><input size=\"40\" maxlength=\"400\" class=\"wpcf7-form-control wpcf7-text wpcf7-validates-as-required\" id=\"asunto\" aria-required=\"true\" aria-invalid=\"false\" placeholder=\"Reason for inquiry\" value=\"\" type=\"text\" name=\"asunto\" \/><\/span>\n\t\t<\/p>\n\t<\/div>\n<\/div>\n<div class=\"form-row-full\">\n\t<p><label for=\"mensaje\">Message *<\/label><br \/>\n<span class=\"wpcf7-form-control-wrap\" data-name=\"mensaje\"><textarea cols=\"40\" rows=\"10\" maxlength=\"2000\" class=\"wpcf7-form-control wpcf7-textarea wpcf7-validates-as-required\" id=\"mensaje\" aria-required=\"true\" aria-invalid=\"false\" placeholder=\"Write your message here...\" name=\"mensaje\"><\/textarea><\/span>\n\t<\/p>\n<\/div>\n<div class=\"form-acceptance\">\n\t<p><span class=\"wpcf7-form-control-wrap\" data-name=\"politica\"><span class=\"wpcf7-form-control wpcf7-acceptance\"><span class=\"wpcf7-list-item\"><label><input type=\"checkbox\" name=\"politica\" value=\"1\" aria-invalid=\"false\" \/><span class=\"wpcf7-list-item-label\"><span class=\"txt-acepto\">I have read and accept the  <\/span>\n    <a class=\"pp\" href=\"\/en\/politica-de-privacitat\/\">Privacy Policy <\/a><\/span><\/label><\/span><\/span><\/span>\n\t<\/p>\n<\/div>\n<p><input class=\"wpcf7-form-control wpcf7-submit has-spinner\" type=\"submit\" value=\"Send message\" \/>\n<\/p><div class=\"wpcf7-response-output\" aria-hidden=\"true\"><\/div>\n<input type=\"hidden\" name=\"trp-form-language\" value=\"en\"\/><\/form>\n<\/div>\n<\/div><\/div>\t\t\t\t<\/div>\n\t\t\t\t<\/div>\n\t\t\t\t<\/div>\n\t\t\t\t<\/div>","protected":false},"excerpt":{"rendered":"<p>Descobreix la millor fruita a l&#8217;engr\u00f2s Tremp A la nostra empresa, ens especialitzem en la distribuci\u00f3 de la millor fruita a l&#8217;engr\u00f2s\u00a0Tremp, oferint productes frescos i de qualitat excepcional. Cada pe\u00e7a \u00e9s seleccionada amb cura per garantir un sabor natural i una presentaci\u00f3 impecable. Tant si ets un negoci del sector alimentari com un client [&hellip;]<\/p>","protected":false},"author":1,"featured_media":0,"parent":0,"menu_order":0,"comment_status":"closed","ping_status":"closed","template":"","meta":{"footnotes":""},"class_list":["post-1352","page","type-page","status-publish","hentry"],"yoast_head":"<!-- This site is optimized with the Yoast SEO plugin v26.3 - https:\/\/yoast.com\/wordpress\/plugins\/seo\/ -->\n<title>Fruita a l&#039;engros Tremp<\/title>\n<meta name=\"description\" content=\"Descobreix la millor fruita a l&#039;engros Tremp: fruita fresca, sabor excepcional i processos sostenibles. Innovaci\u00f3, qualitat i distribuci\u00f3.\" \/>\n<meta name=\"robots\" content=\"index, follow, max-snippet:-1, max-image-preview:large, max-video-preview:-1\" \/>\n<link rel=\"canonical\" href=\"https:\/\/baluefruits.com\/en\/fruita-a-lengros-tremp\/\" \/>\n<meta property=\"og:locale\" content=\"en_GB\" \/>\n<meta property=\"og:type\" content=\"article\" \/>\n<meta property=\"og:title\" content=\"Fruita a l&#039;engros Tremp\" \/>\n<meta property=\"og:description\" content=\"Descobreix la millor fruita a l&#039;engros Tremp: fruita fresca, sabor excepcional i processos sostenibles. Innovaci\u00f3, qualitat i distribuci\u00f3.\" \/>\n<meta property=\"og:url\" content=\"https:\/\/baluefruits.com\/en\/fruita-a-lengros-tremp\/\" \/>\n<meta property=\"og:site_name\" content=\"Balue Fruits\" \/>\n<meta property=\"article:modified_time\" content=\"2026-03-09T07:58:23+00:00\" \/>\n<meta property=\"og:image\" content=\"https:\/\/baluefruits.com\/wp-content\/uploads\/2025\/10\/venda-de-fruita-a-lengros-1.jpg\" \/>\n\t<meta property=\"og:image:width\" content=\"1200\" \/>\n\t<meta property=\"og:image:height\" content=\"750\" \/>\n\t<meta property=\"og:image:type\" content=\"image\/jpeg\" \/>\n<meta name=\"twitter:card\" content=\"summary_large_image\" \/>\n<meta name=\"twitter:label1\" content=\"Estimated reading time\" \/>\n\t<meta name=\"twitter:data1\" content=\"3 minutes\" \/>\n<script type=\"application\/ld+json\" class=\"yoast-schema-graph\">{\"@context\":\"https:\/\/schema.org\",\"@graph\":[{\"@type\":\"WebPage\",\"@id\":\"https:\/\/baluefruits.com\/fruita-a-lengros-tremp\/\",\"url\":\"https:\/\/baluefruits.com\/fruita-a-lengros-tremp\/\",\"name\":\"Fruita a l'engros Tremp\",\"isPartOf\":{\"@id\":\"https:\/\/baluefruits.com\/#website\"},\"primaryImageOfPage\":{\"@id\":\"https:\/\/baluefruits.com\/fruita-a-lengros-tremp\/#primaryimage\"},\"image\":{\"@id\":\"https:\/\/baluefruits.com\/fruita-a-lengros-tremp\/#primaryimage\"},\"thumbnailUrl\":\"https:\/\/baluefruits.com\/wp-content\/uploads\/2025\/10\/venda-de-fruita-a-lengros-1-1024x640.jpg\",\"datePublished\":\"2026-02-18T07:51:49+00:00\",\"dateModified\":\"2026-03-09T07:58:23+00:00\",\"description\":\"Descobreix la millor fruita a l'engros Tremp: fruita fresca, sabor excepcional i processos sostenibles. Innovaci\u00f3, qualitat i distribuci\u00f3.\",\"breadcrumb\":{\"@id\":\"https:\/\/baluefruits.com\/fruita-a-lengros-tremp\/#breadcrumb\"},\"inLanguage\":\"en-GB\",\"potentialAction\":[{\"@type\":\"ReadAction\",\"target\":[\"https:\/\/baluefruits.com\/fruita-a-lengros-tremp\/\"]}]},{\"@type\":\"ImageObject\",\"inLanguage\":\"en-GB\",\"@id\":\"https:\/\/baluefruits.com\/fruita-a-lengros-tremp\/#primaryimage\",\"url\":\"https:\/\/baluefruits.com\/wp-content\/uploads\/2025\/10\/venda-de-fruita-a-lengros-1-1024x640.jpg\",\"contentUrl\":\"https:\/\/baluefruits.com\/wp-content\/uploads\/2025\/10\/venda-de-fruita-a-lengros-1-1024x640.jpg\"},{\"@type\":\"BreadcrumbList\",\"@id\":\"https:\/\/baluefruits.com\/fruita-a-lengros-tremp\/#breadcrumb\",\"itemListElement\":[{\"@type\":\"ListItem\",\"position\":1,\"name\":\"Portada\",\"item\":\"https:\/\/baluefruits.com\/\"},{\"@type\":\"ListItem\",\"position\":2,\"name\":\"Fruita a l&#8217;engros Tremp\"}]},{\"@type\":\"WebSite\",\"@id\":\"https:\/\/baluefruits.com\/#website\",\"url\":\"https:\/\/baluefruits.com\/\",\"name\":\"Balue Fruits\",\"description\":\"Productes agr\u00edcoles de qualitat a Lleida\",\"potentialAction\":[{\"@type\":\"SearchAction\",\"target\":{\"@type\":\"EntryPoint\",\"urlTemplate\":\"https:\/\/baluefruits.com\/?s={search_term_string}\"},\"query-input\":{\"@type\":\"PropertyValueSpecification\",\"valueRequired\":true,\"valueName\":\"search_term_string\"}}],\"inLanguage\":\"en-GB\"}]}<\/script>\n<!-- \/ Yoast SEO plugin. -->","yoast_head_json":{"title":"Fruita a l'engros Tremp","description":"Descobreix la millor fruita a l'engros Tremp: fruita fresca, sabor excepcional i processos sostenibles. Innovaci\u00f3, qualitat i distribuci\u00f3.","robots":{"index":"index","follow":"follow","max-snippet":"max-snippet:-1","max-image-preview":"max-image-preview:large","max-video-preview":"max-video-preview:-1"},"canonical":"https:\/\/baluefruits.com\/en\/fruita-a-lengros-tremp\/","og_locale":"en_GB","og_type":"article","og_title":"Fruita a l'engros Tremp","og_description":"Descobreix la millor fruita a l'engros Tremp: fruita fresca, sabor excepcional i processos sostenibles. Innovaci\u00f3, qualitat i distribuci\u00f3.","og_url":"https:\/\/baluefruits.com\/en\/fruita-a-lengros-tremp\/","og_site_name":"Balue Fruits","article_modified_time":"2026-03-09T07:58:23+00:00","og_image":[{"width":1200,"height":750,"url":"https:\/\/baluefruits.com\/wp-content\/uploads\/2025\/10\/venda-de-fruita-a-lengros-1.jpg","type":"image\/jpeg"}],"twitter_card":"summary_large_image","twitter_misc":{"Estimated reading time":"3 minutes"},"schema":{"@context":"https:\/\/schema.org","@graph":[{"@type":"WebPage","@id":"https:\/\/baluefruits.com\/fruita-a-lengros-tremp\/","url":"https:\/\/baluefruits.com\/fruita-a-lengros-tremp\/","name":"Fruita a l'engros Tremp","isPartOf":{"@id":"https:\/\/baluefruits.com\/#website"},"primaryImageOfPage":{"@id":"https:\/\/baluefruits.com\/fruita-a-lengros-tremp\/#primaryimage"},"image":{"@id":"https:\/\/baluefruits.com\/fruita-a-lengros-tremp\/#primaryimage"},"thumbnailUrl":"https:\/\/baluefruits.com\/wp-content\/uploads\/2025\/10\/venda-de-fruita-a-lengros-1-1024x640.jpg","datePublished":"2026-02-18T07:51:49+00:00","dateModified":"2026-03-09T07:58:23+00:00","description":"Descobreix la millor fruita a l'engros Tremp: fruita fresca, sabor excepcional i processos sostenibles. Innovaci\u00f3, qualitat i distribuci\u00f3.","breadcrumb":{"@id":"https:\/\/baluefruits.com\/fruita-a-lengros-tremp\/#breadcrumb"},"inLanguage":"en-GB","potentialAction":[{"@type":"ReadAction","target":["https:\/\/baluefruits.com\/fruita-a-lengros-tremp\/"]}]},{"@type":"ImageObject","inLanguage":"en-GB","@id":"https:\/\/baluefruits.com\/fruita-a-lengros-tremp\/#primaryimage","url":"https:\/\/baluefruits.com\/wp-content\/uploads\/2025\/10\/venda-de-fruita-a-lengros-1-1024x640.jpg","contentUrl":"https:\/\/baluefruits.com\/wp-content\/uploads\/2025\/10\/venda-de-fruita-a-lengros-1-1024x640.jpg"},{"@type":"BreadcrumbList","@id":"https:\/\/baluefruits.com\/fruita-a-lengros-tremp\/#breadcrumb","itemListElement":[{"@type":"ListItem","position":1,"name":"Portada","item":"https:\/\/baluefruits.com\/"},{"@type":"ListItem","position":2,"name":"Fruita a l&#8217;engros Tremp"}]},{"@type":"WebSite","@id":"https:\/\/baluefruits.com\/#website","url":"https:\/\/baluefruits.com\/","name":"Balue Fruits","description":"Quality agricultural products in Lleida","potentialAction":[{"@type":"SearchAction","target":{"@type":"EntryPoint","urlTemplate":"https:\/\/baluefruits.com\/?s={search_term_string}"},"query-input":{"@type":"PropertyValueSpecification","valueRequired":true,"valueName":"search_term_string"}}],"inLanguage":"en-GB"}]}},"_links":{"self":[{"href":"https:\/\/baluefruits.com\/en\/wp-json\/wp\/v2\/pages\/1352","targetHints":{"allow":["GET"]}}],"collection":[{"href":"https:\/\/baluefruits.com\/en\/wp-json\/wp\/v2\/pages"}],"about":[{"href":"https:\/\/baluefruits.com\/en\/wp-json\/wp\/v2\/types\/page"}],"author":[{"embeddable":true,"href":"https:\/\/baluefruits.com\/en\/wp-json\/wp\/v2\/users\/1"}],"replies":[{"embeddable":true,"href":"https:\/\/baluefruits.com\/en\/wp-json\/wp\/v2\/comments?post=1352"}],"version-history":[{"count":7,"href":"https:\/\/baluefruits.com\/en\/wp-json\/wp\/v2\/pages\/1352\/revisions"}],"predecessor-version":[{"id":1360,"href":"https:\/\/baluefruits.com\/en\/wp-json\/wp\/v2\/pages\/1352\/revisions\/1360"}],"wp:attachment":[{"href":"https:\/\/baluefruits.com\/en\/wp-json\/wp\/v2\/media?parent=1352"}],"curies":[{"name":"wp","href":"https:\/\/api.w.org\/{rel}","templated":true}]}}